{"id":5904,"date":"2023-06-08T08:54:30","date_gmt":"2023-06-08T08:54:30","guid":{"rendered":"https:\/\/etnoart.eu\/toode\/kaepide-keerus\/"},"modified":"2025-04-05T15:36:13","modified_gmt":"2025-04-05T15:36:13","slug":"gedrehte-tuergriff","status":"publish","type":"product","link":"https:\/\/etnoart.eu\/de\/toode\/gedrehte-tuergriff\/","title":{"rendered":"Gedrehte T\u00fcrgriff"},"content":{"rendered":"<p>Dieser <strong>Gedrehte T\u00fcrgriff<\/strong>  ist eine robuste und wetterbest\u00e4ndige L\u00f6sung f\u00fcr gro\u00dfe T\u00fcren und Tore. Gefertigt aus massivem Vierkantstahl mit eingedrehtem Dekor und handgeschmiedeten Blattenden, verbindet er Funktionalit\u00e4t mit rustikalem Charme. Die Oberfl\u00e4che ist mit wetterfester Farbe beschichtet und eignet sich ideal f\u00fcr den Innen- und Au\u00dfeneinsatz.<\/p>\n<p>Technische Daten:<\/p>\n<p>L\u00e4nge: 35 cm (von Blattspitze zu Blattspitze)<\/p>\n<p>Gewicht: ca. 400 g<\/p>\n<p>Montage: Der Griff wird entweder mit zwei langen Bolzen durch das T\u00fcrblatt oder mit zwei Schrauben befestigt (nicht im Lieferumfang enthalten).<\/p>\n<p>Dank seiner H\u00f6he liegt der Griff auch mit dicken Winterhandschuhen sicher in der Hand \u2013 perfekt f\u00fcr kalte Regionen. Der Fokus dieses Produkts liegt auf Stabilit\u00e4t und Praxistauglichkeit, nicht nur auf dekorativer Handarbeit, obwohl jedes St\u00fcck aufgrund des Schmiedeverfahrens leicht individuell ist.<\/p>\n<p>Ein idealer Gedrehte T\u00fcrgriff  f\u00fcr Scheunentore, Eingangst\u00fcren, Werkstatt- oder Gartentore, wo St\u00e4rke und Griffigkeit gefragt sind.<\/p>\n","protected":false},"excerpt":{"rendered":"<p>Gedrehter T\u00fcrgriff aus Vierkantstahl mit wetterfester Beschichtung. Robust, funktional und ideal f\u00fcr gro\u00dfe T\u00fcren oder Tore im Innen- und Au\u00dfenbereich.<br \/>\n<strong>Produkth\u00f6he:<\/strong> 350mm<br \/>\n<strong>Produktgewicht:<\/strong> 400g<br \/>\n<strong>Beschichtung\/Oberfl\u00e4che:<\/strong> Lackiert. Das Produkt ist mit wetterbest\u00e4ndiger Farbe lackiert.<\/p>\n","protected":false},"featured_media":2692,"template":"","meta":[],"product_brand":[],"product_cat":[389],"product_tag":[],"class_list":{"0":"post-5904","1":"product","2":"type-product","3":"status-publish","4":"has-post-thumbnail","6":"product_cat-tuergriffe-und-tuerklopfer","7":"has-post-title","8":"has-post-date","9":"has-post-category","10":"has-post-tag","11":"has-post-comment","12":"has-post-author","13":"","15":"first","16":"instock","17":"taxable","18":"shipping-taxable","19":"purchasable","20":"product-type-simple"},"yoast_head":"<!-- This site is optimized with the Yoast SEO plugin v27.3 - https:\/\/yoast.com\/product\/yoast-seo-wordpress\/ -->\n<title>Gedrehte T\u00fcrgriff |EtnoArt| T\u00fcrgriffe und T\u00fcrklopfer<\/title>\n<meta name=\"description\" content=\"Gedrehte T\u00fcrgriff aus Vierkantstahl mit wetterfester Beschichtung. Robust, funktional und ideal f\u00fcr gro\u00dfe T\u00fcren oder Tore im Innen- und Au\u00dfenbereich.\" \/>\n<meta name=\"robots\" content=\"index, follow, max-snippet:-1, max-image-preview:large, max-video-preview:-1\" \/>\n<link rel=\"canonical\" href=\"https:\/\/etnoart.eu\/de\/toode\/gedrehte-tuergriff\/\" \/>\n<meta property=\"og:locale\" content=\"de_DE\" \/>\n<meta property=\"og:type\" content=\"article\" \/>\n<meta property=\"og:title\" content=\"Gedrehte T\u00fcrgriff |EtnoArt| T\u00fcrgriffe und T\u00fcrklopfer\" \/>\n<meta property=\"og:description\" content=\"Gedrehte T\u00fcrgriff aus Vierkantstahl mit wetterfester Beschichtung. Robust, funktional und ideal f\u00fcr gro\u00dfe T\u00fcren oder Tore im Innen- und Au\u00dfenbereich.\" \/>\n<meta property=\"og:url\" content=\"https:\/\/etnoart.eu\/de\/toode\/gedrehte-tuergriff\/\" \/>\n<meta property=\"og:site_name\" content=\"Etnoart\" \/>\n<meta property=\"article:publisher\" content=\"https:\/\/www.facebook.com\/etnoart.handicraft.shop\" \/>\n<meta property=\"article:modified_time\" content=\"2025-04-05T15:36:13+00:00\" \/>\n<meta property=\"og:image\" content=\"https:\/\/etnoart.eu\/wp-content\/uploads\/2023\/06\/961-KAEPIDE-KEERUS-Kaepidemed-ja-uksekoputid.jpg\" \/>\n\t<meta property=\"og:image:width\" content=\"750\" \/>\n\t<meta property=\"og:image:height\" content=\"750\" \/>\n\t<meta property=\"og:image:type\" content=\"image\/jpeg\" \/>\n<meta name=\"twitter:card\" content=\"summary_large_image\" \/>\n<meta name=\"twitter:label1\" content=\"Gesch\u00e4tzte Lesezeit\" \/>\n\t<meta name=\"twitter:data1\" content=\"1\u00a0Minute\" \/>\n<script type=\"application\/ld+json\" class=\"yoast-schema-graph\">{\"@context\":\"https:\\\/\\\/schema.org\",\"@graph\":[{\"@type\":\"WebPage\",\"@id\":\"https:\\\/\\\/etnoart.eu\\\/de\\\/toode\\\/gedrehte-tuergriff\\\/\",\"url\":\"https:\\\/\\\/etnoart.eu\\\/de\\\/toode\\\/gedrehte-tuergriff\\\/\",\"name\":\"Gedrehte T\u00fcrgriff |EtnoArt| T\u00fcrgriffe und T\u00fcrklopfer\",\"isPartOf\":{\"@id\":\"https:\\\/\\\/etnoart.eu\\\/#website\"},\"primaryImageOfPage\":{\"@id\":\"https:\\\/\\\/etnoart.eu\\\/de\\\/toode\\\/gedrehte-tuergriff\\\/#primaryimage\"},\"image\":{\"@id\":\"https:\\\/\\\/etnoart.eu\\\/de\\\/toode\\\/gedrehte-tuergriff\\\/#primaryimage\"},\"thumbnailUrl\":\"https:\\\/\\\/etnoart.eu\\\/wp-content\\\/uploads\\\/2023\\\/06\\\/961-KAEPIDE-KEERUS-Kaepidemed-ja-uksekoputid.jpg\",\"datePublished\":\"2023-06-08T08:54:30+00:00\",\"dateModified\":\"2025-04-05T15:36:13+00:00\",\"description\":\"Gedrehte T\u00fcrgriff aus Vierkantstahl mit wetterfester Beschichtung. Robust, funktional und ideal f\u00fcr gro\u00dfe T\u00fcren oder Tore im Innen- und Au\u00dfenbereich.\",\"breadcrumb\":{\"@id\":\"https:\\\/\\\/etnoart.eu\\\/de\\\/toode\\\/gedrehte-tuergriff\\\/#breadcrumb\"},\"inLanguage\":\"de\",\"potentialAction\":[{\"@type\":\"ReadAction\",\"target\":[\"https:\\\/\\\/etnoart.eu\\\/de\\\/toode\\\/gedrehte-tuergriff\\\/\"]}]},{\"@type\":\"ImageObject\",\"inLanguage\":\"de\",\"@id\":\"https:\\\/\\\/etnoart.eu\\\/de\\\/toode\\\/gedrehte-tuergriff\\\/#primaryimage\",\"url\":\"https:\\\/\\\/etnoart.eu\\\/wp-content\\\/uploads\\\/2023\\\/06\\\/961-KAEPIDE-KEERUS-Kaepidemed-ja-uksekoputid.jpg\",\"contentUrl\":\"https:\\\/\\\/etnoart.eu\\\/wp-content\\\/uploads\\\/2023\\\/06\\\/961-KAEPIDE-KEERUS-Kaepidemed-ja-uksekoputid.jpg\",\"width\":750,\"height\":750,\"caption\":\"gedrehte T\u00fcrgriff\"},{\"@type\":\"BreadcrumbList\",\"@id\":\"https:\\\/\\\/etnoart.eu\\\/de\\\/toode\\\/gedrehte-tuergriff\\\/#breadcrumb\",\"itemListElement\":[{\"@type\":\"ListItem\",\"position\":1,\"name\":\"Home\",\"item\":\"https:\\\/\\\/etnoart.eu\\\/de\\\/\"},{\"@type\":\"ListItem\",\"position\":2,\"name\":\"Shop\",\"item\":\"https:\\\/\\\/etnoart.eu\\\/pood\\\/\"},{\"@type\":\"ListItem\",\"position\":3,\"name\":\"Gedrehte T\u00fcrgriff\"}]},{\"@type\":\"WebSite\",\"@id\":\"https:\\\/\\\/etnoart.eu\\\/#website\",\"url\":\"https:\\\/\\\/etnoart.eu\\\/\",\"name\":\"Etnoart\",\"description\":\"K&auml;sit&ouml;&ouml;pood\",\"publisher\":{\"@id\":\"https:\\\/\\\/etnoart.eu\\\/#organization\"},\"potentialAction\":[{\"@type\":\"SearchAction\",\"target\":{\"@type\":\"EntryPoint\",\"urlTemplate\":\"https:\\\/\\\/etnoart.eu\\\/?s={search_term_string}\"},\"query-input\":{\"@type\":\"PropertyValueSpecification\",\"valueRequired\":true,\"valueName\":\"search_term_string\"}}],\"inLanguage\":\"de\"},{\"@type\":\"Organization\",\"@id\":\"https:\\\/\\\/etnoart.eu\\\/#organization\",\"name\":\"Etnoart O\u00dc\",\"url\":\"https:\\\/\\\/etnoart.eu\\\/\",\"logo\":{\"@type\":\"ImageObject\",\"inLanguage\":\"de\",\"@id\":\"https:\\\/\\\/etnoart.eu\\\/#\\\/schema\\\/logo\\\/image\\\/\",\"url\":\"https:\\\/\\\/etnoart.eu\\\/wp-content\\\/uploads\\\/2023\\\/06\\\/etnoart-logo.png\",\"contentUrl\":\"https:\\\/\\\/etnoart.eu\\\/wp-content\\\/uploads\\\/2023\\\/06\\\/etnoart-logo.png\",\"width\":491,\"height\":184,\"caption\":\"Etnoart O\u00dc\"},\"image\":{\"@id\":\"https:\\\/\\\/etnoart.eu\\\/#\\\/schema\\\/logo\\\/image\\\/\"},\"sameAs\":[\"https:\\\/\\\/www.facebook.com\\\/etnoart.handicraft.shop\"]}]}<\/script>\n<!-- \/ Yoast SEO plugin. -->","yoast_head_json":{"title":"Gedrehte T\u00fcrgriff |EtnoArt| T\u00fcrgriffe und T\u00fcrklopfer","description":"Gedrehte T\u00fcrgriff aus Vierkantstahl mit wetterfester Beschichtung. Robust, funktional und ideal f\u00fcr gro\u00dfe T\u00fcren oder Tore im Innen- und Au\u00dfenbereich.","robots":{"index":"index","follow":"follow","max-snippet":"max-snippet:-1","max-image-preview":"max-image-preview:large","max-video-preview":"max-video-preview:-1"},"canonical":"https:\/\/etnoart.eu\/de\/toode\/gedrehte-tuergriff\/","og_locale":"de_DE","og_type":"article","og_title":"Gedrehte T\u00fcrgriff |EtnoArt| T\u00fcrgriffe und T\u00fcrklopfer","og_description":"Gedrehte T\u00fcrgriff aus Vierkantstahl mit wetterfester Beschichtung. Robust, funktional und ideal f\u00fcr gro\u00dfe T\u00fcren oder Tore im Innen- und Au\u00dfenbereich.","og_url":"https:\/\/etnoart.eu\/de\/toode\/gedrehte-tuergriff\/","og_site_name":"Etnoart","article_publisher":"https:\/\/www.facebook.com\/etnoart.handicraft.shop","article_modified_time":"2025-04-05T15:36:13+00:00","og_image":[{"width":750,"height":750,"url":"https:\/\/etnoart.eu\/wp-content\/uploads\/2023\/06\/961-KAEPIDE-KEERUS-Kaepidemed-ja-uksekoputid.jpg","type":"image\/jpeg"}],"twitter_card":"summary_large_image","twitter_misc":{"Gesch\u00e4tzte Lesezeit":"1\u00a0Minute"},"schema":{"@context":"https:\/\/schema.org","@graph":[{"@type":"WebPage","@id":"https:\/\/etnoart.eu\/de\/toode\/gedrehte-tuergriff\/","url":"https:\/\/etnoart.eu\/de\/toode\/gedrehte-tuergriff\/","name":"Gedrehte T\u00fcrgriff |EtnoArt| T\u00fcrgriffe und T\u00fcrklopfer","isPartOf":{"@id":"https:\/\/etnoart.eu\/#website"},"primaryImageOfPage":{"@id":"https:\/\/etnoart.eu\/de\/toode\/gedrehte-tuergriff\/#primaryimage"},"image":{"@id":"https:\/\/etnoart.eu\/de\/toode\/gedrehte-tuergriff\/#primaryimage"},"thumbnailUrl":"https:\/\/etnoart.eu\/wp-content\/uploads\/2023\/06\/961-KAEPIDE-KEERUS-Kaepidemed-ja-uksekoputid.jpg","datePublished":"2023-06-08T08:54:30+00:00","dateModified":"2025-04-05T15:36:13+00:00","description":"Gedrehte T\u00fcrgriff aus Vierkantstahl mit wetterfester Beschichtung. Robust, funktional und ideal f\u00fcr gro\u00dfe T\u00fcren oder Tore im Innen- und Au\u00dfenbereich.","breadcrumb":{"@id":"https:\/\/etnoart.eu\/de\/toode\/gedrehte-tuergriff\/#breadcrumb"},"inLanguage":"de","potentialAction":[{"@type":"ReadAction","target":["https:\/\/etnoart.eu\/de\/toode\/gedrehte-tuergriff\/"]}]},{"@type":"ImageObject","inLanguage":"de","@id":"https:\/\/etnoart.eu\/de\/toode\/gedrehte-tuergriff\/#primaryimage","url":"https:\/\/etnoart.eu\/wp-content\/uploads\/2023\/06\/961-KAEPIDE-KEERUS-Kaepidemed-ja-uksekoputid.jpg","contentUrl":"https:\/\/etnoart.eu\/wp-content\/uploads\/2023\/06\/961-KAEPIDE-KEERUS-Kaepidemed-ja-uksekoputid.jpg","width":750,"height":750,"caption":"gedrehte T\u00fcrgriff"},{"@type":"BreadcrumbList","@id":"https:\/\/etnoart.eu\/de\/toode\/gedrehte-tuergriff\/#breadcrumb","itemListElement":[{"@type":"ListItem","position":1,"name":"Home","item":"https:\/\/etnoart.eu\/de\/"},{"@type":"ListItem","position":2,"name":"Shop","item":"https:\/\/etnoart.eu\/pood\/"},{"@type":"ListItem","position":3,"name":"Gedrehte T\u00fcrgriff"}]},{"@type":"WebSite","@id":"https:\/\/etnoart.eu\/#website","url":"https:\/\/etnoart.eu\/","name":"Etnoart","description":"K&auml;sit&ouml;&ouml;pood","publisher":{"@id":"https:\/\/etnoart.eu\/#organization"},"potentialAction":[{"@type":"SearchAction","target":{"@type":"EntryPoint","urlTemplate":"https:\/\/etnoart.eu\/?s={search_term_string}"},"query-input":{"@type":"PropertyValueSpecification","valueRequired":true,"valueName":"search_term_string"}}],"inLanguage":"de"},{"@type":"Organization","@id":"https:\/\/etnoart.eu\/#organization","name":"Etnoart O\u00dc","url":"https:\/\/etnoart.eu\/","logo":{"@type":"ImageObject","inLanguage":"de","@id":"https:\/\/etnoart.eu\/#\/schema\/logo\/image\/","url":"https:\/\/etnoart.eu\/wp-content\/uploads\/2023\/06\/etnoart-logo.png","contentUrl":"https:\/\/etnoart.eu\/wp-content\/uploads\/2023\/06\/etnoart-logo.png","width":491,"height":184,"caption":"Etnoart O\u00dc"},"image":{"@id":"https:\/\/etnoart.eu\/#\/schema\/logo\/image\/"},"sameAs":["https:\/\/www.facebook.com\/etnoart.handicraft.shop"]}]}},"builder_content":"","_links":{"self":[{"href":"https:\/\/etnoart.eu\/de\/wp-json\/wp\/v2\/product\/5904","targetHints":{"allow":["GET"]}}],"collection":[{"href":"https:\/\/etnoart.eu\/de\/wp-json\/wp\/v2\/product"}],"about":[{"href":"https:\/\/etnoart.eu\/de\/wp-json\/wp\/v2\/types\/product"}],"wp:featuredmedia":[{"embeddable":true,"href":"https:\/\/etnoart.eu\/de\/wp-json\/wp\/v2\/media\/2692"}],"wp:attachment":[{"href":"https:\/\/etnoart.eu\/de\/wp-json\/wp\/v2\/media?parent=5904"}],"wp:term":[{"taxonomy":"product_brand","embeddable":true,"href":"https:\/\/etnoart.eu\/de\/wp-json\/wp\/v2\/product_brand?post=5904"},{"taxonomy":"product_cat","embeddable":true,"href":"https:\/\/etnoart.eu\/de\/wp-json\/wp\/v2\/product_cat?post=5904"},{"taxonomy":"product_tag","embeddable":true,"href":"https:\/\/etnoart.eu\/de\/wp-json\/wp\/v2\/product_tag?post=5904"}],"curies":[{"name":"wp","href":"https:\/\/api.w.org\/{rel}","templated":true}]}}