{"id":5843,"date":"2023-06-08T08:52:33","date_gmt":"2023-06-08T08:52:33","guid":{"rendered":"https:\/\/etnoart.eu\/toode\/kaepide-vaike\/"},"modified":"2025-04-05T08:33:09","modified_gmt":"2025-04-05T08:33:09","slug":"geschmiedete-moebelgriff","status":"publish","type":"product","link":"https:\/\/etnoart.eu\/de\/toode\/geschmiedete-moebelgriff\/","title":{"rendered":"Geschmiedete M\u00f6belgriff"},"content":{"rendered":"<p>Der <strong>geschmiedete M\u00f6belgriff<\/strong> \u2013 klein ist ein handgefertigtes Unikat, das nach traditioneller Schmiedekunst gefertigt wurde. Der Griff besteht aus Schmiedeeisen und wurde nach dem S\u00e4ubern erneut erhitzt und anschlie\u00dfend in Wachs getaucht. Diese klassische Veredelung bringt die authentische Schmiedestruktur besonders sch\u00f6n zur Geltung. Bitte beachten Sie, dass diese Oberfl\u00e4che nicht vollst\u00e4ndig wetterfest ist \u2013 ideal f\u00fcr den Innenbereich oder \u00fcberdachte Zonen. Die Pflege erfolgt ganz einfach mit einem leicht ge\u00f6lten Tuch.<\/p>\n<p>Mit einer L\u00e4nge von 16 cm, einer H\u00f6he von 4,5 cm (Wandabstand) und einem Gewicht von nur 70 g eignet sich dieser Griff hervorragend f\u00fcr Schr\u00e4nke, Truhen, kleine T\u00fcren oder Klappen. Er wird mit zwei Schrauben befestigt (Schrauben nicht im Lieferumfang enthalten).<\/p>\n<p>Warum ist dieser Geschmiedete M\u00f6belgriff eine gute Wahl?<br \/>\nJeder Griff ist ein wenig anders \u2013 das macht den Charme echter Handarbeit aus. Die rustikale \u00c4sthetik passt perfekt zu historischen M\u00f6belst\u00fccken, Blockh\u00e4usern oder Landh\u00e4usern.<\/p>\n<p>\ud83d\udd27 Produktdetails:<br \/>\nMaterial: Handgeschmiedetes Eisen, gewachste Oberfl\u00e4che<\/p>\n<p>Ma\u00dfe: 16 cm lang, 4,5 cm tief, 70 g<\/p>\n<p>Montage: Mit 2 Schrauben (nicht enthalten)<\/p>\n<p>Verwendung: M\u00f6bel, Klappen, kleine T\u00fcren, rustikale Einrichtung<\/p>\n<p>Vorteile: Einzigartiges Handwerk, authentischer Stil, pflegeleicht<\/p>\n","protected":false},"excerpt":{"rendered":"<p>Kleiner geschmiedeter M\u00f6belgriff aus Eisen. Handgefertigt mit Wachsfinish \u2013 ideal f\u00fcr rustikale M\u00f6bel, Klappen und T\u00fcren<br \/>\n<strong>Produkth\u00f6he:<\/strong> 4,5cm<br \/>\n<strong>Breite des Produkts: <\/strong>16cm<br \/>\n<strong>Produktgewicht:<\/strong> 70g<br \/>\n<strong>Beschichtung\/Oberfl\u00e4che:<\/strong> Das Produkt ist gewachst. Zur Veredelung wurde Bienenwachs oder Paraffin verwendet.<\/p>\n","protected":false},"featured_media":5836,"template":"","meta":[],"product_brand":[],"product_cat":[389],"product_tag":[],"class_list":{"0":"post-5843","1":"product","2":"type-product","3":"status-publish","4":"has-post-thumbnail","6":"product_cat-tuergriffe-und-tuerklopfer","7":"has-post-title","8":"has-post-date","9":"has-post-category","10":"has-post-tag","11":"has-post-comment","12":"has-post-author","13":"","15":"first","16":"instock","17":"taxable","18":"shipping-taxable","19":"purchasable","20":"product-type-simple"},"yoast_head":"<!-- This site is optimized with the Yoast SEO plugin v27.4 - https:\/\/yoast.com\/product\/yoast-seo-wordpress\/ -->\n<title>Geschmiedete M\u00f6belgriff |EtnoArt| T\u00fcrgriffe und T\u00fcrklopfer<\/title>\n<meta name=\"description\" content=\"Kleiner geschmiedete M\u00f6belgriff aus Eisen. Handgefertigt mit Wachsfinish \u2013 ideal f\u00fcr rustikale M\u00f6bel, Klappen und T\u00fcren. Das Produkt ist gewachst\" \/>\n<meta name=\"robots\" content=\"index, follow, max-snippet:-1, max-image-preview:large, max-video-preview:-1\" \/>\n<link rel=\"canonical\" href=\"https:\/\/etnoart.eu\/de\/toode\/geschmiedete-moebelgriff\/\" \/>\n<meta property=\"og:locale\" content=\"de_DE\" \/>\n<meta property=\"og:type\" content=\"article\" \/>\n<meta property=\"og:title\" content=\"Geschmiedete M\u00f6belgriff |EtnoArt| T\u00fcrgriffe und T\u00fcrklopfer\" \/>\n<meta property=\"og:description\" content=\"Kleiner geschmiedete M\u00f6belgriff aus Eisen. Handgefertigt mit Wachsfinish \u2013 ideal f\u00fcr rustikale M\u00f6bel, Klappen und T\u00fcren. Das Produkt ist gewachst\" \/>\n<meta property=\"og:url\" content=\"https:\/\/etnoart.eu\/de\/toode\/geschmiedete-moebelgriff\/\" \/>\n<meta property=\"og:site_name\" content=\"Etnoart\" \/>\n<meta property=\"article:publisher\" content=\"https:\/\/www.facebook.com\/etnoart.handicraft.shop\" \/>\n<meta property=\"article:modified_time\" content=\"2025-04-05T08:33:09+00:00\" \/>\n<meta property=\"og:image\" content=\"https:\/\/etnoart.eu\/wp-content\/uploads\/2023\/06\/Kaepide-vaike.png\" \/>\n\t<meta property=\"og:image:width\" content=\"848\" \/>\n\t<meta property=\"og:image:height\" content=\"848\" \/>\n\t<meta property=\"og:image:type\" content=\"image\/png\" \/>\n<meta name=\"twitter:card\" content=\"summary_large_image\" \/>\n<meta name=\"twitter:label1\" content=\"Gesch\u00e4tzte Lesezeit\" \/>\n\t<meta name=\"twitter:data1\" content=\"2\u00a0Minuten\" \/>\n<script type=\"application\/ld+json\" class=\"yoast-schema-graph\">{\"@context\":\"https:\\\/\\\/schema.org\",\"@graph\":[{\"@type\":\"WebPage\",\"@id\":\"https:\\\/\\\/etnoart.eu\\\/de\\\/toode\\\/geschmiedete-moebelgriff\\\/\",\"url\":\"https:\\\/\\\/etnoart.eu\\\/de\\\/toode\\\/geschmiedete-moebelgriff\\\/\",\"name\":\"Geschmiedete M\u00f6belgriff |EtnoArt| T\u00fcrgriffe und T\u00fcrklopfer\",\"isPartOf\":{\"@id\":\"https:\\\/\\\/etnoart.eu\\\/#website\"},\"primaryImageOfPage\":{\"@id\":\"https:\\\/\\\/etnoart.eu\\\/de\\\/toode\\\/geschmiedete-moebelgriff\\\/#primaryimage\"},\"image\":{\"@id\":\"https:\\\/\\\/etnoart.eu\\\/de\\\/toode\\\/geschmiedete-moebelgriff\\\/#primaryimage\"},\"thumbnailUrl\":\"https:\\\/\\\/etnoart.eu\\\/wp-content\\\/uploads\\\/2023\\\/06\\\/Kaepide-vaike.png\",\"datePublished\":\"2023-06-08T08:52:33+00:00\",\"dateModified\":\"2025-04-05T08:33:09+00:00\",\"description\":\"Kleiner geschmiedete M\u00f6belgriff aus Eisen. Handgefertigt mit Wachsfinish \u2013 ideal f\u00fcr rustikale M\u00f6bel, Klappen und T\u00fcren. Das Produkt ist gewachst\",\"breadcrumb\":{\"@id\":\"https:\\\/\\\/etnoart.eu\\\/de\\\/toode\\\/geschmiedete-moebelgriff\\\/#breadcrumb\"},\"inLanguage\":\"de\",\"potentialAction\":[{\"@type\":\"ReadAction\",\"target\":[\"https:\\\/\\\/etnoart.eu\\\/de\\\/toode\\\/geschmiedete-moebelgriff\\\/\"]}]},{\"@type\":\"ImageObject\",\"inLanguage\":\"de\",\"@id\":\"https:\\\/\\\/etnoart.eu\\\/de\\\/toode\\\/geschmiedete-moebelgriff\\\/#primaryimage\",\"url\":\"https:\\\/\\\/etnoart.eu\\\/wp-content\\\/uploads\\\/2023\\\/06\\\/Kaepide-vaike.png\",\"contentUrl\":\"https:\\\/\\\/etnoart.eu\\\/wp-content\\\/uploads\\\/2023\\\/06\\\/Kaepide-vaike.png\",\"width\":848,\"height\":848,\"caption\":\"geschmiedete M\u00f6belgriff\"},{\"@type\":\"BreadcrumbList\",\"@id\":\"https:\\\/\\\/etnoart.eu\\\/de\\\/toode\\\/geschmiedete-moebelgriff\\\/#breadcrumb\",\"itemListElement\":[{\"@type\":\"ListItem\",\"position\":1,\"name\":\"Home\",\"item\":\"https:\\\/\\\/etnoart.eu\\\/de\\\/\"},{\"@type\":\"ListItem\",\"position\":2,\"name\":\"Shop\",\"item\":\"https:\\\/\\\/etnoart.eu\\\/pood\\\/\"},{\"@type\":\"ListItem\",\"position\":3,\"name\":\"Geschmiedete M\u00f6belgriff\"}]},{\"@type\":\"WebSite\",\"@id\":\"https:\\\/\\\/etnoart.eu\\\/#website\",\"url\":\"https:\\\/\\\/etnoart.eu\\\/\",\"name\":\"Etnoart\",\"description\":\"K&auml;sit&ouml;&ouml;pood\",\"publisher\":{\"@id\":\"https:\\\/\\\/etnoart.eu\\\/#organization\"},\"potentialAction\":[{\"@type\":\"SearchAction\",\"target\":{\"@type\":\"EntryPoint\",\"urlTemplate\":\"https:\\\/\\\/etnoart.eu\\\/?s={search_term_string}\"},\"query-input\":{\"@type\":\"PropertyValueSpecification\",\"valueRequired\":true,\"valueName\":\"search_term_string\"}}],\"inLanguage\":\"de\"},{\"@type\":\"Organization\",\"@id\":\"https:\\\/\\\/etnoart.eu\\\/#organization\",\"name\":\"Etnoart O\u00dc\",\"url\":\"https:\\\/\\\/etnoart.eu\\\/\",\"logo\":{\"@type\":\"ImageObject\",\"inLanguage\":\"de\",\"@id\":\"https:\\\/\\\/etnoart.eu\\\/#\\\/schema\\\/logo\\\/image\\\/\",\"url\":\"https:\\\/\\\/etnoart.eu\\\/wp-content\\\/uploads\\\/2023\\\/06\\\/etnoart-logo.png\",\"contentUrl\":\"https:\\\/\\\/etnoart.eu\\\/wp-content\\\/uploads\\\/2023\\\/06\\\/etnoart-logo.png\",\"width\":491,\"height\":184,\"caption\":\"Etnoart O\u00dc\"},\"image\":{\"@id\":\"https:\\\/\\\/etnoart.eu\\\/#\\\/schema\\\/logo\\\/image\\\/\"},\"sameAs\":[\"https:\\\/\\\/www.facebook.com\\\/etnoart.handicraft.shop\"]}]}<\/script>\n<!-- \/ Yoast SEO plugin. -->","yoast_head_json":{"title":"Geschmiedete M\u00f6belgriff |EtnoArt| T\u00fcrgriffe und T\u00fcrklopfer","description":"Kleiner geschmiedete M\u00f6belgriff aus Eisen. Handgefertigt mit Wachsfinish \u2013 ideal f\u00fcr rustikale M\u00f6bel, Klappen und T\u00fcren. Das Produkt ist gewachst","robots":{"index":"index","follow":"follow","max-snippet":"max-snippet:-1","max-image-preview":"max-image-preview:large","max-video-preview":"max-video-preview:-1"},"canonical":"https:\/\/etnoart.eu\/de\/toode\/geschmiedete-moebelgriff\/","og_locale":"de_DE","og_type":"article","og_title":"Geschmiedete M\u00f6belgriff |EtnoArt| T\u00fcrgriffe und T\u00fcrklopfer","og_description":"Kleiner geschmiedete M\u00f6belgriff aus Eisen. Handgefertigt mit Wachsfinish \u2013 ideal f\u00fcr rustikale M\u00f6bel, Klappen und T\u00fcren. Das Produkt ist gewachst","og_url":"https:\/\/etnoart.eu\/de\/toode\/geschmiedete-moebelgriff\/","og_site_name":"Etnoart","article_publisher":"https:\/\/www.facebook.com\/etnoart.handicraft.shop","article_modified_time":"2025-04-05T08:33:09+00:00","og_image":[{"width":848,"height":848,"url":"https:\/\/etnoart.eu\/wp-content\/uploads\/2023\/06\/Kaepide-vaike.png","type":"image\/png"}],"twitter_card":"summary_large_image","twitter_misc":{"Gesch\u00e4tzte Lesezeit":"2\u00a0Minuten"},"schema":{"@context":"https:\/\/schema.org","@graph":[{"@type":"WebPage","@id":"https:\/\/etnoart.eu\/de\/toode\/geschmiedete-moebelgriff\/","url":"https:\/\/etnoart.eu\/de\/toode\/geschmiedete-moebelgriff\/","name":"Geschmiedete M\u00f6belgriff |EtnoArt| T\u00fcrgriffe und T\u00fcrklopfer","isPartOf":{"@id":"https:\/\/etnoart.eu\/#website"},"primaryImageOfPage":{"@id":"https:\/\/etnoart.eu\/de\/toode\/geschmiedete-moebelgriff\/#primaryimage"},"image":{"@id":"https:\/\/etnoart.eu\/de\/toode\/geschmiedete-moebelgriff\/#primaryimage"},"thumbnailUrl":"https:\/\/etnoart.eu\/wp-content\/uploads\/2023\/06\/Kaepide-vaike.png","datePublished":"2023-06-08T08:52:33+00:00","dateModified":"2025-04-05T08:33:09+00:00","description":"Kleiner geschmiedete M\u00f6belgriff aus Eisen. Handgefertigt mit Wachsfinish \u2013 ideal f\u00fcr rustikale M\u00f6bel, Klappen und T\u00fcren. Das Produkt ist gewachst","breadcrumb":{"@id":"https:\/\/etnoart.eu\/de\/toode\/geschmiedete-moebelgriff\/#breadcrumb"},"inLanguage":"de","potentialAction":[{"@type":"ReadAction","target":["https:\/\/etnoart.eu\/de\/toode\/geschmiedete-moebelgriff\/"]}]},{"@type":"ImageObject","inLanguage":"de","@id":"https:\/\/etnoart.eu\/de\/toode\/geschmiedete-moebelgriff\/#primaryimage","url":"https:\/\/etnoart.eu\/wp-content\/uploads\/2023\/06\/Kaepide-vaike.png","contentUrl":"https:\/\/etnoart.eu\/wp-content\/uploads\/2023\/06\/Kaepide-vaike.png","width":848,"height":848,"caption":"geschmiedete M\u00f6belgriff"},{"@type":"BreadcrumbList","@id":"https:\/\/etnoart.eu\/de\/toode\/geschmiedete-moebelgriff\/#breadcrumb","itemListElement":[{"@type":"ListItem","position":1,"name":"Home","item":"https:\/\/etnoart.eu\/de\/"},{"@type":"ListItem","position":2,"name":"Shop","item":"https:\/\/etnoart.eu\/pood\/"},{"@type":"ListItem","position":3,"name":"Geschmiedete M\u00f6belgriff"}]},{"@type":"WebSite","@id":"https:\/\/etnoart.eu\/#website","url":"https:\/\/etnoart.eu\/","name":"Etnoart","description":"K&auml;sit&ouml;&ouml;pood","publisher":{"@id":"https:\/\/etnoart.eu\/#organization"},"potentialAction":[{"@type":"SearchAction","target":{"@type":"EntryPoint","urlTemplate":"https:\/\/etnoart.eu\/?s={search_term_string}"},"query-input":{"@type":"PropertyValueSpecification","valueRequired":true,"valueName":"search_term_string"}}],"inLanguage":"de"},{"@type":"Organization","@id":"https:\/\/etnoart.eu\/#organization","name":"Etnoart O\u00dc","url":"https:\/\/etnoart.eu\/","logo":{"@type":"ImageObject","inLanguage":"de","@id":"https:\/\/etnoart.eu\/#\/schema\/logo\/image\/","url":"https:\/\/etnoart.eu\/wp-content\/uploads\/2023\/06\/etnoart-logo.png","contentUrl":"https:\/\/etnoart.eu\/wp-content\/uploads\/2023\/06\/etnoart-logo.png","width":491,"height":184,"caption":"Etnoart O\u00dc"},"image":{"@id":"https:\/\/etnoart.eu\/#\/schema\/logo\/image\/"},"sameAs":["https:\/\/www.facebook.com\/etnoart.handicraft.shop"]}]}},"builder_content":"","_links":{"self":[{"href":"https:\/\/etnoart.eu\/de\/wp-json\/wp\/v2\/product\/5843","targetHints":{"allow":["GET"]}}],"collection":[{"href":"https:\/\/etnoart.eu\/de\/wp-json\/wp\/v2\/product"}],"about":[{"href":"https:\/\/etnoart.eu\/de\/wp-json\/wp\/v2\/types\/product"}],"wp:featuredmedia":[{"embeddable":true,"href":"https:\/\/etnoart.eu\/de\/wp-json\/wp\/v2\/media\/5836"}],"wp:attachment":[{"href":"https:\/\/etnoart.eu\/de\/wp-json\/wp\/v2\/media?parent=5843"}],"wp:term":[{"taxonomy":"product_brand","embeddable":true,"href":"https:\/\/etnoart.eu\/de\/wp-json\/wp\/v2\/product_brand?post=5843"},{"taxonomy":"product_cat","embeddable":true,"href":"https:\/\/etnoart.eu\/de\/wp-json\/wp\/v2\/product_cat?post=5843"},{"taxonomy":"product_tag","embeddable":true,"href":"https:\/\/etnoart.eu\/de\/wp-json\/wp\/v2\/product_tag?post=5843"}],"curies":[{"name":"wp","href":"https:\/\/api.w.org\/{rel}","templated":true}]}}