{"id":5828,"date":"2025-04-05T06:27:01","date_gmt":"2025-04-05T06:27:01","guid":{"rendered":"https:\/\/etnoart.eu\/toode\/suur-sepa-kaepide\/"},"modified":"2025-04-05T07:18:24","modified_gmt":"2025-04-05T07:18:24","slug":"geschmiedeter-tuergriff-gross","status":"publish","type":"product","link":"https:\/\/etnoart.eu\/de\/toode\/geschmiedeter-tuergriff-gross\/","title":{"rendered":"Geschmiedeter T\u00fcrgriff gro\u00df"},"content":{"rendered":"<p>Der <strong>geschmiedeter T\u00fcrgriff gro\u00df<\/strong> ist ein traditionell von Hand gefertigter Griff, der von erfahrenen Schmieden hergestellt wird. Sein rustikales und authentisches Design macht ihn zur perfekten Wahl f\u00fcr Holzt\u00fcren, Tore, Blockh\u00e4user und Bauernh\u00e4user im klassischen Stil. Der Griff ist mit schwarzem \u00d6l behandelt und mit Wachs versiegelt. Bei Verwendung im Au\u00dfenbereich kann mit der Zeit Rost entstehen, doch die Pflege ist unkompliziert \u2013 einfach ein paar Tropfen \u00d6l auf ein Tuch geben, den Griff abreiben und schon ist er wieder gesch\u00fctzt.<\/p>\n<p>Mit einer Gesamtl\u00e4nge von 30 cm und einer Griffh\u00f6he von 6,5 cm eignet er sich besonders gut f\u00fcr gr\u00f6\u00dfere T\u00fcren und Tore. Die Montage erfolgt mit vier Schrauben (nicht im Lieferumfang enthalten).<\/p>\n<p>Warum ist dieser Geschmiedeter T\u00fcrgriff gro\u00df die richtige Wahl?<br \/>\nEr ist robust, langlebig und wird in echter Handarbeit gefertigt \u2013 ein Qualit\u00e4tsprodukt mit Charakter. Ideal f\u00fcr alle, die Wert auf Handwerkskunst und ein traditionelles Erscheinungsbild legen.<\/p>\n<p>\ud83d\udd27 Produktdetails:<br \/>\nMaterial: Geschmiedetes Eisen, schwarz ge\u00f6lt und gewachst<\/p>\n<p>Ma\u00dfe: 30 cm L\u00e4nge, 6,5 cm Griffh\u00f6he<\/p>\n<p>Montage: Mit 4 Schrauben (nicht enthalten)<\/p>\n<p>Einsatzbereiche: Tore, T\u00fcren, Blockh\u00e4user, Bauernh\u00e4user, Landh\u00e4user<\/p>\n","protected":false},"excerpt":{"rendered":"<p>Gro\u00dfer geschmiedeter T\u00fcrgriff f\u00fcr Holzt\u00fcren und Tore. Handgefertigt mit traditionellem Design \u2013 ideal f\u00fcr rustikale H\u00e4user und Blockh\u00fctten.<br \/>\n<strong>Gewicht:<\/strong> 0,5 kg<br \/>\n<strong>Produktl\u00e4nge:<\/strong> 30cm<br \/>\n<strong>Produkth\u00f6he:<\/strong> 6,5cm<br \/>\n<strong>Beschichtung\/Oberfl\u00e4che:<\/strong> Das Produkt ist gewachst. Zur Veredelung wurde Bienenwachs oder Paraffin verwendet.<\/p>\n","protected":false},"featured_media":5824,"template":"","meta":[],"product_brand":[],"product_cat":[389],"product_tag":[],"class_list":{"0":"post-5828","1":"product","2":"type-product","3":"status-publish","4":"has-post-thumbnail","6":"product_cat-tuergriffe-und-tuerklopfer","7":"has-post-title","8":"has-post-date","9":"has-post-category","10":"has-post-tag","11":"has-post-comment","12":"has-post-author","13":"","15":"first","16":"instock","17":"taxable","18":"shipping-taxable","19":"purchasable","20":"product-type-simple"},"yoast_head":"<!-- This site is optimized with the Yoast SEO plugin v27.4 - https:\/\/yoast.com\/product\/yoast-seo-wordpress\/ -->\n<title>geschmiedeter T\u00fcrgriff gro\u00df- Etnoart - T\u00fcrgriffe und T\u00fcrklopfer<\/title>\n<meta name=\"description\" content=\"Geschmiedeter T\u00fcrgriff gro\u00df f\u00fcr Holzt\u00fcren und Tore. Handgefertigt mit traditionellem Design \u2013 ideal f\u00fcr rustikale H\u00e4user und Blockh\u00fctten.\" \/>\n<meta name=\"robots\" content=\"index, follow, max-snippet:-1, max-image-preview:large, max-video-preview:-1\" \/>\n<link rel=\"canonical\" href=\"https:\/\/etnoart.eu\/lt\/toode\/suur-sepa-kaepide\/\" \/>\n<meta property=\"og:locale\" content=\"de_DE\" \/>\n<meta property=\"og:type\" content=\"article\" \/>\n<meta property=\"og:title\" content=\"geschmiedeter T\u00fcrgriff gro\u00df- Etnoart - T\u00fcrgriffe und T\u00fcrklopfer\" \/>\n<meta property=\"og:description\" content=\"Geschmiedeter T\u00fcrgriff gro\u00df f\u00fcr Holzt\u00fcren und Tore. Handgefertigt mit traditionellem Design \u2013 ideal f\u00fcr rustikale H\u00e4user und Blockh\u00fctten.\" \/>\n<meta property=\"og:url\" content=\"https:\/\/etnoart.eu\/lt\/toode\/suur-sepa-kaepide\/\" \/>\n<meta property=\"og:site_name\" content=\"Etnoart\" \/>\n<meta property=\"article:publisher\" content=\"https:\/\/www.facebook.com\/etnoart.handicraft.shop\" \/>\n<meta property=\"article:modified_time\" content=\"2025-04-05T07:18:24+00:00\" \/>\n<meta property=\"og:image\" content=\"https:\/\/etnoart.eu\/wp-content\/uploads\/2025\/04\/Suur-Sepa-Kaepide.png\" \/>\n\t<meta property=\"og:image:width\" content=\"1200\" \/>\n\t<meta property=\"og:image:height\" content=\"1200\" \/>\n\t<meta property=\"og:image:type\" content=\"image\/png\" \/>\n<meta name=\"twitter:card\" content=\"summary_large_image\" \/>\n<meta name=\"twitter:label1\" content=\"Gesch\u00e4tzte Lesezeit\" \/>\n\t<meta name=\"twitter:data1\" content=\"2\u00a0Minuten\" \/>\n<script type=\"application\/ld+json\" class=\"yoast-schema-graph\">{\"@context\":\"https:\\\/\\\/schema.org\",\"@graph\":[{\"@type\":\"WebPage\",\"@id\":\"https:\\\/\\\/etnoart.eu\\\/lt\\\/toode\\\/suur-sepa-kaepide\\\/\",\"url\":\"https:\\\/\\\/etnoart.eu\\\/lt\\\/toode\\\/suur-sepa-kaepide\\\/\",\"name\":\"geschmiedeter T\u00fcrgriff gro\u00df- Etnoart - T\u00fcrgriffe und T\u00fcrklopfer\",\"isPartOf\":{\"@id\":\"https:\\\/\\\/etnoart.eu\\\/#website\"},\"primaryImageOfPage\":{\"@id\":\"https:\\\/\\\/etnoart.eu\\\/lt\\\/toode\\\/suur-sepa-kaepide\\\/#primaryimage\"},\"image\":{\"@id\":\"https:\\\/\\\/etnoart.eu\\\/lt\\\/toode\\\/suur-sepa-kaepide\\\/#primaryimage\"},\"thumbnailUrl\":\"https:\\\/\\\/etnoart.eu\\\/wp-content\\\/uploads\\\/2025\\\/04\\\/Suur-Sepa-Kaepide.png\",\"datePublished\":\"2025-04-05T06:27:01+00:00\",\"dateModified\":\"2025-04-05T07:18:24+00:00\",\"description\":\"Geschmiedeter T\u00fcrgriff gro\u00df f\u00fcr Holzt\u00fcren und Tore. Handgefertigt mit traditionellem Design \u2013 ideal f\u00fcr rustikale H\u00e4user und Blockh\u00fctten.\",\"breadcrumb\":{\"@id\":\"https:\\\/\\\/etnoart.eu\\\/lt\\\/toode\\\/suur-sepa-kaepide\\\/#breadcrumb\"},\"inLanguage\":\"de\",\"potentialAction\":[{\"@type\":\"ReadAction\",\"target\":[\"https:\\\/\\\/etnoart.eu\\\/lt\\\/toode\\\/suur-sepa-kaepide\\\/\"]}]},{\"@type\":\"ImageObject\",\"inLanguage\":\"de\",\"@id\":\"https:\\\/\\\/etnoart.eu\\\/lt\\\/toode\\\/suur-sepa-kaepide\\\/#primaryimage\",\"url\":\"https:\\\/\\\/etnoart.eu\\\/wp-content\\\/uploads\\\/2025\\\/04\\\/Suur-Sepa-Kaepide.png\",\"contentUrl\":\"https:\\\/\\\/etnoart.eu\\\/wp-content\\\/uploads\\\/2025\\\/04\\\/Suur-Sepa-Kaepide.png\",\"width\":1200,\"height\":1200,\"caption\":\"geschmiedeter T\u00fcrgriff gro\u00df\"},{\"@type\":\"BreadcrumbList\",\"@id\":\"https:\\\/\\\/etnoart.eu\\\/lt\\\/toode\\\/suur-sepa-kaepide\\\/#breadcrumb\",\"itemListElement\":[{\"@type\":\"ListItem\",\"position\":1,\"name\":\"Home\",\"item\":\"https:\\\/\\\/etnoart.eu\\\/de\\\/\"},{\"@type\":\"ListItem\",\"position\":2,\"name\":\"Shop\",\"item\":\"https:\\\/\\\/etnoart.eu\\\/pood\\\/\"},{\"@type\":\"ListItem\",\"position\":3,\"name\":\"Geschmiedeter T\u00fcrgriff gro\u00df\"}]},{\"@type\":\"WebSite\",\"@id\":\"https:\\\/\\\/etnoart.eu\\\/#website\",\"url\":\"https:\\\/\\\/etnoart.eu\\\/\",\"name\":\"Etnoart\",\"description\":\"K&auml;sit&ouml;&ouml;pood\",\"publisher\":{\"@id\":\"https:\\\/\\\/etnoart.eu\\\/#organization\"},\"potentialAction\":[{\"@type\":\"SearchAction\",\"target\":{\"@type\":\"EntryPoint\",\"urlTemplate\":\"https:\\\/\\\/etnoart.eu\\\/?s={search_term_string}\"},\"query-input\":{\"@type\":\"PropertyValueSpecification\",\"valueRequired\":true,\"valueName\":\"search_term_string\"}}],\"inLanguage\":\"de\"},{\"@type\":\"Organization\",\"@id\":\"https:\\\/\\\/etnoart.eu\\\/#organization\",\"name\":\"Etnoart O\u00dc\",\"url\":\"https:\\\/\\\/etnoart.eu\\\/\",\"logo\":{\"@type\":\"ImageObject\",\"inLanguage\":\"de\",\"@id\":\"https:\\\/\\\/etnoart.eu\\\/#\\\/schema\\\/logo\\\/image\\\/\",\"url\":\"https:\\\/\\\/etnoart.eu\\\/wp-content\\\/uploads\\\/2023\\\/06\\\/etnoart-logo.png\",\"contentUrl\":\"https:\\\/\\\/etnoart.eu\\\/wp-content\\\/uploads\\\/2023\\\/06\\\/etnoart-logo.png\",\"width\":491,\"height\":184,\"caption\":\"Etnoart O\u00dc\"},\"image\":{\"@id\":\"https:\\\/\\\/etnoart.eu\\\/#\\\/schema\\\/logo\\\/image\\\/\"},\"sameAs\":[\"https:\\\/\\\/www.facebook.com\\\/etnoart.handicraft.shop\"]}]}<\/script>\n<!-- \/ Yoast SEO plugin. -->","yoast_head_json":{"title":"geschmiedeter T\u00fcrgriff gro\u00df- Etnoart - T\u00fcrgriffe und T\u00fcrklopfer","description":"Geschmiedeter T\u00fcrgriff gro\u00df f\u00fcr Holzt\u00fcren und Tore. Handgefertigt mit traditionellem Design \u2013 ideal f\u00fcr rustikale H\u00e4user und Blockh\u00fctten.","robots":{"index":"index","follow":"follow","max-snippet":"max-snippet:-1","max-image-preview":"max-image-preview:large","max-video-preview":"max-video-preview:-1"},"canonical":"https:\/\/etnoart.eu\/lt\/toode\/suur-sepa-kaepide\/","og_locale":"de_DE","og_type":"article","og_title":"geschmiedeter T\u00fcrgriff gro\u00df- Etnoart - T\u00fcrgriffe und T\u00fcrklopfer","og_description":"Geschmiedeter T\u00fcrgriff gro\u00df f\u00fcr Holzt\u00fcren und Tore. Handgefertigt mit traditionellem Design \u2013 ideal f\u00fcr rustikale H\u00e4user und Blockh\u00fctten.","og_url":"https:\/\/etnoart.eu\/lt\/toode\/suur-sepa-kaepide\/","og_site_name":"Etnoart","article_publisher":"https:\/\/www.facebook.com\/etnoart.handicraft.shop","article_modified_time":"2025-04-05T07:18:24+00:00","og_image":[{"width":1200,"height":1200,"url":"https:\/\/etnoart.eu\/wp-content\/uploads\/2025\/04\/Suur-Sepa-Kaepide.png","type":"image\/png"}],"twitter_card":"summary_large_image","twitter_misc":{"Gesch\u00e4tzte Lesezeit":"2\u00a0Minuten"},"schema":{"@context":"https:\/\/schema.org","@graph":[{"@type":"WebPage","@id":"https:\/\/etnoart.eu\/lt\/toode\/suur-sepa-kaepide\/","url":"https:\/\/etnoart.eu\/lt\/toode\/suur-sepa-kaepide\/","name":"geschmiedeter T\u00fcrgriff gro\u00df- Etnoart - T\u00fcrgriffe und T\u00fcrklopfer","isPartOf":{"@id":"https:\/\/etnoart.eu\/#website"},"primaryImageOfPage":{"@id":"https:\/\/etnoart.eu\/lt\/toode\/suur-sepa-kaepide\/#primaryimage"},"image":{"@id":"https:\/\/etnoart.eu\/lt\/toode\/suur-sepa-kaepide\/#primaryimage"},"thumbnailUrl":"https:\/\/etnoart.eu\/wp-content\/uploads\/2025\/04\/Suur-Sepa-Kaepide.png","datePublished":"2025-04-05T06:27:01+00:00","dateModified":"2025-04-05T07:18:24+00:00","description":"Geschmiedeter T\u00fcrgriff gro\u00df f\u00fcr Holzt\u00fcren und Tore. Handgefertigt mit traditionellem Design \u2013 ideal f\u00fcr rustikale H\u00e4user und Blockh\u00fctten.","breadcrumb":{"@id":"https:\/\/etnoart.eu\/lt\/toode\/suur-sepa-kaepide\/#breadcrumb"},"inLanguage":"de","potentialAction":[{"@type":"ReadAction","target":["https:\/\/etnoart.eu\/lt\/toode\/suur-sepa-kaepide\/"]}]},{"@type":"ImageObject","inLanguage":"de","@id":"https:\/\/etnoart.eu\/lt\/toode\/suur-sepa-kaepide\/#primaryimage","url":"https:\/\/etnoart.eu\/wp-content\/uploads\/2025\/04\/Suur-Sepa-Kaepide.png","contentUrl":"https:\/\/etnoart.eu\/wp-content\/uploads\/2025\/04\/Suur-Sepa-Kaepide.png","width":1200,"height":1200,"caption":"geschmiedeter T\u00fcrgriff gro\u00df"},{"@type":"BreadcrumbList","@id":"https:\/\/etnoart.eu\/lt\/toode\/suur-sepa-kaepide\/#breadcrumb","itemListElement":[{"@type":"ListItem","position":1,"name":"Home","item":"https:\/\/etnoart.eu\/de\/"},{"@type":"ListItem","position":2,"name":"Shop","item":"https:\/\/etnoart.eu\/pood\/"},{"@type":"ListItem","position":3,"name":"Geschmiedeter T\u00fcrgriff gro\u00df"}]},{"@type":"WebSite","@id":"https:\/\/etnoart.eu\/#website","url":"https:\/\/etnoart.eu\/","name":"Etnoart","description":"K&auml;sit&ouml;&ouml;pood","publisher":{"@id":"https:\/\/etnoart.eu\/#organization"},"potentialAction":[{"@type":"SearchAction","target":{"@type":"EntryPoint","urlTemplate":"https:\/\/etnoart.eu\/?s={search_term_string}"},"query-input":{"@type":"PropertyValueSpecification","valueRequired":true,"valueName":"search_term_string"}}],"inLanguage":"de"},{"@type":"Organization","@id":"https:\/\/etnoart.eu\/#organization","name":"Etnoart O\u00dc","url":"https:\/\/etnoart.eu\/","logo":{"@type":"ImageObject","inLanguage":"de","@id":"https:\/\/etnoart.eu\/#\/schema\/logo\/image\/","url":"https:\/\/etnoart.eu\/wp-content\/uploads\/2023\/06\/etnoart-logo.png","contentUrl":"https:\/\/etnoart.eu\/wp-content\/uploads\/2023\/06\/etnoart-logo.png","width":491,"height":184,"caption":"Etnoart O\u00dc"},"image":{"@id":"https:\/\/etnoart.eu\/#\/schema\/logo\/image\/"},"sameAs":["https:\/\/www.facebook.com\/etnoart.handicraft.shop"]}]}},"builder_content":"","_links":{"self":[{"href":"https:\/\/etnoart.eu\/de\/wp-json\/wp\/v2\/product\/5828","targetHints":{"allow":["GET"]}}],"collection":[{"href":"https:\/\/etnoart.eu\/de\/wp-json\/wp\/v2\/product"}],"about":[{"href":"https:\/\/etnoart.eu\/de\/wp-json\/wp\/v2\/types\/product"}],"wp:featuredmedia":[{"embeddable":true,"href":"https:\/\/etnoart.eu\/de\/wp-json\/wp\/v2\/media\/5824"}],"wp:attachment":[{"href":"https:\/\/etnoart.eu\/de\/wp-json\/wp\/v2\/media?parent=5828"}],"wp:term":[{"taxonomy":"product_brand","embeddable":true,"href":"https:\/\/etnoart.eu\/de\/wp-json\/wp\/v2\/product_brand?post=5828"},{"taxonomy":"product_cat","embeddable":true,"href":"https:\/\/etnoart.eu\/de\/wp-json\/wp\/v2\/product_cat?post=5828"},{"taxonomy":"product_tag","embeddable":true,"href":"https:\/\/etnoart.eu\/de\/wp-json\/wp\/v2\/product_tag?post=5828"}],"curies":[{"name":"wp","href":"https:\/\/api.w.org\/{rel}","templated":true}]}}