{"id":5756,"date":"2023-06-08T08:50:59","date_gmt":"2023-06-08T08:50:59","guid":{"rendered":"https:\/\/etnoart.eu\/toode\/kapi-kaepide\/"},"modified":"2025-03-28T05:29:22","modified_gmt":"2025-03-28T05:29:22","slug":"schmiedeeiserner-moebelgriff","status":"publish","type":"product","link":"https:\/\/etnoart.eu\/de\/toode\/schmiedeeiserner-moebelgriff\/","title":{"rendered":"Schmiedeeiserner M\u00f6belgriff"},"content":{"rendered":"<p>Dieser <strong>Schmiedeeiserner M\u00f6belgriff<\/strong> wird in traditioneller Handarbeit von erfahrenen Schmieden gefertigt. Aus kantigem Metall hei\u00df geschmiedet, erh\u00e4lt der Griff durch das verdrehte Design eine besondere rustikale Optik. Anschlie\u00dfend wird er mit einem sch\u00fctzenden Klarlack veredelt, der sowohl die Oberfl\u00e4che sch\u00fctzt als auch die nat\u00fcrliche Struktur des Metalls betont.<\/p>\n<p>Ma\u00dfe:<\/p>\n<p>L\u00e4nge: 18 cm<\/p>\n<p>H\u00f6he: 4 cm<\/p>\n<p>Montage:<br \/>\nDer Griff wird mit zwei Schrauben befestigt (Schrauben sind nicht im Lieferumfang enthalten). Die von Hand geschmiedeten Schraubl\u00f6cher verleihen dem Produkt zus\u00e4tzlichen Charakter.<\/p>\n<p>Verwendungszweck:<br \/>\nIdeal geeignet f\u00fcr Schr\u00e4nke, Schubladen oder kleinere Klappen. Besonders passend f\u00fcr rustikale M\u00f6belst\u00fccke, Landhausstil oder handgefertigte Einzelst\u00fccke.<\/p>\n<p>Warum ist dieses Schmiedeeiserner M\u00f6belgriff eine gute Wahl?<\/p>\n<p>Hochwertige Handarbeit<\/p>\n<p>Robuste und langlebige Ausf\u00fchrung<\/p>\n<p>Jeder Griff ist ein Unikat<\/p>\n<p>Verleiht M\u00f6beln eine besondere Note<\/p>\n<p>Zielgruppe:<br \/>\nPerfekt f\u00fcr Menschen, die in einem Haus mit traditionellem oder rustikalem Stil leben oder selbst handgefertigte M\u00f6bel herstellen. Auch einfache Holzm\u00f6bel werden durch diesen Griff stilvoll aufgewertet.<\/p>\n<p>Vorteile gegen\u00fcber anderen Produkten:<\/p>\n<p>Einzigartiges Aussehen<\/p>\n<p>Ausdrucksstarke Schmiededetails<\/p>\n<p>Authentischer, handwerklicher Charakter<\/p>\n<p>Zus\u00e4tzliche Informationen:<br \/>\nDerzeit nur mit lackierter Oberfl\u00e4che erh\u00e4ltlich. Schrauben nicht enthalten.<\/p>\n","protected":false},"excerpt":{"rendered":"<p>Rustikaler, handgeschmiedeter M\u00f6belgriff aus Schmiedeeisen \u2013 perfekt f\u00fcr Schr\u00e4nke und Schubladen im Landhausstil. Jeder Griff ein Unikat!<\/p>\n<p><strong>Gewicht:<\/strong> 0,13 kg<br \/>\n<strong>Produkth\u00f6he:<\/strong> 4cm<br \/>\n<strong>Breite des Produkts:<\/strong> 18cm<br \/>\n<strong>Beschichtung\/Oberfl\u00e4che:<\/strong> Das Produkt ist lackiert.<\/p>\n","protected":false},"featured_media":1086,"template":"","meta":[],"product_brand":[],"product_cat":[389],"product_tag":[],"class_list":{"0":"post-5756","1":"product","2":"type-product","3":"status-publish","4":"has-post-thumbnail","6":"product_cat-tuergriffe-und-tuerklopfer","7":"has-post-title","8":"has-post-date","9":"has-post-category","10":"has-post-tag","11":"has-post-comment","12":"has-post-author","13":"","15":"first","16":"instock","17":"taxable","18":"shipping-taxable","19":"purchasable","20":"product-type-simple"},"yoast_head":"<!-- This site is optimized with the Yoast SEO plugin v27.3 - https:\/\/yoast.com\/product\/yoast-seo-wordpress\/ -->\n<title>Schmiedeeiserner M\u00f6belgriff |EtnoArt| T\u00fcrgriffe und T\u00fcrklopfer<\/title>\n<meta name=\"description\" content=\"Rustikaler, Schmiedeeiserner M\u00f6belgriff aus Schmiedeeisen \u2013 perfekt f\u00fcr Schr\u00e4nke und Schubladen im Landhausstil. Jeder Griff ein Unikat!\" \/>\n<meta name=\"robots\" content=\"index, follow, max-snippet:-1, max-image-preview:large, max-video-preview:-1\" \/>\n<link rel=\"canonical\" href=\"https:\/\/etnoart.eu\/de\/toode\/schmiedeeiserner-moebelgriff\/\" \/>\n<meta property=\"og:locale\" content=\"de_DE\" \/>\n<meta property=\"og:type\" content=\"article\" \/>\n<meta property=\"og:title\" content=\"Schmiedeeiserner M\u00f6belgriff |EtnoArt| T\u00fcrgriffe und T\u00fcrklopfer\" \/>\n<meta property=\"og:description\" content=\"Rustikaler, Schmiedeeiserner M\u00f6belgriff aus Schmiedeeisen \u2013 perfekt f\u00fcr Schr\u00e4nke und Schubladen im Landhausstil. Jeder Griff ein Unikat!\" \/>\n<meta property=\"og:url\" content=\"https:\/\/etnoart.eu\/de\/toode\/schmiedeeiserner-moebelgriff\/\" \/>\n<meta property=\"og:site_name\" content=\"Etnoart\" \/>\n<meta property=\"article:publisher\" content=\"https:\/\/www.facebook.com\/etnoart.handicraft.shop\" \/>\n<meta property=\"article:modified_time\" content=\"2025-03-28T05:29:22+00:00\" \/>\n<meta property=\"og:image\" content=\"https:\/\/etnoart.eu\/wp-content\/uploads\/2023\/06\/138-Kaepide-kapile-Kaepidemed-ja-uksekoputid.jpg\" \/>\n\t<meta property=\"og:image:width\" content=\"600\" \/>\n\t<meta property=\"og:image:height\" content=\"600\" \/>\n\t<meta property=\"og:image:type\" content=\"image\/jpeg\" \/>\n<meta name=\"twitter:card\" content=\"summary_large_image\" \/>\n<meta name=\"twitter:label1\" content=\"Gesch\u00e4tzte Lesezeit\" \/>\n\t<meta name=\"twitter:data1\" content=\"2\u00a0Minuten\" \/>\n<script type=\"application\/ld+json\" class=\"yoast-schema-graph\">{\"@context\":\"https:\\\/\\\/schema.org\",\"@graph\":[{\"@type\":\"WebPage\",\"@id\":\"https:\\\/\\\/etnoart.eu\\\/de\\\/toode\\\/schmiedeeiserner-moebelgriff\\\/\",\"url\":\"https:\\\/\\\/etnoart.eu\\\/de\\\/toode\\\/schmiedeeiserner-moebelgriff\\\/\",\"name\":\"Schmiedeeiserner M\u00f6belgriff |EtnoArt| T\u00fcrgriffe und T\u00fcrklopfer\",\"isPartOf\":{\"@id\":\"https:\\\/\\\/etnoart.eu\\\/#website\"},\"primaryImageOfPage\":{\"@id\":\"https:\\\/\\\/etnoart.eu\\\/de\\\/toode\\\/schmiedeeiserner-moebelgriff\\\/#primaryimage\"},\"image\":{\"@id\":\"https:\\\/\\\/etnoart.eu\\\/de\\\/toode\\\/schmiedeeiserner-moebelgriff\\\/#primaryimage\"},\"thumbnailUrl\":\"https:\\\/\\\/etnoart.eu\\\/wp-content\\\/uploads\\\/2023\\\/06\\\/138-Kaepide-kapile-Kaepidemed-ja-uksekoputid.jpg\",\"datePublished\":\"2023-06-08T08:50:59+00:00\",\"dateModified\":\"2025-03-28T05:29:22+00:00\",\"description\":\"Rustikaler, Schmiedeeiserner M\u00f6belgriff aus Schmiedeeisen \u2013 perfekt f\u00fcr Schr\u00e4nke und Schubladen im Landhausstil. Jeder Griff ein Unikat!\",\"breadcrumb\":{\"@id\":\"https:\\\/\\\/etnoart.eu\\\/de\\\/toode\\\/schmiedeeiserner-moebelgriff\\\/#breadcrumb\"},\"inLanguage\":\"de\",\"potentialAction\":[{\"@type\":\"ReadAction\",\"target\":[\"https:\\\/\\\/etnoart.eu\\\/de\\\/toode\\\/schmiedeeiserner-moebelgriff\\\/\"]}]},{\"@type\":\"ImageObject\",\"inLanguage\":\"de\",\"@id\":\"https:\\\/\\\/etnoart.eu\\\/de\\\/toode\\\/schmiedeeiserner-moebelgriff\\\/#primaryimage\",\"url\":\"https:\\\/\\\/etnoart.eu\\\/wp-content\\\/uploads\\\/2023\\\/06\\\/138-Kaepide-kapile-Kaepidemed-ja-uksekoputid.jpg\",\"contentUrl\":\"https:\\\/\\\/etnoart.eu\\\/wp-content\\\/uploads\\\/2023\\\/06\\\/138-Kaepide-kapile-Kaepidemed-ja-uksekoputid.jpg\",\"width\":600,\"height\":600,\"caption\":\"Schmiedeeiserner M\u00f6belgriff\"},{\"@type\":\"BreadcrumbList\",\"@id\":\"https:\\\/\\\/etnoart.eu\\\/de\\\/toode\\\/schmiedeeiserner-moebelgriff\\\/#breadcrumb\",\"itemListElement\":[{\"@type\":\"ListItem\",\"position\":1,\"name\":\"Home\",\"item\":\"https:\\\/\\\/etnoart.eu\\\/de\\\/\"},{\"@type\":\"ListItem\",\"position\":2,\"name\":\"Shop\",\"item\":\"https:\\\/\\\/etnoart.eu\\\/pood\\\/\"},{\"@type\":\"ListItem\",\"position\":3,\"name\":\"Schmiedeeiserner M\u00f6belgriff\"}]},{\"@type\":\"WebSite\",\"@id\":\"https:\\\/\\\/etnoart.eu\\\/#website\",\"url\":\"https:\\\/\\\/etnoart.eu\\\/\",\"name\":\"Etnoart\",\"description\":\"K&auml;sit&ouml;&ouml;pood\",\"publisher\":{\"@id\":\"https:\\\/\\\/etnoart.eu\\\/#organization\"},\"potentialAction\":[{\"@type\":\"SearchAction\",\"target\":{\"@type\":\"EntryPoint\",\"urlTemplate\":\"https:\\\/\\\/etnoart.eu\\\/?s={search_term_string}\"},\"query-input\":{\"@type\":\"PropertyValueSpecification\",\"valueRequired\":true,\"valueName\":\"search_term_string\"}}],\"inLanguage\":\"de\"},{\"@type\":\"Organization\",\"@id\":\"https:\\\/\\\/etnoart.eu\\\/#organization\",\"name\":\"Etnoart O\u00dc\",\"url\":\"https:\\\/\\\/etnoart.eu\\\/\",\"logo\":{\"@type\":\"ImageObject\",\"inLanguage\":\"de\",\"@id\":\"https:\\\/\\\/etnoart.eu\\\/#\\\/schema\\\/logo\\\/image\\\/\",\"url\":\"https:\\\/\\\/etnoart.eu\\\/wp-content\\\/uploads\\\/2023\\\/06\\\/etnoart-logo.png\",\"contentUrl\":\"https:\\\/\\\/etnoart.eu\\\/wp-content\\\/uploads\\\/2023\\\/06\\\/etnoart-logo.png\",\"width\":491,\"height\":184,\"caption\":\"Etnoart O\u00dc\"},\"image\":{\"@id\":\"https:\\\/\\\/etnoart.eu\\\/#\\\/schema\\\/logo\\\/image\\\/\"},\"sameAs\":[\"https:\\\/\\\/www.facebook.com\\\/etnoart.handicraft.shop\"]}]}<\/script>\n<!-- \/ Yoast SEO plugin. -->","yoast_head_json":{"title":"Schmiedeeiserner M\u00f6belgriff |EtnoArt| T\u00fcrgriffe und T\u00fcrklopfer","description":"Rustikaler, Schmiedeeiserner M\u00f6belgriff aus Schmiedeeisen \u2013 perfekt f\u00fcr Schr\u00e4nke und Schubladen im Landhausstil. Jeder Griff ein Unikat!","robots":{"index":"index","follow":"follow","max-snippet":"max-snippet:-1","max-image-preview":"max-image-preview:large","max-video-preview":"max-video-preview:-1"},"canonical":"https:\/\/etnoart.eu\/de\/toode\/schmiedeeiserner-moebelgriff\/","og_locale":"de_DE","og_type":"article","og_title":"Schmiedeeiserner M\u00f6belgriff |EtnoArt| T\u00fcrgriffe und T\u00fcrklopfer","og_description":"Rustikaler, Schmiedeeiserner M\u00f6belgriff aus Schmiedeeisen \u2013 perfekt f\u00fcr Schr\u00e4nke und Schubladen im Landhausstil. Jeder Griff ein Unikat!","og_url":"https:\/\/etnoart.eu\/de\/toode\/schmiedeeiserner-moebelgriff\/","og_site_name":"Etnoart","article_publisher":"https:\/\/www.facebook.com\/etnoart.handicraft.shop","article_modified_time":"2025-03-28T05:29:22+00:00","og_image":[{"width":600,"height":600,"url":"https:\/\/etnoart.eu\/wp-content\/uploads\/2023\/06\/138-Kaepide-kapile-Kaepidemed-ja-uksekoputid.jpg","type":"image\/jpeg"}],"twitter_card":"summary_large_image","twitter_misc":{"Gesch\u00e4tzte Lesezeit":"2\u00a0Minuten"},"schema":{"@context":"https:\/\/schema.org","@graph":[{"@type":"WebPage","@id":"https:\/\/etnoart.eu\/de\/toode\/schmiedeeiserner-moebelgriff\/","url":"https:\/\/etnoart.eu\/de\/toode\/schmiedeeiserner-moebelgriff\/","name":"Schmiedeeiserner M\u00f6belgriff |EtnoArt| T\u00fcrgriffe und T\u00fcrklopfer","isPartOf":{"@id":"https:\/\/etnoart.eu\/#website"},"primaryImageOfPage":{"@id":"https:\/\/etnoart.eu\/de\/toode\/schmiedeeiserner-moebelgriff\/#primaryimage"},"image":{"@id":"https:\/\/etnoart.eu\/de\/toode\/schmiedeeiserner-moebelgriff\/#primaryimage"},"thumbnailUrl":"https:\/\/etnoart.eu\/wp-content\/uploads\/2023\/06\/138-Kaepide-kapile-Kaepidemed-ja-uksekoputid.jpg","datePublished":"2023-06-08T08:50:59+00:00","dateModified":"2025-03-28T05:29:22+00:00","description":"Rustikaler, Schmiedeeiserner M\u00f6belgriff aus Schmiedeeisen \u2013 perfekt f\u00fcr Schr\u00e4nke und Schubladen im Landhausstil. Jeder Griff ein Unikat!","breadcrumb":{"@id":"https:\/\/etnoart.eu\/de\/toode\/schmiedeeiserner-moebelgriff\/#breadcrumb"},"inLanguage":"de","potentialAction":[{"@type":"ReadAction","target":["https:\/\/etnoart.eu\/de\/toode\/schmiedeeiserner-moebelgriff\/"]}]},{"@type":"ImageObject","inLanguage":"de","@id":"https:\/\/etnoart.eu\/de\/toode\/schmiedeeiserner-moebelgriff\/#primaryimage","url":"https:\/\/etnoart.eu\/wp-content\/uploads\/2023\/06\/138-Kaepide-kapile-Kaepidemed-ja-uksekoputid.jpg","contentUrl":"https:\/\/etnoart.eu\/wp-content\/uploads\/2023\/06\/138-Kaepide-kapile-Kaepidemed-ja-uksekoputid.jpg","width":600,"height":600,"caption":"Schmiedeeiserner M\u00f6belgriff"},{"@type":"BreadcrumbList","@id":"https:\/\/etnoart.eu\/de\/toode\/schmiedeeiserner-moebelgriff\/#breadcrumb","itemListElement":[{"@type":"ListItem","position":1,"name":"Home","item":"https:\/\/etnoart.eu\/de\/"},{"@type":"ListItem","position":2,"name":"Shop","item":"https:\/\/etnoart.eu\/pood\/"},{"@type":"ListItem","position":3,"name":"Schmiedeeiserner M\u00f6belgriff"}]},{"@type":"WebSite","@id":"https:\/\/etnoart.eu\/#website","url":"https:\/\/etnoart.eu\/","name":"Etnoart","description":"K&auml;sit&ouml;&ouml;pood","publisher":{"@id":"https:\/\/etnoart.eu\/#organization"},"potentialAction":[{"@type":"SearchAction","target":{"@type":"EntryPoint","urlTemplate":"https:\/\/etnoart.eu\/?s={search_term_string}"},"query-input":{"@type":"PropertyValueSpecification","valueRequired":true,"valueName":"search_term_string"}}],"inLanguage":"de"},{"@type":"Organization","@id":"https:\/\/etnoart.eu\/#organization","name":"Etnoart O\u00dc","url":"https:\/\/etnoart.eu\/","logo":{"@type":"ImageObject","inLanguage":"de","@id":"https:\/\/etnoart.eu\/#\/schema\/logo\/image\/","url":"https:\/\/etnoart.eu\/wp-content\/uploads\/2023\/06\/etnoart-logo.png","contentUrl":"https:\/\/etnoart.eu\/wp-content\/uploads\/2023\/06\/etnoart-logo.png","width":491,"height":184,"caption":"Etnoart O\u00dc"},"image":{"@id":"https:\/\/etnoart.eu\/#\/schema\/logo\/image\/"},"sameAs":["https:\/\/www.facebook.com\/etnoart.handicraft.shop"]}]}},"builder_content":"","_links":{"self":[{"href":"https:\/\/etnoart.eu\/de\/wp-json\/wp\/v2\/product\/5756","targetHints":{"allow":["GET"]}}],"collection":[{"href":"https:\/\/etnoart.eu\/de\/wp-json\/wp\/v2\/product"}],"about":[{"href":"https:\/\/etnoart.eu\/de\/wp-json\/wp\/v2\/types\/product"}],"wp:featuredmedia":[{"embeddable":true,"href":"https:\/\/etnoart.eu\/de\/wp-json\/wp\/v2\/media\/1086"}],"wp:attachment":[{"href":"https:\/\/etnoart.eu\/de\/wp-json\/wp\/v2\/media?parent=5756"}],"wp:term":[{"taxonomy":"product_brand","embeddable":true,"href":"https:\/\/etnoart.eu\/de\/wp-json\/wp\/v2\/product_brand?post=5756"},{"taxonomy":"product_cat","embeddable":true,"href":"https:\/\/etnoart.eu\/de\/wp-json\/wp\/v2\/product_cat?post=5756"},{"taxonomy":"product_tag","embeddable":true,"href":"https:\/\/etnoart.eu\/de\/wp-json\/wp\/v2\/product_tag?post=5756"}],"curies":[{"name":"wp","href":"https:\/\/api.w.org\/{rel}","templated":true}]}}