{"id":5737,"date":"2023-06-08T08:50:59","date_gmt":"2023-06-08T08:50:59","guid":{"rendered":"https:\/\/etnoart.eu\/toode\/kaepide-uksele-vint\/"},"modified":"2025-03-25T20:17:01","modified_gmt":"2025-03-25T20:17:01","slug":"handgeschmiedeter-tuergriff-vint","status":"publish","type":"product","link":"https:\/\/etnoart.eu\/de\/toode\/handgeschmiedeter-tuergriff-vint\/","title":{"rendered":"Handgeschmiedeter T\u00fcrgriff \u201eVint\u201d"},"content":{"rendered":"<p><strong>Handgeschmiedeter T\u00fcrgriff \u201eVint\u201d<\/strong><\/p>\n<p>Der handgeschmiedeter T\u00fcrgriff \u201eVint\u201c ist ein echtes Unikat \u2013 rustikal, robust und voller Charakter. Gefertigt von erfahrenen Schmieden und mit einem sch\u00fctzenden Lack \u00fcberzogen, bringt dieser Griff nicht nur Funktionalit\u00e4t, sondern auch ein stilvolles, traditionelles Flair an Ihre T\u00fcr.<\/p>\n<p>Mit einer L\u00e4nge von 21 cm und einem Gewicht von ca. 500 g ist dieser Griff besonders f\u00fcr gr\u00f6\u00dfere und schwerere T\u00fcren geeignet \u2013 z.\u202fB. an einer Sauna, einem Stadl oder einem Landhaus. Durch die Befestigung mit drei Schrauben (nicht im Lieferumfang enthalten) h\u00e4lt er selbst starker Beanspruchung m\u00fchelos stand.<\/p>\n<p>Sein kunstvoll gedrehtes Design und die geschmiedeten Schraubplatten machen \u201eVint\u201c zu einem echten Hingucker. Ideal f\u00fcr alle, die Wert auf hochwertige Handarbeit, langlebige Materialien und ein authentisches Erscheinungsbild legen.<\/p>\n","protected":false},"excerpt":{"rendered":"<p>Handgeschmiedeter T\u00fcrgriff \u201eVint\u201c aus Schmiedeeisen mit Lackfinish. Rustikal, stark und ideal f\u00fcr Sauna-, Hof- oder Haust\u00fcren.<br \/>\n<strong>Gewicht:<\/strong> 0,54 kg<br \/>\n<strong>Produkth\u00f6he:<\/strong> 9cm<br \/>\n<strong>Breite des Produkts:<\/strong> 21cm<br \/>\n<strong>Beschichtung\/Oberfl\u00e4che:<\/strong> Das Produkt ist lackiert.<\/p>\n","protected":false},"featured_media":5744,"template":"","meta":[],"product_brand":[],"product_cat":[389],"product_tag":[],"class_list":{"0":"post-5737","1":"product","2":"type-product","3":"status-publish","4":"has-post-thumbnail","6":"product_cat-tuergriffe-und-tuerklopfer","7":"has-post-title","8":"has-post-date","9":"has-post-category","10":"has-post-tag","11":"has-post-comment","12":"has-post-author","13":"","15":"first","16":"instock","17":"taxable","18":"shipping-taxable","19":"purchasable","20":"product-type-simple"},"yoast_head":"<!-- This site is optimized with the Yoast SEO plugin v27.3 - https:\/\/yoast.com\/product\/yoast-seo-wordpress\/ -->\n<title>Handgeschmiedeter T\u00fcrgriff \u201eVint\u201d |EtnoArt| T\u00fcrgriffe<\/title>\n<meta name=\"description\" content=\"Handgeschmiedeter T\u00fcrgriff \u201eVint\u201c aus Schmiedeeisen mit Lackfinish. Rustikal, stark und ideal f\u00fcr Sauna-, Hof- oder Haust\u00fcren.\" \/>\n<meta name=\"robots\" content=\"index, follow, max-snippet:-1, max-image-preview:large, max-video-preview:-1\" \/>\n<link rel=\"canonical\" href=\"https:\/\/etnoart.eu\/de\/toode\/handgeschmiedeter-tuergriff-vint\/\" \/>\n<meta property=\"og:locale\" content=\"de_DE\" \/>\n<meta property=\"og:type\" content=\"article\" \/>\n<meta property=\"og:title\" content=\"Handgeschmiedeter T\u00fcrgriff \u201eVint\u201d |EtnoArt| T\u00fcrgriffe\" \/>\n<meta property=\"og:description\" content=\"Handgeschmiedeter T\u00fcrgriff \u201eVint\u201c aus Schmiedeeisen mit Lackfinish. Rustikal, stark und ideal f\u00fcr Sauna-, Hof- oder Haust\u00fcren.\" \/>\n<meta property=\"og:url\" content=\"https:\/\/etnoart.eu\/de\/toode\/handgeschmiedeter-tuergriff-vint\/\" \/>\n<meta property=\"og:site_name\" content=\"Etnoart\" \/>\n<meta property=\"article:publisher\" content=\"https:\/\/www.facebook.com\/etnoart.handicraft.shop\" \/>\n<meta property=\"article:modified_time\" content=\"2025-03-25T20:17:01+00:00\" \/>\n<meta property=\"og:image\" content=\"https:\/\/etnoart.eu\/wp-content\/uploads\/2023\/06\/Kaepide-uksele-Vint-Wrought-Iron-Door-Pull-Handle-Vint-Handgeschmiedeter-Turgriff-Taottu-ovenvedin.png\" \/>\n\t<meta property=\"og:image:width\" content=\"1097\" \/>\n\t<meta property=\"og:image:height\" content=\"1097\" \/>\n\t<meta property=\"og:image:type\" content=\"image\/png\" \/>\n<meta name=\"twitter:card\" content=\"summary_large_image\" \/>\n<meta name=\"twitter:label1\" content=\"Gesch\u00e4tzte Lesezeit\" \/>\n\t<meta name=\"twitter:data1\" content=\"1\u00a0Minute\" \/>\n<script type=\"application\/ld+json\" class=\"yoast-schema-graph\">{\"@context\":\"https:\\\/\\\/schema.org\",\"@graph\":[{\"@type\":\"WebPage\",\"@id\":\"https:\\\/\\\/etnoart.eu\\\/de\\\/toode\\\/handgeschmiedeter-tuergriff-vint\\\/\",\"url\":\"https:\\\/\\\/etnoart.eu\\\/de\\\/toode\\\/handgeschmiedeter-tuergriff-vint\\\/\",\"name\":\"Handgeschmiedeter T\u00fcrgriff \u201eVint\u201d |EtnoArt| T\u00fcrgriffe\",\"isPartOf\":{\"@id\":\"https:\\\/\\\/etnoart.eu\\\/#website\"},\"primaryImageOfPage\":{\"@id\":\"https:\\\/\\\/etnoart.eu\\\/de\\\/toode\\\/handgeschmiedeter-tuergriff-vint\\\/#primaryimage\"},\"image\":{\"@id\":\"https:\\\/\\\/etnoart.eu\\\/de\\\/toode\\\/handgeschmiedeter-tuergriff-vint\\\/#primaryimage\"},\"thumbnailUrl\":\"https:\\\/\\\/etnoart.eu\\\/wp-content\\\/uploads\\\/2023\\\/06\\\/Kaepide-uksele-Vint-Wrought-Iron-Door-Pull-Handle-Vint-Handgeschmiedeter-Turgriff-Taottu-ovenvedin.png\",\"datePublished\":\"2023-06-08T08:50:59+00:00\",\"dateModified\":\"2025-03-25T20:17:01+00:00\",\"description\":\"Handgeschmiedeter T\u00fcrgriff \u201eVint\u201c aus Schmiedeeisen mit Lackfinish. Rustikal, stark und ideal f\u00fcr Sauna-, Hof- oder Haust\u00fcren.\",\"breadcrumb\":{\"@id\":\"https:\\\/\\\/etnoart.eu\\\/de\\\/toode\\\/handgeschmiedeter-tuergriff-vint\\\/#breadcrumb\"},\"inLanguage\":\"de\",\"potentialAction\":[{\"@type\":\"ReadAction\",\"target\":[\"https:\\\/\\\/etnoart.eu\\\/de\\\/toode\\\/handgeschmiedeter-tuergriff-vint\\\/\"]}]},{\"@type\":\"ImageObject\",\"inLanguage\":\"de\",\"@id\":\"https:\\\/\\\/etnoart.eu\\\/de\\\/toode\\\/handgeschmiedeter-tuergriff-vint\\\/#primaryimage\",\"url\":\"https:\\\/\\\/etnoart.eu\\\/wp-content\\\/uploads\\\/2023\\\/06\\\/Kaepide-uksele-Vint-Wrought-Iron-Door-Pull-Handle-Vint-Handgeschmiedeter-Turgriff-Taottu-ovenvedin.png\",\"contentUrl\":\"https:\\\/\\\/etnoart.eu\\\/wp-content\\\/uploads\\\/2023\\\/06\\\/Kaepide-uksele-Vint-Wrought-Iron-Door-Pull-Handle-Vint-Handgeschmiedeter-Turgriff-Taottu-ovenvedin.png\",\"width\":1097,\"height\":1097,\"caption\":\"Handgeschmiedeter T\u00fcrgriff \u201eVint\u201d\"},{\"@type\":\"BreadcrumbList\",\"@id\":\"https:\\\/\\\/etnoart.eu\\\/de\\\/toode\\\/handgeschmiedeter-tuergriff-vint\\\/#breadcrumb\",\"itemListElement\":[{\"@type\":\"ListItem\",\"position\":1,\"name\":\"Home\",\"item\":\"https:\\\/\\\/etnoart.eu\\\/de\\\/\"},{\"@type\":\"ListItem\",\"position\":2,\"name\":\"Shop\",\"item\":\"https:\\\/\\\/etnoart.eu\\\/pood\\\/\"},{\"@type\":\"ListItem\",\"position\":3,\"name\":\"Handgeschmiedeter T\u00fcrgriff \u201eVint\u201d\"}]},{\"@type\":\"WebSite\",\"@id\":\"https:\\\/\\\/etnoart.eu\\\/#website\",\"url\":\"https:\\\/\\\/etnoart.eu\\\/\",\"name\":\"Etnoart\",\"description\":\"K&auml;sit&ouml;&ouml;pood\",\"publisher\":{\"@id\":\"https:\\\/\\\/etnoart.eu\\\/#organization\"},\"potentialAction\":[{\"@type\":\"SearchAction\",\"target\":{\"@type\":\"EntryPoint\",\"urlTemplate\":\"https:\\\/\\\/etnoart.eu\\\/?s={search_term_string}\"},\"query-input\":{\"@type\":\"PropertyValueSpecification\",\"valueRequired\":true,\"valueName\":\"search_term_string\"}}],\"inLanguage\":\"de\"},{\"@type\":\"Organization\",\"@id\":\"https:\\\/\\\/etnoart.eu\\\/#organization\",\"name\":\"Etnoart O\u00dc\",\"url\":\"https:\\\/\\\/etnoart.eu\\\/\",\"logo\":{\"@type\":\"ImageObject\",\"inLanguage\":\"de\",\"@id\":\"https:\\\/\\\/etnoart.eu\\\/#\\\/schema\\\/logo\\\/image\\\/\",\"url\":\"https:\\\/\\\/etnoart.eu\\\/wp-content\\\/uploads\\\/2023\\\/06\\\/etnoart-logo.png\",\"contentUrl\":\"https:\\\/\\\/etnoart.eu\\\/wp-content\\\/uploads\\\/2023\\\/06\\\/etnoart-logo.png\",\"width\":491,\"height\":184,\"caption\":\"Etnoart O\u00dc\"},\"image\":{\"@id\":\"https:\\\/\\\/etnoart.eu\\\/#\\\/schema\\\/logo\\\/image\\\/\"},\"sameAs\":[\"https:\\\/\\\/www.facebook.com\\\/etnoart.handicraft.shop\"]}]}<\/script>\n<!-- \/ Yoast SEO plugin. -->","yoast_head_json":{"title":"Handgeschmiedeter T\u00fcrgriff \u201eVint\u201d |EtnoArt| T\u00fcrgriffe","description":"Handgeschmiedeter T\u00fcrgriff \u201eVint\u201c aus Schmiedeeisen mit Lackfinish. Rustikal, stark und ideal f\u00fcr Sauna-, Hof- oder Haust\u00fcren.","robots":{"index":"index","follow":"follow","max-snippet":"max-snippet:-1","max-image-preview":"max-image-preview:large","max-video-preview":"max-video-preview:-1"},"canonical":"https:\/\/etnoart.eu\/de\/toode\/handgeschmiedeter-tuergriff-vint\/","og_locale":"de_DE","og_type":"article","og_title":"Handgeschmiedeter T\u00fcrgriff \u201eVint\u201d |EtnoArt| T\u00fcrgriffe","og_description":"Handgeschmiedeter T\u00fcrgriff \u201eVint\u201c aus Schmiedeeisen mit Lackfinish. Rustikal, stark und ideal f\u00fcr Sauna-, Hof- oder Haust\u00fcren.","og_url":"https:\/\/etnoart.eu\/de\/toode\/handgeschmiedeter-tuergriff-vint\/","og_site_name":"Etnoart","article_publisher":"https:\/\/www.facebook.com\/etnoart.handicraft.shop","article_modified_time":"2025-03-25T20:17:01+00:00","og_image":[{"width":1097,"height":1097,"url":"https:\/\/etnoart.eu\/wp-content\/uploads\/2023\/06\/Kaepide-uksele-Vint-Wrought-Iron-Door-Pull-Handle-Vint-Handgeschmiedeter-Turgriff-Taottu-ovenvedin.png","type":"image\/png"}],"twitter_card":"summary_large_image","twitter_misc":{"Gesch\u00e4tzte Lesezeit":"1\u00a0Minute"},"schema":{"@context":"https:\/\/schema.org","@graph":[{"@type":"WebPage","@id":"https:\/\/etnoart.eu\/de\/toode\/handgeschmiedeter-tuergriff-vint\/","url":"https:\/\/etnoart.eu\/de\/toode\/handgeschmiedeter-tuergriff-vint\/","name":"Handgeschmiedeter T\u00fcrgriff \u201eVint\u201d |EtnoArt| T\u00fcrgriffe","isPartOf":{"@id":"https:\/\/etnoart.eu\/#website"},"primaryImageOfPage":{"@id":"https:\/\/etnoart.eu\/de\/toode\/handgeschmiedeter-tuergriff-vint\/#primaryimage"},"image":{"@id":"https:\/\/etnoart.eu\/de\/toode\/handgeschmiedeter-tuergriff-vint\/#primaryimage"},"thumbnailUrl":"https:\/\/etnoart.eu\/wp-content\/uploads\/2023\/06\/Kaepide-uksele-Vint-Wrought-Iron-Door-Pull-Handle-Vint-Handgeschmiedeter-Turgriff-Taottu-ovenvedin.png","datePublished":"2023-06-08T08:50:59+00:00","dateModified":"2025-03-25T20:17:01+00:00","description":"Handgeschmiedeter T\u00fcrgriff \u201eVint\u201c aus Schmiedeeisen mit Lackfinish. Rustikal, stark und ideal f\u00fcr Sauna-, Hof- oder Haust\u00fcren.","breadcrumb":{"@id":"https:\/\/etnoart.eu\/de\/toode\/handgeschmiedeter-tuergriff-vint\/#breadcrumb"},"inLanguage":"de","potentialAction":[{"@type":"ReadAction","target":["https:\/\/etnoart.eu\/de\/toode\/handgeschmiedeter-tuergriff-vint\/"]}]},{"@type":"ImageObject","inLanguage":"de","@id":"https:\/\/etnoart.eu\/de\/toode\/handgeschmiedeter-tuergriff-vint\/#primaryimage","url":"https:\/\/etnoart.eu\/wp-content\/uploads\/2023\/06\/Kaepide-uksele-Vint-Wrought-Iron-Door-Pull-Handle-Vint-Handgeschmiedeter-Turgriff-Taottu-ovenvedin.png","contentUrl":"https:\/\/etnoart.eu\/wp-content\/uploads\/2023\/06\/Kaepide-uksele-Vint-Wrought-Iron-Door-Pull-Handle-Vint-Handgeschmiedeter-Turgriff-Taottu-ovenvedin.png","width":1097,"height":1097,"caption":"Handgeschmiedeter T\u00fcrgriff \u201eVint\u201d"},{"@type":"BreadcrumbList","@id":"https:\/\/etnoart.eu\/de\/toode\/handgeschmiedeter-tuergriff-vint\/#breadcrumb","itemListElement":[{"@type":"ListItem","position":1,"name":"Home","item":"https:\/\/etnoart.eu\/de\/"},{"@type":"ListItem","position":2,"name":"Shop","item":"https:\/\/etnoart.eu\/pood\/"},{"@type":"ListItem","position":3,"name":"Handgeschmiedeter T\u00fcrgriff \u201eVint\u201d"}]},{"@type":"WebSite","@id":"https:\/\/etnoart.eu\/#website","url":"https:\/\/etnoart.eu\/","name":"Etnoart","description":"K&auml;sit&ouml;&ouml;pood","publisher":{"@id":"https:\/\/etnoart.eu\/#organization"},"potentialAction":[{"@type":"SearchAction","target":{"@type":"EntryPoint","urlTemplate":"https:\/\/etnoart.eu\/?s={search_term_string}"},"query-input":{"@type":"PropertyValueSpecification","valueRequired":true,"valueName":"search_term_string"}}],"inLanguage":"de"},{"@type":"Organization","@id":"https:\/\/etnoart.eu\/#organization","name":"Etnoart O\u00dc","url":"https:\/\/etnoart.eu\/","logo":{"@type":"ImageObject","inLanguage":"de","@id":"https:\/\/etnoart.eu\/#\/schema\/logo\/image\/","url":"https:\/\/etnoart.eu\/wp-content\/uploads\/2023\/06\/etnoart-logo.png","contentUrl":"https:\/\/etnoart.eu\/wp-content\/uploads\/2023\/06\/etnoart-logo.png","width":491,"height":184,"caption":"Etnoart O\u00dc"},"image":{"@id":"https:\/\/etnoart.eu\/#\/schema\/logo\/image\/"},"sameAs":["https:\/\/www.facebook.com\/etnoart.handicraft.shop"]}]}},"builder_content":"","_links":{"self":[{"href":"https:\/\/etnoart.eu\/de\/wp-json\/wp\/v2\/product\/5737","targetHints":{"allow":["GET"]}}],"collection":[{"href":"https:\/\/etnoart.eu\/de\/wp-json\/wp\/v2\/product"}],"about":[{"href":"https:\/\/etnoart.eu\/de\/wp-json\/wp\/v2\/types\/product"}],"wp:featuredmedia":[{"embeddable":true,"href":"https:\/\/etnoart.eu\/de\/wp-json\/wp\/v2\/media\/5744"}],"wp:attachment":[{"href":"https:\/\/etnoart.eu\/de\/wp-json\/wp\/v2\/media?parent=5737"}],"wp:term":[{"taxonomy":"product_brand","embeddable":true,"href":"https:\/\/etnoart.eu\/de\/wp-json\/wp\/v2\/product_brand?post=5737"},{"taxonomy":"product_cat","embeddable":true,"href":"https:\/\/etnoart.eu\/de\/wp-json\/wp\/v2\/product_cat?post=5737"},{"taxonomy":"product_tag","embeddable":true,"href":"https:\/\/etnoart.eu\/de\/wp-json\/wp\/v2\/product_tag?post=5737"}],"curies":[{"name":"wp","href":"https:\/\/api.w.org\/{rel}","templated":true}]}}