{"id":5683,"date":"2023-06-08T08:56:28","date_gmt":"2023-06-08T08:56:28","guid":{"rendered":"https:\/\/etnoart.eu\/toode\/kulbivarn-seinale-60cm\/"},"modified":"2025-03-19T11:09:02","modified_gmt":"2025-03-19T11:09:02","slug":"wandmontierte-kuechenreling-aus-schmiedeeisen","status":"publish","type":"product","link":"https:\/\/etnoart.eu\/de\/toode\/wandmontierte-kuechenreling-aus-schmiedeeisen\/","title":{"rendered":"Wandmontierte K\u00fcchenreling aus Schmiedeeisen"},"content":{"rendered":"<p><strong>Wandmontierte K\u00fcchenreling aus Schmiedeeisen<\/strong><\/p>\n<p>Diese handgefertigte K\u00fcchenreling zur Wandmontage wurde von Schmieden gefertigt und ist eine praktische und langlebige Erg\u00e4nzung f\u00fcr jede K\u00fcche. Mit einer Gesamtl\u00e4nge von 60 cm bietet sie ausreichend Platz zum Aufh\u00e4ngen und Organisieren verschiedener K\u00fcchenutensilien und Accessoires.<\/p>\n<p>Die Leiste wird mit blattf\u00f6rmigen Halterungen sicher an der Wand befestigt. Diese Halterungen sind fest montiert, um eine stabile und robuste Konstruktion zu gew\u00e4hrleisten. Der Abstand zwischen den Halterungen betr\u00e4gt 46 cm, was eine bequeme Aufh\u00e4ngung unterschiedlich gro\u00dfer und schwerer Gegenst\u00e4nde erm\u00f6glicht. Zudem ragt die Stange 6 cm von der Wand ab, sodass gen\u00fcgend Platz bleibt, um die Utensilien von der Wandoberfl\u00e4che fernzuhalten.<\/p>\n<p>Diese Reling ist speziell f\u00fcr den Einsatz in der K\u00fcche, insbesondere in der N\u00e4he des Herds, konzipiert und mit einer hitzebest\u00e4ndigen und feuchtigkeitsresistenten Pulverbeschichtung versehen. Diese Beschichtung sch\u00fctzt vor Korrosion und Rost, die durch Dampf, Lebensmittel oder Fl\u00fcssigkeiten in der K\u00fcche entstehen k\u00f6nnen. Zudem verleiht sie der Stange eine elegante und glatte Oberfl\u00e4che, die sich perfekt in verschiedene K\u00fcchenstile einf\u00fcgt.<\/p>\n<p>Zusammenfassend ist diese handgeschmiedete K\u00fcchenreling zur Wandmontage eine stilvolle, robuste und funktionale L\u00f6sung f\u00fcr die Aufbewahrung von K\u00fcchenutensilien. Die fest montierten Halterungen gew\u00e4hrleisten eine sichere Installation, w\u00e4hrend die optimale Abmessung eine bequeme Nutzung erm\u00f6glicht. Die pulverbeschichtete Oberfl\u00e4che sorgt f\u00fcr eine hohe Langlebigkeit und ein \u00e4sthetisch ansprechendes Finish \u2013 ideal f\u00fcr rustikale und moderne K\u00fcchen gleicherma\u00dfen.<\/p>\n","protected":false},"excerpt":{"rendered":"<p>Handgeschmiedete, pulverbeschichtete K\u00fcchenreling zur Wandmontage. Robuste, stilvolle L\u00f6sung zur Aufbewahrung von K\u00fcchenutensilien. Perfekt f\u00fcr moderne &#038; rustikale K\u00fcchen.<br \/>\n<strong>Gewicht:<\/strong> 0,6 kg<br \/>\n<strong>Breite des Produkts:<\/strong> 60cm<br \/>\n<strong>Beschichtung\/Oberfl\u00e4che:<\/strong> Matt pulverbeschichtet<\/p>\n","protected":false},"featured_media":5684,"template":"","meta":[],"product_brand":[],"product_cat":[404,424],"product_tag":[836,837],"class_list":{"0":"post-5683","1":"product","2":"type-product","3":"status-publish","4":"has-post-thumbnail","6":"product_cat-kuechenzubehoer","7":"product_cat-kleiderstaender-garderobe-loesungen-haken","8":"product_tag-kulbiraud-de","9":"product_tag-kulbivarn-de","10":"has-post-title","11":"has-post-date","12":"has-post-category","13":"has-post-tag","14":"has-post-comment","15":"has-post-author","16":"","18":"first","19":"instock","20":"taxable","21":"shipping-taxable","22":"purchasable","23":"product-type-simple"},"yoast_head":"<!-- This site is optimized with the Yoast SEO plugin v27.4 - https:\/\/yoast.com\/product\/yoast-seo-wordpress\/ -->\n<title>Wandmontierte K\u00fcchenreling aus Schmiedeeisen |EtnoArt| Haken<\/title>\n<meta name=\"description\" content=\"Wandmontierte K\u00fcchenreling aus Schmiedeeisen. Robuste, stilvolle L\u00f6sung zur Aufbewahrung von K\u00fcchenutensilien. Perfekt f\u00fcr moderne &amp; rustikale K\u00fcchen.\" \/>\n<meta name=\"robots\" content=\"index, follow, max-snippet:-1, max-image-preview:large, max-video-preview:-1\" \/>\n<link rel=\"canonical\" href=\"https:\/\/etnoart.eu\/fi\/toode\/kulbivarn-seinale-60cm\/\" \/>\n<meta property=\"og:locale\" content=\"de_DE\" \/>\n<meta property=\"og:type\" content=\"article\" \/>\n<meta property=\"og:title\" content=\"Wandmontierte K\u00fcchenreling aus Schmiedeeisen |EtnoArt| Haken\" \/>\n<meta property=\"og:description\" content=\"Wandmontierte K\u00fcchenreling aus Schmiedeeisen. Robuste, stilvolle L\u00f6sung zur Aufbewahrung von K\u00fcchenutensilien. Perfekt f\u00fcr moderne &amp; rustikale K\u00fcchen.\" \/>\n<meta property=\"og:url\" content=\"https:\/\/etnoart.eu\/fi\/toode\/kulbivarn-seinale-60cm\/\" \/>\n<meta property=\"og:site_name\" content=\"Etnoart\" \/>\n<meta property=\"article:publisher\" content=\"https:\/\/www.facebook.com\/etnoart.handicraft.shop\" \/>\n<meta property=\"article:modified_time\" content=\"2025-03-19T11:09:02+00:00\" \/>\n<meta property=\"og:image\" content=\"https:\/\/etnoart.eu\/wp-content\/uploads\/2023\/06\/Kulbivarn-seinale-60cm.png\" \/>\n\t<meta property=\"og:image:width\" content=\"600\" \/>\n\t<meta property=\"og:image:height\" content=\"600\" \/>\n\t<meta property=\"og:image:type\" content=\"image\/png\" \/>\n<meta name=\"twitter:card\" content=\"summary_large_image\" \/>\n<meta name=\"twitter:label1\" content=\"Gesch\u00e4tzte Lesezeit\" \/>\n\t<meta name=\"twitter:data1\" content=\"2\u00a0Minuten\" \/>\n<script type=\"application\/ld+json\" class=\"yoast-schema-graph\">{\"@context\":\"https:\\\/\\\/schema.org\",\"@graph\":[{\"@type\":\"WebPage\",\"@id\":\"https:\\\/\\\/etnoart.eu\\\/fi\\\/toode\\\/kulbivarn-seinale-60cm\\\/\",\"url\":\"https:\\\/\\\/etnoart.eu\\\/fi\\\/toode\\\/kulbivarn-seinale-60cm\\\/\",\"name\":\"Wandmontierte K\u00fcchenreling aus Schmiedeeisen |EtnoArt| Haken\",\"isPartOf\":{\"@id\":\"https:\\\/\\\/etnoart.eu\\\/#website\"},\"primaryImageOfPage\":{\"@id\":\"https:\\\/\\\/etnoart.eu\\\/fi\\\/toode\\\/kulbivarn-seinale-60cm\\\/#primaryimage\"},\"image\":{\"@id\":\"https:\\\/\\\/etnoart.eu\\\/fi\\\/toode\\\/kulbivarn-seinale-60cm\\\/#primaryimage\"},\"thumbnailUrl\":\"https:\\\/\\\/etnoart.eu\\\/wp-content\\\/uploads\\\/2023\\\/06\\\/Kulbivarn-seinale-60cm.png\",\"datePublished\":\"2023-06-08T08:56:28+00:00\",\"dateModified\":\"2025-03-19T11:09:02+00:00\",\"description\":\"Wandmontierte K\u00fcchenreling aus Schmiedeeisen. Robuste, stilvolle L\u00f6sung zur Aufbewahrung von K\u00fcchenutensilien. Perfekt f\u00fcr moderne & rustikale K\u00fcchen.\",\"breadcrumb\":{\"@id\":\"https:\\\/\\\/etnoart.eu\\\/fi\\\/toode\\\/kulbivarn-seinale-60cm\\\/#breadcrumb\"},\"inLanguage\":\"de\",\"potentialAction\":[{\"@type\":\"ReadAction\",\"target\":[\"https:\\\/\\\/etnoart.eu\\\/fi\\\/toode\\\/kulbivarn-seinale-60cm\\\/\"]}]},{\"@type\":\"ImageObject\",\"inLanguage\":\"de\",\"@id\":\"https:\\\/\\\/etnoart.eu\\\/fi\\\/toode\\\/kulbivarn-seinale-60cm\\\/#primaryimage\",\"url\":\"https:\\\/\\\/etnoart.eu\\\/wp-content\\\/uploads\\\/2023\\\/06\\\/Kulbivarn-seinale-60cm.png\",\"contentUrl\":\"https:\\\/\\\/etnoart.eu\\\/wp-content\\\/uploads\\\/2023\\\/06\\\/Kulbivarn-seinale-60cm.png\",\"width\":600,\"height\":600,\"caption\":\"Wandmontierte K\u00fcchenreling aus Schmiedeeisen\"},{\"@type\":\"BreadcrumbList\",\"@id\":\"https:\\\/\\\/etnoart.eu\\\/fi\\\/toode\\\/kulbivarn-seinale-60cm\\\/#breadcrumb\",\"itemListElement\":[{\"@type\":\"ListItem\",\"position\":1,\"name\":\"Home\",\"item\":\"https:\\\/\\\/etnoart.eu\\\/de\\\/\"},{\"@type\":\"ListItem\",\"position\":2,\"name\":\"Shop\",\"item\":\"https:\\\/\\\/etnoart.eu\\\/pood\\\/\"},{\"@type\":\"ListItem\",\"position\":3,\"name\":\"Wandmontierte K\u00fcchenreling aus Schmiedeeisen\"}]},{\"@type\":\"WebSite\",\"@id\":\"https:\\\/\\\/etnoart.eu\\\/#website\",\"url\":\"https:\\\/\\\/etnoart.eu\\\/\",\"name\":\"Etnoart\",\"description\":\"K&auml;sit&ouml;&ouml;pood\",\"publisher\":{\"@id\":\"https:\\\/\\\/etnoart.eu\\\/#organization\"},\"potentialAction\":[{\"@type\":\"SearchAction\",\"target\":{\"@type\":\"EntryPoint\",\"urlTemplate\":\"https:\\\/\\\/etnoart.eu\\\/?s={search_term_string}\"},\"query-input\":{\"@type\":\"PropertyValueSpecification\",\"valueRequired\":true,\"valueName\":\"search_term_string\"}}],\"inLanguage\":\"de\"},{\"@type\":\"Organization\",\"@id\":\"https:\\\/\\\/etnoart.eu\\\/#organization\",\"name\":\"Etnoart O\u00dc\",\"url\":\"https:\\\/\\\/etnoart.eu\\\/\",\"logo\":{\"@type\":\"ImageObject\",\"inLanguage\":\"de\",\"@id\":\"https:\\\/\\\/etnoart.eu\\\/#\\\/schema\\\/logo\\\/image\\\/\",\"url\":\"https:\\\/\\\/etnoart.eu\\\/wp-content\\\/uploads\\\/2023\\\/06\\\/etnoart-logo.png\",\"contentUrl\":\"https:\\\/\\\/etnoart.eu\\\/wp-content\\\/uploads\\\/2023\\\/06\\\/etnoart-logo.png\",\"width\":491,\"height\":184,\"caption\":\"Etnoart O\u00dc\"},\"image\":{\"@id\":\"https:\\\/\\\/etnoart.eu\\\/#\\\/schema\\\/logo\\\/image\\\/\"},\"sameAs\":[\"https:\\\/\\\/www.facebook.com\\\/etnoart.handicraft.shop\"]}]}<\/script>\n<!-- \/ Yoast SEO plugin. -->","yoast_head_json":{"title":"Wandmontierte K\u00fcchenreling aus Schmiedeeisen |EtnoArt| Haken","description":"Wandmontierte K\u00fcchenreling aus Schmiedeeisen. Robuste, stilvolle L\u00f6sung zur Aufbewahrung von K\u00fcchenutensilien. Perfekt f\u00fcr moderne & rustikale K\u00fcchen.","robots":{"index":"index","follow":"follow","max-snippet":"max-snippet:-1","max-image-preview":"max-image-preview:large","max-video-preview":"max-video-preview:-1"},"canonical":"https:\/\/etnoart.eu\/fi\/toode\/kulbivarn-seinale-60cm\/","og_locale":"de_DE","og_type":"article","og_title":"Wandmontierte K\u00fcchenreling aus Schmiedeeisen |EtnoArt| Haken","og_description":"Wandmontierte K\u00fcchenreling aus Schmiedeeisen. Robuste, stilvolle L\u00f6sung zur Aufbewahrung von K\u00fcchenutensilien. Perfekt f\u00fcr moderne & rustikale K\u00fcchen.","og_url":"https:\/\/etnoart.eu\/fi\/toode\/kulbivarn-seinale-60cm\/","og_site_name":"Etnoart","article_publisher":"https:\/\/www.facebook.com\/etnoart.handicraft.shop","article_modified_time":"2025-03-19T11:09:02+00:00","og_image":[{"width":600,"height":600,"url":"https:\/\/etnoart.eu\/wp-content\/uploads\/2023\/06\/Kulbivarn-seinale-60cm.png","type":"image\/png"}],"twitter_card":"summary_large_image","twitter_misc":{"Gesch\u00e4tzte Lesezeit":"2\u00a0Minuten"},"schema":{"@context":"https:\/\/schema.org","@graph":[{"@type":"WebPage","@id":"https:\/\/etnoart.eu\/fi\/toode\/kulbivarn-seinale-60cm\/","url":"https:\/\/etnoart.eu\/fi\/toode\/kulbivarn-seinale-60cm\/","name":"Wandmontierte K\u00fcchenreling aus Schmiedeeisen |EtnoArt| Haken","isPartOf":{"@id":"https:\/\/etnoart.eu\/#website"},"primaryImageOfPage":{"@id":"https:\/\/etnoart.eu\/fi\/toode\/kulbivarn-seinale-60cm\/#primaryimage"},"image":{"@id":"https:\/\/etnoart.eu\/fi\/toode\/kulbivarn-seinale-60cm\/#primaryimage"},"thumbnailUrl":"https:\/\/etnoart.eu\/wp-content\/uploads\/2023\/06\/Kulbivarn-seinale-60cm.png","datePublished":"2023-06-08T08:56:28+00:00","dateModified":"2025-03-19T11:09:02+00:00","description":"Wandmontierte K\u00fcchenreling aus Schmiedeeisen. Robuste, stilvolle L\u00f6sung zur Aufbewahrung von K\u00fcchenutensilien. Perfekt f\u00fcr moderne & rustikale K\u00fcchen.","breadcrumb":{"@id":"https:\/\/etnoart.eu\/fi\/toode\/kulbivarn-seinale-60cm\/#breadcrumb"},"inLanguage":"de","potentialAction":[{"@type":"ReadAction","target":["https:\/\/etnoart.eu\/fi\/toode\/kulbivarn-seinale-60cm\/"]}]},{"@type":"ImageObject","inLanguage":"de","@id":"https:\/\/etnoart.eu\/fi\/toode\/kulbivarn-seinale-60cm\/#primaryimage","url":"https:\/\/etnoart.eu\/wp-content\/uploads\/2023\/06\/Kulbivarn-seinale-60cm.png","contentUrl":"https:\/\/etnoart.eu\/wp-content\/uploads\/2023\/06\/Kulbivarn-seinale-60cm.png","width":600,"height":600,"caption":"Wandmontierte K\u00fcchenreling aus Schmiedeeisen"},{"@type":"BreadcrumbList","@id":"https:\/\/etnoart.eu\/fi\/toode\/kulbivarn-seinale-60cm\/#breadcrumb","itemListElement":[{"@type":"ListItem","position":1,"name":"Home","item":"https:\/\/etnoart.eu\/de\/"},{"@type":"ListItem","position":2,"name":"Shop","item":"https:\/\/etnoart.eu\/pood\/"},{"@type":"ListItem","position":3,"name":"Wandmontierte K\u00fcchenreling aus Schmiedeeisen"}]},{"@type":"WebSite","@id":"https:\/\/etnoart.eu\/#website","url":"https:\/\/etnoart.eu\/","name":"Etnoart","description":"K&auml;sit&ouml;&ouml;pood","publisher":{"@id":"https:\/\/etnoart.eu\/#organization"},"potentialAction":[{"@type":"SearchAction","target":{"@type":"EntryPoint","urlTemplate":"https:\/\/etnoart.eu\/?s={search_term_string}"},"query-input":{"@type":"PropertyValueSpecification","valueRequired":true,"valueName":"search_term_string"}}],"inLanguage":"de"},{"@type":"Organization","@id":"https:\/\/etnoart.eu\/#organization","name":"Etnoart O\u00dc","url":"https:\/\/etnoart.eu\/","logo":{"@type":"ImageObject","inLanguage":"de","@id":"https:\/\/etnoart.eu\/#\/schema\/logo\/image\/","url":"https:\/\/etnoart.eu\/wp-content\/uploads\/2023\/06\/etnoart-logo.png","contentUrl":"https:\/\/etnoart.eu\/wp-content\/uploads\/2023\/06\/etnoart-logo.png","width":491,"height":184,"caption":"Etnoart O\u00dc"},"image":{"@id":"https:\/\/etnoart.eu\/#\/schema\/logo\/image\/"},"sameAs":["https:\/\/www.facebook.com\/etnoart.handicraft.shop"]}]}},"builder_content":"","_links":{"self":[{"href":"https:\/\/etnoart.eu\/de\/wp-json\/wp\/v2\/product\/5683","targetHints":{"allow":["GET"]}}],"collection":[{"href":"https:\/\/etnoart.eu\/de\/wp-json\/wp\/v2\/product"}],"about":[{"href":"https:\/\/etnoart.eu\/de\/wp-json\/wp\/v2\/types\/product"}],"wp:featuredmedia":[{"embeddable":true,"href":"https:\/\/etnoart.eu\/de\/wp-json\/wp\/v2\/media\/5684"}],"wp:attachment":[{"href":"https:\/\/etnoart.eu\/de\/wp-json\/wp\/v2\/media?parent=5683"}],"wp:term":[{"taxonomy":"product_brand","embeddable":true,"href":"https:\/\/etnoart.eu\/de\/wp-json\/wp\/v2\/product_brand?post=5683"},{"taxonomy":"product_cat","embeddable":true,"href":"https:\/\/etnoart.eu\/de\/wp-json\/wp\/v2\/product_cat?post=5683"},{"taxonomy":"product_tag","embeddable":true,"href":"https:\/\/etnoart.eu\/de\/wp-json\/wp\/v2\/product_tag?post=5683"}],"curies":[{"name":"wp","href":"https:\/\/api.w.org\/{rel}","templated":true}]}}