{"id":5673,"date":"2023-06-08T08:54:56","date_gmt":"2023-06-08T08:54:56","guid":{"rendered":"https:\/\/etnoart.eu\/toode\/nagi-kihvad\/"},"modified":"2025-03-19T10:07:24","modified_gmt":"2025-03-19T10:07:24","slug":"haken-stosszaehne","status":"publish","type":"product","link":"https:\/\/etnoart.eu\/de\/toode\/haken-stosszaehne\/","title":{"rendered":"Haken \u201eSto\u00dfz\u00e4hne\u201c"},"content":{"rendered":"<p>Haken \u201eSto\u00dfz\u00e4hne\u201c<\/p>\n<p>Der Haken \u201eSto\u00dfz\u00e4hne\u201c verdankt seinen Namen den beiden nebeneinander liegenden Haken, die an Sto\u00dfz\u00e4hne erinnern. Dieses einzigartig gestaltete Wandhaken-Element verleiht jedem Raum Charakter und Funktionalit\u00e4t. Die Haken haben einen Abstand von 10 cm, wodurch auch zwei gr\u00f6\u00dfere Kleidungsst\u00fccke oder Accessoires problemlos aufgeh\u00e4ngt werden k\u00f6nnen.<\/p>\n<p>Dieses Modell wurde in hochwertiger Schmiedearbeit gefertigt, wodurch die Bedeutung von Handwerkskunst und Detailgenauigkeit unterstrichen wird. Durch die traditionelle Schmiedetechnik erh\u00e4lt der Haken eine hohe Stabilit\u00e4t und Langlebigkeit, w\u00e4hrend er gleichzeitig eine unverwechselbare handgefertigte Optik beh\u00e4lt.<\/p>\n<p>Die Oberfl\u00e4che wurde durch traditionelle Oxidation veredelt, was dem Metall eine tiefdunkle F\u00e4rbung und einen edlen Vintage-Look verleiht. Zudem erh\u00f6ht diese Behandlung die Abriebfestigkeit und Widerstandsf\u00e4higkeit des Hakens und sorgt f\u00fcr eine l\u00e4ngere Lebensdauer.<\/p>\n<p>Der \u201eSto\u00dfz\u00e4hne\u201c-Haken ist ein dekorativer Blickfang an der Wand \u2013 sei es als einzelnes, stilvolles Element oder in Gruppen angeordnet f\u00fcr ein kreatives und dynamisches Design. Durch die Gruppierung mehrerer Haken entstehen vielseitige Gestaltungsm\u00f6glichkeiten, die Raum f\u00fcr individuelle Kreativit\u00e4t bieten.<\/p>\n<p>Ideal f\u00fcr Flure, Schlafzimmer, Badezimmer oder Garderoben \u2013 dieser Haken ist eine praktische L\u00f6sung zur geordneten Aufbewahrung von Jacken, M\u00e4nteln, Handt\u00fcchern, Schl\u00fcsseln und anderen Gegenst\u00e4nden. Neben seiner Funktionalit\u00e4t verleiht er jedem Raum Stil und Pers\u00f6nlichkeit und erg\u00e4nzt das Gesamtkonzept der Einrichtung.<\/p>\n<p>Zusammenfassend ist der \u201eSto\u00dfz\u00e4hne\u201c-Haken ein auff\u00e4lliges, praktisches und handgefertigtes Wohnaccessoire, das jedem Raum Einzigartigkeit und Eleganz verleiht. Die Kombination aus durchdachtem Hakenabstand, traditioneller Schmiedekunst und oxidierter Oberfl\u00e4che macht diesen Haken zu einem hochwertigen Designelement \u2013 sowohl einzeln als auch in Gruppen montiert.<\/p>\n","protected":false},"excerpt":{"rendered":"<p>Handgeschmiedeter Doppelhaken mit oxidierter Vintage-Oberfl\u00e4che. Langlebig, stilvoll und ideal f\u00fcr Jacken, Handt\u00fccher oder Schl\u00fcssel. Perfekt f\u00fcr Flur, Schlafzimmer &#038; mehr.<br \/>\n<strong>Gewicht:<\/strong> 0,1 kg<br \/>\n<strong>Breite des Produkts:<\/strong> 10cm<br \/>\n<strong>Beschichtung\/Oberfl\u00e4che:<\/strong> Das Produkt ist gewachst. Zur Veredelung wurde Bienenwachs oder Paraffin verwendet.<\/p>\n","protected":false},"featured_media":5674,"template":"","meta":[],"product_brand":[],"product_cat":[424],"product_tag":[],"class_list":{"0":"post-5673","1":"product","2":"type-product","3":"status-publish","4":"has-post-thumbnail","6":"product_cat-kleiderstaender-garderobe-loesungen-haken","7":"has-post-title","8":"has-post-date","9":"has-post-category","10":"has-post-tag","11":"has-post-comment","12":"has-post-author","13":"","15":"first","16":"instock","17":"taxable","18":"shipping-taxable","19":"purchasable","20":"product-type-simple"},"yoast_head":"<!-- This site is optimized with the Yoast SEO plugin v27.4 - https:\/\/yoast.com\/product\/yoast-seo-wordpress\/ -->\n<title>Haken \u201eSto\u00dfz\u00e4hne\u201c |EtnoArt| Verschiedene Kleiderst\u00e4nder, Haken<\/title>\n<meta name=\"description\" content=\"Handgeschmiedeter Haken \u201eSto\u00dfz\u00e4hne\u201c mit oxidierter Vintage-Oberfl\u00e4che. Langlebig, stilvoll und ideal f\u00fcr Jacken, Handt\u00fccher oder Schl\u00fcssel.\" \/>\n<meta name=\"robots\" content=\"index, follow, max-snippet:-1, max-image-preview:large, max-video-preview:-1\" \/>\n<link rel=\"canonical\" href=\"https:\/\/etnoart.eu\/de\/toode\/haken-stosszaehne\/\" \/>\n<meta property=\"og:locale\" content=\"de_DE\" \/>\n<meta property=\"og:type\" content=\"article\" \/>\n<meta property=\"og:title\" content=\"Haken \u201eSto\u00dfz\u00e4hne\u201c |EtnoArt| Verschiedene Kleiderst\u00e4nder, Haken\" \/>\n<meta property=\"og:description\" content=\"Handgeschmiedeter Haken \u201eSto\u00dfz\u00e4hne\u201c mit oxidierter Vintage-Oberfl\u00e4che. Langlebig, stilvoll und ideal f\u00fcr Jacken, Handt\u00fccher oder Schl\u00fcssel.\" \/>\n<meta property=\"og:url\" content=\"https:\/\/etnoart.eu\/de\/toode\/haken-stosszaehne\/\" \/>\n<meta property=\"og:site_name\" content=\"Etnoart\" \/>\n<meta property=\"article:publisher\" content=\"https:\/\/www.facebook.com\/etnoart.handicraft.shop\" \/>\n<meta property=\"article:modified_time\" content=\"2025-03-19T10:07:24+00:00\" \/>\n<meta property=\"og:image\" content=\"https:\/\/etnoart.eu\/wp-content\/uploads\/2023\/06\/Nagi-Kihvad-Nagid-ja-lattnagid.png\" \/>\n\t<meta property=\"og:image:width\" content=\"700\" \/>\n\t<meta property=\"og:image:height\" content=\"700\" \/>\n\t<meta property=\"og:image:type\" content=\"image\/png\" \/>\n<meta name=\"twitter:card\" content=\"summary_large_image\" \/>\n<meta name=\"twitter:label1\" content=\"Gesch\u00e4tzte Lesezeit\" \/>\n\t<meta name=\"twitter:data1\" content=\"2\u00a0Minuten\" \/>\n<script type=\"application\/ld+json\" class=\"yoast-schema-graph\">{\"@context\":\"https:\\\/\\\/schema.org\",\"@graph\":[{\"@type\":\"WebPage\",\"@id\":\"https:\\\/\\\/etnoart.eu\\\/de\\\/toode\\\/haken-stosszaehne\\\/\",\"url\":\"https:\\\/\\\/etnoart.eu\\\/de\\\/toode\\\/haken-stosszaehne\\\/\",\"name\":\"Haken \u201eSto\u00dfz\u00e4hne\u201c |EtnoArt| Verschiedene Kleiderst\u00e4nder, Haken\",\"isPartOf\":{\"@id\":\"https:\\\/\\\/etnoart.eu\\\/#website\"},\"primaryImageOfPage\":{\"@id\":\"https:\\\/\\\/etnoart.eu\\\/de\\\/toode\\\/haken-stosszaehne\\\/#primaryimage\"},\"image\":{\"@id\":\"https:\\\/\\\/etnoart.eu\\\/de\\\/toode\\\/haken-stosszaehne\\\/#primaryimage\"},\"thumbnailUrl\":\"https:\\\/\\\/etnoart.eu\\\/wp-content\\\/uploads\\\/2023\\\/06\\\/Nagi-Kihvad-Nagid-ja-lattnagid.png\",\"datePublished\":\"2023-06-08T08:54:56+00:00\",\"dateModified\":\"2025-03-19T10:07:24+00:00\",\"description\":\"Handgeschmiedeter Haken \u201eSto\u00dfz\u00e4hne\u201c mit oxidierter Vintage-Oberfl\u00e4che. Langlebig, stilvoll und ideal f\u00fcr Jacken, Handt\u00fccher oder Schl\u00fcssel.\",\"breadcrumb\":{\"@id\":\"https:\\\/\\\/etnoart.eu\\\/de\\\/toode\\\/haken-stosszaehne\\\/#breadcrumb\"},\"inLanguage\":\"de\",\"potentialAction\":[{\"@type\":\"ReadAction\",\"target\":[\"https:\\\/\\\/etnoart.eu\\\/de\\\/toode\\\/haken-stosszaehne\\\/\"]}]},{\"@type\":\"ImageObject\",\"inLanguage\":\"de\",\"@id\":\"https:\\\/\\\/etnoart.eu\\\/de\\\/toode\\\/haken-stosszaehne\\\/#primaryimage\",\"url\":\"https:\\\/\\\/etnoart.eu\\\/wp-content\\\/uploads\\\/2023\\\/06\\\/Nagi-Kihvad-Nagid-ja-lattnagid.png\",\"contentUrl\":\"https:\\\/\\\/etnoart.eu\\\/wp-content\\\/uploads\\\/2023\\\/06\\\/Nagi-Kihvad-Nagid-ja-lattnagid.png\",\"width\":700,\"height\":700,\"caption\":\"Haken \u201eSto\u00dfz\u00e4hne\u201c\"},{\"@type\":\"BreadcrumbList\",\"@id\":\"https:\\\/\\\/etnoart.eu\\\/de\\\/toode\\\/haken-stosszaehne\\\/#breadcrumb\",\"itemListElement\":[{\"@type\":\"ListItem\",\"position\":1,\"name\":\"Home\",\"item\":\"https:\\\/\\\/etnoart.eu\\\/de\\\/\"},{\"@type\":\"ListItem\",\"position\":2,\"name\":\"Shop\",\"item\":\"https:\\\/\\\/etnoart.eu\\\/pood\\\/\"},{\"@type\":\"ListItem\",\"position\":3,\"name\":\"Haken \u201eSto\u00dfz\u00e4hne\u201c\"}]},{\"@type\":\"WebSite\",\"@id\":\"https:\\\/\\\/etnoart.eu\\\/#website\",\"url\":\"https:\\\/\\\/etnoart.eu\\\/\",\"name\":\"Etnoart\",\"description\":\"K&auml;sit&ouml;&ouml;pood\",\"publisher\":{\"@id\":\"https:\\\/\\\/etnoart.eu\\\/#organization\"},\"potentialAction\":[{\"@type\":\"SearchAction\",\"target\":{\"@type\":\"EntryPoint\",\"urlTemplate\":\"https:\\\/\\\/etnoart.eu\\\/?s={search_term_string}\"},\"query-input\":{\"@type\":\"PropertyValueSpecification\",\"valueRequired\":true,\"valueName\":\"search_term_string\"}}],\"inLanguage\":\"de\"},{\"@type\":\"Organization\",\"@id\":\"https:\\\/\\\/etnoart.eu\\\/#organization\",\"name\":\"Etnoart O\u00dc\",\"url\":\"https:\\\/\\\/etnoart.eu\\\/\",\"logo\":{\"@type\":\"ImageObject\",\"inLanguage\":\"de\",\"@id\":\"https:\\\/\\\/etnoart.eu\\\/#\\\/schema\\\/logo\\\/image\\\/\",\"url\":\"https:\\\/\\\/etnoart.eu\\\/wp-content\\\/uploads\\\/2023\\\/06\\\/etnoart-logo.png\",\"contentUrl\":\"https:\\\/\\\/etnoart.eu\\\/wp-content\\\/uploads\\\/2023\\\/06\\\/etnoart-logo.png\",\"width\":491,\"height\":184,\"caption\":\"Etnoart O\u00dc\"},\"image\":{\"@id\":\"https:\\\/\\\/etnoart.eu\\\/#\\\/schema\\\/logo\\\/image\\\/\"},\"sameAs\":[\"https:\\\/\\\/www.facebook.com\\\/etnoart.handicraft.shop\"]}]}<\/script>\n<!-- \/ Yoast SEO plugin. -->","yoast_head_json":{"title":"Haken \u201eSto\u00dfz\u00e4hne\u201c |EtnoArt| Verschiedene Kleiderst\u00e4nder, Haken","description":"Handgeschmiedeter Haken \u201eSto\u00dfz\u00e4hne\u201c mit oxidierter Vintage-Oberfl\u00e4che. Langlebig, stilvoll und ideal f\u00fcr Jacken, Handt\u00fccher oder Schl\u00fcssel.","robots":{"index":"index","follow":"follow","max-snippet":"max-snippet:-1","max-image-preview":"max-image-preview:large","max-video-preview":"max-video-preview:-1"},"canonical":"https:\/\/etnoart.eu\/de\/toode\/haken-stosszaehne\/","og_locale":"de_DE","og_type":"article","og_title":"Haken \u201eSto\u00dfz\u00e4hne\u201c |EtnoArt| Verschiedene Kleiderst\u00e4nder, Haken","og_description":"Handgeschmiedeter Haken \u201eSto\u00dfz\u00e4hne\u201c mit oxidierter Vintage-Oberfl\u00e4che. Langlebig, stilvoll und ideal f\u00fcr Jacken, Handt\u00fccher oder Schl\u00fcssel.","og_url":"https:\/\/etnoart.eu\/de\/toode\/haken-stosszaehne\/","og_site_name":"Etnoart","article_publisher":"https:\/\/www.facebook.com\/etnoart.handicraft.shop","article_modified_time":"2025-03-19T10:07:24+00:00","og_image":[{"width":700,"height":700,"url":"https:\/\/etnoart.eu\/wp-content\/uploads\/2023\/06\/Nagi-Kihvad-Nagid-ja-lattnagid.png","type":"image\/png"}],"twitter_card":"summary_large_image","twitter_misc":{"Gesch\u00e4tzte Lesezeit":"2\u00a0Minuten"},"schema":{"@context":"https:\/\/schema.org","@graph":[{"@type":"WebPage","@id":"https:\/\/etnoart.eu\/de\/toode\/haken-stosszaehne\/","url":"https:\/\/etnoart.eu\/de\/toode\/haken-stosszaehne\/","name":"Haken \u201eSto\u00dfz\u00e4hne\u201c |EtnoArt| Verschiedene Kleiderst\u00e4nder, Haken","isPartOf":{"@id":"https:\/\/etnoart.eu\/#website"},"primaryImageOfPage":{"@id":"https:\/\/etnoart.eu\/de\/toode\/haken-stosszaehne\/#primaryimage"},"image":{"@id":"https:\/\/etnoart.eu\/de\/toode\/haken-stosszaehne\/#primaryimage"},"thumbnailUrl":"https:\/\/etnoart.eu\/wp-content\/uploads\/2023\/06\/Nagi-Kihvad-Nagid-ja-lattnagid.png","datePublished":"2023-06-08T08:54:56+00:00","dateModified":"2025-03-19T10:07:24+00:00","description":"Handgeschmiedeter Haken \u201eSto\u00dfz\u00e4hne\u201c mit oxidierter Vintage-Oberfl\u00e4che. Langlebig, stilvoll und ideal f\u00fcr Jacken, Handt\u00fccher oder Schl\u00fcssel.","breadcrumb":{"@id":"https:\/\/etnoart.eu\/de\/toode\/haken-stosszaehne\/#breadcrumb"},"inLanguage":"de","potentialAction":[{"@type":"ReadAction","target":["https:\/\/etnoart.eu\/de\/toode\/haken-stosszaehne\/"]}]},{"@type":"ImageObject","inLanguage":"de","@id":"https:\/\/etnoart.eu\/de\/toode\/haken-stosszaehne\/#primaryimage","url":"https:\/\/etnoart.eu\/wp-content\/uploads\/2023\/06\/Nagi-Kihvad-Nagid-ja-lattnagid.png","contentUrl":"https:\/\/etnoart.eu\/wp-content\/uploads\/2023\/06\/Nagi-Kihvad-Nagid-ja-lattnagid.png","width":700,"height":700,"caption":"Haken \u201eSto\u00dfz\u00e4hne\u201c"},{"@type":"BreadcrumbList","@id":"https:\/\/etnoart.eu\/de\/toode\/haken-stosszaehne\/#breadcrumb","itemListElement":[{"@type":"ListItem","position":1,"name":"Home","item":"https:\/\/etnoart.eu\/de\/"},{"@type":"ListItem","position":2,"name":"Shop","item":"https:\/\/etnoart.eu\/pood\/"},{"@type":"ListItem","position":3,"name":"Haken \u201eSto\u00dfz\u00e4hne\u201c"}]},{"@type":"WebSite","@id":"https:\/\/etnoart.eu\/#website","url":"https:\/\/etnoart.eu\/","name":"Etnoart","description":"K&auml;sit&ouml;&ouml;pood","publisher":{"@id":"https:\/\/etnoart.eu\/#organization"},"potentialAction":[{"@type":"SearchAction","target":{"@type":"EntryPoint","urlTemplate":"https:\/\/etnoart.eu\/?s={search_term_string}"},"query-input":{"@type":"PropertyValueSpecification","valueRequired":true,"valueName":"search_term_string"}}],"inLanguage":"de"},{"@type":"Organization","@id":"https:\/\/etnoart.eu\/#organization","name":"Etnoart O\u00dc","url":"https:\/\/etnoart.eu\/","logo":{"@type":"ImageObject","inLanguage":"de","@id":"https:\/\/etnoart.eu\/#\/schema\/logo\/image\/","url":"https:\/\/etnoart.eu\/wp-content\/uploads\/2023\/06\/etnoart-logo.png","contentUrl":"https:\/\/etnoart.eu\/wp-content\/uploads\/2023\/06\/etnoart-logo.png","width":491,"height":184,"caption":"Etnoart O\u00dc"},"image":{"@id":"https:\/\/etnoart.eu\/#\/schema\/logo\/image\/"},"sameAs":["https:\/\/www.facebook.com\/etnoart.handicraft.shop"]}]}},"builder_content":"","_links":{"self":[{"href":"https:\/\/etnoart.eu\/de\/wp-json\/wp\/v2\/product\/5673","targetHints":{"allow":["GET"]}}],"collection":[{"href":"https:\/\/etnoart.eu\/de\/wp-json\/wp\/v2\/product"}],"about":[{"href":"https:\/\/etnoart.eu\/de\/wp-json\/wp\/v2\/types\/product"}],"wp:featuredmedia":[{"embeddable":true,"href":"https:\/\/etnoart.eu\/de\/wp-json\/wp\/v2\/media\/5674"}],"wp:attachment":[{"href":"https:\/\/etnoart.eu\/de\/wp-json\/wp\/v2\/media?parent=5673"}],"wp:term":[{"taxonomy":"product_brand","embeddable":true,"href":"https:\/\/etnoart.eu\/de\/wp-json\/wp\/v2\/product_brand?post=5673"},{"taxonomy":"product_cat","embeddable":true,"href":"https:\/\/etnoart.eu\/de\/wp-json\/wp\/v2\/product_cat?post=5673"},{"taxonomy":"product_tag","embeddable":true,"href":"https:\/\/etnoart.eu\/de\/wp-json\/wp\/v2\/product_tag?post=5673"}],"curies":[{"name":"wp","href":"https:\/\/api.w.org\/{rel}","templated":true}]}}