{"id":5572,"date":"2023-06-08T08:53:23","date_gmt":"2023-06-08T08:53:23","guid":{"rendered":"https:\/\/etnoart.eu\/toode\/riidenagi-kaar\/"},"modified":"2026-04-12T07:00:55","modified_gmt":"2026-04-12T07:00:55","slug":"garderobenhakenleiste-gebogen","status":"publish","type":"product","link":"https:\/\/etnoart.eu\/de\/toode\/garderobenhakenleiste-gebogen\/","title":{"rendered":"Garderobenhakenleiste gebogen"},"content":{"rendered":"<p>Die <strong>Garderobenhakenleiste gebogen <\/strong>ist eine stilvolle und hochwertige handgefertigte Wandgarderobe aus Metall, ideal f\u00fcr Flure, K\u00fcchen und Au\u00dfenbereiche. Ihr geschwungenes Design verleiht der Einrichtung Eleganz und bietet zus\u00e4tzlichen Platz zum Aufh\u00e4ngen von Kleidung und Accessoires.<\/p>\n<p>Mit einer L\u00e4nge von 66 cm verf\u00fcgt diese robuste Metallleiste \u00fcber vier stabile Haken, die sicher mit Nieten befestigt sind. Die Haken bestehen aus rundem Profilmetall, und die oberen Enden sind dekorativ geschmiedet, um ein einzigartiges Erscheinungsbild zu gew\u00e4hrleisten.<\/p>\n<p>Die Montage ist einfach \u2013 die Hakenleiste wird mit zwei Schrauben an der Wand befestigt. Die widerstandsf\u00e4hige Beschichtung sch\u00fctzt vor Feuchtigkeit und Abnutzung, wodurch sie auch f\u00fcr feuchte R\u00e4ume wie eine Sauna oder eine Au\u00dfenk\u00fcche geeignet ist.<\/p>\n<p>Die Garderobenhakenleiste gebogen ist eine praktische, langlebige und zeitlose Wahl f\u00fcr jedes Zuhause, die Funktionalit\u00e4t mit elegantem Design verbindet.<\/p>\n","protected":false},"excerpt":{"rendered":"<p> Garderobenhakenleiste gebogen \u2013 66 cm lange Metallleiste mit 4 stabilen Haken. Stilvoll, langlebig und feuchtigkeitsbest\u00e4ndig, ideal f\u00fcr Flure, K\u00fcchen und Au\u00dfenbereiche.<br \/>\n<strong>Gewicht:<\/strong> 0,8 kg<br \/>\n<strong>Produkth\u00f6he:<\/strong> 140mm<br \/>\n<strong>Breite des Produkts:<\/strong> 660mm<br \/>\n<strong>Beschichtung\/Oberfl\u00e4che:<\/strong> Lackiert. Das Produkt ist mit wetterbest\u00e4ndiger Farbe lackiert.<\/p>\n","protected":false},"featured_media":2237,"template":"","meta":[],"product_brand":[],"product_cat":[424],"product_tag":[],"class_list":{"0":"post-5572","1":"product","2":"type-product","3":"status-publish","4":"has-post-thumbnail","6":"product_cat-kleiderstaender-garderobe-loesungen-haken","7":"has-post-title","8":"has-post-date","9":"has-post-category","10":"has-post-tag","11":"has-post-comment","12":"has-post-author","13":"","15":"first","16":"instock","17":"taxable","18":"shipping-taxable","19":"purchasable","20":"product-type-simple"},"yoast_head":"<!-- This site is optimized with the Yoast SEO plugin v27.4 - https:\/\/yoast.com\/product\/yoast-seo-wordpress\/ -->\n<title>Garderobenhakenleiste gebogen |EtnoArt| Garderobe-l\u00f6sungen<\/title>\n<meta name=\"description\" content=\"Garderobenhakenleiste gebogen \u2013 66 cm lange Metallleiste mit 4 stabilen Haken. Stilvoll, langlebig und feuchtigkeitsbest\u00e4ndig, ideal f\u00fcr Flure, K\u00fcchen\" \/>\n<meta name=\"robots\" content=\"index, follow, max-snippet:-1, max-image-preview:large, max-video-preview:-1\" \/>\n<link rel=\"canonical\" href=\"https:\/\/etnoart.eu\/de\/toode\/garderobenhakenleiste-gebogen\/\" \/>\n<meta property=\"og:locale\" content=\"de_DE\" \/>\n<meta property=\"og:type\" content=\"article\" \/>\n<meta property=\"og:title\" content=\"Garderobenhakenleiste gebogen |EtnoArt| Garderobe-l\u00f6sungen\" \/>\n<meta property=\"og:description\" content=\"Garderobenhakenleiste gebogen \u2013 66 cm lange Metallleiste mit 4 stabilen Haken. Stilvoll, langlebig und feuchtigkeitsbest\u00e4ndig, ideal f\u00fcr Flure, K\u00fcchen\" \/>\n<meta property=\"og:url\" content=\"https:\/\/etnoart.eu\/de\/toode\/garderobenhakenleiste-gebogen\/\" \/>\n<meta property=\"og:site_name\" content=\"Etnoart\" \/>\n<meta property=\"article:publisher\" content=\"https:\/\/www.facebook.com\/etnoart.handicraft.shop\" \/>\n<meta property=\"article:modified_time\" content=\"2026-04-12T07:00:55+00:00\" \/>\n<meta property=\"og:image\" content=\"https:\/\/etnoart.eu\/wp-content\/uploads\/2023\/06\/970-Riidenagi-Kaar-Nagid-ja-lattnagid.jpg\" \/>\n\t<meta property=\"og:image:width\" content=\"750\" \/>\n\t<meta property=\"og:image:height\" content=\"750\" \/>\n\t<meta property=\"og:image:type\" content=\"image\/jpeg\" \/>\n<meta name=\"twitter:card\" content=\"summary_large_image\" \/>\n<meta name=\"twitter:label1\" content=\"Gesch\u00e4tzte Lesezeit\" \/>\n\t<meta name=\"twitter:data1\" content=\"1\u00a0Minute\" \/>\n<script type=\"application\/ld+json\" class=\"yoast-schema-graph\">{\"@context\":\"https:\\\/\\\/schema.org\",\"@graph\":[{\"@type\":\"WebPage\",\"@id\":\"https:\\\/\\\/etnoart.eu\\\/de\\\/toode\\\/garderobenhakenleiste-gebogen\\\/\",\"url\":\"https:\\\/\\\/etnoart.eu\\\/de\\\/toode\\\/garderobenhakenleiste-gebogen\\\/\",\"name\":\"Garderobenhakenleiste gebogen |EtnoArt| Garderobe-l\u00f6sungen\",\"isPartOf\":{\"@id\":\"https:\\\/\\\/etnoart.eu\\\/#website\"},\"primaryImageOfPage\":{\"@id\":\"https:\\\/\\\/etnoart.eu\\\/de\\\/toode\\\/garderobenhakenleiste-gebogen\\\/#primaryimage\"},\"image\":{\"@id\":\"https:\\\/\\\/etnoart.eu\\\/de\\\/toode\\\/garderobenhakenleiste-gebogen\\\/#primaryimage\"},\"thumbnailUrl\":\"https:\\\/\\\/etnoart.eu\\\/wp-content\\\/uploads\\\/2023\\\/06\\\/970-Riidenagi-Kaar-Nagid-ja-lattnagid.jpg\",\"datePublished\":\"2023-06-08T08:53:23+00:00\",\"dateModified\":\"2026-04-12T07:00:55+00:00\",\"description\":\"Garderobenhakenleiste gebogen \u2013 66 cm lange Metallleiste mit 4 stabilen Haken. Stilvoll, langlebig und feuchtigkeitsbest\u00e4ndig, ideal f\u00fcr Flure, K\u00fcchen\",\"breadcrumb\":{\"@id\":\"https:\\\/\\\/etnoart.eu\\\/de\\\/toode\\\/garderobenhakenleiste-gebogen\\\/#breadcrumb\"},\"inLanguage\":\"de\",\"potentialAction\":[{\"@type\":\"ReadAction\",\"target\":[\"https:\\\/\\\/etnoart.eu\\\/de\\\/toode\\\/garderobenhakenleiste-gebogen\\\/\"]}]},{\"@type\":\"ImageObject\",\"inLanguage\":\"de\",\"@id\":\"https:\\\/\\\/etnoart.eu\\\/de\\\/toode\\\/garderobenhakenleiste-gebogen\\\/#primaryimage\",\"url\":\"https:\\\/\\\/etnoart.eu\\\/wp-content\\\/uploads\\\/2023\\\/06\\\/970-Riidenagi-Kaar-Nagid-ja-lattnagid.jpg\",\"contentUrl\":\"https:\\\/\\\/etnoart.eu\\\/wp-content\\\/uploads\\\/2023\\\/06\\\/970-Riidenagi-Kaar-Nagid-ja-lattnagid.jpg\",\"width\":750,\"height\":750,\"caption\":\"Garderobenhakenleiste gebogen\"},{\"@type\":\"BreadcrumbList\",\"@id\":\"https:\\\/\\\/etnoart.eu\\\/de\\\/toode\\\/garderobenhakenleiste-gebogen\\\/#breadcrumb\",\"itemListElement\":[{\"@type\":\"ListItem\",\"position\":1,\"name\":\"Home\",\"item\":\"https:\\\/\\\/etnoart.eu\\\/de\\\/\"},{\"@type\":\"ListItem\",\"position\":2,\"name\":\"Shop\",\"item\":\"https:\\\/\\\/etnoart.eu\\\/pood\\\/\"},{\"@type\":\"ListItem\",\"position\":3,\"name\":\"Garderobenhakenleiste gebogen\"}]},{\"@type\":\"WebSite\",\"@id\":\"https:\\\/\\\/etnoart.eu\\\/#website\",\"url\":\"https:\\\/\\\/etnoart.eu\\\/\",\"name\":\"Etnoart\",\"description\":\"K&auml;sit&ouml;&ouml;pood\",\"publisher\":{\"@id\":\"https:\\\/\\\/etnoart.eu\\\/#organization\"},\"potentialAction\":[{\"@type\":\"SearchAction\",\"target\":{\"@type\":\"EntryPoint\",\"urlTemplate\":\"https:\\\/\\\/etnoart.eu\\\/?s={search_term_string}\"},\"query-input\":{\"@type\":\"PropertyValueSpecification\",\"valueRequired\":true,\"valueName\":\"search_term_string\"}}],\"inLanguage\":\"de\"},{\"@type\":\"Organization\",\"@id\":\"https:\\\/\\\/etnoart.eu\\\/#organization\",\"name\":\"Etnoart O\u00dc\",\"url\":\"https:\\\/\\\/etnoart.eu\\\/\",\"logo\":{\"@type\":\"ImageObject\",\"inLanguage\":\"de\",\"@id\":\"https:\\\/\\\/etnoart.eu\\\/#\\\/schema\\\/logo\\\/image\\\/\",\"url\":\"https:\\\/\\\/etnoart.eu\\\/wp-content\\\/uploads\\\/2023\\\/06\\\/etnoart-logo.png\",\"contentUrl\":\"https:\\\/\\\/etnoart.eu\\\/wp-content\\\/uploads\\\/2023\\\/06\\\/etnoart-logo.png\",\"width\":491,\"height\":184,\"caption\":\"Etnoart O\u00dc\"},\"image\":{\"@id\":\"https:\\\/\\\/etnoart.eu\\\/#\\\/schema\\\/logo\\\/image\\\/\"},\"sameAs\":[\"https:\\\/\\\/www.facebook.com\\\/etnoart.handicraft.shop\"]}]}<\/script>\n<!-- \/ Yoast SEO plugin. -->","yoast_head_json":{"title":"Garderobenhakenleiste gebogen |EtnoArt| Garderobe-l\u00f6sungen","description":"Garderobenhakenleiste gebogen \u2013 66 cm lange Metallleiste mit 4 stabilen Haken. Stilvoll, langlebig und feuchtigkeitsbest\u00e4ndig, ideal f\u00fcr Flure, K\u00fcchen","robots":{"index":"index","follow":"follow","max-snippet":"max-snippet:-1","max-image-preview":"max-image-preview:large","max-video-preview":"max-video-preview:-1"},"canonical":"https:\/\/etnoart.eu\/de\/toode\/garderobenhakenleiste-gebogen\/","og_locale":"de_DE","og_type":"article","og_title":"Garderobenhakenleiste gebogen |EtnoArt| Garderobe-l\u00f6sungen","og_description":"Garderobenhakenleiste gebogen \u2013 66 cm lange Metallleiste mit 4 stabilen Haken. Stilvoll, langlebig und feuchtigkeitsbest\u00e4ndig, ideal f\u00fcr Flure, K\u00fcchen","og_url":"https:\/\/etnoart.eu\/de\/toode\/garderobenhakenleiste-gebogen\/","og_site_name":"Etnoart","article_publisher":"https:\/\/www.facebook.com\/etnoart.handicraft.shop","article_modified_time":"2026-04-12T07:00:55+00:00","og_image":[{"width":750,"height":750,"url":"https:\/\/etnoart.eu\/wp-content\/uploads\/2023\/06\/970-Riidenagi-Kaar-Nagid-ja-lattnagid.jpg","type":"image\/jpeg"}],"twitter_card":"summary_large_image","twitter_misc":{"Gesch\u00e4tzte Lesezeit":"1\u00a0Minute"},"schema":{"@context":"https:\/\/schema.org","@graph":[{"@type":"WebPage","@id":"https:\/\/etnoart.eu\/de\/toode\/garderobenhakenleiste-gebogen\/","url":"https:\/\/etnoart.eu\/de\/toode\/garderobenhakenleiste-gebogen\/","name":"Garderobenhakenleiste gebogen |EtnoArt| Garderobe-l\u00f6sungen","isPartOf":{"@id":"https:\/\/etnoart.eu\/#website"},"primaryImageOfPage":{"@id":"https:\/\/etnoart.eu\/de\/toode\/garderobenhakenleiste-gebogen\/#primaryimage"},"image":{"@id":"https:\/\/etnoart.eu\/de\/toode\/garderobenhakenleiste-gebogen\/#primaryimage"},"thumbnailUrl":"https:\/\/etnoart.eu\/wp-content\/uploads\/2023\/06\/970-Riidenagi-Kaar-Nagid-ja-lattnagid.jpg","datePublished":"2023-06-08T08:53:23+00:00","dateModified":"2026-04-12T07:00:55+00:00","description":"Garderobenhakenleiste gebogen \u2013 66 cm lange Metallleiste mit 4 stabilen Haken. Stilvoll, langlebig und feuchtigkeitsbest\u00e4ndig, ideal f\u00fcr Flure, K\u00fcchen","breadcrumb":{"@id":"https:\/\/etnoart.eu\/de\/toode\/garderobenhakenleiste-gebogen\/#breadcrumb"},"inLanguage":"de","potentialAction":[{"@type":"ReadAction","target":["https:\/\/etnoart.eu\/de\/toode\/garderobenhakenleiste-gebogen\/"]}]},{"@type":"ImageObject","inLanguage":"de","@id":"https:\/\/etnoart.eu\/de\/toode\/garderobenhakenleiste-gebogen\/#primaryimage","url":"https:\/\/etnoart.eu\/wp-content\/uploads\/2023\/06\/970-Riidenagi-Kaar-Nagid-ja-lattnagid.jpg","contentUrl":"https:\/\/etnoart.eu\/wp-content\/uploads\/2023\/06\/970-Riidenagi-Kaar-Nagid-ja-lattnagid.jpg","width":750,"height":750,"caption":"Garderobenhakenleiste gebogen"},{"@type":"BreadcrumbList","@id":"https:\/\/etnoart.eu\/de\/toode\/garderobenhakenleiste-gebogen\/#breadcrumb","itemListElement":[{"@type":"ListItem","position":1,"name":"Home","item":"https:\/\/etnoart.eu\/de\/"},{"@type":"ListItem","position":2,"name":"Shop","item":"https:\/\/etnoart.eu\/pood\/"},{"@type":"ListItem","position":3,"name":"Garderobenhakenleiste gebogen"}]},{"@type":"WebSite","@id":"https:\/\/etnoart.eu\/#website","url":"https:\/\/etnoart.eu\/","name":"Etnoart","description":"K&auml;sit&ouml;&ouml;pood","publisher":{"@id":"https:\/\/etnoart.eu\/#organization"},"potentialAction":[{"@type":"SearchAction","target":{"@type":"EntryPoint","urlTemplate":"https:\/\/etnoart.eu\/?s={search_term_string}"},"query-input":{"@type":"PropertyValueSpecification","valueRequired":true,"valueName":"search_term_string"}}],"inLanguage":"de"},{"@type":"Organization","@id":"https:\/\/etnoart.eu\/#organization","name":"Etnoart O\u00dc","url":"https:\/\/etnoart.eu\/","logo":{"@type":"ImageObject","inLanguage":"de","@id":"https:\/\/etnoart.eu\/#\/schema\/logo\/image\/","url":"https:\/\/etnoart.eu\/wp-content\/uploads\/2023\/06\/etnoart-logo.png","contentUrl":"https:\/\/etnoart.eu\/wp-content\/uploads\/2023\/06\/etnoart-logo.png","width":491,"height":184,"caption":"Etnoart O\u00dc"},"image":{"@id":"https:\/\/etnoart.eu\/#\/schema\/logo\/image\/"},"sameAs":["https:\/\/www.facebook.com\/etnoart.handicraft.shop"]}]}},"builder_content":"","_links":{"self":[{"href":"https:\/\/etnoart.eu\/de\/wp-json\/wp\/v2\/product\/5572","targetHints":{"allow":["GET"]}}],"collection":[{"href":"https:\/\/etnoart.eu\/de\/wp-json\/wp\/v2\/product"}],"about":[{"href":"https:\/\/etnoart.eu\/de\/wp-json\/wp\/v2\/types\/product"}],"wp:featuredmedia":[{"embeddable":true,"href":"https:\/\/etnoart.eu\/de\/wp-json\/wp\/v2\/media\/2237"}],"wp:attachment":[{"href":"https:\/\/etnoart.eu\/de\/wp-json\/wp\/v2\/media?parent=5572"}],"wp:term":[{"taxonomy":"product_brand","embeddable":true,"href":"https:\/\/etnoart.eu\/de\/wp-json\/wp\/v2\/product_brand?post=5572"},{"taxonomy":"product_cat","embeddable":true,"href":"https:\/\/etnoart.eu\/de\/wp-json\/wp\/v2\/product_cat?post=5572"},{"taxonomy":"product_tag","embeddable":true,"href":"https:\/\/etnoart.eu\/de\/wp-json\/wp\/v2\/product_tag?post=5572"}],"curies":[{"name":"wp","href":"https:\/\/api.w.org\/{rel}","templated":true}]}}