{"id":5556,"date":"2023-06-08T08:52:33","date_gmt":"2023-06-08T08:52:33","guid":{"rendered":"https:\/\/etnoart.eu\/toode\/nagi-suur-kala\/"},"modified":"2025-03-18T06:01:54","modified_gmt":"2025-03-18T06:01:54","slug":"fischgraeten-wandgarderobe","status":"publish","type":"product","link":"https:\/\/etnoart.eu\/de\/toode\/fischgraeten-wandgarderobe\/","title":{"rendered":"Fischgr\u00e4ten Wandgarderobe"},"content":{"rendered":"<p>Diese <strong>Fischgr\u00e4ten Wandgarderobe <\/strong>ist ein einzigartiges handgeschmiedetes Designst\u00fcck, das Funktionalit\u00e4t mit rustikaler \u00c4sthetik verbindet. Sie eignet sich ideal f\u00fcr Flure, K\u00fcchen, Sommerh\u00e4user oder als stilvolles Dekorationselement mit maritimem Flair.<\/p>\n<p>Die Wandgarderobe verf\u00fcgt \u00fcber 8 robuste Haken, die stabil auf der Basisleiste vernietet sind. Dadurch bietet sie ausreichend Platz f\u00fcr Jacken, Handt\u00fccher, Schals oder andere Utensilien. Mit einer L\u00e4nge von 76 cm ist sie gro\u00df genug f\u00fcr mehrere Kleidungsst\u00fccke, ohne dabei zu sperrig zu wirken.<\/p>\n<p>Der hochwertige Schutzlack sorgt f\u00fcr eine langlebige und widerstandsf\u00e4hige Oberfl\u00e4che, die das nat\u00fcrliche Schmiedeeisen betont. Die Beschichtung sch\u00fctzt vor Feuchtigkeit, sodass die Garderobe auch in Au\u00dfenk\u00fcchen oder Saunavorr\u00e4umen problemlos genutzt werden kann.<\/p>\n<p>Diese handgefertigte Fischgr\u00e4ten Wandgarderobe ist die perfekte Wahl f\u00fcr alle, die rustikalen, maritimen Stil mit praktischer Funktionalit\u00e4t verbinden m\u00f6chten.<\/p>\n","protected":false},"excerpt":{"rendered":"<p>Handgeschmiedete Fischgr\u00e4ten Wandgarderobe mit 8 Haken, ideal f\u00fcr Flur, K\u00fcche oder Sauna. Robustes Design, hochwertig lackiert, perfekt f\u00fcr rustikale oder maritime Einrichtungen.<br \/>\n<strong>Gewicht:<\/strong> 3,6 kg<br \/>\n<strong>Produkth\u00f6he:<\/strong> 12cm<br \/>\n<strong>Breite des Produkts:<\/strong> 76cm<br \/>\n<strong>Produktgewicht:<\/strong> 3,6kg<br \/>\n<strong>Beschichtung\/Oberfl\u00e4che:<\/strong> Das Produkt ist lackiert.<\/p>\n","protected":false},"featured_media":5563,"template":"","meta":[],"product_brand":[],"product_cat":[424],"product_tag":[],"class_list":{"0":"post-5556","1":"product","2":"type-product","3":"status-publish","4":"has-post-thumbnail","6":"product_cat-kleiderstaender-garderobe-loesungen-haken","7":"has-post-title","8":"has-post-date","9":"has-post-category","10":"has-post-tag","11":"has-post-comment","12":"has-post-author","13":"","15":"first","16":"instock","17":"taxable","18":"shipping-taxable","19":"purchasable","20":"product-type-simple"},"yoast_head":"<!-- This site is optimized with the Yoast SEO plugin v27.4 - https:\/\/yoast.com\/product\/yoast-seo-wordpress\/ -->\n<title>Fischgr\u00e4ten Wandgarderobe |EtnoArt| Verschiedene Kleiderst\u00e4nder<\/title>\n<meta name=\"description\" content=\"Handgeschmiedete Fischgr\u00e4ten Wandgarderobe mit 8 Haken, ideal f\u00fcr Flur, K\u00fcche oder Sauna. Robustes Design, hochwertig lackiert,\" \/>\n<meta name=\"robots\" content=\"index, follow, max-snippet:-1, max-image-preview:large, max-video-preview:-1\" \/>\n<link rel=\"canonical\" href=\"https:\/\/etnoart.eu\/de\/toode\/fischgraeten-wandgarderobe\/\" \/>\n<meta property=\"og:locale\" content=\"de_DE\" \/>\n<meta property=\"og:type\" content=\"article\" \/>\n<meta property=\"og:title\" content=\"Fischgr\u00e4ten Wandgarderobe |EtnoArt| Verschiedene Kleiderst\u00e4nder\" \/>\n<meta property=\"og:description\" content=\"Handgeschmiedete Fischgr\u00e4ten Wandgarderobe mit 8 Haken, ideal f\u00fcr Flur, K\u00fcche oder Sauna. Robustes Design, hochwertig lackiert,\" \/>\n<meta property=\"og:url\" content=\"https:\/\/etnoart.eu\/de\/toode\/fischgraeten-wandgarderobe\/\" \/>\n<meta property=\"og:site_name\" content=\"Etnoart\" \/>\n<meta property=\"article:publisher\" content=\"https:\/\/www.facebook.com\/etnoart.handicraft.shop\" \/>\n<meta property=\"article:modified_time\" content=\"2025-03-18T06:01:54+00:00\" \/>\n<meta property=\"og:image\" content=\"https:\/\/etnoart.eu\/wp-content\/uploads\/2023\/06\/Nagi-Suur-Kala-Kalaluun-naulakko-Fischgraten-Wandgarderobe-Fishbone-Wall-Hook-Rack.png\" \/>\n\t<meta property=\"og:image:width\" content=\"1300\" \/>\n\t<meta property=\"og:image:height\" content=\"1300\" \/>\n\t<meta property=\"og:image:type\" content=\"image\/png\" \/>\n<meta name=\"twitter:card\" content=\"summary_large_image\" \/>\n<meta name=\"twitter:label1\" content=\"Gesch\u00e4tzte Lesezeit\" \/>\n\t<meta name=\"twitter:data1\" content=\"1\u00a0Minute\" \/>\n<script type=\"application\/ld+json\" class=\"yoast-schema-graph\">{\"@context\":\"https:\\\/\\\/schema.org\",\"@graph\":[{\"@type\":\"WebPage\",\"@id\":\"https:\\\/\\\/etnoart.eu\\\/de\\\/toode\\\/fischgraeten-wandgarderobe\\\/\",\"url\":\"https:\\\/\\\/etnoart.eu\\\/de\\\/toode\\\/fischgraeten-wandgarderobe\\\/\",\"name\":\"Fischgr\u00e4ten Wandgarderobe |EtnoArt| Verschiedene Kleiderst\u00e4nder\",\"isPartOf\":{\"@id\":\"https:\\\/\\\/etnoart.eu\\\/#website\"},\"primaryImageOfPage\":{\"@id\":\"https:\\\/\\\/etnoart.eu\\\/de\\\/toode\\\/fischgraeten-wandgarderobe\\\/#primaryimage\"},\"image\":{\"@id\":\"https:\\\/\\\/etnoart.eu\\\/de\\\/toode\\\/fischgraeten-wandgarderobe\\\/#primaryimage\"},\"thumbnailUrl\":\"https:\\\/\\\/etnoart.eu\\\/wp-content\\\/uploads\\\/2023\\\/06\\\/Nagi-Suur-Kala-Kalaluun-naulakko-Fischgraten-Wandgarderobe-Fishbone-Wall-Hook-Rack.png\",\"datePublished\":\"2023-06-08T08:52:33+00:00\",\"dateModified\":\"2025-03-18T06:01:54+00:00\",\"description\":\"Handgeschmiedete Fischgr\u00e4ten Wandgarderobe mit 8 Haken, ideal f\u00fcr Flur, K\u00fcche oder Sauna. Robustes Design, hochwertig lackiert,\",\"breadcrumb\":{\"@id\":\"https:\\\/\\\/etnoart.eu\\\/de\\\/toode\\\/fischgraeten-wandgarderobe\\\/#breadcrumb\"},\"inLanguage\":\"de\",\"potentialAction\":[{\"@type\":\"ReadAction\",\"target\":[\"https:\\\/\\\/etnoart.eu\\\/de\\\/toode\\\/fischgraeten-wandgarderobe\\\/\"]}]},{\"@type\":\"ImageObject\",\"inLanguage\":\"de\",\"@id\":\"https:\\\/\\\/etnoart.eu\\\/de\\\/toode\\\/fischgraeten-wandgarderobe\\\/#primaryimage\",\"url\":\"https:\\\/\\\/etnoart.eu\\\/wp-content\\\/uploads\\\/2023\\\/06\\\/Nagi-Suur-Kala-Kalaluun-naulakko-Fischgraten-Wandgarderobe-Fishbone-Wall-Hook-Rack.png\",\"contentUrl\":\"https:\\\/\\\/etnoart.eu\\\/wp-content\\\/uploads\\\/2023\\\/06\\\/Nagi-Suur-Kala-Kalaluun-naulakko-Fischgraten-Wandgarderobe-Fishbone-Wall-Hook-Rack.png\",\"width\":1300,\"height\":1300,\"caption\":\"Fischgr\u00e4ten Wandgarderobe\"},{\"@type\":\"BreadcrumbList\",\"@id\":\"https:\\\/\\\/etnoart.eu\\\/de\\\/toode\\\/fischgraeten-wandgarderobe\\\/#breadcrumb\",\"itemListElement\":[{\"@type\":\"ListItem\",\"position\":1,\"name\":\"Home\",\"item\":\"https:\\\/\\\/etnoart.eu\\\/de\\\/\"},{\"@type\":\"ListItem\",\"position\":2,\"name\":\"Shop\",\"item\":\"https:\\\/\\\/etnoart.eu\\\/pood\\\/\"},{\"@type\":\"ListItem\",\"position\":3,\"name\":\"Fischgr\u00e4ten Wandgarderobe\"}]},{\"@type\":\"WebSite\",\"@id\":\"https:\\\/\\\/etnoart.eu\\\/#website\",\"url\":\"https:\\\/\\\/etnoart.eu\\\/\",\"name\":\"Etnoart\",\"description\":\"K&auml;sit&ouml;&ouml;pood\",\"publisher\":{\"@id\":\"https:\\\/\\\/etnoart.eu\\\/#organization\"},\"potentialAction\":[{\"@type\":\"SearchAction\",\"target\":{\"@type\":\"EntryPoint\",\"urlTemplate\":\"https:\\\/\\\/etnoart.eu\\\/?s={search_term_string}\"},\"query-input\":{\"@type\":\"PropertyValueSpecification\",\"valueRequired\":true,\"valueName\":\"search_term_string\"}}],\"inLanguage\":\"de\"},{\"@type\":\"Organization\",\"@id\":\"https:\\\/\\\/etnoart.eu\\\/#organization\",\"name\":\"Etnoart O\u00dc\",\"url\":\"https:\\\/\\\/etnoart.eu\\\/\",\"logo\":{\"@type\":\"ImageObject\",\"inLanguage\":\"de\",\"@id\":\"https:\\\/\\\/etnoart.eu\\\/#\\\/schema\\\/logo\\\/image\\\/\",\"url\":\"https:\\\/\\\/etnoart.eu\\\/wp-content\\\/uploads\\\/2023\\\/06\\\/etnoart-logo.png\",\"contentUrl\":\"https:\\\/\\\/etnoart.eu\\\/wp-content\\\/uploads\\\/2023\\\/06\\\/etnoart-logo.png\",\"width\":491,\"height\":184,\"caption\":\"Etnoart O\u00dc\"},\"image\":{\"@id\":\"https:\\\/\\\/etnoart.eu\\\/#\\\/schema\\\/logo\\\/image\\\/\"},\"sameAs\":[\"https:\\\/\\\/www.facebook.com\\\/etnoart.handicraft.shop\"]}]}<\/script>\n<!-- \/ Yoast SEO plugin. -->","yoast_head_json":{"title":"Fischgr\u00e4ten Wandgarderobe |EtnoArt| Verschiedene Kleiderst\u00e4nder","description":"Handgeschmiedete Fischgr\u00e4ten Wandgarderobe mit 8 Haken, ideal f\u00fcr Flur, K\u00fcche oder Sauna. Robustes Design, hochwertig lackiert,","robots":{"index":"index","follow":"follow","max-snippet":"max-snippet:-1","max-image-preview":"max-image-preview:large","max-video-preview":"max-video-preview:-1"},"canonical":"https:\/\/etnoart.eu\/de\/toode\/fischgraeten-wandgarderobe\/","og_locale":"de_DE","og_type":"article","og_title":"Fischgr\u00e4ten Wandgarderobe |EtnoArt| Verschiedene Kleiderst\u00e4nder","og_description":"Handgeschmiedete Fischgr\u00e4ten Wandgarderobe mit 8 Haken, ideal f\u00fcr Flur, K\u00fcche oder Sauna. Robustes Design, hochwertig lackiert,","og_url":"https:\/\/etnoart.eu\/de\/toode\/fischgraeten-wandgarderobe\/","og_site_name":"Etnoart","article_publisher":"https:\/\/www.facebook.com\/etnoart.handicraft.shop","article_modified_time":"2025-03-18T06:01:54+00:00","og_image":[{"width":1300,"height":1300,"url":"https:\/\/etnoart.eu\/wp-content\/uploads\/2023\/06\/Nagi-Suur-Kala-Kalaluun-naulakko-Fischgraten-Wandgarderobe-Fishbone-Wall-Hook-Rack.png","type":"image\/png"}],"twitter_card":"summary_large_image","twitter_misc":{"Gesch\u00e4tzte Lesezeit":"1\u00a0Minute"},"schema":{"@context":"https:\/\/schema.org","@graph":[{"@type":"WebPage","@id":"https:\/\/etnoart.eu\/de\/toode\/fischgraeten-wandgarderobe\/","url":"https:\/\/etnoart.eu\/de\/toode\/fischgraeten-wandgarderobe\/","name":"Fischgr\u00e4ten Wandgarderobe |EtnoArt| Verschiedene Kleiderst\u00e4nder","isPartOf":{"@id":"https:\/\/etnoart.eu\/#website"},"primaryImageOfPage":{"@id":"https:\/\/etnoart.eu\/de\/toode\/fischgraeten-wandgarderobe\/#primaryimage"},"image":{"@id":"https:\/\/etnoart.eu\/de\/toode\/fischgraeten-wandgarderobe\/#primaryimage"},"thumbnailUrl":"https:\/\/etnoart.eu\/wp-content\/uploads\/2023\/06\/Nagi-Suur-Kala-Kalaluun-naulakko-Fischgraten-Wandgarderobe-Fishbone-Wall-Hook-Rack.png","datePublished":"2023-06-08T08:52:33+00:00","dateModified":"2025-03-18T06:01:54+00:00","description":"Handgeschmiedete Fischgr\u00e4ten Wandgarderobe mit 8 Haken, ideal f\u00fcr Flur, K\u00fcche oder Sauna. Robustes Design, hochwertig lackiert,","breadcrumb":{"@id":"https:\/\/etnoart.eu\/de\/toode\/fischgraeten-wandgarderobe\/#breadcrumb"},"inLanguage":"de","potentialAction":[{"@type":"ReadAction","target":["https:\/\/etnoart.eu\/de\/toode\/fischgraeten-wandgarderobe\/"]}]},{"@type":"ImageObject","inLanguage":"de","@id":"https:\/\/etnoart.eu\/de\/toode\/fischgraeten-wandgarderobe\/#primaryimage","url":"https:\/\/etnoart.eu\/wp-content\/uploads\/2023\/06\/Nagi-Suur-Kala-Kalaluun-naulakko-Fischgraten-Wandgarderobe-Fishbone-Wall-Hook-Rack.png","contentUrl":"https:\/\/etnoart.eu\/wp-content\/uploads\/2023\/06\/Nagi-Suur-Kala-Kalaluun-naulakko-Fischgraten-Wandgarderobe-Fishbone-Wall-Hook-Rack.png","width":1300,"height":1300,"caption":"Fischgr\u00e4ten Wandgarderobe"},{"@type":"BreadcrumbList","@id":"https:\/\/etnoart.eu\/de\/toode\/fischgraeten-wandgarderobe\/#breadcrumb","itemListElement":[{"@type":"ListItem","position":1,"name":"Home","item":"https:\/\/etnoart.eu\/de\/"},{"@type":"ListItem","position":2,"name":"Shop","item":"https:\/\/etnoart.eu\/pood\/"},{"@type":"ListItem","position":3,"name":"Fischgr\u00e4ten Wandgarderobe"}]},{"@type":"WebSite","@id":"https:\/\/etnoart.eu\/#website","url":"https:\/\/etnoart.eu\/","name":"Etnoart","description":"K&auml;sit&ouml;&ouml;pood","publisher":{"@id":"https:\/\/etnoart.eu\/#organization"},"potentialAction":[{"@type":"SearchAction","target":{"@type":"EntryPoint","urlTemplate":"https:\/\/etnoart.eu\/?s={search_term_string}"},"query-input":{"@type":"PropertyValueSpecification","valueRequired":true,"valueName":"search_term_string"}}],"inLanguage":"de"},{"@type":"Organization","@id":"https:\/\/etnoart.eu\/#organization","name":"Etnoart O\u00dc","url":"https:\/\/etnoart.eu\/","logo":{"@type":"ImageObject","inLanguage":"de","@id":"https:\/\/etnoart.eu\/#\/schema\/logo\/image\/","url":"https:\/\/etnoart.eu\/wp-content\/uploads\/2023\/06\/etnoart-logo.png","contentUrl":"https:\/\/etnoart.eu\/wp-content\/uploads\/2023\/06\/etnoart-logo.png","width":491,"height":184,"caption":"Etnoart O\u00dc"},"image":{"@id":"https:\/\/etnoart.eu\/#\/schema\/logo\/image\/"},"sameAs":["https:\/\/www.facebook.com\/etnoart.handicraft.shop"]}]}},"builder_content":"","_links":{"self":[{"href":"https:\/\/etnoart.eu\/de\/wp-json\/wp\/v2\/product\/5556","targetHints":{"allow":["GET"]}}],"collection":[{"href":"https:\/\/etnoart.eu\/de\/wp-json\/wp\/v2\/product"}],"about":[{"href":"https:\/\/etnoart.eu\/de\/wp-json\/wp\/v2\/types\/product"}],"wp:featuredmedia":[{"embeddable":true,"href":"https:\/\/etnoart.eu\/de\/wp-json\/wp\/v2\/media\/5563"}],"wp:attachment":[{"href":"https:\/\/etnoart.eu\/de\/wp-json\/wp\/v2\/media?parent=5556"}],"wp:term":[{"taxonomy":"product_brand","embeddable":true,"href":"https:\/\/etnoart.eu\/de\/wp-json\/wp\/v2\/product_brand?post=5556"},{"taxonomy":"product_cat","embeddable":true,"href":"https:\/\/etnoart.eu\/de\/wp-json\/wp\/v2\/product_cat?post=5556"},{"taxonomy":"product_tag","embeddable":true,"href":"https:\/\/etnoart.eu\/de\/wp-json\/wp\/v2\/product_tag?post=5556"}],"curies":[{"name":"wp","href":"https:\/\/api.w.org\/{rel}","templated":true}]}}