{"id":5540,"date":"2023-06-08T08:52:33","date_gmt":"2023-06-08T08:52:33","guid":{"rendered":"https:\/\/etnoart.eu\/toode\/nagi-kala\/"},"modified":"2025-03-17T16:27:25","modified_gmt":"2025-03-17T16:27:25","slug":"garderobenhaken-fischgraete","status":"publish","type":"product","link":"https:\/\/etnoart.eu\/de\/toode\/garderobenhaken-fischgraete\/","title":{"rendered":"Garderobenhaken Fischgr\u00e4te"},"content":{"rendered":"<p>Der <strong>Garderobenhaken Fischgr\u00e4te<\/strong> ist eine handgefertigte und dekorative Wandgarderobe aus Schmiedeeisen. Inspiriert von einem Fischskelett, kombiniert dieses Design rustikalen Charme mit Funktionalit\u00e4t.<\/p>\n<p>Mit f\u00fcnf stabilen Haken bietet die Garderobe Platz f\u00fcr leichte Jacken, Schals, Handt\u00fccher oder andere kleine Accessoires. Sie eignet sich ideal f\u00fcr K\u00fcchen, Eingangsbereiche oder sogar Au\u00dfenbereiche wie Sommerh\u00e4user oder Grillpl\u00e4tze.<\/p>\n<p>Dank der hochwertigen Handwerkskunst und der langlebigen Materialien h\u00e4lt dieser Fischgr\u00e4ten-Wandhaken viele Jahre und verleiht jedem Raum eine besondere maritime Note.<\/p>\n<p>Perfekt f\u00fcr Fischliebhaber, K\u00fcstenh\u00e4user oder als einzigartiges Geschenk f\u00fcr Freunde mit maritimem Geschmack.<\/p>\n","protected":false},"excerpt":{"rendered":"<p>Garderobenhaken Fischgr\u00e4te \u2013 Handgeschmiedete Wandgarderobe im Fischdesign mit f\u00fcnf Haken. Perfekt f\u00fcr K\u00fcchen, Eingangsbereiche oder maritime Dekorationen.<br \/>\n<strong>Gewicht:<\/strong> 3 kg<br \/>\n<strong>Produkth\u00f6he:<\/strong> 12cm<br \/>\n<strong>Breite des Produkts:<\/strong> 54cm<br \/>\n<strong>Produktgewicht:<\/strong> 3kg<br \/>\n<strong>Beschichtung\/Oberfl\u00e4che:<\/strong> Das Produkt ist lackiert.<\/p>\n","protected":false},"featured_media":5548,"template":"","meta":[],"product_brand":[],"product_cat":[424],"product_tag":[],"class_list":{"0":"post-5540","1":"product","2":"type-product","3":"status-publish","4":"has-post-thumbnail","6":"product_cat-kleiderstaender-garderobe-loesungen-haken","7":"has-post-title","8":"has-post-date","9":"has-post-category","10":"has-post-tag","11":"has-post-comment","12":"has-post-author","13":"","15":"first","16":"instock","17":"taxable","18":"shipping-taxable","19":"purchasable","20":"product-type-simple"},"yoast_head":"<!-- This site is optimized with the Yoast SEO plugin v27.5 - https:\/\/yoast.com\/product\/yoast-seo-wordpress\/ -->\n<title>Garderobenhaken Fischgr\u00e4te |EtnoArt| Clothes hangers, Hooks<\/title>\n<meta name=\"description\" content=\"Garderobenhaken Fischgr\u00e4te \u2013 Handgeschmiedete Wandgarderobe im Fischdesign mit f\u00fcnf Haken. Perfekt f\u00fcr K\u00fcchen, Eingangsbereiche oder maritime Dekorationen.\" \/>\n<meta name=\"robots\" content=\"index, follow, max-snippet:-1, max-image-preview:large, max-video-preview:-1\" \/>\n<link rel=\"canonical\" href=\"https:\/\/etnoart.eu\/de\/toode\/garderobenhaken-fischgraete\/\" \/>\n<meta property=\"og:locale\" content=\"de_DE\" \/>\n<meta property=\"og:type\" content=\"article\" \/>\n<meta property=\"og:title\" content=\"Garderobenhaken Fischgr\u00e4te |EtnoArt| Clothes hangers, Hooks\" \/>\n<meta property=\"og:description\" content=\"Garderobenhaken Fischgr\u00e4te \u2013 Handgeschmiedete Wandgarderobe im Fischdesign mit f\u00fcnf Haken. Perfekt f\u00fcr K\u00fcchen, Eingangsbereiche oder maritime Dekorationen.\" \/>\n<meta property=\"og:url\" content=\"https:\/\/etnoart.eu\/de\/toode\/garderobenhaken-fischgraete\/\" \/>\n<meta property=\"og:site_name\" content=\"Etnoart\" \/>\n<meta property=\"article:publisher\" content=\"https:\/\/www.facebook.com\/etnoart.handicraft.shop\" \/>\n<meta property=\"article:modified_time\" content=\"2025-03-17T16:27:25+00:00\" \/>\n<meta property=\"og:image\" content=\"https:\/\/etnoart.eu\/wp-content\/uploads\/2023\/06\/Fishbone-Wall-Hook-Rack-Nagi-Kala-seinalle-kiinnitettava-kalanmuotoinen-naulakko-Garderobenhaken-Fischgrate.png\" \/>\n\t<meta property=\"og:image:width\" content=\"1300\" \/>\n\t<meta property=\"og:image:height\" content=\"1300\" \/>\n\t<meta property=\"og:image:type\" content=\"image\/png\" \/>\n<meta name=\"twitter:card\" content=\"summary_large_image\" \/>\n<meta name=\"twitter:label1\" content=\"Gesch\u00e4tzte Lesezeit\" \/>\n\t<meta name=\"twitter:data1\" content=\"1\u00a0Minute\" \/>\n<script type=\"application\/ld+json\" class=\"yoast-schema-graph\">{\"@context\":\"https:\\\/\\\/schema.org\",\"@graph\":[{\"@type\":\"WebPage\",\"@id\":\"https:\\\/\\\/etnoart.eu\\\/de\\\/toode\\\/garderobenhaken-fischgraete\\\/\",\"url\":\"https:\\\/\\\/etnoart.eu\\\/de\\\/toode\\\/garderobenhaken-fischgraete\\\/\",\"name\":\"Garderobenhaken Fischgr\u00e4te |EtnoArt| Clothes hangers, Hooks\",\"isPartOf\":{\"@id\":\"https:\\\/\\\/etnoart.eu\\\/#website\"},\"primaryImageOfPage\":{\"@id\":\"https:\\\/\\\/etnoart.eu\\\/de\\\/toode\\\/garderobenhaken-fischgraete\\\/#primaryimage\"},\"image\":{\"@id\":\"https:\\\/\\\/etnoart.eu\\\/de\\\/toode\\\/garderobenhaken-fischgraete\\\/#primaryimage\"},\"thumbnailUrl\":\"https:\\\/\\\/etnoart.eu\\\/wp-content\\\/uploads\\\/2023\\\/06\\\/Fishbone-Wall-Hook-Rack-Nagi-Kala-seinalle-kiinnitettava-kalanmuotoinen-naulakko-Garderobenhaken-Fischgrate.png\",\"datePublished\":\"2023-06-08T08:52:33+00:00\",\"dateModified\":\"2025-03-17T16:27:25+00:00\",\"description\":\"Garderobenhaken Fischgr\u00e4te \u2013 Handgeschmiedete Wandgarderobe im Fischdesign mit f\u00fcnf Haken. Perfekt f\u00fcr K\u00fcchen, Eingangsbereiche oder maritime Dekorationen.\",\"breadcrumb\":{\"@id\":\"https:\\\/\\\/etnoart.eu\\\/de\\\/toode\\\/garderobenhaken-fischgraete\\\/#breadcrumb\"},\"inLanguage\":\"de\",\"potentialAction\":[{\"@type\":\"ReadAction\",\"target\":[\"https:\\\/\\\/etnoart.eu\\\/de\\\/toode\\\/garderobenhaken-fischgraete\\\/\"]}]},{\"@type\":\"ImageObject\",\"inLanguage\":\"de\",\"@id\":\"https:\\\/\\\/etnoart.eu\\\/de\\\/toode\\\/garderobenhaken-fischgraete\\\/#primaryimage\",\"url\":\"https:\\\/\\\/etnoart.eu\\\/wp-content\\\/uploads\\\/2023\\\/06\\\/Fishbone-Wall-Hook-Rack-Nagi-Kala-seinalle-kiinnitettava-kalanmuotoinen-naulakko-Garderobenhaken-Fischgrate.png\",\"contentUrl\":\"https:\\\/\\\/etnoart.eu\\\/wp-content\\\/uploads\\\/2023\\\/06\\\/Fishbone-Wall-Hook-Rack-Nagi-Kala-seinalle-kiinnitettava-kalanmuotoinen-naulakko-Garderobenhaken-Fischgrate.png\",\"width\":1300,\"height\":1300,\"caption\":\"Garderobenhaken Fischgr\u00e4te\"},{\"@type\":\"BreadcrumbList\",\"@id\":\"https:\\\/\\\/etnoart.eu\\\/de\\\/toode\\\/garderobenhaken-fischgraete\\\/#breadcrumb\",\"itemListElement\":[{\"@type\":\"ListItem\",\"position\":1,\"name\":\"Home\",\"item\":\"https:\\\/\\\/etnoart.eu\\\/de\\\/\"},{\"@type\":\"ListItem\",\"position\":2,\"name\":\"Shop\",\"item\":\"https:\\\/\\\/etnoart.eu\\\/pood\\\/\"},{\"@type\":\"ListItem\",\"position\":3,\"name\":\"Garderobenhaken Fischgr\u00e4te\"}]},{\"@type\":\"WebSite\",\"@id\":\"https:\\\/\\\/etnoart.eu\\\/#website\",\"url\":\"https:\\\/\\\/etnoart.eu\\\/\",\"name\":\"Etnoart\",\"description\":\"K&auml;sit&ouml;&ouml;pood\",\"publisher\":{\"@id\":\"https:\\\/\\\/etnoart.eu\\\/#organization\"},\"potentialAction\":[{\"@type\":\"SearchAction\",\"target\":{\"@type\":\"EntryPoint\",\"urlTemplate\":\"https:\\\/\\\/etnoart.eu\\\/?s={search_term_string}\"},\"query-input\":{\"@type\":\"PropertyValueSpecification\",\"valueRequired\":true,\"valueName\":\"search_term_string\"}}],\"inLanguage\":\"de\"},{\"@type\":\"Organization\",\"@id\":\"https:\\\/\\\/etnoart.eu\\\/#organization\",\"name\":\"Etnoart O\u00dc\",\"url\":\"https:\\\/\\\/etnoart.eu\\\/\",\"logo\":{\"@type\":\"ImageObject\",\"inLanguage\":\"de\",\"@id\":\"https:\\\/\\\/etnoart.eu\\\/#\\\/schema\\\/logo\\\/image\\\/\",\"url\":\"https:\\\/\\\/etnoart.eu\\\/wp-content\\\/uploads\\\/2023\\\/06\\\/etnoart-logo.png\",\"contentUrl\":\"https:\\\/\\\/etnoart.eu\\\/wp-content\\\/uploads\\\/2023\\\/06\\\/etnoart-logo.png\",\"width\":491,\"height\":184,\"caption\":\"Etnoart O\u00dc\"},\"image\":{\"@id\":\"https:\\\/\\\/etnoart.eu\\\/#\\\/schema\\\/logo\\\/image\\\/\"},\"sameAs\":[\"https:\\\/\\\/www.facebook.com\\\/etnoart.handicraft.shop\"]}]}<\/script>\n<!-- \/ Yoast SEO plugin. -->","yoast_head_json":{"title":"Garderobenhaken Fischgr\u00e4te |EtnoArt| Clothes hangers, Hooks","description":"Garderobenhaken Fischgr\u00e4te \u2013 Handgeschmiedete Wandgarderobe im Fischdesign mit f\u00fcnf Haken. Perfekt f\u00fcr K\u00fcchen, Eingangsbereiche oder maritime Dekorationen.","robots":{"index":"index","follow":"follow","max-snippet":"max-snippet:-1","max-image-preview":"max-image-preview:large","max-video-preview":"max-video-preview:-1"},"canonical":"https:\/\/etnoart.eu\/de\/toode\/garderobenhaken-fischgraete\/","og_locale":"de_DE","og_type":"article","og_title":"Garderobenhaken Fischgr\u00e4te |EtnoArt| Clothes hangers, Hooks","og_description":"Garderobenhaken Fischgr\u00e4te \u2013 Handgeschmiedete Wandgarderobe im Fischdesign mit f\u00fcnf Haken. Perfekt f\u00fcr K\u00fcchen, Eingangsbereiche oder maritime Dekorationen.","og_url":"https:\/\/etnoart.eu\/de\/toode\/garderobenhaken-fischgraete\/","og_site_name":"Etnoart","article_publisher":"https:\/\/www.facebook.com\/etnoart.handicraft.shop","article_modified_time":"2025-03-17T16:27:25+00:00","og_image":[{"width":1300,"height":1300,"url":"https:\/\/etnoart.eu\/wp-content\/uploads\/2023\/06\/Fishbone-Wall-Hook-Rack-Nagi-Kala-seinalle-kiinnitettava-kalanmuotoinen-naulakko-Garderobenhaken-Fischgrate.png","type":"image\/png"}],"twitter_card":"summary_large_image","twitter_misc":{"Gesch\u00e4tzte Lesezeit":"1\u00a0Minute"},"schema":{"@context":"https:\/\/schema.org","@graph":[{"@type":"WebPage","@id":"https:\/\/etnoart.eu\/de\/toode\/garderobenhaken-fischgraete\/","url":"https:\/\/etnoart.eu\/de\/toode\/garderobenhaken-fischgraete\/","name":"Garderobenhaken Fischgr\u00e4te |EtnoArt| Clothes hangers, Hooks","isPartOf":{"@id":"https:\/\/etnoart.eu\/#website"},"primaryImageOfPage":{"@id":"https:\/\/etnoart.eu\/de\/toode\/garderobenhaken-fischgraete\/#primaryimage"},"image":{"@id":"https:\/\/etnoart.eu\/de\/toode\/garderobenhaken-fischgraete\/#primaryimage"},"thumbnailUrl":"https:\/\/etnoart.eu\/wp-content\/uploads\/2023\/06\/Fishbone-Wall-Hook-Rack-Nagi-Kala-seinalle-kiinnitettava-kalanmuotoinen-naulakko-Garderobenhaken-Fischgrate.png","datePublished":"2023-06-08T08:52:33+00:00","dateModified":"2025-03-17T16:27:25+00:00","description":"Garderobenhaken Fischgr\u00e4te \u2013 Handgeschmiedete Wandgarderobe im Fischdesign mit f\u00fcnf Haken. Perfekt f\u00fcr K\u00fcchen, Eingangsbereiche oder maritime Dekorationen.","breadcrumb":{"@id":"https:\/\/etnoart.eu\/de\/toode\/garderobenhaken-fischgraete\/#breadcrumb"},"inLanguage":"de","potentialAction":[{"@type":"ReadAction","target":["https:\/\/etnoart.eu\/de\/toode\/garderobenhaken-fischgraete\/"]}]},{"@type":"ImageObject","inLanguage":"de","@id":"https:\/\/etnoart.eu\/de\/toode\/garderobenhaken-fischgraete\/#primaryimage","url":"https:\/\/etnoart.eu\/wp-content\/uploads\/2023\/06\/Fishbone-Wall-Hook-Rack-Nagi-Kala-seinalle-kiinnitettava-kalanmuotoinen-naulakko-Garderobenhaken-Fischgrate.png","contentUrl":"https:\/\/etnoart.eu\/wp-content\/uploads\/2023\/06\/Fishbone-Wall-Hook-Rack-Nagi-Kala-seinalle-kiinnitettava-kalanmuotoinen-naulakko-Garderobenhaken-Fischgrate.png","width":1300,"height":1300,"caption":"Garderobenhaken Fischgr\u00e4te"},{"@type":"BreadcrumbList","@id":"https:\/\/etnoart.eu\/de\/toode\/garderobenhaken-fischgraete\/#breadcrumb","itemListElement":[{"@type":"ListItem","position":1,"name":"Home","item":"https:\/\/etnoart.eu\/de\/"},{"@type":"ListItem","position":2,"name":"Shop","item":"https:\/\/etnoart.eu\/pood\/"},{"@type":"ListItem","position":3,"name":"Garderobenhaken Fischgr\u00e4te"}]},{"@type":"WebSite","@id":"https:\/\/etnoart.eu\/#website","url":"https:\/\/etnoart.eu\/","name":"Etnoart","description":"K&auml;sit&ouml;&ouml;pood","publisher":{"@id":"https:\/\/etnoart.eu\/#organization"},"potentialAction":[{"@type":"SearchAction","target":{"@type":"EntryPoint","urlTemplate":"https:\/\/etnoart.eu\/?s={search_term_string}"},"query-input":{"@type":"PropertyValueSpecification","valueRequired":true,"valueName":"search_term_string"}}],"inLanguage":"de"},{"@type":"Organization","@id":"https:\/\/etnoart.eu\/#organization","name":"Etnoart O\u00dc","url":"https:\/\/etnoart.eu\/","logo":{"@type":"ImageObject","inLanguage":"de","@id":"https:\/\/etnoart.eu\/#\/schema\/logo\/image\/","url":"https:\/\/etnoart.eu\/wp-content\/uploads\/2023\/06\/etnoart-logo.png","contentUrl":"https:\/\/etnoart.eu\/wp-content\/uploads\/2023\/06\/etnoart-logo.png","width":491,"height":184,"caption":"Etnoart O\u00dc"},"image":{"@id":"https:\/\/etnoart.eu\/#\/schema\/logo\/image\/"},"sameAs":["https:\/\/www.facebook.com\/etnoart.handicraft.shop"]}]}},"builder_content":"","_links":{"self":[{"href":"https:\/\/etnoart.eu\/de\/wp-json\/wp\/v2\/product\/5540","targetHints":{"allow":["GET"]}}],"collection":[{"href":"https:\/\/etnoart.eu\/de\/wp-json\/wp\/v2\/product"}],"about":[{"href":"https:\/\/etnoart.eu\/de\/wp-json\/wp\/v2\/types\/product"}],"wp:featuredmedia":[{"embeddable":true,"href":"https:\/\/etnoart.eu\/de\/wp-json\/wp\/v2\/media\/5548"}],"wp:attachment":[{"href":"https:\/\/etnoart.eu\/de\/wp-json\/wp\/v2\/media?parent=5540"}],"wp:term":[{"taxonomy":"product_brand","embeddable":true,"href":"https:\/\/etnoart.eu\/de\/wp-json\/wp\/v2\/product_brand?post=5540"},{"taxonomy":"product_cat","embeddable":true,"href":"https:\/\/etnoart.eu\/de\/wp-json\/wp\/v2\/product_cat?post=5540"},{"taxonomy":"product_tag","embeddable":true,"href":"https:\/\/etnoart.eu\/de\/wp-json\/wp\/v2\/product_tag?post=5540"}],"curies":[{"name":"wp","href":"https:\/\/api.w.org\/{rel}","templated":true}]}}