{"id":5526,"date":"2023-06-08T08:51:46","date_gmt":"2023-06-08T08:51:46","guid":{"rendered":"https:\/\/etnoart.eu\/toode\/riidevarn-2-nagiga\/"},"modified":"2025-03-17T13:36:07","modified_gmt":"2025-03-17T13:36:07","slug":"wandgarderobe-aus-schmiedeeisen-mit-2-haken","status":"publish","type":"product","link":"https:\/\/etnoart.eu\/de\/toode\/wandgarderobe-aus-schmiedeeisen-mit-2-haken\/","title":{"rendered":"Wandgarderobe aus Schmiedeeisen mit 2 Haken"},"content":{"rendered":"<p>Diese <strong>Wandgarderobe aus Schmiedeeisen mit 2 Haken<\/strong> ist eine robuste und platzsparende L\u00f6sung f\u00fcr jedes Zuhause. Durch die gebogene Form stehen die Haken von der Wand ab, was zus\u00e4tzlichen Platz f\u00fcr Kleidung, H\u00fcte und Accessoires schafft.<\/p>\n<p>Die Garderobe verf\u00fcgt \u00fcber zwei doppelfunktionale Haken. Der untere Haken eignet sich f\u00fcr M\u00e4ntel, Jacken und Taschen, w\u00e4hrend der obere Hut und Schal h\u00e4lt. Trotz der kompakten Breite von 30 cm bietet sie maximale Funktionalit\u00e4t in kleinen und gro\u00dfen R\u00e4umen.<\/p>\n<p>Die Oberfl\u00e4che ist mit einem transparenten Pulverlack beschichtet, der die nat\u00fcrliche Struktur des Metalls bewahrt und vor Feuchtigkeit sch\u00fctzt. Diese Wandgarderobe eignet sich perfekt f\u00fcr Flure, Eingangsbereiche, Garderoben oder Saunar\u00e4ume.<\/p>\n<p>Handgefertigt aus hochwertigem Schmiedeeisen \u2013 eine langlebige, stilvolle Erg\u00e4nzung f\u00fcr Ihr Zuhause.<\/p>\n","protected":false},"excerpt":{"rendered":"<p>Wandgarderobe aus Schmiedeeisen mit 2 Haken \u2013 rustikal, langlebig und feuchtigkeitsbest\u00e4ndig. Perfekt f\u00fcr Flur, Garderobe oder Saunabereich.<br \/>\n<strong>Gewicht:<\/strong> 0,45 kg<br \/>\n<strong>Produkth\u00f6he:<\/strong> 15cm<br \/>\n<strong>Breite des Produkts:<\/strong> 30cm<br \/>\n<strong>Produktgewicht:<\/strong> 450g<br \/>\n<strong>Beschichtung\/Oberfl\u00e4che:<\/strong> Matt pulverbeschichtet<\/p>\n","protected":false},"featured_media":5533,"template":"","meta":[],"product_brand":[],"product_cat":[424],"product_tag":[],"class_list":{"0":"post-5526","1":"product","2":"type-product","3":"status-publish","4":"has-post-thumbnail","6":"product_cat-kleiderstaender-garderobe-loesungen-haken","7":"has-post-title","8":"has-post-date","9":"has-post-category","10":"has-post-tag","11":"has-post-comment","12":"has-post-author","13":"","15":"first","16":"instock","17":"taxable","18":"shipping-taxable","19":"purchasable","20":"product-type-simple"},"yoast_head":"<!-- This site is optimized with the Yoast SEO plugin v27.4 - https:\/\/yoast.com\/product\/yoast-seo-wordpress\/ -->\n<title>Wandgarderobe aus Schmiedeeisen mit 2 Haken |EtnoArt| Haken<\/title>\n<meta name=\"description\" content=\"Wandgarderobe aus Schmiedeeisen mit 2 Haken \u2013 rustikal, langlebig und feuchtigkeitsbest\u00e4ndig. Perfekt f\u00fcr Flur, Garderobe oder Saunabereich.\" \/>\n<meta name=\"robots\" content=\"index, follow, max-snippet:-1, max-image-preview:large, max-video-preview:-1\" \/>\n<link rel=\"canonical\" href=\"https:\/\/etnoart.eu\/de\/toode\/wandgarderobe-aus-schmiedeeisen-mit-2-haken\/\" \/>\n<meta property=\"og:locale\" content=\"de_DE\" \/>\n<meta property=\"og:type\" content=\"article\" \/>\n<meta property=\"og:title\" content=\"Wandgarderobe aus Schmiedeeisen mit 2 Haken |EtnoArt| Haken\" \/>\n<meta property=\"og:description\" content=\"Wandgarderobe aus Schmiedeeisen mit 2 Haken \u2013 rustikal, langlebig und feuchtigkeitsbest\u00e4ndig. Perfekt f\u00fcr Flur, Garderobe oder Saunabereich.\" \/>\n<meta property=\"og:url\" content=\"https:\/\/etnoart.eu\/de\/toode\/wandgarderobe-aus-schmiedeeisen-mit-2-haken\/\" \/>\n<meta property=\"og:site_name\" content=\"Etnoart\" \/>\n<meta property=\"article:publisher\" content=\"https:\/\/www.facebook.com\/etnoart.handicraft.shop\" \/>\n<meta property=\"article:modified_time\" content=\"2025-03-17T13:36:07+00:00\" \/>\n<meta property=\"og:image\" content=\"https:\/\/etnoart.eu\/wp-content\/uploads\/2023\/06\/Seinaan-kiinnitettava-takorautainen-naulakko-2-koukulla-Riidevarn-2-nagiga-Wandgarderobe-aus-Schmiedeeisen-mit-2-Haken-Hand-Forged-Wall-Hook-Rack-with-2-Hooks.png\" \/>\n\t<meta property=\"og:image:width\" content=\"1200\" \/>\n\t<meta property=\"og:image:height\" content=\"1200\" \/>\n\t<meta property=\"og:image:type\" content=\"image\/png\" \/>\n<meta name=\"twitter:card\" content=\"summary_large_image\" \/>\n<meta name=\"twitter:label1\" content=\"Gesch\u00e4tzte Lesezeit\" \/>\n\t<meta name=\"twitter:data1\" content=\"1\u00a0Minute\" \/>\n<script type=\"application\/ld+json\" class=\"yoast-schema-graph\">{\"@context\":\"https:\\\/\\\/schema.org\",\"@graph\":[{\"@type\":\"WebPage\",\"@id\":\"https:\\\/\\\/etnoart.eu\\\/de\\\/toode\\\/wandgarderobe-aus-schmiedeeisen-mit-2-haken\\\/\",\"url\":\"https:\\\/\\\/etnoart.eu\\\/de\\\/toode\\\/wandgarderobe-aus-schmiedeeisen-mit-2-haken\\\/\",\"name\":\"Wandgarderobe aus Schmiedeeisen mit 2 Haken |EtnoArt| Haken\",\"isPartOf\":{\"@id\":\"https:\\\/\\\/etnoart.eu\\\/#website\"},\"primaryImageOfPage\":{\"@id\":\"https:\\\/\\\/etnoart.eu\\\/de\\\/toode\\\/wandgarderobe-aus-schmiedeeisen-mit-2-haken\\\/#primaryimage\"},\"image\":{\"@id\":\"https:\\\/\\\/etnoart.eu\\\/de\\\/toode\\\/wandgarderobe-aus-schmiedeeisen-mit-2-haken\\\/#primaryimage\"},\"thumbnailUrl\":\"https:\\\/\\\/etnoart.eu\\\/wp-content\\\/uploads\\\/2023\\\/06\\\/Seinaan-kiinnitettava-takorautainen-naulakko-2-koukulla-Riidevarn-2-nagiga-Wandgarderobe-aus-Schmiedeeisen-mit-2-Haken-Hand-Forged-Wall-Hook-Rack-with-2-Hooks.png\",\"datePublished\":\"2023-06-08T08:51:46+00:00\",\"dateModified\":\"2025-03-17T13:36:07+00:00\",\"description\":\"Wandgarderobe aus Schmiedeeisen mit 2 Haken \u2013 rustikal, langlebig und feuchtigkeitsbest\u00e4ndig. Perfekt f\u00fcr Flur, Garderobe oder Saunabereich.\",\"breadcrumb\":{\"@id\":\"https:\\\/\\\/etnoart.eu\\\/de\\\/toode\\\/wandgarderobe-aus-schmiedeeisen-mit-2-haken\\\/#breadcrumb\"},\"inLanguage\":\"de\",\"potentialAction\":[{\"@type\":\"ReadAction\",\"target\":[\"https:\\\/\\\/etnoart.eu\\\/de\\\/toode\\\/wandgarderobe-aus-schmiedeeisen-mit-2-haken\\\/\"]}]},{\"@type\":\"ImageObject\",\"inLanguage\":\"de\",\"@id\":\"https:\\\/\\\/etnoart.eu\\\/de\\\/toode\\\/wandgarderobe-aus-schmiedeeisen-mit-2-haken\\\/#primaryimage\",\"url\":\"https:\\\/\\\/etnoart.eu\\\/wp-content\\\/uploads\\\/2023\\\/06\\\/Seinaan-kiinnitettava-takorautainen-naulakko-2-koukulla-Riidevarn-2-nagiga-Wandgarderobe-aus-Schmiedeeisen-mit-2-Haken-Hand-Forged-Wall-Hook-Rack-with-2-Hooks.png\",\"contentUrl\":\"https:\\\/\\\/etnoart.eu\\\/wp-content\\\/uploads\\\/2023\\\/06\\\/Seinaan-kiinnitettava-takorautainen-naulakko-2-koukulla-Riidevarn-2-nagiga-Wandgarderobe-aus-Schmiedeeisen-mit-2-Haken-Hand-Forged-Wall-Hook-Rack-with-2-Hooks.png\",\"width\":1200,\"height\":1200,\"caption\":\"Wandgarderobe aus Schmiedeeisen mit 2 Haken\"},{\"@type\":\"BreadcrumbList\",\"@id\":\"https:\\\/\\\/etnoart.eu\\\/de\\\/toode\\\/wandgarderobe-aus-schmiedeeisen-mit-2-haken\\\/#breadcrumb\",\"itemListElement\":[{\"@type\":\"ListItem\",\"position\":1,\"name\":\"Home\",\"item\":\"https:\\\/\\\/etnoart.eu\\\/de\\\/\"},{\"@type\":\"ListItem\",\"position\":2,\"name\":\"Shop\",\"item\":\"https:\\\/\\\/etnoart.eu\\\/pood\\\/\"},{\"@type\":\"ListItem\",\"position\":3,\"name\":\"Wandgarderobe aus Schmiedeeisen mit 2 Haken\"}]},{\"@type\":\"WebSite\",\"@id\":\"https:\\\/\\\/etnoart.eu\\\/#website\",\"url\":\"https:\\\/\\\/etnoart.eu\\\/\",\"name\":\"Etnoart\",\"description\":\"K&auml;sit&ouml;&ouml;pood\",\"publisher\":{\"@id\":\"https:\\\/\\\/etnoart.eu\\\/#organization\"},\"potentialAction\":[{\"@type\":\"SearchAction\",\"target\":{\"@type\":\"EntryPoint\",\"urlTemplate\":\"https:\\\/\\\/etnoart.eu\\\/?s={search_term_string}\"},\"query-input\":{\"@type\":\"PropertyValueSpecification\",\"valueRequired\":true,\"valueName\":\"search_term_string\"}}],\"inLanguage\":\"de\"},{\"@type\":\"Organization\",\"@id\":\"https:\\\/\\\/etnoart.eu\\\/#organization\",\"name\":\"Etnoart O\u00dc\",\"url\":\"https:\\\/\\\/etnoart.eu\\\/\",\"logo\":{\"@type\":\"ImageObject\",\"inLanguage\":\"de\",\"@id\":\"https:\\\/\\\/etnoart.eu\\\/#\\\/schema\\\/logo\\\/image\\\/\",\"url\":\"https:\\\/\\\/etnoart.eu\\\/wp-content\\\/uploads\\\/2023\\\/06\\\/etnoart-logo.png\",\"contentUrl\":\"https:\\\/\\\/etnoart.eu\\\/wp-content\\\/uploads\\\/2023\\\/06\\\/etnoart-logo.png\",\"width\":491,\"height\":184,\"caption\":\"Etnoart O\u00dc\"},\"image\":{\"@id\":\"https:\\\/\\\/etnoart.eu\\\/#\\\/schema\\\/logo\\\/image\\\/\"},\"sameAs\":[\"https:\\\/\\\/www.facebook.com\\\/etnoart.handicraft.shop\"]}]}<\/script>\n<!-- \/ Yoast SEO plugin. -->","yoast_head_json":{"title":"Wandgarderobe aus Schmiedeeisen mit 2 Haken |EtnoArt| Haken","description":"Wandgarderobe aus Schmiedeeisen mit 2 Haken \u2013 rustikal, langlebig und feuchtigkeitsbest\u00e4ndig. Perfekt f\u00fcr Flur, Garderobe oder Saunabereich.","robots":{"index":"index","follow":"follow","max-snippet":"max-snippet:-1","max-image-preview":"max-image-preview:large","max-video-preview":"max-video-preview:-1"},"canonical":"https:\/\/etnoart.eu\/de\/toode\/wandgarderobe-aus-schmiedeeisen-mit-2-haken\/","og_locale":"de_DE","og_type":"article","og_title":"Wandgarderobe aus Schmiedeeisen mit 2 Haken |EtnoArt| Haken","og_description":"Wandgarderobe aus Schmiedeeisen mit 2 Haken \u2013 rustikal, langlebig und feuchtigkeitsbest\u00e4ndig. Perfekt f\u00fcr Flur, Garderobe oder Saunabereich.","og_url":"https:\/\/etnoart.eu\/de\/toode\/wandgarderobe-aus-schmiedeeisen-mit-2-haken\/","og_site_name":"Etnoart","article_publisher":"https:\/\/www.facebook.com\/etnoart.handicraft.shop","article_modified_time":"2025-03-17T13:36:07+00:00","og_image":[{"width":1200,"height":1200,"url":"https:\/\/etnoart.eu\/wp-content\/uploads\/2023\/06\/Seinaan-kiinnitettava-takorautainen-naulakko-2-koukulla-Riidevarn-2-nagiga-Wandgarderobe-aus-Schmiedeeisen-mit-2-Haken-Hand-Forged-Wall-Hook-Rack-with-2-Hooks.png","type":"image\/png"}],"twitter_card":"summary_large_image","twitter_misc":{"Gesch\u00e4tzte Lesezeit":"1\u00a0Minute"},"schema":{"@context":"https:\/\/schema.org","@graph":[{"@type":"WebPage","@id":"https:\/\/etnoart.eu\/de\/toode\/wandgarderobe-aus-schmiedeeisen-mit-2-haken\/","url":"https:\/\/etnoart.eu\/de\/toode\/wandgarderobe-aus-schmiedeeisen-mit-2-haken\/","name":"Wandgarderobe aus Schmiedeeisen mit 2 Haken |EtnoArt| Haken","isPartOf":{"@id":"https:\/\/etnoart.eu\/#website"},"primaryImageOfPage":{"@id":"https:\/\/etnoart.eu\/de\/toode\/wandgarderobe-aus-schmiedeeisen-mit-2-haken\/#primaryimage"},"image":{"@id":"https:\/\/etnoart.eu\/de\/toode\/wandgarderobe-aus-schmiedeeisen-mit-2-haken\/#primaryimage"},"thumbnailUrl":"https:\/\/etnoart.eu\/wp-content\/uploads\/2023\/06\/Seinaan-kiinnitettava-takorautainen-naulakko-2-koukulla-Riidevarn-2-nagiga-Wandgarderobe-aus-Schmiedeeisen-mit-2-Haken-Hand-Forged-Wall-Hook-Rack-with-2-Hooks.png","datePublished":"2023-06-08T08:51:46+00:00","dateModified":"2025-03-17T13:36:07+00:00","description":"Wandgarderobe aus Schmiedeeisen mit 2 Haken \u2013 rustikal, langlebig und feuchtigkeitsbest\u00e4ndig. Perfekt f\u00fcr Flur, Garderobe oder Saunabereich.","breadcrumb":{"@id":"https:\/\/etnoart.eu\/de\/toode\/wandgarderobe-aus-schmiedeeisen-mit-2-haken\/#breadcrumb"},"inLanguage":"de","potentialAction":[{"@type":"ReadAction","target":["https:\/\/etnoart.eu\/de\/toode\/wandgarderobe-aus-schmiedeeisen-mit-2-haken\/"]}]},{"@type":"ImageObject","inLanguage":"de","@id":"https:\/\/etnoart.eu\/de\/toode\/wandgarderobe-aus-schmiedeeisen-mit-2-haken\/#primaryimage","url":"https:\/\/etnoart.eu\/wp-content\/uploads\/2023\/06\/Seinaan-kiinnitettava-takorautainen-naulakko-2-koukulla-Riidevarn-2-nagiga-Wandgarderobe-aus-Schmiedeeisen-mit-2-Haken-Hand-Forged-Wall-Hook-Rack-with-2-Hooks.png","contentUrl":"https:\/\/etnoart.eu\/wp-content\/uploads\/2023\/06\/Seinaan-kiinnitettava-takorautainen-naulakko-2-koukulla-Riidevarn-2-nagiga-Wandgarderobe-aus-Schmiedeeisen-mit-2-Haken-Hand-Forged-Wall-Hook-Rack-with-2-Hooks.png","width":1200,"height":1200,"caption":"Wandgarderobe aus Schmiedeeisen mit 2 Haken"},{"@type":"BreadcrumbList","@id":"https:\/\/etnoart.eu\/de\/toode\/wandgarderobe-aus-schmiedeeisen-mit-2-haken\/#breadcrumb","itemListElement":[{"@type":"ListItem","position":1,"name":"Home","item":"https:\/\/etnoart.eu\/de\/"},{"@type":"ListItem","position":2,"name":"Shop","item":"https:\/\/etnoart.eu\/pood\/"},{"@type":"ListItem","position":3,"name":"Wandgarderobe aus Schmiedeeisen mit 2 Haken"}]},{"@type":"WebSite","@id":"https:\/\/etnoart.eu\/#website","url":"https:\/\/etnoart.eu\/","name":"Etnoart","description":"K&auml;sit&ouml;&ouml;pood","publisher":{"@id":"https:\/\/etnoart.eu\/#organization"},"potentialAction":[{"@type":"SearchAction","target":{"@type":"EntryPoint","urlTemplate":"https:\/\/etnoart.eu\/?s={search_term_string}"},"query-input":{"@type":"PropertyValueSpecification","valueRequired":true,"valueName":"search_term_string"}}],"inLanguage":"de"},{"@type":"Organization","@id":"https:\/\/etnoart.eu\/#organization","name":"Etnoart O\u00dc","url":"https:\/\/etnoart.eu\/","logo":{"@type":"ImageObject","inLanguage":"de","@id":"https:\/\/etnoart.eu\/#\/schema\/logo\/image\/","url":"https:\/\/etnoart.eu\/wp-content\/uploads\/2023\/06\/etnoart-logo.png","contentUrl":"https:\/\/etnoart.eu\/wp-content\/uploads\/2023\/06\/etnoart-logo.png","width":491,"height":184,"caption":"Etnoart O\u00dc"},"image":{"@id":"https:\/\/etnoart.eu\/#\/schema\/logo\/image\/"},"sameAs":["https:\/\/www.facebook.com\/etnoart.handicraft.shop"]}]}},"builder_content":"","_links":{"self":[{"href":"https:\/\/etnoart.eu\/de\/wp-json\/wp\/v2\/product\/5526","targetHints":{"allow":["GET"]}}],"collection":[{"href":"https:\/\/etnoart.eu\/de\/wp-json\/wp\/v2\/product"}],"about":[{"href":"https:\/\/etnoart.eu\/de\/wp-json\/wp\/v2\/types\/product"}],"wp:featuredmedia":[{"embeddable":true,"href":"https:\/\/etnoart.eu\/de\/wp-json\/wp\/v2\/media\/5533"}],"wp:attachment":[{"href":"https:\/\/etnoart.eu\/de\/wp-json\/wp\/v2\/media?parent=5526"}],"wp:term":[{"taxonomy":"product_brand","embeddable":true,"href":"https:\/\/etnoart.eu\/de\/wp-json\/wp\/v2\/product_brand?post=5526"},{"taxonomy":"product_cat","embeddable":true,"href":"https:\/\/etnoart.eu\/de\/wp-json\/wp\/v2\/product_cat?post=5526"},{"taxonomy":"product_tag","embeddable":true,"href":"https:\/\/etnoart.eu\/de\/wp-json\/wp\/v2\/product_tag?post=5526"}],"curies":[{"name":"wp","href":"https:\/\/api.w.org\/{rel}","templated":true}]}}