{"id":5511,"date":"2023-06-08T08:51:46","date_gmt":"2023-06-08T08:51:46","guid":{"rendered":"https:\/\/etnoart.eu\/toode\/sepistatud-riidevarn\/"},"modified":"2025-03-17T11:21:02","modified_gmt":"2025-03-17T11:21:02","slug":"wandgarderobe-aus-schmiedeeisen-mit-4-haken","status":"publish","type":"product","link":"https:\/\/etnoart.eu\/de\/toode\/wandgarderobe-aus-schmiedeeisen-mit-4-haken\/","title":{"rendered":"Wandgarderobe aus Schmiedeeisen mit 4 Haken"},"content":{"rendered":"<p>Diese <strong>Wandgarderobe aus Schmiedeeisen mit 4 Haken<\/strong> ist eine hochwertige, handgefertigte L\u00f6sung f\u00fcr stilvolle und funktionale Aufbewahrung. Die gebogene Form sorgt f\u00fcr zus\u00e4tzlichen Platz zum Aufh\u00e4ngen von Kleidung. Jeder Haken besteht aus zwei Teilen: Der untere Haken ist ideal f\u00fcr Jacken, der obere f\u00fcr H\u00fcte. Die stabile Vernietung garantiert eine lange Lebensdauer und hohe Belastbarkeit. Dank der transparenten Pulverbeschichtung bleibt die nat\u00fcrliche Metallstruktur sichtbar und wird gleichzeitig vor Feuchtigkeit gesch\u00fctzt. Perfekt f\u00fcr den Flur, die Garderobe oder feuchte R\u00e4ume wie den Saunavorraum.<\/p>\n","protected":false},"excerpt":{"rendered":"<p>Handgefertigte Wandgarderobe aus Schmiedeeisen mit 4 Haken. Gebogene Form f\u00fcr mehr Platz. Pulverbeschichtet f\u00fcr Schutz und Langlebigkeit. Ideal f\u00fcr Flur und Garderobe.<br \/>\n<strong>Gewicht:<\/strong> 0,9 kg<br \/>\n<strong>Produkth\u00f6he:<\/strong> 15cm<br \/>\n<strong>Breite des Produkts:<\/strong> 53cm<br \/>\n<strong>Produktgewicht:<\/strong> 850g<br \/>\n<strong>Beschichtung\/Oberfl\u00e4che:<\/strong> Matt pulverbeschichtet<\/p>\n","protected":false},"featured_media":5518,"template":"","meta":[],"product_brand":[],"product_cat":[424],"product_tag":[],"class_list":{"0":"post-5511","1":"product","2":"type-product","3":"status-publish","4":"has-post-thumbnail","6":"product_cat-kleiderstaender-garderobe-loesungen-haken","7":"has-post-title","8":"has-post-date","9":"has-post-category","10":"has-post-tag","11":"has-post-comment","12":"has-post-author","13":"","15":"first","16":"instock","17":"taxable","18":"shipping-taxable","19":"purchasable","20":"product-type-simple"},"yoast_head":"<!-- This site is optimized with the Yoast SEO plugin v27.4 - https:\/\/yoast.com\/product\/yoast-seo-wordpress\/ -->\n<title>Wandgarderobe aus Schmiedeeisen mit 4 Haken |EtnoArt| Haken<\/title>\n<meta name=\"description\" content=\"Handgefertigte Wandgarderobe aus Schmiedeeisen mit 4 Haken. Gebogene Form f\u00fcr mehr Platz. Pulverbeschichtet f\u00fcr Schutz und Langlebigkeit. Ideal f\u00fcr Flur.\" \/>\n<meta name=\"robots\" content=\"index, follow, max-snippet:-1, max-image-preview:large, max-video-preview:-1\" \/>\n<link rel=\"canonical\" href=\"https:\/\/etnoart.eu\/de\/toode\/wandgarderobe-aus-schmiedeeisen-mit-4-haken\/\" \/>\n<meta property=\"og:locale\" content=\"de_DE\" \/>\n<meta property=\"og:type\" content=\"article\" \/>\n<meta property=\"og:title\" content=\"Wandgarderobe aus Schmiedeeisen mit 4 Haken |EtnoArt| Haken\" \/>\n<meta property=\"og:description\" content=\"Handgefertigte Wandgarderobe aus Schmiedeeisen mit 4 Haken. Gebogene Form f\u00fcr mehr Platz. Pulverbeschichtet f\u00fcr Schutz und Langlebigkeit. Ideal f\u00fcr Flur.\" \/>\n<meta property=\"og:url\" content=\"https:\/\/etnoart.eu\/de\/toode\/wandgarderobe-aus-schmiedeeisen-mit-4-haken\/\" \/>\n<meta property=\"og:site_name\" content=\"Etnoart\" \/>\n<meta property=\"article:publisher\" content=\"https:\/\/www.facebook.com\/etnoart.handicraft.shop\" \/>\n<meta property=\"article:modified_time\" content=\"2025-03-17T11:21:02+00:00\" \/>\n<meta property=\"og:image\" content=\"https:\/\/etnoart.eu\/wp-content\/uploads\/2023\/06\/Seinaan-kiinnitettava-takkinaulakko-Sepistatud-riidevarn-4-konksu-Wandgarderobe-aus-Schmiedeeisen-mit-4-Haken-Hand-Forged-Wall-Coat-Rack-with-4-Hooks.png\" \/>\n\t<meta property=\"og:image:width\" content=\"1517\" \/>\n\t<meta property=\"og:image:height\" content=\"1517\" \/>\n\t<meta property=\"og:image:type\" content=\"image\/png\" \/>\n<meta name=\"twitter:card\" content=\"summary_large_image\" \/>\n<meta name=\"twitter:label1\" content=\"Gesch\u00e4tzte Lesezeit\" \/>\n\t<meta name=\"twitter:data1\" content=\"1\u00a0Minute\" \/>\n<script type=\"application\/ld+json\" class=\"yoast-schema-graph\">{\"@context\":\"https:\\\/\\\/schema.org\",\"@graph\":[{\"@type\":\"WebPage\",\"@id\":\"https:\\\/\\\/etnoart.eu\\\/de\\\/toode\\\/wandgarderobe-aus-schmiedeeisen-mit-4-haken\\\/\",\"url\":\"https:\\\/\\\/etnoart.eu\\\/de\\\/toode\\\/wandgarderobe-aus-schmiedeeisen-mit-4-haken\\\/\",\"name\":\"Wandgarderobe aus Schmiedeeisen mit 4 Haken |EtnoArt| Haken\",\"isPartOf\":{\"@id\":\"https:\\\/\\\/etnoart.eu\\\/#website\"},\"primaryImageOfPage\":{\"@id\":\"https:\\\/\\\/etnoart.eu\\\/de\\\/toode\\\/wandgarderobe-aus-schmiedeeisen-mit-4-haken\\\/#primaryimage\"},\"image\":{\"@id\":\"https:\\\/\\\/etnoart.eu\\\/de\\\/toode\\\/wandgarderobe-aus-schmiedeeisen-mit-4-haken\\\/#primaryimage\"},\"thumbnailUrl\":\"https:\\\/\\\/etnoart.eu\\\/wp-content\\\/uploads\\\/2023\\\/06\\\/Seinaan-kiinnitettava-takkinaulakko-Sepistatud-riidevarn-4-konksu-Wandgarderobe-aus-Schmiedeeisen-mit-4-Haken-Hand-Forged-Wall-Coat-Rack-with-4-Hooks.png\",\"datePublished\":\"2023-06-08T08:51:46+00:00\",\"dateModified\":\"2025-03-17T11:21:02+00:00\",\"description\":\"Handgefertigte Wandgarderobe aus Schmiedeeisen mit 4 Haken. Gebogene Form f\u00fcr mehr Platz. Pulverbeschichtet f\u00fcr Schutz und Langlebigkeit. Ideal f\u00fcr Flur.\",\"breadcrumb\":{\"@id\":\"https:\\\/\\\/etnoart.eu\\\/de\\\/toode\\\/wandgarderobe-aus-schmiedeeisen-mit-4-haken\\\/#breadcrumb\"},\"inLanguage\":\"de\",\"potentialAction\":[{\"@type\":\"ReadAction\",\"target\":[\"https:\\\/\\\/etnoart.eu\\\/de\\\/toode\\\/wandgarderobe-aus-schmiedeeisen-mit-4-haken\\\/\"]}]},{\"@type\":\"ImageObject\",\"inLanguage\":\"de\",\"@id\":\"https:\\\/\\\/etnoart.eu\\\/de\\\/toode\\\/wandgarderobe-aus-schmiedeeisen-mit-4-haken\\\/#primaryimage\",\"url\":\"https:\\\/\\\/etnoart.eu\\\/wp-content\\\/uploads\\\/2023\\\/06\\\/Seinaan-kiinnitettava-takkinaulakko-Sepistatud-riidevarn-4-konksu-Wandgarderobe-aus-Schmiedeeisen-mit-4-Haken-Hand-Forged-Wall-Coat-Rack-with-4-Hooks.png\",\"contentUrl\":\"https:\\\/\\\/etnoart.eu\\\/wp-content\\\/uploads\\\/2023\\\/06\\\/Seinaan-kiinnitettava-takkinaulakko-Sepistatud-riidevarn-4-konksu-Wandgarderobe-aus-Schmiedeeisen-mit-4-Haken-Hand-Forged-Wall-Coat-Rack-with-4-Hooks.png\",\"width\":1517,\"height\":1517,\"caption\":\"Wandgarderobe aus Schmiedeeisen mit 4 Haken\"},{\"@type\":\"BreadcrumbList\",\"@id\":\"https:\\\/\\\/etnoart.eu\\\/de\\\/toode\\\/wandgarderobe-aus-schmiedeeisen-mit-4-haken\\\/#breadcrumb\",\"itemListElement\":[{\"@type\":\"ListItem\",\"position\":1,\"name\":\"Home\",\"item\":\"https:\\\/\\\/etnoart.eu\\\/de\\\/\"},{\"@type\":\"ListItem\",\"position\":2,\"name\":\"Shop\",\"item\":\"https:\\\/\\\/etnoart.eu\\\/pood\\\/\"},{\"@type\":\"ListItem\",\"position\":3,\"name\":\"Wandgarderobe aus Schmiedeeisen mit 4 Haken\"}]},{\"@type\":\"WebSite\",\"@id\":\"https:\\\/\\\/etnoart.eu\\\/#website\",\"url\":\"https:\\\/\\\/etnoart.eu\\\/\",\"name\":\"Etnoart\",\"description\":\"K&auml;sit&ouml;&ouml;pood\",\"publisher\":{\"@id\":\"https:\\\/\\\/etnoart.eu\\\/#organization\"},\"potentialAction\":[{\"@type\":\"SearchAction\",\"target\":{\"@type\":\"EntryPoint\",\"urlTemplate\":\"https:\\\/\\\/etnoart.eu\\\/?s={search_term_string}\"},\"query-input\":{\"@type\":\"PropertyValueSpecification\",\"valueRequired\":true,\"valueName\":\"search_term_string\"}}],\"inLanguage\":\"de\"},{\"@type\":\"Organization\",\"@id\":\"https:\\\/\\\/etnoart.eu\\\/#organization\",\"name\":\"Etnoart O\u00dc\",\"url\":\"https:\\\/\\\/etnoart.eu\\\/\",\"logo\":{\"@type\":\"ImageObject\",\"inLanguage\":\"de\",\"@id\":\"https:\\\/\\\/etnoart.eu\\\/#\\\/schema\\\/logo\\\/image\\\/\",\"url\":\"https:\\\/\\\/etnoart.eu\\\/wp-content\\\/uploads\\\/2023\\\/06\\\/etnoart-logo.png\",\"contentUrl\":\"https:\\\/\\\/etnoart.eu\\\/wp-content\\\/uploads\\\/2023\\\/06\\\/etnoart-logo.png\",\"width\":491,\"height\":184,\"caption\":\"Etnoart O\u00dc\"},\"image\":{\"@id\":\"https:\\\/\\\/etnoart.eu\\\/#\\\/schema\\\/logo\\\/image\\\/\"},\"sameAs\":[\"https:\\\/\\\/www.facebook.com\\\/etnoart.handicraft.shop\"]}]}<\/script>\n<!-- \/ Yoast SEO plugin. -->","yoast_head_json":{"title":"Wandgarderobe aus Schmiedeeisen mit 4 Haken |EtnoArt| Haken","description":"Handgefertigte Wandgarderobe aus Schmiedeeisen mit 4 Haken. Gebogene Form f\u00fcr mehr Platz. Pulverbeschichtet f\u00fcr Schutz und Langlebigkeit. Ideal f\u00fcr Flur.","robots":{"index":"index","follow":"follow","max-snippet":"max-snippet:-1","max-image-preview":"max-image-preview:large","max-video-preview":"max-video-preview:-1"},"canonical":"https:\/\/etnoart.eu\/de\/toode\/wandgarderobe-aus-schmiedeeisen-mit-4-haken\/","og_locale":"de_DE","og_type":"article","og_title":"Wandgarderobe aus Schmiedeeisen mit 4 Haken |EtnoArt| Haken","og_description":"Handgefertigte Wandgarderobe aus Schmiedeeisen mit 4 Haken. Gebogene Form f\u00fcr mehr Platz. Pulverbeschichtet f\u00fcr Schutz und Langlebigkeit. Ideal f\u00fcr Flur.","og_url":"https:\/\/etnoart.eu\/de\/toode\/wandgarderobe-aus-schmiedeeisen-mit-4-haken\/","og_site_name":"Etnoart","article_publisher":"https:\/\/www.facebook.com\/etnoart.handicraft.shop","article_modified_time":"2025-03-17T11:21:02+00:00","og_image":[{"width":1517,"height":1517,"url":"https:\/\/etnoart.eu\/wp-content\/uploads\/2023\/06\/Seinaan-kiinnitettava-takkinaulakko-Sepistatud-riidevarn-4-konksu-Wandgarderobe-aus-Schmiedeeisen-mit-4-Haken-Hand-Forged-Wall-Coat-Rack-with-4-Hooks.png","type":"image\/png"}],"twitter_card":"summary_large_image","twitter_misc":{"Gesch\u00e4tzte Lesezeit":"1\u00a0Minute"},"schema":{"@context":"https:\/\/schema.org","@graph":[{"@type":"WebPage","@id":"https:\/\/etnoart.eu\/de\/toode\/wandgarderobe-aus-schmiedeeisen-mit-4-haken\/","url":"https:\/\/etnoart.eu\/de\/toode\/wandgarderobe-aus-schmiedeeisen-mit-4-haken\/","name":"Wandgarderobe aus Schmiedeeisen mit 4 Haken |EtnoArt| Haken","isPartOf":{"@id":"https:\/\/etnoart.eu\/#website"},"primaryImageOfPage":{"@id":"https:\/\/etnoart.eu\/de\/toode\/wandgarderobe-aus-schmiedeeisen-mit-4-haken\/#primaryimage"},"image":{"@id":"https:\/\/etnoart.eu\/de\/toode\/wandgarderobe-aus-schmiedeeisen-mit-4-haken\/#primaryimage"},"thumbnailUrl":"https:\/\/etnoart.eu\/wp-content\/uploads\/2023\/06\/Seinaan-kiinnitettava-takkinaulakko-Sepistatud-riidevarn-4-konksu-Wandgarderobe-aus-Schmiedeeisen-mit-4-Haken-Hand-Forged-Wall-Coat-Rack-with-4-Hooks.png","datePublished":"2023-06-08T08:51:46+00:00","dateModified":"2025-03-17T11:21:02+00:00","description":"Handgefertigte Wandgarderobe aus Schmiedeeisen mit 4 Haken. Gebogene Form f\u00fcr mehr Platz. Pulverbeschichtet f\u00fcr Schutz und Langlebigkeit. Ideal f\u00fcr Flur.","breadcrumb":{"@id":"https:\/\/etnoart.eu\/de\/toode\/wandgarderobe-aus-schmiedeeisen-mit-4-haken\/#breadcrumb"},"inLanguage":"de","potentialAction":[{"@type":"ReadAction","target":["https:\/\/etnoart.eu\/de\/toode\/wandgarderobe-aus-schmiedeeisen-mit-4-haken\/"]}]},{"@type":"ImageObject","inLanguage":"de","@id":"https:\/\/etnoart.eu\/de\/toode\/wandgarderobe-aus-schmiedeeisen-mit-4-haken\/#primaryimage","url":"https:\/\/etnoart.eu\/wp-content\/uploads\/2023\/06\/Seinaan-kiinnitettava-takkinaulakko-Sepistatud-riidevarn-4-konksu-Wandgarderobe-aus-Schmiedeeisen-mit-4-Haken-Hand-Forged-Wall-Coat-Rack-with-4-Hooks.png","contentUrl":"https:\/\/etnoart.eu\/wp-content\/uploads\/2023\/06\/Seinaan-kiinnitettava-takkinaulakko-Sepistatud-riidevarn-4-konksu-Wandgarderobe-aus-Schmiedeeisen-mit-4-Haken-Hand-Forged-Wall-Coat-Rack-with-4-Hooks.png","width":1517,"height":1517,"caption":"Wandgarderobe aus Schmiedeeisen mit 4 Haken"},{"@type":"BreadcrumbList","@id":"https:\/\/etnoart.eu\/de\/toode\/wandgarderobe-aus-schmiedeeisen-mit-4-haken\/#breadcrumb","itemListElement":[{"@type":"ListItem","position":1,"name":"Home","item":"https:\/\/etnoart.eu\/de\/"},{"@type":"ListItem","position":2,"name":"Shop","item":"https:\/\/etnoart.eu\/pood\/"},{"@type":"ListItem","position":3,"name":"Wandgarderobe aus Schmiedeeisen mit 4 Haken"}]},{"@type":"WebSite","@id":"https:\/\/etnoart.eu\/#website","url":"https:\/\/etnoart.eu\/","name":"Etnoart","description":"K&auml;sit&ouml;&ouml;pood","publisher":{"@id":"https:\/\/etnoart.eu\/#organization"},"potentialAction":[{"@type":"SearchAction","target":{"@type":"EntryPoint","urlTemplate":"https:\/\/etnoart.eu\/?s={search_term_string}"},"query-input":{"@type":"PropertyValueSpecification","valueRequired":true,"valueName":"search_term_string"}}],"inLanguage":"de"},{"@type":"Organization","@id":"https:\/\/etnoart.eu\/#organization","name":"Etnoart O\u00dc","url":"https:\/\/etnoart.eu\/","logo":{"@type":"ImageObject","inLanguage":"de","@id":"https:\/\/etnoart.eu\/#\/schema\/logo\/image\/","url":"https:\/\/etnoart.eu\/wp-content\/uploads\/2023\/06\/etnoart-logo.png","contentUrl":"https:\/\/etnoart.eu\/wp-content\/uploads\/2023\/06\/etnoart-logo.png","width":491,"height":184,"caption":"Etnoart O\u00dc"},"image":{"@id":"https:\/\/etnoart.eu\/#\/schema\/logo\/image\/"},"sameAs":["https:\/\/www.facebook.com\/etnoart.handicraft.shop"]}]}},"builder_content":"","_links":{"self":[{"href":"https:\/\/etnoart.eu\/de\/wp-json\/wp\/v2\/product\/5511","targetHints":{"allow":["GET"]}}],"collection":[{"href":"https:\/\/etnoart.eu\/de\/wp-json\/wp\/v2\/product"}],"about":[{"href":"https:\/\/etnoart.eu\/de\/wp-json\/wp\/v2\/types\/product"}],"wp:featuredmedia":[{"embeddable":true,"href":"https:\/\/etnoart.eu\/de\/wp-json\/wp\/v2\/media\/5518"}],"wp:attachment":[{"href":"https:\/\/etnoart.eu\/de\/wp-json\/wp\/v2\/media?parent=5511"}],"wp:term":[{"taxonomy":"product_brand","embeddable":true,"href":"https:\/\/etnoart.eu\/de\/wp-json\/wp\/v2\/product_brand?post=5511"},{"taxonomy":"product_cat","embeddable":true,"href":"https:\/\/etnoart.eu\/de\/wp-json\/wp\/v2\/product_cat?post=5511"},{"taxonomy":"product_tag","embeddable":true,"href":"https:\/\/etnoart.eu\/de\/wp-json\/wp\/v2\/product_tag?post=5511"}],"curies":[{"name":"wp","href":"https:\/\/api.w.org\/{rel}","templated":true}]}}