{"id":5476,"date":"2023-06-08T08:51:44","date_gmt":"2023-06-08T08:51:44","guid":{"rendered":"https:\/\/etnoart.eu\/toode\/riidevarn-3-nagiga\/"},"modified":"2025-03-16T18:32:10","modified_gmt":"2025-03-16T18:32:10","slug":"schmiedeeiserne-garderobenleiste-3-haken","status":"publish","type":"product","link":"https:\/\/etnoart.eu\/de\/toode\/schmiedeeiserne-garderobenleiste-3-haken\/","title":{"rendered":"Schmiedeeiserne Garderobenleiste 3 Haken"},"content":{"rendered":"<p>Schmiedeeiserne Garderobenleiste 3 Haken ist handgefertigt von Schmieden. Die stark gebogene Leiste schafft zus\u00e4tzlichen Platz f\u00fcr Kleidung. Die Breite betr\u00e4gt 41 cm, aber durch die Form bietet sie mehr Stauraum. Die 3 Haken sind mit Nieten befestigt. Jeder Haken hat zwei Teile: der untere f\u00fcr Kleidung, der obere f\u00fcr H\u00fcte. Ideal f\u00fcr Flure oder Schlafzimmer. Die Pulverbeschichtung sch\u00fctzt vor Feuchtigkeit, bewahrt aber die nat\u00fcrliche Metallstruktur.<\/p>\n","protected":false},"excerpt":{"rendered":"<p>Hochwertige schmiedeeiserne Garderobenleiste mit 3 Haken. Gebogene Form f\u00fcr mehr Platz. Pulverbeschichtet f\u00fcr Schutz und Stil.<br \/>\n<strong>Gewicht:<\/strong> 0,6 kg<br \/>\n<strong>Produkth\u00f6he:<\/strong> 15cm<br \/>\n<strong>Breite des Produkts:<\/strong> 41cm<br \/>\n<strong>Abstand zur Wand:<\/strong> 14cm<br \/>\n<strong>Beschichtung\/Oberfl\u00e4che:<\/strong> Matt pulverbeschichtet<\/p>\n","protected":false},"featured_media":5486,"template":"","meta":[],"product_brand":[],"product_cat":[424],"product_tag":[],"class_list":{"0":"post-5476","1":"product","2":"type-product","3":"status-publish","4":"has-post-thumbnail","6":"product_cat-kleiderstaender-garderobe-loesungen-haken","7":"has-post-title","8":"has-post-date","9":"has-post-category","10":"has-post-tag","11":"has-post-comment","12":"has-post-author","13":"","15":"first","16":"instock","17":"taxable","18":"shipping-taxable","19":"purchasable","20":"product-type-simple"},"yoast_head":"<!-- This site is optimized with the Yoast SEO plugin v27.3 - https:\/\/yoast.com\/product\/yoast-seo-wordpress\/ -->\n<title>Schmiedeeiserne Garderobenleiste 3 Haken |EtnoArt| Haken<\/title>\n<meta name=\"description\" content=\"Hochwertige schmiedeeiserne Garderobenleiste mit 3 Haken. Gebogene Form f\u00fcr mehr Platz. Pulverbeschichtet f\u00fcr Schutz und Stil.\" \/>\n<meta name=\"robots\" content=\"index, follow, max-snippet:-1, max-image-preview:large, max-video-preview:-1\" \/>\n<link rel=\"canonical\" href=\"https:\/\/etnoart.eu\/de\/toode\/schmiedeeiserne-garderobenleiste-3-haken\/\" \/>\n<meta property=\"og:locale\" content=\"de_DE\" \/>\n<meta property=\"og:type\" content=\"article\" \/>\n<meta property=\"og:title\" content=\"Schmiedeeiserne Garderobenleiste 3 Haken |EtnoArt| Haken\" \/>\n<meta property=\"og:description\" content=\"Hochwertige schmiedeeiserne Garderobenleiste mit 3 Haken. Gebogene Form f\u00fcr mehr Platz. Pulverbeschichtet f\u00fcr Schutz und Stil.\" \/>\n<meta property=\"og:url\" content=\"https:\/\/etnoart.eu\/de\/toode\/schmiedeeiserne-garderobenleiste-3-haken\/\" \/>\n<meta property=\"og:site_name\" content=\"Etnoart\" \/>\n<meta property=\"article:publisher\" content=\"https:\/\/www.facebook.com\/etnoart.handicraft.shop\" \/>\n<meta property=\"article:modified_time\" content=\"2025-03-16T18:32:10+00:00\" \/>\n<meta property=\"og:image\" content=\"https:\/\/etnoart.eu\/wp-content\/uploads\/2023\/06\/Schmiedeeiserne-Garderobenleiste-3-Haken-Riidevarn-3-nagiga-Hand-forged-wall-mounted-coat-rack-3-hooks-Seinaan-kiinnitettava-kasintaottu-naulakko-3-koukulla-1.png\" \/>\n\t<meta property=\"og:image:width\" content=\"1000\" \/>\n\t<meta property=\"og:image:height\" content=\"1000\" \/>\n\t<meta property=\"og:image:type\" content=\"image\/png\" \/>\n<meta name=\"twitter:card\" content=\"summary_large_image\" \/>\n<meta name=\"twitter:label1\" content=\"Gesch\u00e4tzte Lesezeit\" \/>\n\t<meta name=\"twitter:data1\" content=\"1\u00a0Minute\" \/>\n<script type=\"application\/ld+json\" class=\"yoast-schema-graph\">{\"@context\":\"https:\\\/\\\/schema.org\",\"@graph\":[{\"@type\":\"WebPage\",\"@id\":\"https:\\\/\\\/etnoart.eu\\\/de\\\/toode\\\/schmiedeeiserne-garderobenleiste-3-haken\\\/\",\"url\":\"https:\\\/\\\/etnoart.eu\\\/de\\\/toode\\\/schmiedeeiserne-garderobenleiste-3-haken\\\/\",\"name\":\"Schmiedeeiserne Garderobenleiste 3 Haken |EtnoArt| Haken\",\"isPartOf\":{\"@id\":\"https:\\\/\\\/etnoart.eu\\\/#website\"},\"primaryImageOfPage\":{\"@id\":\"https:\\\/\\\/etnoart.eu\\\/de\\\/toode\\\/schmiedeeiserne-garderobenleiste-3-haken\\\/#primaryimage\"},\"image\":{\"@id\":\"https:\\\/\\\/etnoart.eu\\\/de\\\/toode\\\/schmiedeeiserne-garderobenleiste-3-haken\\\/#primaryimage\"},\"thumbnailUrl\":\"https:\\\/\\\/etnoart.eu\\\/wp-content\\\/uploads\\\/2023\\\/06\\\/Schmiedeeiserne-Garderobenleiste-3-Haken-Riidevarn-3-nagiga-Hand-forged-wall-mounted-coat-rack-3-hooks-Seinaan-kiinnitettava-kasintaottu-naulakko-3-koukulla-1.png\",\"datePublished\":\"2023-06-08T08:51:44+00:00\",\"dateModified\":\"2025-03-16T18:32:10+00:00\",\"description\":\"Hochwertige schmiedeeiserne Garderobenleiste mit 3 Haken. Gebogene Form f\u00fcr mehr Platz. Pulverbeschichtet f\u00fcr Schutz und Stil.\",\"breadcrumb\":{\"@id\":\"https:\\\/\\\/etnoart.eu\\\/de\\\/toode\\\/schmiedeeiserne-garderobenleiste-3-haken\\\/#breadcrumb\"},\"inLanguage\":\"de\",\"potentialAction\":[{\"@type\":\"ReadAction\",\"target\":[\"https:\\\/\\\/etnoart.eu\\\/de\\\/toode\\\/schmiedeeiserne-garderobenleiste-3-haken\\\/\"]}]},{\"@type\":\"ImageObject\",\"inLanguage\":\"de\",\"@id\":\"https:\\\/\\\/etnoart.eu\\\/de\\\/toode\\\/schmiedeeiserne-garderobenleiste-3-haken\\\/#primaryimage\",\"url\":\"https:\\\/\\\/etnoart.eu\\\/wp-content\\\/uploads\\\/2023\\\/06\\\/Schmiedeeiserne-Garderobenleiste-3-Haken-Riidevarn-3-nagiga-Hand-forged-wall-mounted-coat-rack-3-hooks-Seinaan-kiinnitettava-kasintaottu-naulakko-3-koukulla-1.png\",\"contentUrl\":\"https:\\\/\\\/etnoart.eu\\\/wp-content\\\/uploads\\\/2023\\\/06\\\/Schmiedeeiserne-Garderobenleiste-3-Haken-Riidevarn-3-nagiga-Hand-forged-wall-mounted-coat-rack-3-hooks-Seinaan-kiinnitettava-kasintaottu-naulakko-3-koukulla-1.png\",\"width\":1000,\"height\":1000,\"caption\":\"Schmiedeeiserne Garderobenleiste 3 Haken\"},{\"@type\":\"BreadcrumbList\",\"@id\":\"https:\\\/\\\/etnoart.eu\\\/de\\\/toode\\\/schmiedeeiserne-garderobenleiste-3-haken\\\/#breadcrumb\",\"itemListElement\":[{\"@type\":\"ListItem\",\"position\":1,\"name\":\"Home\",\"item\":\"https:\\\/\\\/etnoart.eu\\\/de\\\/\"},{\"@type\":\"ListItem\",\"position\":2,\"name\":\"Shop\",\"item\":\"https:\\\/\\\/etnoart.eu\\\/pood\\\/\"},{\"@type\":\"ListItem\",\"position\":3,\"name\":\"Schmiedeeiserne Garderobenleiste 3 Haken\"}]},{\"@type\":\"WebSite\",\"@id\":\"https:\\\/\\\/etnoart.eu\\\/#website\",\"url\":\"https:\\\/\\\/etnoart.eu\\\/\",\"name\":\"Etnoart\",\"description\":\"K&auml;sit&ouml;&ouml;pood\",\"publisher\":{\"@id\":\"https:\\\/\\\/etnoart.eu\\\/#organization\"},\"potentialAction\":[{\"@type\":\"SearchAction\",\"target\":{\"@type\":\"EntryPoint\",\"urlTemplate\":\"https:\\\/\\\/etnoart.eu\\\/?s={search_term_string}\"},\"query-input\":{\"@type\":\"PropertyValueSpecification\",\"valueRequired\":true,\"valueName\":\"search_term_string\"}}],\"inLanguage\":\"de\"},{\"@type\":\"Organization\",\"@id\":\"https:\\\/\\\/etnoart.eu\\\/#organization\",\"name\":\"Etnoart O\u00dc\",\"url\":\"https:\\\/\\\/etnoart.eu\\\/\",\"logo\":{\"@type\":\"ImageObject\",\"inLanguage\":\"de\",\"@id\":\"https:\\\/\\\/etnoart.eu\\\/#\\\/schema\\\/logo\\\/image\\\/\",\"url\":\"https:\\\/\\\/etnoart.eu\\\/wp-content\\\/uploads\\\/2023\\\/06\\\/etnoart-logo.png\",\"contentUrl\":\"https:\\\/\\\/etnoart.eu\\\/wp-content\\\/uploads\\\/2023\\\/06\\\/etnoart-logo.png\",\"width\":491,\"height\":184,\"caption\":\"Etnoart O\u00dc\"},\"image\":{\"@id\":\"https:\\\/\\\/etnoart.eu\\\/#\\\/schema\\\/logo\\\/image\\\/\"},\"sameAs\":[\"https:\\\/\\\/www.facebook.com\\\/etnoart.handicraft.shop\"]}]}<\/script>\n<!-- \/ Yoast SEO plugin. -->","yoast_head_json":{"title":"Schmiedeeiserne Garderobenleiste 3 Haken |EtnoArt| Haken","description":"Hochwertige schmiedeeiserne Garderobenleiste mit 3 Haken. Gebogene Form f\u00fcr mehr Platz. Pulverbeschichtet f\u00fcr Schutz und Stil.","robots":{"index":"index","follow":"follow","max-snippet":"max-snippet:-1","max-image-preview":"max-image-preview:large","max-video-preview":"max-video-preview:-1"},"canonical":"https:\/\/etnoart.eu\/de\/toode\/schmiedeeiserne-garderobenleiste-3-haken\/","og_locale":"de_DE","og_type":"article","og_title":"Schmiedeeiserne Garderobenleiste 3 Haken |EtnoArt| Haken","og_description":"Hochwertige schmiedeeiserne Garderobenleiste mit 3 Haken. Gebogene Form f\u00fcr mehr Platz. Pulverbeschichtet f\u00fcr Schutz und Stil.","og_url":"https:\/\/etnoart.eu\/de\/toode\/schmiedeeiserne-garderobenleiste-3-haken\/","og_site_name":"Etnoart","article_publisher":"https:\/\/www.facebook.com\/etnoart.handicraft.shop","article_modified_time":"2025-03-16T18:32:10+00:00","og_image":[{"width":1000,"height":1000,"url":"https:\/\/etnoart.eu\/wp-content\/uploads\/2023\/06\/Schmiedeeiserne-Garderobenleiste-3-Haken-Riidevarn-3-nagiga-Hand-forged-wall-mounted-coat-rack-3-hooks-Seinaan-kiinnitettava-kasintaottu-naulakko-3-koukulla-1.png","type":"image\/png"}],"twitter_card":"summary_large_image","twitter_misc":{"Gesch\u00e4tzte Lesezeit":"1\u00a0Minute"},"schema":{"@context":"https:\/\/schema.org","@graph":[{"@type":"WebPage","@id":"https:\/\/etnoart.eu\/de\/toode\/schmiedeeiserne-garderobenleiste-3-haken\/","url":"https:\/\/etnoart.eu\/de\/toode\/schmiedeeiserne-garderobenleiste-3-haken\/","name":"Schmiedeeiserne Garderobenleiste 3 Haken |EtnoArt| Haken","isPartOf":{"@id":"https:\/\/etnoart.eu\/#website"},"primaryImageOfPage":{"@id":"https:\/\/etnoart.eu\/de\/toode\/schmiedeeiserne-garderobenleiste-3-haken\/#primaryimage"},"image":{"@id":"https:\/\/etnoart.eu\/de\/toode\/schmiedeeiserne-garderobenleiste-3-haken\/#primaryimage"},"thumbnailUrl":"https:\/\/etnoart.eu\/wp-content\/uploads\/2023\/06\/Schmiedeeiserne-Garderobenleiste-3-Haken-Riidevarn-3-nagiga-Hand-forged-wall-mounted-coat-rack-3-hooks-Seinaan-kiinnitettava-kasintaottu-naulakko-3-koukulla-1.png","datePublished":"2023-06-08T08:51:44+00:00","dateModified":"2025-03-16T18:32:10+00:00","description":"Hochwertige schmiedeeiserne Garderobenleiste mit 3 Haken. Gebogene Form f\u00fcr mehr Platz. Pulverbeschichtet f\u00fcr Schutz und Stil.","breadcrumb":{"@id":"https:\/\/etnoart.eu\/de\/toode\/schmiedeeiserne-garderobenleiste-3-haken\/#breadcrumb"},"inLanguage":"de","potentialAction":[{"@type":"ReadAction","target":["https:\/\/etnoart.eu\/de\/toode\/schmiedeeiserne-garderobenleiste-3-haken\/"]}]},{"@type":"ImageObject","inLanguage":"de","@id":"https:\/\/etnoart.eu\/de\/toode\/schmiedeeiserne-garderobenleiste-3-haken\/#primaryimage","url":"https:\/\/etnoart.eu\/wp-content\/uploads\/2023\/06\/Schmiedeeiserne-Garderobenleiste-3-Haken-Riidevarn-3-nagiga-Hand-forged-wall-mounted-coat-rack-3-hooks-Seinaan-kiinnitettava-kasintaottu-naulakko-3-koukulla-1.png","contentUrl":"https:\/\/etnoart.eu\/wp-content\/uploads\/2023\/06\/Schmiedeeiserne-Garderobenleiste-3-Haken-Riidevarn-3-nagiga-Hand-forged-wall-mounted-coat-rack-3-hooks-Seinaan-kiinnitettava-kasintaottu-naulakko-3-koukulla-1.png","width":1000,"height":1000,"caption":"Schmiedeeiserne Garderobenleiste 3 Haken"},{"@type":"BreadcrumbList","@id":"https:\/\/etnoart.eu\/de\/toode\/schmiedeeiserne-garderobenleiste-3-haken\/#breadcrumb","itemListElement":[{"@type":"ListItem","position":1,"name":"Home","item":"https:\/\/etnoart.eu\/de\/"},{"@type":"ListItem","position":2,"name":"Shop","item":"https:\/\/etnoart.eu\/pood\/"},{"@type":"ListItem","position":3,"name":"Schmiedeeiserne Garderobenleiste 3 Haken"}]},{"@type":"WebSite","@id":"https:\/\/etnoart.eu\/#website","url":"https:\/\/etnoart.eu\/","name":"Etnoart","description":"K&auml;sit&ouml;&ouml;pood","publisher":{"@id":"https:\/\/etnoart.eu\/#organization"},"potentialAction":[{"@type":"SearchAction","target":{"@type":"EntryPoint","urlTemplate":"https:\/\/etnoart.eu\/?s={search_term_string}"},"query-input":{"@type":"PropertyValueSpecification","valueRequired":true,"valueName":"search_term_string"}}],"inLanguage":"de"},{"@type":"Organization","@id":"https:\/\/etnoart.eu\/#organization","name":"Etnoart O\u00dc","url":"https:\/\/etnoart.eu\/","logo":{"@type":"ImageObject","inLanguage":"de","@id":"https:\/\/etnoart.eu\/#\/schema\/logo\/image\/","url":"https:\/\/etnoart.eu\/wp-content\/uploads\/2023\/06\/etnoart-logo.png","contentUrl":"https:\/\/etnoart.eu\/wp-content\/uploads\/2023\/06\/etnoart-logo.png","width":491,"height":184,"caption":"Etnoart O\u00dc"},"image":{"@id":"https:\/\/etnoart.eu\/#\/schema\/logo\/image\/"},"sameAs":["https:\/\/www.facebook.com\/etnoart.handicraft.shop"]}]}},"builder_content":"","_links":{"self":[{"href":"https:\/\/etnoart.eu\/de\/wp-json\/wp\/v2\/product\/5476","targetHints":{"allow":["GET"]}}],"collection":[{"href":"https:\/\/etnoart.eu\/de\/wp-json\/wp\/v2\/product"}],"about":[{"href":"https:\/\/etnoart.eu\/de\/wp-json\/wp\/v2\/types\/product"}],"wp:featuredmedia":[{"embeddable":true,"href":"https:\/\/etnoart.eu\/de\/wp-json\/wp\/v2\/media\/5486"}],"wp:attachment":[{"href":"https:\/\/etnoart.eu\/de\/wp-json\/wp\/v2\/media?parent=5476"}],"wp:term":[{"taxonomy":"product_brand","embeddable":true,"href":"https:\/\/etnoart.eu\/de\/wp-json\/wp\/v2\/product_brand?post=5476"},{"taxonomy":"product_cat","embeddable":true,"href":"https:\/\/etnoart.eu\/de\/wp-json\/wp\/v2\/product_cat?post=5476"},{"taxonomy":"product_tag","embeddable":true,"href":"https:\/\/etnoart.eu\/de\/wp-json\/wp\/v2\/product_tag?post=5476"}],"curies":[{"name":"wp","href":"https:\/\/api.w.org\/{rel}","templated":true}]}}