{"id":5461,"date":"2023-06-08T08:50:59","date_gmt":"2023-06-08T08:50:59","guid":{"rendered":"https:\/\/etnoart.eu\/toode\/nagi-sarvega-3-ne\/"},"modified":"2025-03-16T17:29:06","modified_gmt":"2025-03-16T17:29:06","slug":"schmiedeeiserne-garderobenhakenleiste-3-haken","status":"publish","type":"product","link":"https:\/\/etnoart.eu\/de\/toode\/schmiedeeiserne-garderobenhakenleiste-3-haken\/","title":{"rendered":"Schmiedeeiserne Garderobenhakenleiste 3 Haken"},"content":{"rendered":"<p>Die <strong>Schmiedeeiserne Garderobenhakenleiste 3 Haken<\/strong> ist ein handgefertigter, robuster und dekorativer Wandhaken f\u00fcr Kleidung und Accessoires.<\/p>\n<p>Die geschmiedete Hakenleiste ist leicht gebogen und bietet dadurch mehr Platz f\u00fcr aufgeh\u00e4ngte Kleidungsst\u00fccke. An der Leiste sind drei stabile Doppelhaken angebracht: Der untere Haken eignet sich f\u00fcr M\u00e4ntel und Jacken, w\u00e4hrend der obere, nach oben gebogene Haken perfekt f\u00fcr H\u00fcte ist.<\/p>\n<p>Ideal f\u00fcr Flur, Schlafzimmer oder K\u00fcche \u2013 ein stilvolles und funktionales Wohnaccessoire. Mit Lack \u00fcberzogen, daher nur f\u00fcr den Innenbereich geeignet.<\/p>\n<p>Breite: 39 cm<\/p>\n<p>Verleihen Sie Ihrem Zuhause einen rustikalen Charme mit der Schmiedeeisernen Garderobenhakenleiste 3 Haken!<\/p>\n","protected":false},"excerpt":{"rendered":"<p>Schmiedeeiserne Garderobenhakenleiste mit 3 stabilen Haken. Perfekt f\u00fcr M\u00e4ntel, H\u00fcte und Accessoires. Rustikales Design, ideal f\u00fcr den Innenbereich.<br \/>\n<strong>Gewicht:<\/strong> 0,9 kg<br \/>\n<strong>Produkth\u00f6he:<\/strong> 15cm<br \/>\n<strong>Breite des Produkts:<\/strong> 39cm<br \/>\n<strong>Beschichtung\/Oberfl\u00e4che:<\/strong> Das Produkt ist lackiert.<\/p>\n","protected":false},"featured_media":5469,"template":"","meta":[],"product_brand":[],"product_cat":[424],"product_tag":[],"class_list":{"0":"post-5461","1":"product","2":"type-product","3":"status-publish","4":"has-post-thumbnail","6":"product_cat-kleiderstaender-garderobe-loesungen-haken","7":"has-post-title","8":"has-post-date","9":"has-post-category","10":"has-post-tag","11":"has-post-comment","12":"has-post-author","13":"","15":"first","16":"instock","17":"taxable","18":"shipping-taxable","19":"purchasable","20":"product-type-simple"},"yoast_head":"<!-- This site is optimized with the Yoast SEO plugin v27.4 - https:\/\/yoast.com\/product\/yoast-seo-wordpress\/ -->\n<title>Schmiedeeiserne Garderobenhakenleiste 3 Haken |EtnoArt| Haken<\/title>\n<meta name=\"description\" content=\"Schmiedeeiserne Garderobenhakenleiste mit 3 stabilen Haken. Perfekt f\u00fcr M\u00e4ntel, H\u00fcte und Accessoires. Rustikales Design, ideal f\u00fcr den Innenbereich.\" \/>\n<meta name=\"robots\" content=\"index, follow, max-snippet:-1, max-image-preview:large, max-video-preview:-1\" \/>\n<link rel=\"canonical\" href=\"https:\/\/etnoart.eu\/de\/toode\/schmiedeeiserne-garderobenhakenleiste-3-haken\/\" \/>\n<meta property=\"og:locale\" content=\"de_DE\" \/>\n<meta property=\"og:type\" content=\"article\" \/>\n<meta property=\"og:title\" content=\"Schmiedeeiserne Garderobenhakenleiste 3 Haken |EtnoArt| Haken\" \/>\n<meta property=\"og:description\" content=\"Schmiedeeiserne Garderobenhakenleiste mit 3 stabilen Haken. Perfekt f\u00fcr M\u00e4ntel, H\u00fcte und Accessoires. Rustikales Design, ideal f\u00fcr den Innenbereich.\" \/>\n<meta property=\"og:url\" content=\"https:\/\/etnoart.eu\/de\/toode\/schmiedeeiserne-garderobenhakenleiste-3-haken\/\" \/>\n<meta property=\"og:site_name\" content=\"Etnoart\" \/>\n<meta property=\"article:publisher\" content=\"https:\/\/www.facebook.com\/etnoart.handicraft.shop\" \/>\n<meta property=\"article:modified_time\" content=\"2025-03-16T17:29:06+00:00\" \/>\n<meta property=\"og:image\" content=\"https:\/\/etnoart.eu\/wp-content\/uploads\/2023\/06\/Seinaan-kiinnitettava-naulakko-3-koukulla-Hand-Forged-Wall-Hook-Rack-Nagi-Sarvega-3-ne-Schmiedeeiserne-Garderobenhakenleiste-3-Haken.png\" \/>\n\t<meta property=\"og:image:width\" content=\"998\" \/>\n\t<meta property=\"og:image:height\" content=\"998\" \/>\n\t<meta property=\"og:image:type\" content=\"image\/png\" \/>\n<meta name=\"twitter:card\" content=\"summary_large_image\" \/>\n<meta name=\"twitter:label1\" content=\"Gesch\u00e4tzte Lesezeit\" \/>\n\t<meta name=\"twitter:data1\" content=\"1\u00a0Minute\" \/>\n<script type=\"application\/ld+json\" class=\"yoast-schema-graph\">{\"@context\":\"https:\\\/\\\/schema.org\",\"@graph\":[{\"@type\":\"WebPage\",\"@id\":\"https:\\\/\\\/etnoart.eu\\\/de\\\/toode\\\/schmiedeeiserne-garderobenhakenleiste-3-haken\\\/\",\"url\":\"https:\\\/\\\/etnoart.eu\\\/de\\\/toode\\\/schmiedeeiserne-garderobenhakenleiste-3-haken\\\/\",\"name\":\"Schmiedeeiserne Garderobenhakenleiste 3 Haken |EtnoArt| Haken\",\"isPartOf\":{\"@id\":\"https:\\\/\\\/etnoart.eu\\\/#website\"},\"primaryImageOfPage\":{\"@id\":\"https:\\\/\\\/etnoart.eu\\\/de\\\/toode\\\/schmiedeeiserne-garderobenhakenleiste-3-haken\\\/#primaryimage\"},\"image\":{\"@id\":\"https:\\\/\\\/etnoart.eu\\\/de\\\/toode\\\/schmiedeeiserne-garderobenhakenleiste-3-haken\\\/#primaryimage\"},\"thumbnailUrl\":\"https:\\\/\\\/etnoart.eu\\\/wp-content\\\/uploads\\\/2023\\\/06\\\/Seinaan-kiinnitettava-naulakko-3-koukulla-Hand-Forged-Wall-Hook-Rack-Nagi-Sarvega-3-ne-Schmiedeeiserne-Garderobenhakenleiste-3-Haken.png\",\"datePublished\":\"2023-06-08T08:50:59+00:00\",\"dateModified\":\"2025-03-16T17:29:06+00:00\",\"description\":\"Schmiedeeiserne Garderobenhakenleiste mit 3 stabilen Haken. Perfekt f\u00fcr M\u00e4ntel, H\u00fcte und Accessoires. Rustikales Design, ideal f\u00fcr den Innenbereich.\",\"breadcrumb\":{\"@id\":\"https:\\\/\\\/etnoart.eu\\\/de\\\/toode\\\/schmiedeeiserne-garderobenhakenleiste-3-haken\\\/#breadcrumb\"},\"inLanguage\":\"de\",\"potentialAction\":[{\"@type\":\"ReadAction\",\"target\":[\"https:\\\/\\\/etnoart.eu\\\/de\\\/toode\\\/schmiedeeiserne-garderobenhakenleiste-3-haken\\\/\"]}]},{\"@type\":\"ImageObject\",\"inLanguage\":\"de\",\"@id\":\"https:\\\/\\\/etnoart.eu\\\/de\\\/toode\\\/schmiedeeiserne-garderobenhakenleiste-3-haken\\\/#primaryimage\",\"url\":\"https:\\\/\\\/etnoart.eu\\\/wp-content\\\/uploads\\\/2023\\\/06\\\/Seinaan-kiinnitettava-naulakko-3-koukulla-Hand-Forged-Wall-Hook-Rack-Nagi-Sarvega-3-ne-Schmiedeeiserne-Garderobenhakenleiste-3-Haken.png\",\"contentUrl\":\"https:\\\/\\\/etnoart.eu\\\/wp-content\\\/uploads\\\/2023\\\/06\\\/Seinaan-kiinnitettava-naulakko-3-koukulla-Hand-Forged-Wall-Hook-Rack-Nagi-Sarvega-3-ne-Schmiedeeiserne-Garderobenhakenleiste-3-Haken.png\",\"width\":998,\"height\":998,\"caption\":\"Schmiedeeiserne Garderobenhakenleiste 3 Haken\"},{\"@type\":\"BreadcrumbList\",\"@id\":\"https:\\\/\\\/etnoart.eu\\\/de\\\/toode\\\/schmiedeeiserne-garderobenhakenleiste-3-haken\\\/#breadcrumb\",\"itemListElement\":[{\"@type\":\"ListItem\",\"position\":1,\"name\":\"Home\",\"item\":\"https:\\\/\\\/etnoart.eu\\\/de\\\/\"},{\"@type\":\"ListItem\",\"position\":2,\"name\":\"Shop\",\"item\":\"https:\\\/\\\/etnoart.eu\\\/pood\\\/\"},{\"@type\":\"ListItem\",\"position\":3,\"name\":\"Schmiedeeiserne Garderobenhakenleiste 3 Haken\"}]},{\"@type\":\"WebSite\",\"@id\":\"https:\\\/\\\/etnoart.eu\\\/#website\",\"url\":\"https:\\\/\\\/etnoart.eu\\\/\",\"name\":\"Etnoart\",\"description\":\"K&auml;sit&ouml;&ouml;pood\",\"publisher\":{\"@id\":\"https:\\\/\\\/etnoart.eu\\\/#organization\"},\"potentialAction\":[{\"@type\":\"SearchAction\",\"target\":{\"@type\":\"EntryPoint\",\"urlTemplate\":\"https:\\\/\\\/etnoart.eu\\\/?s={search_term_string}\"},\"query-input\":{\"@type\":\"PropertyValueSpecification\",\"valueRequired\":true,\"valueName\":\"search_term_string\"}}],\"inLanguage\":\"de\"},{\"@type\":\"Organization\",\"@id\":\"https:\\\/\\\/etnoart.eu\\\/#organization\",\"name\":\"Etnoart O\u00dc\",\"url\":\"https:\\\/\\\/etnoart.eu\\\/\",\"logo\":{\"@type\":\"ImageObject\",\"inLanguage\":\"de\",\"@id\":\"https:\\\/\\\/etnoart.eu\\\/#\\\/schema\\\/logo\\\/image\\\/\",\"url\":\"https:\\\/\\\/etnoart.eu\\\/wp-content\\\/uploads\\\/2023\\\/06\\\/etnoart-logo.png\",\"contentUrl\":\"https:\\\/\\\/etnoart.eu\\\/wp-content\\\/uploads\\\/2023\\\/06\\\/etnoart-logo.png\",\"width\":491,\"height\":184,\"caption\":\"Etnoart O\u00dc\"},\"image\":{\"@id\":\"https:\\\/\\\/etnoart.eu\\\/#\\\/schema\\\/logo\\\/image\\\/\"},\"sameAs\":[\"https:\\\/\\\/www.facebook.com\\\/etnoart.handicraft.shop\"]}]}<\/script>\n<!-- \/ Yoast SEO plugin. -->","yoast_head_json":{"title":"Schmiedeeiserne Garderobenhakenleiste 3 Haken |EtnoArt| Haken","description":"Schmiedeeiserne Garderobenhakenleiste mit 3 stabilen Haken. Perfekt f\u00fcr M\u00e4ntel, H\u00fcte und Accessoires. Rustikales Design, ideal f\u00fcr den Innenbereich.","robots":{"index":"index","follow":"follow","max-snippet":"max-snippet:-1","max-image-preview":"max-image-preview:large","max-video-preview":"max-video-preview:-1"},"canonical":"https:\/\/etnoart.eu\/de\/toode\/schmiedeeiserne-garderobenhakenleiste-3-haken\/","og_locale":"de_DE","og_type":"article","og_title":"Schmiedeeiserne Garderobenhakenleiste 3 Haken |EtnoArt| Haken","og_description":"Schmiedeeiserne Garderobenhakenleiste mit 3 stabilen Haken. Perfekt f\u00fcr M\u00e4ntel, H\u00fcte und Accessoires. Rustikales Design, ideal f\u00fcr den Innenbereich.","og_url":"https:\/\/etnoart.eu\/de\/toode\/schmiedeeiserne-garderobenhakenleiste-3-haken\/","og_site_name":"Etnoart","article_publisher":"https:\/\/www.facebook.com\/etnoart.handicraft.shop","article_modified_time":"2025-03-16T17:29:06+00:00","og_image":[{"width":998,"height":998,"url":"https:\/\/etnoart.eu\/wp-content\/uploads\/2023\/06\/Seinaan-kiinnitettava-naulakko-3-koukulla-Hand-Forged-Wall-Hook-Rack-Nagi-Sarvega-3-ne-Schmiedeeiserne-Garderobenhakenleiste-3-Haken.png","type":"image\/png"}],"twitter_card":"summary_large_image","twitter_misc":{"Gesch\u00e4tzte Lesezeit":"1\u00a0Minute"},"schema":{"@context":"https:\/\/schema.org","@graph":[{"@type":"WebPage","@id":"https:\/\/etnoart.eu\/de\/toode\/schmiedeeiserne-garderobenhakenleiste-3-haken\/","url":"https:\/\/etnoart.eu\/de\/toode\/schmiedeeiserne-garderobenhakenleiste-3-haken\/","name":"Schmiedeeiserne Garderobenhakenleiste 3 Haken |EtnoArt| Haken","isPartOf":{"@id":"https:\/\/etnoart.eu\/#website"},"primaryImageOfPage":{"@id":"https:\/\/etnoart.eu\/de\/toode\/schmiedeeiserne-garderobenhakenleiste-3-haken\/#primaryimage"},"image":{"@id":"https:\/\/etnoart.eu\/de\/toode\/schmiedeeiserne-garderobenhakenleiste-3-haken\/#primaryimage"},"thumbnailUrl":"https:\/\/etnoart.eu\/wp-content\/uploads\/2023\/06\/Seinaan-kiinnitettava-naulakko-3-koukulla-Hand-Forged-Wall-Hook-Rack-Nagi-Sarvega-3-ne-Schmiedeeiserne-Garderobenhakenleiste-3-Haken.png","datePublished":"2023-06-08T08:50:59+00:00","dateModified":"2025-03-16T17:29:06+00:00","description":"Schmiedeeiserne Garderobenhakenleiste mit 3 stabilen Haken. Perfekt f\u00fcr M\u00e4ntel, H\u00fcte und Accessoires. Rustikales Design, ideal f\u00fcr den Innenbereich.","breadcrumb":{"@id":"https:\/\/etnoart.eu\/de\/toode\/schmiedeeiserne-garderobenhakenleiste-3-haken\/#breadcrumb"},"inLanguage":"de","potentialAction":[{"@type":"ReadAction","target":["https:\/\/etnoart.eu\/de\/toode\/schmiedeeiserne-garderobenhakenleiste-3-haken\/"]}]},{"@type":"ImageObject","inLanguage":"de","@id":"https:\/\/etnoart.eu\/de\/toode\/schmiedeeiserne-garderobenhakenleiste-3-haken\/#primaryimage","url":"https:\/\/etnoart.eu\/wp-content\/uploads\/2023\/06\/Seinaan-kiinnitettava-naulakko-3-koukulla-Hand-Forged-Wall-Hook-Rack-Nagi-Sarvega-3-ne-Schmiedeeiserne-Garderobenhakenleiste-3-Haken.png","contentUrl":"https:\/\/etnoart.eu\/wp-content\/uploads\/2023\/06\/Seinaan-kiinnitettava-naulakko-3-koukulla-Hand-Forged-Wall-Hook-Rack-Nagi-Sarvega-3-ne-Schmiedeeiserne-Garderobenhakenleiste-3-Haken.png","width":998,"height":998,"caption":"Schmiedeeiserne Garderobenhakenleiste 3 Haken"},{"@type":"BreadcrumbList","@id":"https:\/\/etnoart.eu\/de\/toode\/schmiedeeiserne-garderobenhakenleiste-3-haken\/#breadcrumb","itemListElement":[{"@type":"ListItem","position":1,"name":"Home","item":"https:\/\/etnoart.eu\/de\/"},{"@type":"ListItem","position":2,"name":"Shop","item":"https:\/\/etnoart.eu\/pood\/"},{"@type":"ListItem","position":3,"name":"Schmiedeeiserne Garderobenhakenleiste 3 Haken"}]},{"@type":"WebSite","@id":"https:\/\/etnoart.eu\/#website","url":"https:\/\/etnoart.eu\/","name":"Etnoart","description":"K&auml;sit&ouml;&ouml;pood","publisher":{"@id":"https:\/\/etnoart.eu\/#organization"},"potentialAction":[{"@type":"SearchAction","target":{"@type":"EntryPoint","urlTemplate":"https:\/\/etnoart.eu\/?s={search_term_string}"},"query-input":{"@type":"PropertyValueSpecification","valueRequired":true,"valueName":"search_term_string"}}],"inLanguage":"de"},{"@type":"Organization","@id":"https:\/\/etnoart.eu\/#organization","name":"Etnoart O\u00dc","url":"https:\/\/etnoart.eu\/","logo":{"@type":"ImageObject","inLanguage":"de","@id":"https:\/\/etnoart.eu\/#\/schema\/logo\/image\/","url":"https:\/\/etnoart.eu\/wp-content\/uploads\/2023\/06\/etnoart-logo.png","contentUrl":"https:\/\/etnoart.eu\/wp-content\/uploads\/2023\/06\/etnoart-logo.png","width":491,"height":184,"caption":"Etnoart O\u00dc"},"image":{"@id":"https:\/\/etnoart.eu\/#\/schema\/logo\/image\/"},"sameAs":["https:\/\/www.facebook.com\/etnoart.handicraft.shop"]}]}},"builder_content":"","_links":{"self":[{"href":"https:\/\/etnoart.eu\/de\/wp-json\/wp\/v2\/product\/5461","targetHints":{"allow":["GET"]}}],"collection":[{"href":"https:\/\/etnoart.eu\/de\/wp-json\/wp\/v2\/product"}],"about":[{"href":"https:\/\/etnoart.eu\/de\/wp-json\/wp\/v2\/types\/product"}],"wp:featuredmedia":[{"embeddable":true,"href":"https:\/\/etnoart.eu\/de\/wp-json\/wp\/v2\/media\/5469"}],"wp:attachment":[{"href":"https:\/\/etnoart.eu\/de\/wp-json\/wp\/v2\/media?parent=5461"}],"wp:term":[{"taxonomy":"product_brand","embeddable":true,"href":"https:\/\/etnoart.eu\/de\/wp-json\/wp\/v2\/product_brand?post=5461"},{"taxonomy":"product_cat","embeddable":true,"href":"https:\/\/etnoart.eu\/de\/wp-json\/wp\/v2\/product_cat?post=5461"},{"taxonomy":"product_tag","embeddable":true,"href":"https:\/\/etnoart.eu\/de\/wp-json\/wp\/v2\/product_tag?post=5461"}],"curies":[{"name":"wp","href":"https:\/\/api.w.org\/{rel}","templated":true}]}}