{"id":5451,"date":"2023-06-08T08:50:59","date_gmt":"2023-06-08T08:50:59","guid":{"rendered":"https:\/\/etnoart.eu\/toode\/riputusnagi-5-ne\/"},"modified":"2025-03-16T14:07:56","modified_gmt":"2025-03-16T14:07:56","slug":"wandgarderobe-mit-5-haken-2","status":"publish","type":"product","link":"https:\/\/etnoart.eu\/de\/toode\/wandgarderobe-mit-5-haken-2\/","title":{"rendered":"Wandgarderobe mit 5 Haken"},"content":{"rendered":"<p><strong>Wandgarderobe mit 5 Haken<\/strong> \u2013 handgeschmiedete Kleiderhakenleiste f\u00fcr vielseitige Nutzung<\/p>\n<p>Diese Wandgarderobe mit 5 Haken ist ideal f\u00fcr Jacken, Handt\u00fccher oder K\u00fcchenutensilien.<\/p>\n<p>Die geschmiedete, leicht gebogene Hakenleiste sorgt f\u00fcr mehr Platz zum Aufh\u00e4ngen.<\/p>\n<p>F\u00fcnf robuste Haken sind stabil befestigt und bieten vielseitige Einsatzm\u00f6glichkeiten.<\/p>\n<p>Dank der dekorativen Reliefstruktur erh\u00e4lt die Garderobe eine rustikale Optik.<\/p>\n<p>Die lackierte Oberfl\u00e4che sch\u00fctzt das Metall, doch das Produkt ist nur f\u00fcr den Innenbereich geeignet.<\/p>\n<p>Mit einer Breite von 62 cm passt sie perfekt in Flure, K\u00fcchen oder Garderobenr\u00e4ume.<\/p>\n","protected":false},"excerpt":{"rendered":"<p>Wandgarderobe mit 5 Haken \u2013 handgeschmiedete Metallgarderobe mit gebogener Leiste. Robust und stilvoll, ideal f\u00fcr Innenr\u00e4ume.<br \/>\n<strong>Gewicht:<\/strong> 1,2 kg<br \/>\n<strong>Produkth\u00f6he:<\/strong> 10cm<br \/>\n<strong>Breite des Produkts: <\/strong>62cm<br \/>\n<strong>Beschichtung\/Oberfl\u00e4che:<\/strong> Das Produkt ist lackiert.<\/p>\n","protected":false},"featured_media":5458,"template":"","meta":[],"product_brand":[],"product_cat":[424],"product_tag":[],"class_list":{"0":"post-5451","1":"product","2":"type-product","3":"status-publish","4":"has-post-thumbnail","6":"product_cat-kleiderstaender-garderobe-loesungen-haken","7":"has-post-title","8":"has-post-date","9":"has-post-category","10":"has-post-tag","11":"has-post-comment","12":"has-post-author","13":"","15":"first","16":"instock","17":"taxable","18":"shipping-taxable","19":"purchasable","20":"product-type-simple"},"yoast_head":"<!-- This site is optimized with the Yoast SEO plugin v27.4 - https:\/\/yoast.com\/product\/yoast-seo-wordpress\/ -->\n<title>Wandgarderobe mit 5 Haken |EtnoArt| Garderobe-l\u00f6sungen, Haken<\/title>\n<meta name=\"description\" content=\"Wandgarderobe mit 5 Haken \u2013 handgeschmiedete Metallgarderobe mit gebogener Leiste. Robust und stilvoll, ideal f\u00fcr Innenr\u00e4ume.\" \/>\n<meta name=\"robots\" content=\"index, follow, max-snippet:-1, max-image-preview:large, max-video-preview:-1\" \/>\n<link rel=\"canonical\" href=\"https:\/\/etnoart.eu\/de\/toode\/wandgarderobe-mit-5-haken-2\/\" \/>\n<meta property=\"og:locale\" content=\"de_DE\" \/>\n<meta property=\"og:type\" content=\"article\" \/>\n<meta property=\"og:title\" content=\"Wandgarderobe mit 5 Haken |EtnoArt| Garderobe-l\u00f6sungen, Haken\" \/>\n<meta property=\"og:description\" content=\"Wandgarderobe mit 5 Haken \u2013 handgeschmiedete Metallgarderobe mit gebogener Leiste. Robust und stilvoll, ideal f\u00fcr Innenr\u00e4ume.\" \/>\n<meta property=\"og:url\" content=\"https:\/\/etnoart.eu\/de\/toode\/wandgarderobe-mit-5-haken-2\/\" \/>\n<meta property=\"og:site_name\" content=\"Etnoart\" \/>\n<meta property=\"article:publisher\" content=\"https:\/\/www.facebook.com\/etnoart.handicraft.shop\" \/>\n<meta property=\"article:modified_time\" content=\"2025-03-16T14:07:56+00:00\" \/>\n<meta property=\"og:image\" content=\"https:\/\/etnoart.eu\/wp-content\/uploads\/2023\/06\/Seinanaulakko-5-koukulla-Wall-mounted-coat-rack-with-5-hooks-Riputusnagi-5-ne-Seinanaulakko-5-koukulla.png\" \/>\n\t<meta property=\"og:image:width\" content=\"589\" \/>\n\t<meta property=\"og:image:height\" content=\"589\" \/>\n\t<meta property=\"og:image:type\" content=\"image\/png\" \/>\n<meta name=\"twitter:card\" content=\"summary_large_image\" \/>\n<meta name=\"twitter:label1\" content=\"Gesch\u00e4tzte Lesezeit\" \/>\n\t<meta name=\"twitter:data1\" content=\"1\u00a0Minute\" \/>\n<script type=\"application\/ld+json\" class=\"yoast-schema-graph\">{\"@context\":\"https:\\\/\\\/schema.org\",\"@graph\":[{\"@type\":\"WebPage\",\"@id\":\"https:\\\/\\\/etnoart.eu\\\/de\\\/toode\\\/wandgarderobe-mit-5-haken-2\\\/\",\"url\":\"https:\\\/\\\/etnoart.eu\\\/de\\\/toode\\\/wandgarderobe-mit-5-haken-2\\\/\",\"name\":\"Wandgarderobe mit 5 Haken |EtnoArt| Garderobe-l\u00f6sungen, Haken\",\"isPartOf\":{\"@id\":\"https:\\\/\\\/etnoart.eu\\\/#website\"},\"primaryImageOfPage\":{\"@id\":\"https:\\\/\\\/etnoart.eu\\\/de\\\/toode\\\/wandgarderobe-mit-5-haken-2\\\/#primaryimage\"},\"image\":{\"@id\":\"https:\\\/\\\/etnoart.eu\\\/de\\\/toode\\\/wandgarderobe-mit-5-haken-2\\\/#primaryimage\"},\"thumbnailUrl\":\"https:\\\/\\\/etnoart.eu\\\/wp-content\\\/uploads\\\/2023\\\/06\\\/Seinanaulakko-5-koukulla-Wall-mounted-coat-rack-with-5-hooks-Riputusnagi-5-ne-Seinanaulakko-5-koukulla.png\",\"datePublished\":\"2023-06-08T08:50:59+00:00\",\"dateModified\":\"2025-03-16T14:07:56+00:00\",\"description\":\"Wandgarderobe mit 5 Haken \u2013 handgeschmiedete Metallgarderobe mit gebogener Leiste. Robust und stilvoll, ideal f\u00fcr Innenr\u00e4ume.\",\"breadcrumb\":{\"@id\":\"https:\\\/\\\/etnoart.eu\\\/de\\\/toode\\\/wandgarderobe-mit-5-haken-2\\\/#breadcrumb\"},\"inLanguage\":\"de\",\"potentialAction\":[{\"@type\":\"ReadAction\",\"target\":[\"https:\\\/\\\/etnoart.eu\\\/de\\\/toode\\\/wandgarderobe-mit-5-haken-2\\\/\"]}]},{\"@type\":\"ImageObject\",\"inLanguage\":\"de\",\"@id\":\"https:\\\/\\\/etnoart.eu\\\/de\\\/toode\\\/wandgarderobe-mit-5-haken-2\\\/#primaryimage\",\"url\":\"https:\\\/\\\/etnoart.eu\\\/wp-content\\\/uploads\\\/2023\\\/06\\\/Seinanaulakko-5-koukulla-Wall-mounted-coat-rack-with-5-hooks-Riputusnagi-5-ne-Seinanaulakko-5-koukulla.png\",\"contentUrl\":\"https:\\\/\\\/etnoart.eu\\\/wp-content\\\/uploads\\\/2023\\\/06\\\/Seinanaulakko-5-koukulla-Wall-mounted-coat-rack-with-5-hooks-Riputusnagi-5-ne-Seinanaulakko-5-koukulla.png\",\"width\":589,\"height\":589,\"caption\":\"Wandgarderobe mit 5 Haken \u2013 handgeschmiedete\"},{\"@type\":\"BreadcrumbList\",\"@id\":\"https:\\\/\\\/etnoart.eu\\\/de\\\/toode\\\/wandgarderobe-mit-5-haken-2\\\/#breadcrumb\",\"itemListElement\":[{\"@type\":\"ListItem\",\"position\":1,\"name\":\"Home\",\"item\":\"https:\\\/\\\/etnoart.eu\\\/de\\\/\"},{\"@type\":\"ListItem\",\"position\":2,\"name\":\"Shop\",\"item\":\"https:\\\/\\\/etnoart.eu\\\/pood\\\/\"},{\"@type\":\"ListItem\",\"position\":3,\"name\":\"Wandgarderobe mit 5 Haken\"}]},{\"@type\":\"WebSite\",\"@id\":\"https:\\\/\\\/etnoart.eu\\\/#website\",\"url\":\"https:\\\/\\\/etnoart.eu\\\/\",\"name\":\"Etnoart\",\"description\":\"K&auml;sit&ouml;&ouml;pood\",\"publisher\":{\"@id\":\"https:\\\/\\\/etnoart.eu\\\/#organization\"},\"potentialAction\":[{\"@type\":\"SearchAction\",\"target\":{\"@type\":\"EntryPoint\",\"urlTemplate\":\"https:\\\/\\\/etnoart.eu\\\/?s={search_term_string}\"},\"query-input\":{\"@type\":\"PropertyValueSpecification\",\"valueRequired\":true,\"valueName\":\"search_term_string\"}}],\"inLanguage\":\"de\"},{\"@type\":\"Organization\",\"@id\":\"https:\\\/\\\/etnoart.eu\\\/#organization\",\"name\":\"Etnoart O\u00dc\",\"url\":\"https:\\\/\\\/etnoart.eu\\\/\",\"logo\":{\"@type\":\"ImageObject\",\"inLanguage\":\"de\",\"@id\":\"https:\\\/\\\/etnoart.eu\\\/#\\\/schema\\\/logo\\\/image\\\/\",\"url\":\"https:\\\/\\\/etnoart.eu\\\/wp-content\\\/uploads\\\/2023\\\/06\\\/etnoart-logo.png\",\"contentUrl\":\"https:\\\/\\\/etnoart.eu\\\/wp-content\\\/uploads\\\/2023\\\/06\\\/etnoart-logo.png\",\"width\":491,\"height\":184,\"caption\":\"Etnoart O\u00dc\"},\"image\":{\"@id\":\"https:\\\/\\\/etnoart.eu\\\/#\\\/schema\\\/logo\\\/image\\\/\"},\"sameAs\":[\"https:\\\/\\\/www.facebook.com\\\/etnoart.handicraft.shop\"]}]}<\/script>\n<!-- \/ Yoast SEO plugin. -->","yoast_head_json":{"title":"Wandgarderobe mit 5 Haken |EtnoArt| Garderobe-l\u00f6sungen, Haken","description":"Wandgarderobe mit 5 Haken \u2013 handgeschmiedete Metallgarderobe mit gebogener Leiste. Robust und stilvoll, ideal f\u00fcr Innenr\u00e4ume.","robots":{"index":"index","follow":"follow","max-snippet":"max-snippet:-1","max-image-preview":"max-image-preview:large","max-video-preview":"max-video-preview:-1"},"canonical":"https:\/\/etnoart.eu\/de\/toode\/wandgarderobe-mit-5-haken-2\/","og_locale":"de_DE","og_type":"article","og_title":"Wandgarderobe mit 5 Haken |EtnoArt| Garderobe-l\u00f6sungen, Haken","og_description":"Wandgarderobe mit 5 Haken \u2013 handgeschmiedete Metallgarderobe mit gebogener Leiste. Robust und stilvoll, ideal f\u00fcr Innenr\u00e4ume.","og_url":"https:\/\/etnoart.eu\/de\/toode\/wandgarderobe-mit-5-haken-2\/","og_site_name":"Etnoart","article_publisher":"https:\/\/www.facebook.com\/etnoart.handicraft.shop","article_modified_time":"2025-03-16T14:07:56+00:00","og_image":[{"width":589,"height":589,"url":"https:\/\/etnoart.eu\/wp-content\/uploads\/2023\/06\/Seinanaulakko-5-koukulla-Wall-mounted-coat-rack-with-5-hooks-Riputusnagi-5-ne-Seinanaulakko-5-koukulla.png","type":"image\/png"}],"twitter_card":"summary_large_image","twitter_misc":{"Gesch\u00e4tzte Lesezeit":"1\u00a0Minute"},"schema":{"@context":"https:\/\/schema.org","@graph":[{"@type":"WebPage","@id":"https:\/\/etnoart.eu\/de\/toode\/wandgarderobe-mit-5-haken-2\/","url":"https:\/\/etnoart.eu\/de\/toode\/wandgarderobe-mit-5-haken-2\/","name":"Wandgarderobe mit 5 Haken |EtnoArt| Garderobe-l\u00f6sungen, Haken","isPartOf":{"@id":"https:\/\/etnoart.eu\/#website"},"primaryImageOfPage":{"@id":"https:\/\/etnoart.eu\/de\/toode\/wandgarderobe-mit-5-haken-2\/#primaryimage"},"image":{"@id":"https:\/\/etnoart.eu\/de\/toode\/wandgarderobe-mit-5-haken-2\/#primaryimage"},"thumbnailUrl":"https:\/\/etnoart.eu\/wp-content\/uploads\/2023\/06\/Seinanaulakko-5-koukulla-Wall-mounted-coat-rack-with-5-hooks-Riputusnagi-5-ne-Seinanaulakko-5-koukulla.png","datePublished":"2023-06-08T08:50:59+00:00","dateModified":"2025-03-16T14:07:56+00:00","description":"Wandgarderobe mit 5 Haken \u2013 handgeschmiedete Metallgarderobe mit gebogener Leiste. Robust und stilvoll, ideal f\u00fcr Innenr\u00e4ume.","breadcrumb":{"@id":"https:\/\/etnoart.eu\/de\/toode\/wandgarderobe-mit-5-haken-2\/#breadcrumb"},"inLanguage":"de","potentialAction":[{"@type":"ReadAction","target":["https:\/\/etnoart.eu\/de\/toode\/wandgarderobe-mit-5-haken-2\/"]}]},{"@type":"ImageObject","inLanguage":"de","@id":"https:\/\/etnoart.eu\/de\/toode\/wandgarderobe-mit-5-haken-2\/#primaryimage","url":"https:\/\/etnoart.eu\/wp-content\/uploads\/2023\/06\/Seinanaulakko-5-koukulla-Wall-mounted-coat-rack-with-5-hooks-Riputusnagi-5-ne-Seinanaulakko-5-koukulla.png","contentUrl":"https:\/\/etnoart.eu\/wp-content\/uploads\/2023\/06\/Seinanaulakko-5-koukulla-Wall-mounted-coat-rack-with-5-hooks-Riputusnagi-5-ne-Seinanaulakko-5-koukulla.png","width":589,"height":589,"caption":"Wandgarderobe mit 5 Haken \u2013 handgeschmiedete"},{"@type":"BreadcrumbList","@id":"https:\/\/etnoart.eu\/de\/toode\/wandgarderobe-mit-5-haken-2\/#breadcrumb","itemListElement":[{"@type":"ListItem","position":1,"name":"Home","item":"https:\/\/etnoart.eu\/de\/"},{"@type":"ListItem","position":2,"name":"Shop","item":"https:\/\/etnoart.eu\/pood\/"},{"@type":"ListItem","position":3,"name":"Wandgarderobe mit 5 Haken"}]},{"@type":"WebSite","@id":"https:\/\/etnoart.eu\/#website","url":"https:\/\/etnoart.eu\/","name":"Etnoart","description":"K&auml;sit&ouml;&ouml;pood","publisher":{"@id":"https:\/\/etnoart.eu\/#organization"},"potentialAction":[{"@type":"SearchAction","target":{"@type":"EntryPoint","urlTemplate":"https:\/\/etnoart.eu\/?s={search_term_string}"},"query-input":{"@type":"PropertyValueSpecification","valueRequired":true,"valueName":"search_term_string"}}],"inLanguage":"de"},{"@type":"Organization","@id":"https:\/\/etnoart.eu\/#organization","name":"Etnoart O\u00dc","url":"https:\/\/etnoart.eu\/","logo":{"@type":"ImageObject","inLanguage":"de","@id":"https:\/\/etnoart.eu\/#\/schema\/logo\/image\/","url":"https:\/\/etnoart.eu\/wp-content\/uploads\/2023\/06\/etnoart-logo.png","contentUrl":"https:\/\/etnoart.eu\/wp-content\/uploads\/2023\/06\/etnoart-logo.png","width":491,"height":184,"caption":"Etnoart O\u00dc"},"image":{"@id":"https:\/\/etnoart.eu\/#\/schema\/logo\/image\/"},"sameAs":["https:\/\/www.facebook.com\/etnoart.handicraft.shop"]}]}},"builder_content":"","_links":{"self":[{"href":"https:\/\/etnoart.eu\/de\/wp-json\/wp\/v2\/product\/5451","targetHints":{"allow":["GET"]}}],"collection":[{"href":"https:\/\/etnoart.eu\/de\/wp-json\/wp\/v2\/product"}],"about":[{"href":"https:\/\/etnoart.eu\/de\/wp-json\/wp\/v2\/types\/product"}],"wp:featuredmedia":[{"embeddable":true,"href":"https:\/\/etnoart.eu\/de\/wp-json\/wp\/v2\/media\/5458"}],"wp:attachment":[{"href":"https:\/\/etnoart.eu\/de\/wp-json\/wp\/v2\/media?parent=5451"}],"wp:term":[{"taxonomy":"product_brand","embeddable":true,"href":"https:\/\/etnoart.eu\/de\/wp-json\/wp\/v2\/product_brand?post=5451"},{"taxonomy":"product_cat","embeddable":true,"href":"https:\/\/etnoart.eu\/de\/wp-json\/wp\/v2\/product_cat?post=5451"},{"taxonomy":"product_tag","embeddable":true,"href":"https:\/\/etnoart.eu\/de\/wp-json\/wp\/v2\/product_tag?post=5451"}],"curies":[{"name":"wp","href":"https:\/\/api.w.org\/{rel}","templated":true}]}}