{"id":5402,"date":"2023-06-08T08:50:35","date_gmt":"2023-06-08T08:50:35","guid":{"rendered":"https:\/\/etnoart.eu\/toode\/kaheosaline-riidenagi\/"},"modified":"2025-03-16T10:31:54","modified_gmt":"2025-03-16T10:31:54","slug":"doppelhaken","status":"publish","type":"product","link":"https:\/\/etnoart.eu\/de\/toode\/doppelhaken\/","title":{"rendered":"Doppelhaken"},"content":{"rendered":"<p><strong>Doppelhaken<\/strong> \u2013 Robuster, handgeschmiedeter Wandhaken f\u00fcr Kleidung und Accessoires<\/p>\n<p>Dieser Doppelhaken ist ideal zum Aufh\u00e4ngen von Jacken, H\u00fcten und Accessoires.<\/p>\n<p>Handgeschmiedetes Metall sorgt f\u00fcr hohe Stabilit\u00e4t und eine rustikale Optik.<\/p>\n<p>Mit zwei Schrauben einfach an der Wand oder auf einer Holzplatte zu befestigen.<\/p>\n<p>Der untere Haken eignet sich f\u00fcr Kleidung, der obere f\u00fcr Kopfbedeckungen.<\/p>\n<p>Die lackierte Oberfl\u00e4che sch\u00fctzt vor Abnutzung, ist aber nicht f\u00fcr den Au\u00dfenbereich geeignet.<\/p>\n<p>Perfekt f\u00fcr Flure, Garderoben oder B\u00fcros als praktische und stilvolle L\u00f6sung.<\/p>\n","protected":false},"excerpt":{"rendered":"<p>Doppelhaken f\u00fcr Innenr\u00e4ume \u2013 handgeschmiedeter Metallhaken f\u00fcr Jacken, H\u00fcte und Accessoires. Stabile Schraubbefestigung, nicht f\u00fcr den Au\u00dfenbereich geeignet.<br \/>\n<strong>Gewicht:<\/strong> 0,1 kg<br \/>\n<strong>Produkth\u00f6he:<\/strong> 16cm<br \/>\n<strong>Breite des Produkts:<\/strong> 5cm<br \/>\n<strong>Beschichtung\/Oberfl\u00e4che:<\/strong> Das Produkt ist lackiert.<\/p>\n","protected":false},"featured_media":5413,"template":"","meta":[],"product_brand":[],"product_cat":[424],"product_tag":[],"class_list":{"0":"post-5402","1":"product","2":"type-product","3":"status-publish","4":"has-post-thumbnail","6":"product_cat-kleiderstaender-garderobe-loesungen-haken","7":"has-post-title","8":"has-post-date","9":"has-post-category","10":"has-post-tag","11":"has-post-comment","12":"has-post-author","13":"","15":"first","16":"instock","17":"taxable","18":"shipping-taxable","19":"purchasable","20":"product-type-simple"},"yoast_head":"<!-- This site is optimized with the Yoast SEO plugin v27.3 - https:\/\/yoast.com\/product\/yoast-seo-wordpress\/ -->\n<title>Doppelhaken |EtnoArt| Kleiderst\u00e4nder, Garderobe-l\u00f6sungen.<\/title>\n<meta name=\"description\" content=\"Doppelhaken \u2013 handgeschmiedeter Metallhaken f\u00fcr Jacken, H\u00fcte und Accessoires. Stabile Schraubbefestigung, nicht f\u00fcr den Au\u00dfenbereich geeignet.\" \/>\n<meta name=\"robots\" content=\"index, follow, max-snippet:-1, max-image-preview:large, max-video-preview:-1\" \/>\n<link rel=\"canonical\" href=\"https:\/\/etnoart.eu\/de\/toode\/doppelhaken\/\" \/>\n<meta property=\"og:locale\" content=\"de_DE\" \/>\n<meta property=\"og:type\" content=\"article\" \/>\n<meta property=\"og:title\" content=\"Doppelhaken |EtnoArt| Kleiderst\u00e4nder, Garderobe-l\u00f6sungen.\" \/>\n<meta property=\"og:description\" content=\"Doppelhaken \u2013 handgeschmiedeter Metallhaken f\u00fcr Jacken, H\u00fcte und Accessoires. Stabile Schraubbefestigung, nicht f\u00fcr den Au\u00dfenbereich geeignet.\" \/>\n<meta property=\"og:url\" content=\"https:\/\/etnoart.eu\/de\/toode\/doppelhaken\/\" \/>\n<meta property=\"og:site_name\" content=\"Etnoart\" \/>\n<meta property=\"article:publisher\" content=\"https:\/\/www.facebook.com\/etnoart.handicraft.shop\" \/>\n<meta property=\"article:modified_time\" content=\"2025-03-16T10:31:54+00:00\" \/>\n<meta property=\"og:image\" content=\"https:\/\/etnoart.eu\/wp-content\/uploads\/2023\/06\/Kaheosaline-riidenagi-Double-Coat-Hook-Doppelhaken-Kaksoisnaulakko-1.png\" \/>\n\t<meta property=\"og:image:width\" content=\"1000\" \/>\n\t<meta property=\"og:image:height\" content=\"1000\" \/>\n\t<meta property=\"og:image:type\" content=\"image\/png\" \/>\n<meta name=\"twitter:card\" content=\"summary_large_image\" \/>\n<meta name=\"twitter:label1\" content=\"Gesch\u00e4tzte Lesezeit\" \/>\n\t<meta name=\"twitter:data1\" content=\"1\u00a0Minute\" \/>\n<script type=\"application\/ld+json\" class=\"yoast-schema-graph\">{\"@context\":\"https:\\\/\\\/schema.org\",\"@graph\":[{\"@type\":\"WebPage\",\"@id\":\"https:\\\/\\\/etnoart.eu\\\/de\\\/toode\\\/doppelhaken\\\/\",\"url\":\"https:\\\/\\\/etnoart.eu\\\/de\\\/toode\\\/doppelhaken\\\/\",\"name\":\"Doppelhaken |EtnoArt| Kleiderst\u00e4nder, Garderobe-l\u00f6sungen.\",\"isPartOf\":{\"@id\":\"https:\\\/\\\/etnoart.eu\\\/#website\"},\"primaryImageOfPage\":{\"@id\":\"https:\\\/\\\/etnoart.eu\\\/de\\\/toode\\\/doppelhaken\\\/#primaryimage\"},\"image\":{\"@id\":\"https:\\\/\\\/etnoart.eu\\\/de\\\/toode\\\/doppelhaken\\\/#primaryimage\"},\"thumbnailUrl\":\"https:\\\/\\\/etnoart.eu\\\/wp-content\\\/uploads\\\/2023\\\/06\\\/Kaheosaline-riidenagi-Double-Coat-Hook-Doppelhaken-Kaksoisnaulakko-1.png\",\"datePublished\":\"2023-06-08T08:50:35+00:00\",\"dateModified\":\"2025-03-16T10:31:54+00:00\",\"description\":\"Doppelhaken \u2013 handgeschmiedeter Metallhaken f\u00fcr Jacken, H\u00fcte und Accessoires. Stabile Schraubbefestigung, nicht f\u00fcr den Au\u00dfenbereich geeignet.\",\"breadcrumb\":{\"@id\":\"https:\\\/\\\/etnoart.eu\\\/de\\\/toode\\\/doppelhaken\\\/#breadcrumb\"},\"inLanguage\":\"de\",\"potentialAction\":[{\"@type\":\"ReadAction\",\"target\":[\"https:\\\/\\\/etnoart.eu\\\/de\\\/toode\\\/doppelhaken\\\/\"]}]},{\"@type\":\"ImageObject\",\"inLanguage\":\"de\",\"@id\":\"https:\\\/\\\/etnoart.eu\\\/de\\\/toode\\\/doppelhaken\\\/#primaryimage\",\"url\":\"https:\\\/\\\/etnoart.eu\\\/wp-content\\\/uploads\\\/2023\\\/06\\\/Kaheosaline-riidenagi-Double-Coat-Hook-Doppelhaken-Kaksoisnaulakko-1.png\",\"contentUrl\":\"https:\\\/\\\/etnoart.eu\\\/wp-content\\\/uploads\\\/2023\\\/06\\\/Kaheosaline-riidenagi-Double-Coat-Hook-Doppelhaken-Kaksoisnaulakko-1.png\",\"width\":1000,\"height\":1000,\"caption\":\"Doppelhaken\"},{\"@type\":\"BreadcrumbList\",\"@id\":\"https:\\\/\\\/etnoart.eu\\\/de\\\/toode\\\/doppelhaken\\\/#breadcrumb\",\"itemListElement\":[{\"@type\":\"ListItem\",\"position\":1,\"name\":\"Home\",\"item\":\"https:\\\/\\\/etnoart.eu\\\/de\\\/\"},{\"@type\":\"ListItem\",\"position\":2,\"name\":\"Shop\",\"item\":\"https:\\\/\\\/etnoart.eu\\\/pood\\\/\"},{\"@type\":\"ListItem\",\"position\":3,\"name\":\"Doppelhaken\"}]},{\"@type\":\"WebSite\",\"@id\":\"https:\\\/\\\/etnoart.eu\\\/#website\",\"url\":\"https:\\\/\\\/etnoart.eu\\\/\",\"name\":\"Etnoart\",\"description\":\"K&auml;sit&ouml;&ouml;pood\",\"publisher\":{\"@id\":\"https:\\\/\\\/etnoart.eu\\\/#organization\"},\"potentialAction\":[{\"@type\":\"SearchAction\",\"target\":{\"@type\":\"EntryPoint\",\"urlTemplate\":\"https:\\\/\\\/etnoart.eu\\\/?s={search_term_string}\"},\"query-input\":{\"@type\":\"PropertyValueSpecification\",\"valueRequired\":true,\"valueName\":\"search_term_string\"}}],\"inLanguage\":\"de\"},{\"@type\":\"Organization\",\"@id\":\"https:\\\/\\\/etnoart.eu\\\/#organization\",\"name\":\"Etnoart O\u00dc\",\"url\":\"https:\\\/\\\/etnoart.eu\\\/\",\"logo\":{\"@type\":\"ImageObject\",\"inLanguage\":\"de\",\"@id\":\"https:\\\/\\\/etnoart.eu\\\/#\\\/schema\\\/logo\\\/image\\\/\",\"url\":\"https:\\\/\\\/etnoart.eu\\\/wp-content\\\/uploads\\\/2023\\\/06\\\/etnoart-logo.png\",\"contentUrl\":\"https:\\\/\\\/etnoart.eu\\\/wp-content\\\/uploads\\\/2023\\\/06\\\/etnoart-logo.png\",\"width\":491,\"height\":184,\"caption\":\"Etnoart O\u00dc\"},\"image\":{\"@id\":\"https:\\\/\\\/etnoart.eu\\\/#\\\/schema\\\/logo\\\/image\\\/\"},\"sameAs\":[\"https:\\\/\\\/www.facebook.com\\\/etnoart.handicraft.shop\"]}]}<\/script>\n<!-- \/ Yoast SEO plugin. -->","yoast_head_json":{"title":"Doppelhaken |EtnoArt| Kleiderst\u00e4nder, Garderobe-l\u00f6sungen.","description":"Doppelhaken \u2013 handgeschmiedeter Metallhaken f\u00fcr Jacken, H\u00fcte und Accessoires. Stabile Schraubbefestigung, nicht f\u00fcr den Au\u00dfenbereich geeignet.","robots":{"index":"index","follow":"follow","max-snippet":"max-snippet:-1","max-image-preview":"max-image-preview:large","max-video-preview":"max-video-preview:-1"},"canonical":"https:\/\/etnoart.eu\/de\/toode\/doppelhaken\/","og_locale":"de_DE","og_type":"article","og_title":"Doppelhaken |EtnoArt| Kleiderst\u00e4nder, Garderobe-l\u00f6sungen.","og_description":"Doppelhaken \u2013 handgeschmiedeter Metallhaken f\u00fcr Jacken, H\u00fcte und Accessoires. Stabile Schraubbefestigung, nicht f\u00fcr den Au\u00dfenbereich geeignet.","og_url":"https:\/\/etnoart.eu\/de\/toode\/doppelhaken\/","og_site_name":"Etnoart","article_publisher":"https:\/\/www.facebook.com\/etnoart.handicraft.shop","article_modified_time":"2025-03-16T10:31:54+00:00","og_image":[{"width":1000,"height":1000,"url":"https:\/\/etnoart.eu\/wp-content\/uploads\/2023\/06\/Kaheosaline-riidenagi-Double-Coat-Hook-Doppelhaken-Kaksoisnaulakko-1.png","type":"image\/png"}],"twitter_card":"summary_large_image","twitter_misc":{"Gesch\u00e4tzte Lesezeit":"1\u00a0Minute"},"schema":{"@context":"https:\/\/schema.org","@graph":[{"@type":"WebPage","@id":"https:\/\/etnoart.eu\/de\/toode\/doppelhaken\/","url":"https:\/\/etnoart.eu\/de\/toode\/doppelhaken\/","name":"Doppelhaken |EtnoArt| Kleiderst\u00e4nder, Garderobe-l\u00f6sungen.","isPartOf":{"@id":"https:\/\/etnoart.eu\/#website"},"primaryImageOfPage":{"@id":"https:\/\/etnoart.eu\/de\/toode\/doppelhaken\/#primaryimage"},"image":{"@id":"https:\/\/etnoart.eu\/de\/toode\/doppelhaken\/#primaryimage"},"thumbnailUrl":"https:\/\/etnoart.eu\/wp-content\/uploads\/2023\/06\/Kaheosaline-riidenagi-Double-Coat-Hook-Doppelhaken-Kaksoisnaulakko-1.png","datePublished":"2023-06-08T08:50:35+00:00","dateModified":"2025-03-16T10:31:54+00:00","description":"Doppelhaken \u2013 handgeschmiedeter Metallhaken f\u00fcr Jacken, H\u00fcte und Accessoires. Stabile Schraubbefestigung, nicht f\u00fcr den Au\u00dfenbereich geeignet.","breadcrumb":{"@id":"https:\/\/etnoart.eu\/de\/toode\/doppelhaken\/#breadcrumb"},"inLanguage":"de","potentialAction":[{"@type":"ReadAction","target":["https:\/\/etnoart.eu\/de\/toode\/doppelhaken\/"]}]},{"@type":"ImageObject","inLanguage":"de","@id":"https:\/\/etnoart.eu\/de\/toode\/doppelhaken\/#primaryimage","url":"https:\/\/etnoart.eu\/wp-content\/uploads\/2023\/06\/Kaheosaline-riidenagi-Double-Coat-Hook-Doppelhaken-Kaksoisnaulakko-1.png","contentUrl":"https:\/\/etnoart.eu\/wp-content\/uploads\/2023\/06\/Kaheosaline-riidenagi-Double-Coat-Hook-Doppelhaken-Kaksoisnaulakko-1.png","width":1000,"height":1000,"caption":"Doppelhaken"},{"@type":"BreadcrumbList","@id":"https:\/\/etnoart.eu\/de\/toode\/doppelhaken\/#breadcrumb","itemListElement":[{"@type":"ListItem","position":1,"name":"Home","item":"https:\/\/etnoart.eu\/de\/"},{"@type":"ListItem","position":2,"name":"Shop","item":"https:\/\/etnoart.eu\/pood\/"},{"@type":"ListItem","position":3,"name":"Doppelhaken"}]},{"@type":"WebSite","@id":"https:\/\/etnoart.eu\/#website","url":"https:\/\/etnoart.eu\/","name":"Etnoart","description":"K&auml;sit&ouml;&ouml;pood","publisher":{"@id":"https:\/\/etnoart.eu\/#organization"},"potentialAction":[{"@type":"SearchAction","target":{"@type":"EntryPoint","urlTemplate":"https:\/\/etnoart.eu\/?s={search_term_string}"},"query-input":{"@type":"PropertyValueSpecification","valueRequired":true,"valueName":"search_term_string"}}],"inLanguage":"de"},{"@type":"Organization","@id":"https:\/\/etnoart.eu\/#organization","name":"Etnoart O\u00dc","url":"https:\/\/etnoart.eu\/","logo":{"@type":"ImageObject","inLanguage":"de","@id":"https:\/\/etnoart.eu\/#\/schema\/logo\/image\/","url":"https:\/\/etnoart.eu\/wp-content\/uploads\/2023\/06\/etnoart-logo.png","contentUrl":"https:\/\/etnoart.eu\/wp-content\/uploads\/2023\/06\/etnoart-logo.png","width":491,"height":184,"caption":"Etnoart O\u00dc"},"image":{"@id":"https:\/\/etnoart.eu\/#\/schema\/logo\/image\/"},"sameAs":["https:\/\/www.facebook.com\/etnoart.handicraft.shop"]}]}},"builder_content":"","_links":{"self":[{"href":"https:\/\/etnoart.eu\/de\/wp-json\/wp\/v2\/product\/5402","targetHints":{"allow":["GET"]}}],"collection":[{"href":"https:\/\/etnoart.eu\/de\/wp-json\/wp\/v2\/product"}],"about":[{"href":"https:\/\/etnoart.eu\/de\/wp-json\/wp\/v2\/types\/product"}],"wp:featuredmedia":[{"embeddable":true,"href":"https:\/\/etnoart.eu\/de\/wp-json\/wp\/v2\/media\/5413"}],"wp:attachment":[{"href":"https:\/\/etnoart.eu\/de\/wp-json\/wp\/v2\/media?parent=5402"}],"wp:term":[{"taxonomy":"product_brand","embeddable":true,"href":"https:\/\/etnoart.eu\/de\/wp-json\/wp\/v2\/product_brand?post=5402"},{"taxonomy":"product_cat","embeddable":true,"href":"https:\/\/etnoart.eu\/de\/wp-json\/wp\/v2\/product_cat?post=5402"},{"taxonomy":"product_tag","embeddable":true,"href":"https:\/\/etnoart.eu\/de\/wp-json\/wp\/v2\/product_tag?post=5402"}],"curies":[{"name":"wp","href":"https:\/\/api.w.org\/{rel}","templated":true}]}}