{"id":5394,"date":"2023-06-08T08:50:35","date_gmt":"2023-06-08T08:50:35","guid":{"rendered":"https:\/\/etnoart.eu\/toode\/riidenagi\/"},"modified":"2025-03-16T09:37:03","modified_gmt":"2025-03-16T09:37:03","slug":"kleiderhaken","status":"publish","type":"product","link":"https:\/\/etnoart.eu\/de\/toode\/kleiderhaken\/","title":{"rendered":"Kleiderhaken"},"content":{"rendered":"<p><strong>Kleiderhaken<\/strong> \u2013 Robuster und praktischer Haken f\u00fcr den Innenbereich<\/p>\n<p>Dieser Kleiderhaken eignet sich ideal zum Aufh\u00e4ngen von Schl\u00fcsseln, Accessoires und Kleidung.<\/p>\n<p>Die stabile schmiedeeiserne Konstruktion sorgt f\u00fcr hohe Belastbarkeit und lange Lebensdauer.<\/p>\n<p>Einfache Wandmontage mit einer Schraube f\u00fcr sicheren Halt.<\/p>\n<p>Die lackierte Oberfl\u00e4che sch\u00fctzt vor Abnutzung, ist aber nicht f\u00fcr den Au\u00dfenbereich geeignet.<\/p>\n<p>Perfekt f\u00fcr Flur, Garderobe oder B\u00fcro als stilvolle und funktionale L\u00f6sung.<\/p>\n","protected":false},"excerpt":{"rendered":"<p>Kleiderhaken f\u00fcr Innenr\u00e4ume \u2013 stabiler schmiedeeiserner Haken f\u00fcr Kleidung, Schl\u00fcssel und Accessoires. Mit Schraubbefestigung, nicht f\u00fcr drau\u00dfen geeignet.<br \/>\nGewicht: 35g<br \/>\nBreite des Produkts:4cm<br \/>\nProdukth\u00f6he: 7cm<br \/>\nBeschichtung\/Oberfl\u00e4che: Das Produkt ist lackiert.<\/p>\n","protected":false},"featured_media":940,"template":"","meta":[],"product_brand":[],"product_cat":[424],"product_tag":[],"class_list":{"0":"post-5394","1":"product","2":"type-product","3":"status-publish","4":"has-post-thumbnail","6":"product_cat-kleiderstaender-garderobe-loesungen-haken","7":"has-post-title","8":"has-post-date","9":"has-post-category","10":"has-post-tag","11":"has-post-comment","12":"has-post-author","13":"","15":"first","16":"instock","17":"taxable","18":"shipping-taxable","19":"purchasable","20":"product-type-simple"},"yoast_head":"<!-- This site is optimized with the Yoast SEO plugin v27.3 - https:\/\/yoast.com\/product\/yoast-seo-wordpress\/ -->\n<title>Kleiderhaken |EtnoArt| Verschiedene Kleiderst\u00e4nder, Haken<\/title>\n<meta name=\"description\" content=\"Kleiderhaken f\u00fcr Innenr\u00e4ume \u2013 stabiler schmiedeeiserner Haken f\u00fcr Kleidung, Schl\u00fcssel und Accessoires. Mit Schraubbefestigung, nicht f\u00fcr drau\u00dfen geeignet.\" \/>\n<meta name=\"robots\" content=\"index, follow, max-snippet:-1, max-image-preview:large, max-video-preview:-1\" \/>\n<link rel=\"canonical\" href=\"https:\/\/etnoart.eu\/de\/toode\/kleiderhaken\/\" \/>\n<meta property=\"og:locale\" content=\"de_DE\" \/>\n<meta property=\"og:type\" content=\"article\" \/>\n<meta property=\"og:title\" content=\"Kleiderhaken |EtnoArt| Verschiedene Kleiderst\u00e4nder, Haken\" \/>\n<meta property=\"og:description\" content=\"Kleiderhaken f\u00fcr Innenr\u00e4ume \u2013 stabiler schmiedeeiserner Haken f\u00fcr Kleidung, Schl\u00fcssel und Accessoires. Mit Schraubbefestigung, nicht f\u00fcr drau\u00dfen geeignet.\" \/>\n<meta property=\"og:url\" content=\"https:\/\/etnoart.eu\/de\/toode\/kleiderhaken\/\" \/>\n<meta property=\"og:site_name\" content=\"Etnoart\" \/>\n<meta property=\"article:publisher\" content=\"https:\/\/www.facebook.com\/etnoart.handicraft.shop\" \/>\n<meta property=\"article:modified_time\" content=\"2025-03-16T09:37:03+00:00\" \/>\n<meta property=\"og:image\" content=\"https:\/\/etnoart.eu\/wp-content\/uploads\/2023\/06\/115-Nagi-Nagid-ja-lattnagid.jpg\" \/>\n\t<meta property=\"og:image:width\" content=\"683\" \/>\n\t<meta property=\"og:image:height\" content=\"1024\" \/>\n\t<meta property=\"og:image:type\" content=\"image\/jpeg\" \/>\n<meta name=\"twitter:card\" content=\"summary_large_image\" \/>\n<meta name=\"twitter:label1\" content=\"Gesch\u00e4tzte Lesezeit\" \/>\n\t<meta name=\"twitter:data1\" content=\"1\u00a0Minute\" \/>\n<script type=\"application\/ld+json\" class=\"yoast-schema-graph\">{\"@context\":\"https:\\\/\\\/schema.org\",\"@graph\":[{\"@type\":\"WebPage\",\"@id\":\"https:\\\/\\\/etnoart.eu\\\/de\\\/toode\\\/kleiderhaken\\\/\",\"url\":\"https:\\\/\\\/etnoart.eu\\\/de\\\/toode\\\/kleiderhaken\\\/\",\"name\":\"Kleiderhaken |EtnoArt| Verschiedene Kleiderst\u00e4nder, Haken\",\"isPartOf\":{\"@id\":\"https:\\\/\\\/etnoart.eu\\\/#website\"},\"primaryImageOfPage\":{\"@id\":\"https:\\\/\\\/etnoart.eu\\\/de\\\/toode\\\/kleiderhaken\\\/#primaryimage\"},\"image\":{\"@id\":\"https:\\\/\\\/etnoart.eu\\\/de\\\/toode\\\/kleiderhaken\\\/#primaryimage\"},\"thumbnailUrl\":\"https:\\\/\\\/etnoart.eu\\\/wp-content\\\/uploads\\\/2023\\\/06\\\/115-Nagi-Nagid-ja-lattnagid.jpg\",\"datePublished\":\"2023-06-08T08:50:35+00:00\",\"dateModified\":\"2025-03-16T09:37:03+00:00\",\"description\":\"Kleiderhaken f\u00fcr Innenr\u00e4ume \u2013 stabiler schmiedeeiserner Haken f\u00fcr Kleidung, Schl\u00fcssel und Accessoires. Mit Schraubbefestigung, nicht f\u00fcr drau\u00dfen geeignet.\",\"breadcrumb\":{\"@id\":\"https:\\\/\\\/etnoart.eu\\\/de\\\/toode\\\/kleiderhaken\\\/#breadcrumb\"},\"inLanguage\":\"de\",\"potentialAction\":[{\"@type\":\"ReadAction\",\"target\":[\"https:\\\/\\\/etnoart.eu\\\/de\\\/toode\\\/kleiderhaken\\\/\"]}]},{\"@type\":\"ImageObject\",\"inLanguage\":\"de\",\"@id\":\"https:\\\/\\\/etnoart.eu\\\/de\\\/toode\\\/kleiderhaken\\\/#primaryimage\",\"url\":\"https:\\\/\\\/etnoart.eu\\\/wp-content\\\/uploads\\\/2023\\\/06\\\/115-Nagi-Nagid-ja-lattnagid.jpg\",\"contentUrl\":\"https:\\\/\\\/etnoart.eu\\\/wp-content\\\/uploads\\\/2023\\\/06\\\/115-Nagi-Nagid-ja-lattnagid.jpg\",\"width\":683,\"height\":1024,\"caption\":\"Kleiderhaken\"},{\"@type\":\"BreadcrumbList\",\"@id\":\"https:\\\/\\\/etnoart.eu\\\/de\\\/toode\\\/kleiderhaken\\\/#breadcrumb\",\"itemListElement\":[{\"@type\":\"ListItem\",\"position\":1,\"name\":\"Home\",\"item\":\"https:\\\/\\\/etnoart.eu\\\/de\\\/\"},{\"@type\":\"ListItem\",\"position\":2,\"name\":\"Shop\",\"item\":\"https:\\\/\\\/etnoart.eu\\\/pood\\\/\"},{\"@type\":\"ListItem\",\"position\":3,\"name\":\"Kleiderhaken\"}]},{\"@type\":\"WebSite\",\"@id\":\"https:\\\/\\\/etnoart.eu\\\/#website\",\"url\":\"https:\\\/\\\/etnoart.eu\\\/\",\"name\":\"Etnoart\",\"description\":\"K&auml;sit&ouml;&ouml;pood\",\"publisher\":{\"@id\":\"https:\\\/\\\/etnoart.eu\\\/#organization\"},\"potentialAction\":[{\"@type\":\"SearchAction\",\"target\":{\"@type\":\"EntryPoint\",\"urlTemplate\":\"https:\\\/\\\/etnoart.eu\\\/?s={search_term_string}\"},\"query-input\":{\"@type\":\"PropertyValueSpecification\",\"valueRequired\":true,\"valueName\":\"search_term_string\"}}],\"inLanguage\":\"de\"},{\"@type\":\"Organization\",\"@id\":\"https:\\\/\\\/etnoart.eu\\\/#organization\",\"name\":\"Etnoart O\u00dc\",\"url\":\"https:\\\/\\\/etnoart.eu\\\/\",\"logo\":{\"@type\":\"ImageObject\",\"inLanguage\":\"de\",\"@id\":\"https:\\\/\\\/etnoart.eu\\\/#\\\/schema\\\/logo\\\/image\\\/\",\"url\":\"https:\\\/\\\/etnoart.eu\\\/wp-content\\\/uploads\\\/2023\\\/06\\\/etnoart-logo.png\",\"contentUrl\":\"https:\\\/\\\/etnoart.eu\\\/wp-content\\\/uploads\\\/2023\\\/06\\\/etnoart-logo.png\",\"width\":491,\"height\":184,\"caption\":\"Etnoart O\u00dc\"},\"image\":{\"@id\":\"https:\\\/\\\/etnoart.eu\\\/#\\\/schema\\\/logo\\\/image\\\/\"},\"sameAs\":[\"https:\\\/\\\/www.facebook.com\\\/etnoart.handicraft.shop\"]}]}<\/script>\n<!-- \/ Yoast SEO plugin. -->","yoast_head_json":{"title":"Kleiderhaken |EtnoArt| Verschiedene Kleiderst\u00e4nder, Haken","description":"Kleiderhaken f\u00fcr Innenr\u00e4ume \u2013 stabiler schmiedeeiserner Haken f\u00fcr Kleidung, Schl\u00fcssel und Accessoires. Mit Schraubbefestigung, nicht f\u00fcr drau\u00dfen geeignet.","robots":{"index":"index","follow":"follow","max-snippet":"max-snippet:-1","max-image-preview":"max-image-preview:large","max-video-preview":"max-video-preview:-1"},"canonical":"https:\/\/etnoart.eu\/de\/toode\/kleiderhaken\/","og_locale":"de_DE","og_type":"article","og_title":"Kleiderhaken |EtnoArt| Verschiedene Kleiderst\u00e4nder, Haken","og_description":"Kleiderhaken f\u00fcr Innenr\u00e4ume \u2013 stabiler schmiedeeiserner Haken f\u00fcr Kleidung, Schl\u00fcssel und Accessoires. Mit Schraubbefestigung, nicht f\u00fcr drau\u00dfen geeignet.","og_url":"https:\/\/etnoart.eu\/de\/toode\/kleiderhaken\/","og_site_name":"Etnoart","article_publisher":"https:\/\/www.facebook.com\/etnoart.handicraft.shop","article_modified_time":"2025-03-16T09:37:03+00:00","og_image":[{"width":683,"height":1024,"url":"https:\/\/etnoart.eu\/wp-content\/uploads\/2023\/06\/115-Nagi-Nagid-ja-lattnagid.jpg","type":"image\/jpeg"}],"twitter_card":"summary_large_image","twitter_misc":{"Gesch\u00e4tzte Lesezeit":"1\u00a0Minute"},"schema":{"@context":"https:\/\/schema.org","@graph":[{"@type":"WebPage","@id":"https:\/\/etnoart.eu\/de\/toode\/kleiderhaken\/","url":"https:\/\/etnoart.eu\/de\/toode\/kleiderhaken\/","name":"Kleiderhaken |EtnoArt| Verschiedene Kleiderst\u00e4nder, Haken","isPartOf":{"@id":"https:\/\/etnoart.eu\/#website"},"primaryImageOfPage":{"@id":"https:\/\/etnoart.eu\/de\/toode\/kleiderhaken\/#primaryimage"},"image":{"@id":"https:\/\/etnoart.eu\/de\/toode\/kleiderhaken\/#primaryimage"},"thumbnailUrl":"https:\/\/etnoart.eu\/wp-content\/uploads\/2023\/06\/115-Nagi-Nagid-ja-lattnagid.jpg","datePublished":"2023-06-08T08:50:35+00:00","dateModified":"2025-03-16T09:37:03+00:00","description":"Kleiderhaken f\u00fcr Innenr\u00e4ume \u2013 stabiler schmiedeeiserner Haken f\u00fcr Kleidung, Schl\u00fcssel und Accessoires. Mit Schraubbefestigung, nicht f\u00fcr drau\u00dfen geeignet.","breadcrumb":{"@id":"https:\/\/etnoart.eu\/de\/toode\/kleiderhaken\/#breadcrumb"},"inLanguage":"de","potentialAction":[{"@type":"ReadAction","target":["https:\/\/etnoart.eu\/de\/toode\/kleiderhaken\/"]}]},{"@type":"ImageObject","inLanguage":"de","@id":"https:\/\/etnoart.eu\/de\/toode\/kleiderhaken\/#primaryimage","url":"https:\/\/etnoart.eu\/wp-content\/uploads\/2023\/06\/115-Nagi-Nagid-ja-lattnagid.jpg","contentUrl":"https:\/\/etnoart.eu\/wp-content\/uploads\/2023\/06\/115-Nagi-Nagid-ja-lattnagid.jpg","width":683,"height":1024,"caption":"Kleiderhaken"},{"@type":"BreadcrumbList","@id":"https:\/\/etnoart.eu\/de\/toode\/kleiderhaken\/#breadcrumb","itemListElement":[{"@type":"ListItem","position":1,"name":"Home","item":"https:\/\/etnoart.eu\/de\/"},{"@type":"ListItem","position":2,"name":"Shop","item":"https:\/\/etnoart.eu\/pood\/"},{"@type":"ListItem","position":3,"name":"Kleiderhaken"}]},{"@type":"WebSite","@id":"https:\/\/etnoart.eu\/#website","url":"https:\/\/etnoart.eu\/","name":"Etnoart","description":"K&auml;sit&ouml;&ouml;pood","publisher":{"@id":"https:\/\/etnoart.eu\/#organization"},"potentialAction":[{"@type":"SearchAction","target":{"@type":"EntryPoint","urlTemplate":"https:\/\/etnoart.eu\/?s={search_term_string}"},"query-input":{"@type":"PropertyValueSpecification","valueRequired":true,"valueName":"search_term_string"}}],"inLanguage":"de"},{"@type":"Organization","@id":"https:\/\/etnoart.eu\/#organization","name":"Etnoart O\u00dc","url":"https:\/\/etnoart.eu\/","logo":{"@type":"ImageObject","inLanguage":"de","@id":"https:\/\/etnoart.eu\/#\/schema\/logo\/image\/","url":"https:\/\/etnoart.eu\/wp-content\/uploads\/2023\/06\/etnoart-logo.png","contentUrl":"https:\/\/etnoart.eu\/wp-content\/uploads\/2023\/06\/etnoart-logo.png","width":491,"height":184,"caption":"Etnoart O\u00dc"},"image":{"@id":"https:\/\/etnoart.eu\/#\/schema\/logo\/image\/"},"sameAs":["https:\/\/www.facebook.com\/etnoart.handicraft.shop"]}]}},"builder_content":"","_links":{"self":[{"href":"https:\/\/etnoart.eu\/de\/wp-json\/wp\/v2\/product\/5394","targetHints":{"allow":["GET"]}}],"collection":[{"href":"https:\/\/etnoart.eu\/de\/wp-json\/wp\/v2\/product"}],"about":[{"href":"https:\/\/etnoart.eu\/de\/wp-json\/wp\/v2\/types\/product"}],"wp:featuredmedia":[{"embeddable":true,"href":"https:\/\/etnoart.eu\/de\/wp-json\/wp\/v2\/media\/940"}],"wp:attachment":[{"href":"https:\/\/etnoart.eu\/de\/wp-json\/wp\/v2\/media?parent=5394"}],"wp:term":[{"taxonomy":"product_brand","embeddable":true,"href":"https:\/\/etnoart.eu\/de\/wp-json\/wp\/v2\/product_brand?post=5394"},{"taxonomy":"product_cat","embeddable":true,"href":"https:\/\/etnoart.eu\/de\/wp-json\/wp\/v2\/product_cat?post=5394"},{"taxonomy":"product_tag","embeddable":true,"href":"https:\/\/etnoart.eu\/de\/wp-json\/wp\/v2\/product_tag?post=5394"}],"curies":[{"name":"wp","href":"https:\/\/api.w.org\/{rel}","templated":true}]}}