{"id":5368,"date":"2023-06-08T08:54:10","date_gmt":"2023-06-08T08:54:10","guid":{"rendered":"https:\/\/etnoart.eu\/toode\/lilleampli-hoidja\/"},"modified":"2025-03-15T14:44:19","modified_gmt":"2025-03-15T14:44:19","slug":"pflanzenhaken-wand","status":"publish","type":"product","link":"https:\/\/etnoart.eu\/de\/toode\/pflanzenhaken-wand\/","title":{"rendered":"Pflanzenhaken Wand"},"content":{"rendered":"<p>Dieser Pflanzenhaken Wand aus Metall ist ideal zum Aufh\u00e4ngen von Blumenampeln, Laternen oder Dekorationselementen. Die stabile Konstruktion sorgt f\u00fcr sicheren Halt und eine lange Lebensdauer sowohl im Innen- als auch im Au\u00dfenbereich. Dank seines geschwungenen Designs f\u00fcgt sich der Haken harmonisch in G\u00e4rten, Balkone und Terrassen ein. Die Wandmontage erm\u00f6glicht eine platzsparende und stilvolle Pr\u00e4sentation von Pflanzen. Dieser Pflanzenhaken Wand ist eine praktische L\u00f6sung f\u00fcr dekorative Aufh\u00e4ngungen.<\/p>\n","protected":false},"excerpt":{"rendered":"<p>Robuster und dekorativer Wand-Pflanzenhaken aus Metall f\u00fcr Blumenampeln, Laternen und mehr. Ideal f\u00fcr den Innen- und Au\u00dfenbereich.<br \/>\n<strong>Produkth\u00f6he:<\/strong> 24cm<\/p>\n<p>P<strong>roduktgewicht:<\/strong> 800g<\/p>\n<p><strong>Beschichtung\/Oberfl\u00e4che:<\/strong> Lackiert. Das Produkt ist mit wetterbest\u00e4ndiger Farbe lackiert.<\/p>\n<p><strong>Abstand zur Wand:<\/strong> 35cm<\/p>\n","protected":false},"featured_media":2508,"template":"","meta":[],"product_brand":[],"product_cat":[384],"product_tag":[615,616,617],"class_list":{"0":"post-5368","1":"product","2":"type-product","3":"status-publish","4":"has-post-thumbnail","6":"product_cat-pflanzenstaender-ampelhaken-blumenstaender","7":"product_tag-amplikandur-de","8":"product_tag-konsool-lillepotile-de","9":"product_tag-lilleampli-hoidja-de","10":"has-post-title","11":"has-post-date","12":"has-post-category","13":"has-post-tag","14":"has-post-comment","15":"has-post-author","16":"","18":"first","19":"instock","20":"taxable","21":"shipping-taxable","22":"purchasable","23":"product-type-simple"},"yoast_head":"<!-- This site is optimized with the Yoast SEO plugin v27.4 - https:\/\/yoast.com\/product\/yoast-seo-wordpress\/ -->\n<title>Pflanzenhaken Wand |EtnoArt| Pflanzenst\u00e4nder, Blumenst\u00e4nder<\/title>\n<meta name=\"description\" content=\"Stabiler Pflanzenhaken zur Wandmontage. Ideal f\u00fcr Blumenampeln, Laternen und Dekoration. Wetterfestes Metall, geeignet f\u00fcr Innen- und Au\u00dfenbereiche.\" \/>\n<meta name=\"robots\" content=\"index, follow, max-snippet:-1, max-image-preview:large, max-video-preview:-1\" \/>\n<link rel=\"canonical\" href=\"https:\/\/etnoart.eu\/de\/toode\/pflanzenhaken-wand\/\" \/>\n<meta property=\"og:locale\" content=\"de_DE\" \/>\n<meta property=\"og:type\" content=\"article\" \/>\n<meta property=\"og:title\" content=\"Pflanzenhaken Wand |EtnoArt| Pflanzenst\u00e4nder, Blumenst\u00e4nder\" \/>\n<meta property=\"og:description\" content=\"Stabiler Pflanzenhaken zur Wandmontage. Ideal f\u00fcr Blumenampeln, Laternen und Dekoration. Wetterfestes Metall, geeignet f\u00fcr Innen- und Au\u00dfenbereiche.\" \/>\n<meta property=\"og:url\" content=\"https:\/\/etnoart.eu\/de\/toode\/pflanzenhaken-wand\/\" \/>\n<meta property=\"og:site_name\" content=\"Etnoart\" \/>\n<meta property=\"article:publisher\" content=\"https:\/\/www.facebook.com\/etnoart.handicraft.shop\" \/>\n<meta property=\"article:modified_time\" content=\"2025-03-15T14:44:19+00:00\" \/>\n<meta property=\"og:image\" content=\"https:\/\/etnoart.eu\/wp-content\/uploads\/2023\/06\/945-Lilleampli-hoidja-Konsoolid-ja-alused-lilledele.jpg\" \/>\n\t<meta property=\"og:image:width\" content=\"750\" \/>\n\t<meta property=\"og:image:height\" content=\"750\" \/>\n\t<meta property=\"og:image:type\" content=\"image\/jpeg\" \/>\n<meta name=\"twitter:card\" content=\"summary_large_image\" \/>\n<meta name=\"twitter:label1\" content=\"Gesch\u00e4tzte Lesezeit\" \/>\n\t<meta name=\"twitter:data1\" content=\"1\u00a0Minute\" \/>\n<script type=\"application\/ld+json\" class=\"yoast-schema-graph\">{\"@context\":\"https:\\\/\\\/schema.org\",\"@graph\":[{\"@type\":\"WebPage\",\"@id\":\"https:\\\/\\\/etnoart.eu\\\/de\\\/toode\\\/pflanzenhaken-wand\\\/\",\"url\":\"https:\\\/\\\/etnoart.eu\\\/de\\\/toode\\\/pflanzenhaken-wand\\\/\",\"name\":\"Pflanzenhaken Wand |EtnoArt| Pflanzenst\u00e4nder, Blumenst\u00e4nder\",\"isPartOf\":{\"@id\":\"https:\\\/\\\/etnoart.eu\\\/#website\"},\"primaryImageOfPage\":{\"@id\":\"https:\\\/\\\/etnoart.eu\\\/de\\\/toode\\\/pflanzenhaken-wand\\\/#primaryimage\"},\"image\":{\"@id\":\"https:\\\/\\\/etnoart.eu\\\/de\\\/toode\\\/pflanzenhaken-wand\\\/#primaryimage\"},\"thumbnailUrl\":\"https:\\\/\\\/etnoart.eu\\\/wp-content\\\/uploads\\\/2023\\\/06\\\/945-Lilleampli-hoidja-Konsoolid-ja-alused-lilledele.jpg\",\"datePublished\":\"2023-06-08T08:54:10+00:00\",\"dateModified\":\"2025-03-15T14:44:19+00:00\",\"description\":\"Stabiler Pflanzenhaken zur Wandmontage. Ideal f\u00fcr Blumenampeln, Laternen und Dekoration. Wetterfestes Metall, geeignet f\u00fcr Innen- und Au\u00dfenbereiche.\",\"breadcrumb\":{\"@id\":\"https:\\\/\\\/etnoart.eu\\\/de\\\/toode\\\/pflanzenhaken-wand\\\/#breadcrumb\"},\"inLanguage\":\"de\",\"potentialAction\":[{\"@type\":\"ReadAction\",\"target\":[\"https:\\\/\\\/etnoart.eu\\\/de\\\/toode\\\/pflanzenhaken-wand\\\/\"]}]},{\"@type\":\"ImageObject\",\"inLanguage\":\"de\",\"@id\":\"https:\\\/\\\/etnoart.eu\\\/de\\\/toode\\\/pflanzenhaken-wand\\\/#primaryimage\",\"url\":\"https:\\\/\\\/etnoart.eu\\\/wp-content\\\/uploads\\\/2023\\\/06\\\/945-Lilleampli-hoidja-Konsoolid-ja-alused-lilledele.jpg\",\"contentUrl\":\"https:\\\/\\\/etnoart.eu\\\/wp-content\\\/uploads\\\/2023\\\/06\\\/945-Lilleampli-hoidja-Konsoolid-ja-alused-lilledele.jpg\",\"width\":750,\"height\":750,\"caption\":\"Pflanzenhaken Wand\"},{\"@type\":\"BreadcrumbList\",\"@id\":\"https:\\\/\\\/etnoart.eu\\\/de\\\/toode\\\/pflanzenhaken-wand\\\/#breadcrumb\",\"itemListElement\":[{\"@type\":\"ListItem\",\"position\":1,\"name\":\"Home\",\"item\":\"https:\\\/\\\/etnoart.eu\\\/de\\\/\"},{\"@type\":\"ListItem\",\"position\":2,\"name\":\"Shop\",\"item\":\"https:\\\/\\\/etnoart.eu\\\/pood\\\/\"},{\"@type\":\"ListItem\",\"position\":3,\"name\":\"Pflanzenhaken Wand\"}]},{\"@type\":\"WebSite\",\"@id\":\"https:\\\/\\\/etnoart.eu\\\/#website\",\"url\":\"https:\\\/\\\/etnoart.eu\\\/\",\"name\":\"Etnoart\",\"description\":\"K&auml;sit&ouml;&ouml;pood\",\"publisher\":{\"@id\":\"https:\\\/\\\/etnoart.eu\\\/#organization\"},\"potentialAction\":[{\"@type\":\"SearchAction\",\"target\":{\"@type\":\"EntryPoint\",\"urlTemplate\":\"https:\\\/\\\/etnoart.eu\\\/?s={search_term_string}\"},\"query-input\":{\"@type\":\"PropertyValueSpecification\",\"valueRequired\":true,\"valueName\":\"search_term_string\"}}],\"inLanguage\":\"de\"},{\"@type\":\"Organization\",\"@id\":\"https:\\\/\\\/etnoart.eu\\\/#organization\",\"name\":\"Etnoart O\u00dc\",\"url\":\"https:\\\/\\\/etnoart.eu\\\/\",\"logo\":{\"@type\":\"ImageObject\",\"inLanguage\":\"de\",\"@id\":\"https:\\\/\\\/etnoart.eu\\\/#\\\/schema\\\/logo\\\/image\\\/\",\"url\":\"https:\\\/\\\/etnoart.eu\\\/wp-content\\\/uploads\\\/2023\\\/06\\\/etnoart-logo.png\",\"contentUrl\":\"https:\\\/\\\/etnoart.eu\\\/wp-content\\\/uploads\\\/2023\\\/06\\\/etnoart-logo.png\",\"width\":491,\"height\":184,\"caption\":\"Etnoart O\u00dc\"},\"image\":{\"@id\":\"https:\\\/\\\/etnoart.eu\\\/#\\\/schema\\\/logo\\\/image\\\/\"},\"sameAs\":[\"https:\\\/\\\/www.facebook.com\\\/etnoart.handicraft.shop\"]}]}<\/script>\n<!-- \/ Yoast SEO plugin. -->","yoast_head_json":{"title":"Pflanzenhaken Wand |EtnoArt| Pflanzenst\u00e4nder, Blumenst\u00e4nder","description":"Stabiler Pflanzenhaken zur Wandmontage. Ideal f\u00fcr Blumenampeln, Laternen und Dekoration. Wetterfestes Metall, geeignet f\u00fcr Innen- und Au\u00dfenbereiche.","robots":{"index":"index","follow":"follow","max-snippet":"max-snippet:-1","max-image-preview":"max-image-preview:large","max-video-preview":"max-video-preview:-1"},"canonical":"https:\/\/etnoart.eu\/de\/toode\/pflanzenhaken-wand\/","og_locale":"de_DE","og_type":"article","og_title":"Pflanzenhaken Wand |EtnoArt| Pflanzenst\u00e4nder, Blumenst\u00e4nder","og_description":"Stabiler Pflanzenhaken zur Wandmontage. Ideal f\u00fcr Blumenampeln, Laternen und Dekoration. Wetterfestes Metall, geeignet f\u00fcr Innen- und Au\u00dfenbereiche.","og_url":"https:\/\/etnoart.eu\/de\/toode\/pflanzenhaken-wand\/","og_site_name":"Etnoart","article_publisher":"https:\/\/www.facebook.com\/etnoart.handicraft.shop","article_modified_time":"2025-03-15T14:44:19+00:00","og_image":[{"width":750,"height":750,"url":"https:\/\/etnoart.eu\/wp-content\/uploads\/2023\/06\/945-Lilleampli-hoidja-Konsoolid-ja-alused-lilledele.jpg","type":"image\/jpeg"}],"twitter_card":"summary_large_image","twitter_misc":{"Gesch\u00e4tzte Lesezeit":"1\u00a0Minute"},"schema":{"@context":"https:\/\/schema.org","@graph":[{"@type":"WebPage","@id":"https:\/\/etnoart.eu\/de\/toode\/pflanzenhaken-wand\/","url":"https:\/\/etnoart.eu\/de\/toode\/pflanzenhaken-wand\/","name":"Pflanzenhaken Wand |EtnoArt| Pflanzenst\u00e4nder, Blumenst\u00e4nder","isPartOf":{"@id":"https:\/\/etnoart.eu\/#website"},"primaryImageOfPage":{"@id":"https:\/\/etnoart.eu\/de\/toode\/pflanzenhaken-wand\/#primaryimage"},"image":{"@id":"https:\/\/etnoart.eu\/de\/toode\/pflanzenhaken-wand\/#primaryimage"},"thumbnailUrl":"https:\/\/etnoart.eu\/wp-content\/uploads\/2023\/06\/945-Lilleampli-hoidja-Konsoolid-ja-alused-lilledele.jpg","datePublished":"2023-06-08T08:54:10+00:00","dateModified":"2025-03-15T14:44:19+00:00","description":"Stabiler Pflanzenhaken zur Wandmontage. Ideal f\u00fcr Blumenampeln, Laternen und Dekoration. Wetterfestes Metall, geeignet f\u00fcr Innen- und Au\u00dfenbereiche.","breadcrumb":{"@id":"https:\/\/etnoart.eu\/de\/toode\/pflanzenhaken-wand\/#breadcrumb"},"inLanguage":"de","potentialAction":[{"@type":"ReadAction","target":["https:\/\/etnoart.eu\/de\/toode\/pflanzenhaken-wand\/"]}]},{"@type":"ImageObject","inLanguage":"de","@id":"https:\/\/etnoart.eu\/de\/toode\/pflanzenhaken-wand\/#primaryimage","url":"https:\/\/etnoart.eu\/wp-content\/uploads\/2023\/06\/945-Lilleampli-hoidja-Konsoolid-ja-alused-lilledele.jpg","contentUrl":"https:\/\/etnoart.eu\/wp-content\/uploads\/2023\/06\/945-Lilleampli-hoidja-Konsoolid-ja-alused-lilledele.jpg","width":750,"height":750,"caption":"Pflanzenhaken Wand"},{"@type":"BreadcrumbList","@id":"https:\/\/etnoart.eu\/de\/toode\/pflanzenhaken-wand\/#breadcrumb","itemListElement":[{"@type":"ListItem","position":1,"name":"Home","item":"https:\/\/etnoart.eu\/de\/"},{"@type":"ListItem","position":2,"name":"Shop","item":"https:\/\/etnoart.eu\/pood\/"},{"@type":"ListItem","position":3,"name":"Pflanzenhaken Wand"}]},{"@type":"WebSite","@id":"https:\/\/etnoart.eu\/#website","url":"https:\/\/etnoart.eu\/","name":"Etnoart","description":"K&auml;sit&ouml;&ouml;pood","publisher":{"@id":"https:\/\/etnoart.eu\/#organization"},"potentialAction":[{"@type":"SearchAction","target":{"@type":"EntryPoint","urlTemplate":"https:\/\/etnoart.eu\/?s={search_term_string}"},"query-input":{"@type":"PropertyValueSpecification","valueRequired":true,"valueName":"search_term_string"}}],"inLanguage":"de"},{"@type":"Organization","@id":"https:\/\/etnoart.eu\/#organization","name":"Etnoart O\u00dc","url":"https:\/\/etnoart.eu\/","logo":{"@type":"ImageObject","inLanguage":"de","@id":"https:\/\/etnoart.eu\/#\/schema\/logo\/image\/","url":"https:\/\/etnoart.eu\/wp-content\/uploads\/2023\/06\/etnoart-logo.png","contentUrl":"https:\/\/etnoart.eu\/wp-content\/uploads\/2023\/06\/etnoart-logo.png","width":491,"height":184,"caption":"Etnoart O\u00dc"},"image":{"@id":"https:\/\/etnoart.eu\/#\/schema\/logo\/image\/"},"sameAs":["https:\/\/www.facebook.com\/etnoart.handicraft.shop"]}]}},"builder_content":"","_links":{"self":[{"href":"https:\/\/etnoart.eu\/de\/wp-json\/wp\/v2\/product\/5368","targetHints":{"allow":["GET"]}}],"collection":[{"href":"https:\/\/etnoart.eu\/de\/wp-json\/wp\/v2\/product"}],"about":[{"href":"https:\/\/etnoart.eu\/de\/wp-json\/wp\/v2\/types\/product"}],"wp:featuredmedia":[{"embeddable":true,"href":"https:\/\/etnoart.eu\/de\/wp-json\/wp\/v2\/media\/2508"}],"wp:attachment":[{"href":"https:\/\/etnoart.eu\/de\/wp-json\/wp\/v2\/media?parent=5368"}],"wp:term":[{"taxonomy":"product_brand","embeddable":true,"href":"https:\/\/etnoart.eu\/de\/wp-json\/wp\/v2\/product_brand?post=5368"},{"taxonomy":"product_cat","embeddable":true,"href":"https:\/\/etnoart.eu\/de\/wp-json\/wp\/v2\/product_cat?post=5368"},{"taxonomy":"product_tag","embeddable":true,"href":"https:\/\/etnoart.eu\/de\/wp-json\/wp\/v2\/product_tag?post=5368"}],"curies":[{"name":"wp","href":"https:\/\/api.w.org\/{rel}","templated":true}]}}