{"id":5362,"date":"2023-06-08T08:54:10","date_gmt":"2023-06-08T08:54:10","guid":{"rendered":"https:\/\/etnoart.eu\/toode\/lilleampel-ketiga\/"},"modified":"2025-03-15T06:24:12","modified_gmt":"2025-03-15T06:24:12","slug":"haengender-blumentopfhalter","status":"publish","type":"product","link":"https:\/\/etnoart.eu\/de\/toode\/haengender-blumentopfhalter\/","title":{"rendered":"H\u00e4ngender Blumentopfhalter"},"content":{"rendered":"<p>Dieser h\u00e4ngende Blumentopfhalter aus Metall eignet sich zur sicheren Aufh\u00e4ngung von Pflanzgef\u00e4\u00dfen in Innen- und Au\u00dfenbereichen. Die stabile Konstruktion bietet zuverl\u00e4ssigen Halt, w\u00e4hrend die Kettenaufh\u00e4ngung eine einfache Montage an Balkonen, Terrassen oder im Garten erm\u00f6glicht. Die offene Rahmenstruktur sorgt f\u00fcr eine gute Luftzirkulation um die Pflanze. Dank der neutralen schwarzen Farbe passt der h\u00e4ngende Blumentopfhalter in verschiedene Umgebungen und l\u00e4sst sich mit unterschiedlichen Pflanzgef\u00e4\u00dfen kombinieren.<\/p>\n","protected":false},"excerpt":{"rendered":"<p>Stabiler h\u00e4ngender Blumentopfhalter aus Metall mit Ketten. Ideal f\u00fcr Balkon, Terrasse und Garten. Wetterbest\u00e4ndig und f\u00fcr den Innen- und Au\u00dfenbereich geeignet.<\/p>\n","protected":false},"featured_media":2498,"template":"","meta":[],"product_brand":[],"product_cat":[384],"product_tag":[],"class_list":{"0":"post-5362","1":"product","2":"type-product","3":"status-publish","4":"has-post-thumbnail","6":"product_cat-pflanzenstaender-ampelhaken-blumenstaender","7":"has-post-title","8":"has-post-date","9":"has-post-category","10":"has-post-tag","11":"has-post-comment","12":"has-post-author","13":"","15":"first","16":"instock","17":"taxable","18":"shipping-taxable","19":"purchasable","20":"product-type-simple"},"yoast_head":"<!-- This site is optimized with the Yoast SEO plugin v27.4 - https:\/\/yoast.com\/product\/yoast-seo-wordpress\/ -->\n<title>H\u00e4ngender Blumentopfhalter |EtnoArt| Blumenst\u00e4nder<\/title>\n<meta name=\"description\" content=\"Stabiler h\u00e4ngender Blumentopfhalter aus Metall mit Ketten. Ideal f\u00fcr Balkon und Garten. Wetterbest\u00e4ndig und f\u00fcr den Innen- und Au\u00dfenbereich geeignet.\" \/>\n<meta name=\"robots\" content=\"index, follow, max-snippet:-1, max-image-preview:large, max-video-preview:-1\" \/>\n<link rel=\"canonical\" href=\"https:\/\/etnoart.eu\/de\/toode\/haengender-blumentopfhalter\/\" \/>\n<meta property=\"og:locale\" content=\"de_DE\" \/>\n<meta property=\"og:type\" content=\"article\" \/>\n<meta property=\"og:title\" content=\"H\u00e4ngender Blumentopfhalter |EtnoArt| Blumenst\u00e4nder\" \/>\n<meta property=\"og:description\" content=\"Stabiler h\u00e4ngender Blumentopfhalter aus Metall mit Ketten. Ideal f\u00fcr Balkon und Garten. Wetterbest\u00e4ndig und f\u00fcr den Innen- und Au\u00dfenbereich geeignet.\" \/>\n<meta property=\"og:url\" content=\"https:\/\/etnoart.eu\/de\/toode\/haengender-blumentopfhalter\/\" \/>\n<meta property=\"og:site_name\" content=\"Etnoart\" \/>\n<meta property=\"article:publisher\" content=\"https:\/\/www.facebook.com\/etnoart.handicraft.shop\" \/>\n<meta property=\"article:modified_time\" content=\"2025-03-15T06:24:12+00:00\" \/>\n<meta property=\"og:image\" content=\"https:\/\/etnoart.eu\/wp-content\/uploads\/2023\/06\/960-Lilleampel-ketiga-Konsoolid-ja-alused-lilledele.jpg\" \/>\n\t<meta property=\"og:image:width\" content=\"750\" \/>\n\t<meta property=\"og:image:height\" content=\"750\" \/>\n\t<meta property=\"og:image:type\" content=\"image\/jpeg\" \/>\n<meta name=\"twitter:card\" content=\"summary_large_image\" \/>\n<meta name=\"twitter:label1\" content=\"Gesch\u00e4tzte Lesezeit\" \/>\n\t<meta name=\"twitter:data1\" content=\"1\u00a0Minute\" \/>\n<script type=\"application\/ld+json\" class=\"yoast-schema-graph\">{\"@context\":\"https:\\\/\\\/schema.org\",\"@graph\":[{\"@type\":\"WebPage\",\"@id\":\"https:\\\/\\\/etnoart.eu\\\/de\\\/toode\\\/haengender-blumentopfhalter\\\/\",\"url\":\"https:\\\/\\\/etnoart.eu\\\/de\\\/toode\\\/haengender-blumentopfhalter\\\/\",\"name\":\"H\u00e4ngender Blumentopfhalter |EtnoArt| Blumenst\u00e4nder\",\"isPartOf\":{\"@id\":\"https:\\\/\\\/etnoart.eu\\\/#website\"},\"primaryImageOfPage\":{\"@id\":\"https:\\\/\\\/etnoart.eu\\\/de\\\/toode\\\/haengender-blumentopfhalter\\\/#primaryimage\"},\"image\":{\"@id\":\"https:\\\/\\\/etnoart.eu\\\/de\\\/toode\\\/haengender-blumentopfhalter\\\/#primaryimage\"},\"thumbnailUrl\":\"https:\\\/\\\/etnoart.eu\\\/wp-content\\\/uploads\\\/2023\\\/06\\\/960-Lilleampel-ketiga-Konsoolid-ja-alused-lilledele.jpg\",\"datePublished\":\"2023-06-08T08:54:10+00:00\",\"dateModified\":\"2025-03-15T06:24:12+00:00\",\"description\":\"Stabiler h\u00e4ngender Blumentopfhalter aus Metall mit Ketten. Ideal f\u00fcr Balkon und Garten. Wetterbest\u00e4ndig und f\u00fcr den Innen- und Au\u00dfenbereich geeignet.\",\"breadcrumb\":{\"@id\":\"https:\\\/\\\/etnoart.eu\\\/de\\\/toode\\\/haengender-blumentopfhalter\\\/#breadcrumb\"},\"inLanguage\":\"de\",\"potentialAction\":[{\"@type\":\"ReadAction\",\"target\":[\"https:\\\/\\\/etnoart.eu\\\/de\\\/toode\\\/haengender-blumentopfhalter\\\/\"]}]},{\"@type\":\"ImageObject\",\"inLanguage\":\"de\",\"@id\":\"https:\\\/\\\/etnoart.eu\\\/de\\\/toode\\\/haengender-blumentopfhalter\\\/#primaryimage\",\"url\":\"https:\\\/\\\/etnoart.eu\\\/wp-content\\\/uploads\\\/2023\\\/06\\\/960-Lilleampel-ketiga-Konsoolid-ja-alused-lilledele.jpg\",\"contentUrl\":\"https:\\\/\\\/etnoart.eu\\\/wp-content\\\/uploads\\\/2023\\\/06\\\/960-Lilleampel-ketiga-Konsoolid-ja-alused-lilledele.jpg\",\"width\":750,\"height\":750,\"caption\":\"H\u00e4ngender Blumentopfhalter\"},{\"@type\":\"BreadcrumbList\",\"@id\":\"https:\\\/\\\/etnoart.eu\\\/de\\\/toode\\\/haengender-blumentopfhalter\\\/#breadcrumb\",\"itemListElement\":[{\"@type\":\"ListItem\",\"position\":1,\"name\":\"Home\",\"item\":\"https:\\\/\\\/etnoart.eu\\\/de\\\/\"},{\"@type\":\"ListItem\",\"position\":2,\"name\":\"Shop\",\"item\":\"https:\\\/\\\/etnoart.eu\\\/pood\\\/\"},{\"@type\":\"ListItem\",\"position\":3,\"name\":\"H\u00e4ngender Blumentopfhalter\"}]},{\"@type\":\"WebSite\",\"@id\":\"https:\\\/\\\/etnoart.eu\\\/#website\",\"url\":\"https:\\\/\\\/etnoart.eu\\\/\",\"name\":\"Etnoart\",\"description\":\"K&auml;sit&ouml;&ouml;pood\",\"publisher\":{\"@id\":\"https:\\\/\\\/etnoart.eu\\\/#organization\"},\"potentialAction\":[{\"@type\":\"SearchAction\",\"target\":{\"@type\":\"EntryPoint\",\"urlTemplate\":\"https:\\\/\\\/etnoart.eu\\\/?s={search_term_string}\"},\"query-input\":{\"@type\":\"PropertyValueSpecification\",\"valueRequired\":true,\"valueName\":\"search_term_string\"}}],\"inLanguage\":\"de\"},{\"@type\":\"Organization\",\"@id\":\"https:\\\/\\\/etnoart.eu\\\/#organization\",\"name\":\"Etnoart O\u00dc\",\"url\":\"https:\\\/\\\/etnoart.eu\\\/\",\"logo\":{\"@type\":\"ImageObject\",\"inLanguage\":\"de\",\"@id\":\"https:\\\/\\\/etnoart.eu\\\/#\\\/schema\\\/logo\\\/image\\\/\",\"url\":\"https:\\\/\\\/etnoart.eu\\\/wp-content\\\/uploads\\\/2023\\\/06\\\/etnoart-logo.png\",\"contentUrl\":\"https:\\\/\\\/etnoart.eu\\\/wp-content\\\/uploads\\\/2023\\\/06\\\/etnoart-logo.png\",\"width\":491,\"height\":184,\"caption\":\"Etnoart O\u00dc\"},\"image\":{\"@id\":\"https:\\\/\\\/etnoart.eu\\\/#\\\/schema\\\/logo\\\/image\\\/\"},\"sameAs\":[\"https:\\\/\\\/www.facebook.com\\\/etnoart.handicraft.shop\"]}]}<\/script>\n<!-- \/ Yoast SEO plugin. -->","yoast_head_json":{"title":"H\u00e4ngender Blumentopfhalter |EtnoArt| Blumenst\u00e4nder","description":"Stabiler h\u00e4ngender Blumentopfhalter aus Metall mit Ketten. Ideal f\u00fcr Balkon und Garten. Wetterbest\u00e4ndig und f\u00fcr den Innen- und Au\u00dfenbereich geeignet.","robots":{"index":"index","follow":"follow","max-snippet":"max-snippet:-1","max-image-preview":"max-image-preview:large","max-video-preview":"max-video-preview:-1"},"canonical":"https:\/\/etnoart.eu\/de\/toode\/haengender-blumentopfhalter\/","og_locale":"de_DE","og_type":"article","og_title":"H\u00e4ngender Blumentopfhalter |EtnoArt| Blumenst\u00e4nder","og_description":"Stabiler h\u00e4ngender Blumentopfhalter aus Metall mit Ketten. Ideal f\u00fcr Balkon und Garten. Wetterbest\u00e4ndig und f\u00fcr den Innen- und Au\u00dfenbereich geeignet.","og_url":"https:\/\/etnoart.eu\/de\/toode\/haengender-blumentopfhalter\/","og_site_name":"Etnoart","article_publisher":"https:\/\/www.facebook.com\/etnoart.handicraft.shop","article_modified_time":"2025-03-15T06:24:12+00:00","og_image":[{"width":750,"height":750,"url":"https:\/\/etnoart.eu\/wp-content\/uploads\/2023\/06\/960-Lilleampel-ketiga-Konsoolid-ja-alused-lilledele.jpg","type":"image\/jpeg"}],"twitter_card":"summary_large_image","twitter_misc":{"Gesch\u00e4tzte Lesezeit":"1\u00a0Minute"},"schema":{"@context":"https:\/\/schema.org","@graph":[{"@type":"WebPage","@id":"https:\/\/etnoart.eu\/de\/toode\/haengender-blumentopfhalter\/","url":"https:\/\/etnoart.eu\/de\/toode\/haengender-blumentopfhalter\/","name":"H\u00e4ngender Blumentopfhalter |EtnoArt| Blumenst\u00e4nder","isPartOf":{"@id":"https:\/\/etnoart.eu\/#website"},"primaryImageOfPage":{"@id":"https:\/\/etnoart.eu\/de\/toode\/haengender-blumentopfhalter\/#primaryimage"},"image":{"@id":"https:\/\/etnoart.eu\/de\/toode\/haengender-blumentopfhalter\/#primaryimage"},"thumbnailUrl":"https:\/\/etnoart.eu\/wp-content\/uploads\/2023\/06\/960-Lilleampel-ketiga-Konsoolid-ja-alused-lilledele.jpg","datePublished":"2023-06-08T08:54:10+00:00","dateModified":"2025-03-15T06:24:12+00:00","description":"Stabiler h\u00e4ngender Blumentopfhalter aus Metall mit Ketten. Ideal f\u00fcr Balkon und Garten. Wetterbest\u00e4ndig und f\u00fcr den Innen- und Au\u00dfenbereich geeignet.","breadcrumb":{"@id":"https:\/\/etnoart.eu\/de\/toode\/haengender-blumentopfhalter\/#breadcrumb"},"inLanguage":"de","potentialAction":[{"@type":"ReadAction","target":["https:\/\/etnoart.eu\/de\/toode\/haengender-blumentopfhalter\/"]}]},{"@type":"ImageObject","inLanguage":"de","@id":"https:\/\/etnoart.eu\/de\/toode\/haengender-blumentopfhalter\/#primaryimage","url":"https:\/\/etnoart.eu\/wp-content\/uploads\/2023\/06\/960-Lilleampel-ketiga-Konsoolid-ja-alused-lilledele.jpg","contentUrl":"https:\/\/etnoart.eu\/wp-content\/uploads\/2023\/06\/960-Lilleampel-ketiga-Konsoolid-ja-alused-lilledele.jpg","width":750,"height":750,"caption":"H\u00e4ngender Blumentopfhalter"},{"@type":"BreadcrumbList","@id":"https:\/\/etnoart.eu\/de\/toode\/haengender-blumentopfhalter\/#breadcrumb","itemListElement":[{"@type":"ListItem","position":1,"name":"Home","item":"https:\/\/etnoart.eu\/de\/"},{"@type":"ListItem","position":2,"name":"Shop","item":"https:\/\/etnoart.eu\/pood\/"},{"@type":"ListItem","position":3,"name":"H\u00e4ngender Blumentopfhalter"}]},{"@type":"WebSite","@id":"https:\/\/etnoart.eu\/#website","url":"https:\/\/etnoart.eu\/","name":"Etnoart","description":"K&auml;sit&ouml;&ouml;pood","publisher":{"@id":"https:\/\/etnoart.eu\/#organization"},"potentialAction":[{"@type":"SearchAction","target":{"@type":"EntryPoint","urlTemplate":"https:\/\/etnoart.eu\/?s={search_term_string}"},"query-input":{"@type":"PropertyValueSpecification","valueRequired":true,"valueName":"search_term_string"}}],"inLanguage":"de"},{"@type":"Organization","@id":"https:\/\/etnoart.eu\/#organization","name":"Etnoart O\u00dc","url":"https:\/\/etnoart.eu\/","logo":{"@type":"ImageObject","inLanguage":"de","@id":"https:\/\/etnoart.eu\/#\/schema\/logo\/image\/","url":"https:\/\/etnoart.eu\/wp-content\/uploads\/2023\/06\/etnoart-logo.png","contentUrl":"https:\/\/etnoart.eu\/wp-content\/uploads\/2023\/06\/etnoart-logo.png","width":491,"height":184,"caption":"Etnoart O\u00dc"},"image":{"@id":"https:\/\/etnoart.eu\/#\/schema\/logo\/image\/"},"sameAs":["https:\/\/www.facebook.com\/etnoart.handicraft.shop"]}]}},"builder_content":"","_links":{"self":[{"href":"https:\/\/etnoart.eu\/de\/wp-json\/wp\/v2\/product\/5362","targetHints":{"allow":["GET"]}}],"collection":[{"href":"https:\/\/etnoart.eu\/de\/wp-json\/wp\/v2\/product"}],"about":[{"href":"https:\/\/etnoart.eu\/de\/wp-json\/wp\/v2\/types\/product"}],"wp:featuredmedia":[{"embeddable":true,"href":"https:\/\/etnoart.eu\/de\/wp-json\/wp\/v2\/media\/2498"}],"wp:attachment":[{"href":"https:\/\/etnoart.eu\/de\/wp-json\/wp\/v2\/media?parent=5362"}],"wp:term":[{"taxonomy":"product_brand","embeddable":true,"href":"https:\/\/etnoart.eu\/de\/wp-json\/wp\/v2\/product_brand?post=5362"},{"taxonomy":"product_cat","embeddable":true,"href":"https:\/\/etnoart.eu\/de\/wp-json\/wp\/v2\/product_cat?post=5362"},{"taxonomy":"product_tag","embeddable":true,"href":"https:\/\/etnoart.eu\/de\/wp-json\/wp\/v2\/product_tag?post=5362"}],"curies":[{"name":"wp","href":"https:\/\/api.w.org\/{rel}","templated":true}]}}