{"id":5341,"date":"2023-06-08T08:54:56","date_gmt":"2023-06-08T08:54:56","guid":{"rendered":"https:\/\/etnoart.eu\/toode\/amplikandur-24-cm\/"},"modified":"2025-02-11T18:57:59","modified_gmt":"2025-02-11T18:57:59","slug":"pflanzenhaenger-24-cm","status":"publish","type":"product","link":"https:\/\/etnoart.eu\/de\/toode\/pflanzenhaenger-24-cm\/","title":{"rendered":"Pflanzenh\u00e4nger 24 cm"},"content":{"rendered":"<p>Der Pflanzenh\u00e4nger 24 cm ist eine einfache, aber funktionale L\u00f6sung zum Aufh\u00e4ngen von Blumenarrangements. Das minimalistische Design dieses Produkts betont Zweckm\u00e4\u00dfigkeit und Vielseitigkeit, sodass es f\u00fcr verschiedene R\u00e4ume und Au\u00dfenbereiche geeignet ist. Es ist eine ideale Wahl f\u00fcr kleinere Blument\u00f6pfe und sorgt gleichzeitig f\u00fcr eine auff\u00e4llige Blumenpr\u00e4sentation.<\/p>\n<p>Der Aufh\u00e4ngehaken dieses Pflanzenh\u00e4ngers ragt 24 cm aus der Wand heraus und bietet stabilen Halt und eine geeignete H\u00f6he zum Aufh\u00e4ngen. Bei gr\u00f6\u00dferen Blumenarrangements mit einer Breite von \u00fcber 40 cm kann dies jedoch einschr\u00e4nkend sein, daher lohnt es sich, diese Einschr\u00e4nkung zu ber\u00fccksichtigen.<\/p>\n<p>Wenn Sie gr\u00f6\u00dfere Blumenarrangements wie Petunien oder \u00e4hnliche Arrangements aufh\u00e4ngen m\u00f6chten, bieten wir alternativ den 38 cm gro\u00dfen Pflanzenh\u00e4nger an. Sein \u00e4hnliches Design gew\u00e4hrleistet Zweckm\u00e4\u00dfigkeit und Haltbarkeit, sodass gr\u00f6\u00dfere Blumenarrangements sicher und stilvoll aufgeh\u00e4ngt werden k\u00f6nnen.<\/p>\n<p>Sowohl der 24 cm gro\u00dfe als auch der 38 cm gro\u00dfe Pflanzenh\u00e4nger werden von erfahrenen estnischen Schmieden gefertigt. Ihr Fachwissen und ihre Liebe zum Detail gew\u00e4hrleisten die langfristige Haltbarkeit und Stabilit\u00e4t der Produkte. Diese Pflanzenh\u00e4nger sind so konzipiert, dass sie verschiedenen Bedingungen standhalten und Blument\u00f6pfe unterschiedlicher Gr\u00f6\u00dfe und Gewichte tragen k\u00f6nnen.<\/p>\n<p>Insgesamt ist der Pflanzenh\u00e4nger 24 cm eine einfache und praktische L\u00f6sung zum Aufh\u00e4ngen von Blument\u00f6pfen. Zu seinen Vorteilen geh\u00f6ren ein minimalistisches Design, Langlebigkeit und die Eignung f\u00fcr kleinere Blument\u00f6pfe. Zus\u00e4tzlich bieten wir einen gr\u00f6\u00dferen Pflanzenh\u00e4nger 38 cm an, der sich ideal f\u00fcr gr\u00f6\u00dfere Blumenarrangements eignet. Beide Pflanzenh\u00e4nger werden von estnischen Schmieden handgefertigt, was Qualit\u00e4t und Langlebigkeit garantiert.<\/p>\n<p>Erstreckt sich 24 cm von der Wand und hat eine H\u00f6he von 32 cm.<\/p>\n<p>Mit einer schwarzen Pulverbeschichtung versehen, wodurch er \u00e4u\u00dferst wetterbest\u00e4ndig ist.<\/p>\n<p>Wird mit zwei Schrauben an der Wand befestigt.<\/p>\n","protected":false},"excerpt":{"rendered":"<p>Wandabstand 24 cm, H\u00f6he 32 cm, mit schwarzer Pulverfarbe \u00fcberzogen.<\/p>\n","protected":false},"featured_media":5342,"template":"","meta":[],"product_brand":[],"product_cat":[384],"product_tag":[],"class_list":{"0":"post-5341","1":"product","2":"type-product","3":"status-publish","4":"has-post-thumbnail","6":"product_cat-pflanzenstaender-ampelhaken-blumenstaender","7":"has-post-title","8":"has-post-date","9":"has-post-category","10":"has-post-tag","11":"has-post-comment","12":"has-post-author","13":"","15":"first","16":"instock","17":"taxable","18":"shipping-taxable","19":"purchasable","20":"product-type-simple"},"yoast_head":"<!-- This site is optimized with the Yoast SEO plugin v27.3 - https:\/\/yoast.com\/product\/yoast-seo-wordpress\/ -->\n<title>Pflanzenh\u00e4nger 24 cm |EtnoArt| Pflanzenst\u00e4nder, Blumenst\u00e4nder<\/title>\n<meta name=\"description\" content=\"Pflanzenh\u00e4nger 24 cm ist eine schlichte aber funktionale L\u00f6sung zum Aufh\u00e4ngen von Blument\u00f6pfen. Geeignet f\u00fcr diverse R\u00e4ume und auch f\u00fcr den Au\u00dfenbereich.\" \/>\n<meta name=\"robots\" content=\"index, follow, max-snippet:-1, max-image-preview:large, max-video-preview:-1\" \/>\n<link rel=\"canonical\" href=\"https:\/\/etnoart.eu\/de\/toode\/pflanzenhaenger-24-cm\/\" \/>\n<meta property=\"og:locale\" content=\"de_DE\" \/>\n<meta property=\"og:type\" content=\"article\" \/>\n<meta property=\"og:title\" content=\"Pflanzenh\u00e4nger 24 cm |EtnoArt| Pflanzenst\u00e4nder, Blumenst\u00e4nder\" \/>\n<meta property=\"og:description\" content=\"Pflanzenh\u00e4nger 24 cm ist eine schlichte aber funktionale L\u00f6sung zum Aufh\u00e4ngen von Blument\u00f6pfen. Geeignet f\u00fcr diverse R\u00e4ume und auch f\u00fcr den Au\u00dfenbereich.\" \/>\n<meta property=\"og:url\" content=\"https:\/\/etnoart.eu\/de\/toode\/pflanzenhaenger-24-cm\/\" \/>\n<meta property=\"og:site_name\" content=\"Etnoart\" \/>\n<meta property=\"article:publisher\" content=\"https:\/\/www.facebook.com\/etnoart.handicraft.shop\" \/>\n<meta property=\"article:modified_time\" content=\"2025-02-11T18:57:59+00:00\" \/>\n<meta property=\"og:image\" content=\"https:\/\/etnoart.eu\/wp-content\/uploads\/2023\/06\/Amplikandur-24-cm.png\" \/>\n\t<meta property=\"og:image:width\" content=\"589\" \/>\n\t<meta property=\"og:image:height\" content=\"589\" \/>\n\t<meta property=\"og:image:type\" content=\"image\/png\" \/>\n<meta name=\"twitter:card\" content=\"summary_large_image\" \/>\n<meta name=\"twitter:label1\" content=\"Gesch\u00e4tzte Lesezeit\" \/>\n\t<meta name=\"twitter:data1\" content=\"2\u00a0Minuten\" \/>\n<script type=\"application\/ld+json\" class=\"yoast-schema-graph\">{\"@context\":\"https:\\\/\\\/schema.org\",\"@graph\":[{\"@type\":\"WebPage\",\"@id\":\"https:\\\/\\\/etnoart.eu\\\/de\\\/toode\\\/pflanzenhaenger-24-cm\\\/\",\"url\":\"https:\\\/\\\/etnoart.eu\\\/de\\\/toode\\\/pflanzenhaenger-24-cm\\\/\",\"name\":\"Pflanzenh\u00e4nger 24 cm |EtnoArt| Pflanzenst\u00e4nder, Blumenst\u00e4nder\",\"isPartOf\":{\"@id\":\"https:\\\/\\\/etnoart.eu\\\/#website\"},\"primaryImageOfPage\":{\"@id\":\"https:\\\/\\\/etnoart.eu\\\/de\\\/toode\\\/pflanzenhaenger-24-cm\\\/#primaryimage\"},\"image\":{\"@id\":\"https:\\\/\\\/etnoart.eu\\\/de\\\/toode\\\/pflanzenhaenger-24-cm\\\/#primaryimage\"},\"thumbnailUrl\":\"https:\\\/\\\/etnoart.eu\\\/wp-content\\\/uploads\\\/2023\\\/06\\\/Amplikandur-24-cm.png\",\"datePublished\":\"2023-06-08T08:54:56+00:00\",\"dateModified\":\"2025-02-11T18:57:59+00:00\",\"description\":\"Pflanzenh\u00e4nger 24 cm ist eine schlichte aber funktionale L\u00f6sung zum Aufh\u00e4ngen von Blument\u00f6pfen. Geeignet f\u00fcr diverse R\u00e4ume und auch f\u00fcr den Au\u00dfenbereich.\",\"breadcrumb\":{\"@id\":\"https:\\\/\\\/etnoart.eu\\\/de\\\/toode\\\/pflanzenhaenger-24-cm\\\/#breadcrumb\"},\"inLanguage\":\"de\",\"potentialAction\":[{\"@type\":\"ReadAction\",\"target\":[\"https:\\\/\\\/etnoart.eu\\\/de\\\/toode\\\/pflanzenhaenger-24-cm\\\/\"]}]},{\"@type\":\"ImageObject\",\"inLanguage\":\"de\",\"@id\":\"https:\\\/\\\/etnoart.eu\\\/de\\\/toode\\\/pflanzenhaenger-24-cm\\\/#primaryimage\",\"url\":\"https:\\\/\\\/etnoart.eu\\\/wp-content\\\/uploads\\\/2023\\\/06\\\/Amplikandur-24-cm.png\",\"contentUrl\":\"https:\\\/\\\/etnoart.eu\\\/wp-content\\\/uploads\\\/2023\\\/06\\\/Amplikandur-24-cm.png\",\"width\":589,\"height\":589,\"caption\":\"Pflanzenh\u00e4nger 24 cm\"},{\"@type\":\"BreadcrumbList\",\"@id\":\"https:\\\/\\\/etnoart.eu\\\/de\\\/toode\\\/pflanzenhaenger-24-cm\\\/#breadcrumb\",\"itemListElement\":[{\"@type\":\"ListItem\",\"position\":1,\"name\":\"Home\",\"item\":\"https:\\\/\\\/etnoart.eu\\\/de\\\/\"},{\"@type\":\"ListItem\",\"position\":2,\"name\":\"Shop\",\"item\":\"https:\\\/\\\/etnoart.eu\\\/pood\\\/\"},{\"@type\":\"ListItem\",\"position\":3,\"name\":\"Pflanzenh\u00e4nger 24 cm\"}]},{\"@type\":\"WebSite\",\"@id\":\"https:\\\/\\\/etnoart.eu\\\/#website\",\"url\":\"https:\\\/\\\/etnoart.eu\\\/\",\"name\":\"Etnoart\",\"description\":\"K&auml;sit&ouml;&ouml;pood\",\"publisher\":{\"@id\":\"https:\\\/\\\/etnoart.eu\\\/#organization\"},\"potentialAction\":[{\"@type\":\"SearchAction\",\"target\":{\"@type\":\"EntryPoint\",\"urlTemplate\":\"https:\\\/\\\/etnoart.eu\\\/?s={search_term_string}\"},\"query-input\":{\"@type\":\"PropertyValueSpecification\",\"valueRequired\":true,\"valueName\":\"search_term_string\"}}],\"inLanguage\":\"de\"},{\"@type\":\"Organization\",\"@id\":\"https:\\\/\\\/etnoart.eu\\\/#organization\",\"name\":\"Etnoart O\u00dc\",\"url\":\"https:\\\/\\\/etnoart.eu\\\/\",\"logo\":{\"@type\":\"ImageObject\",\"inLanguage\":\"de\",\"@id\":\"https:\\\/\\\/etnoart.eu\\\/#\\\/schema\\\/logo\\\/image\\\/\",\"url\":\"https:\\\/\\\/etnoart.eu\\\/wp-content\\\/uploads\\\/2023\\\/06\\\/etnoart-logo.png\",\"contentUrl\":\"https:\\\/\\\/etnoart.eu\\\/wp-content\\\/uploads\\\/2023\\\/06\\\/etnoart-logo.png\",\"width\":491,\"height\":184,\"caption\":\"Etnoart O\u00dc\"},\"image\":{\"@id\":\"https:\\\/\\\/etnoart.eu\\\/#\\\/schema\\\/logo\\\/image\\\/\"},\"sameAs\":[\"https:\\\/\\\/www.facebook.com\\\/etnoart.handicraft.shop\"]}]}<\/script>\n<!-- \/ Yoast SEO plugin. -->","yoast_head_json":{"title":"Pflanzenh\u00e4nger 24 cm |EtnoArt| Pflanzenst\u00e4nder, Blumenst\u00e4nder","description":"Pflanzenh\u00e4nger 24 cm ist eine schlichte aber funktionale L\u00f6sung zum Aufh\u00e4ngen von Blument\u00f6pfen. Geeignet f\u00fcr diverse R\u00e4ume und auch f\u00fcr den Au\u00dfenbereich.","robots":{"index":"index","follow":"follow","max-snippet":"max-snippet:-1","max-image-preview":"max-image-preview:large","max-video-preview":"max-video-preview:-1"},"canonical":"https:\/\/etnoart.eu\/de\/toode\/pflanzenhaenger-24-cm\/","og_locale":"de_DE","og_type":"article","og_title":"Pflanzenh\u00e4nger 24 cm |EtnoArt| Pflanzenst\u00e4nder, Blumenst\u00e4nder","og_description":"Pflanzenh\u00e4nger 24 cm ist eine schlichte aber funktionale L\u00f6sung zum Aufh\u00e4ngen von Blument\u00f6pfen. Geeignet f\u00fcr diverse R\u00e4ume und auch f\u00fcr den Au\u00dfenbereich.","og_url":"https:\/\/etnoart.eu\/de\/toode\/pflanzenhaenger-24-cm\/","og_site_name":"Etnoart","article_publisher":"https:\/\/www.facebook.com\/etnoart.handicraft.shop","article_modified_time":"2025-02-11T18:57:59+00:00","og_image":[{"width":589,"height":589,"url":"https:\/\/etnoart.eu\/wp-content\/uploads\/2023\/06\/Amplikandur-24-cm.png","type":"image\/png"}],"twitter_card":"summary_large_image","twitter_misc":{"Gesch\u00e4tzte Lesezeit":"2\u00a0Minuten"},"schema":{"@context":"https:\/\/schema.org","@graph":[{"@type":"WebPage","@id":"https:\/\/etnoart.eu\/de\/toode\/pflanzenhaenger-24-cm\/","url":"https:\/\/etnoart.eu\/de\/toode\/pflanzenhaenger-24-cm\/","name":"Pflanzenh\u00e4nger 24 cm |EtnoArt| Pflanzenst\u00e4nder, Blumenst\u00e4nder","isPartOf":{"@id":"https:\/\/etnoart.eu\/#website"},"primaryImageOfPage":{"@id":"https:\/\/etnoart.eu\/de\/toode\/pflanzenhaenger-24-cm\/#primaryimage"},"image":{"@id":"https:\/\/etnoart.eu\/de\/toode\/pflanzenhaenger-24-cm\/#primaryimage"},"thumbnailUrl":"https:\/\/etnoart.eu\/wp-content\/uploads\/2023\/06\/Amplikandur-24-cm.png","datePublished":"2023-06-08T08:54:56+00:00","dateModified":"2025-02-11T18:57:59+00:00","description":"Pflanzenh\u00e4nger 24 cm ist eine schlichte aber funktionale L\u00f6sung zum Aufh\u00e4ngen von Blument\u00f6pfen. Geeignet f\u00fcr diverse R\u00e4ume und auch f\u00fcr den Au\u00dfenbereich.","breadcrumb":{"@id":"https:\/\/etnoart.eu\/de\/toode\/pflanzenhaenger-24-cm\/#breadcrumb"},"inLanguage":"de","potentialAction":[{"@type":"ReadAction","target":["https:\/\/etnoart.eu\/de\/toode\/pflanzenhaenger-24-cm\/"]}]},{"@type":"ImageObject","inLanguage":"de","@id":"https:\/\/etnoart.eu\/de\/toode\/pflanzenhaenger-24-cm\/#primaryimage","url":"https:\/\/etnoart.eu\/wp-content\/uploads\/2023\/06\/Amplikandur-24-cm.png","contentUrl":"https:\/\/etnoart.eu\/wp-content\/uploads\/2023\/06\/Amplikandur-24-cm.png","width":589,"height":589,"caption":"Pflanzenh\u00e4nger 24 cm"},{"@type":"BreadcrumbList","@id":"https:\/\/etnoart.eu\/de\/toode\/pflanzenhaenger-24-cm\/#breadcrumb","itemListElement":[{"@type":"ListItem","position":1,"name":"Home","item":"https:\/\/etnoart.eu\/de\/"},{"@type":"ListItem","position":2,"name":"Shop","item":"https:\/\/etnoart.eu\/pood\/"},{"@type":"ListItem","position":3,"name":"Pflanzenh\u00e4nger 24 cm"}]},{"@type":"WebSite","@id":"https:\/\/etnoart.eu\/#website","url":"https:\/\/etnoart.eu\/","name":"Etnoart","description":"K&auml;sit&ouml;&ouml;pood","publisher":{"@id":"https:\/\/etnoart.eu\/#organization"},"potentialAction":[{"@type":"SearchAction","target":{"@type":"EntryPoint","urlTemplate":"https:\/\/etnoart.eu\/?s={search_term_string}"},"query-input":{"@type":"PropertyValueSpecification","valueRequired":true,"valueName":"search_term_string"}}],"inLanguage":"de"},{"@type":"Organization","@id":"https:\/\/etnoart.eu\/#organization","name":"Etnoart O\u00dc","url":"https:\/\/etnoart.eu\/","logo":{"@type":"ImageObject","inLanguage":"de","@id":"https:\/\/etnoart.eu\/#\/schema\/logo\/image\/","url":"https:\/\/etnoart.eu\/wp-content\/uploads\/2023\/06\/etnoart-logo.png","contentUrl":"https:\/\/etnoart.eu\/wp-content\/uploads\/2023\/06\/etnoart-logo.png","width":491,"height":184,"caption":"Etnoart O\u00dc"},"image":{"@id":"https:\/\/etnoart.eu\/#\/schema\/logo\/image\/"},"sameAs":["https:\/\/www.facebook.com\/etnoart.handicraft.shop"]}]}},"builder_content":"","_links":{"self":[{"href":"https:\/\/etnoart.eu\/de\/wp-json\/wp\/v2\/product\/5341","targetHints":{"allow":["GET"]}}],"collection":[{"href":"https:\/\/etnoart.eu\/de\/wp-json\/wp\/v2\/product"}],"about":[{"href":"https:\/\/etnoart.eu\/de\/wp-json\/wp\/v2\/types\/product"}],"wp:featuredmedia":[{"embeddable":true,"href":"https:\/\/etnoart.eu\/de\/wp-json\/wp\/v2\/media\/5342"}],"wp:attachment":[{"href":"https:\/\/etnoart.eu\/de\/wp-json\/wp\/v2\/media?parent=5341"}],"wp:term":[{"taxonomy":"product_brand","embeddable":true,"href":"https:\/\/etnoart.eu\/de\/wp-json\/wp\/v2\/product_brand?post=5341"},{"taxonomy":"product_cat","embeddable":true,"href":"https:\/\/etnoart.eu\/de\/wp-json\/wp\/v2\/product_cat?post=5341"},{"taxonomy":"product_tag","embeddable":true,"href":"https:\/\/etnoart.eu\/de\/wp-json\/wp\/v2\/product_tag?post=5341"}],"curies":[{"name":"wp","href":"https:\/\/api.w.org\/{rel}","templated":true}]}}