{"id":5334,"date":"2023-06-08T08:51:44","date_gmt":"2023-06-08T08:51:44","guid":{"rendered":"https:\/\/etnoart.eu\/toode\/laternakandur\/"},"modified":"2025-02-11T15:24:59","modified_gmt":"2025-02-11T15:24:59","slug":"laternenhalter","status":"publish","type":"product","link":"https:\/\/etnoart.eu\/de\/toode\/laternenhalter\/","title":{"rendered":"Laternenhalter"},"content":{"rendered":"<p><strong>Wandmontierter Laternenhalter<\/strong> \u2013 eine einfache und praktische L\u00f6sung f\u00fcr eine Laterne oder einen Blumentopf<br \/>\nSuchen Sie nach einer einfachen und funktionalen L\u00f6sung zum Aufh\u00e4ngen einer Laterne oder kleinerer Blument\u00f6pfe? Unser wandmontierter Laternenhalter ist einfach, praktisch und von estnischen Schmieden hergestellt. Er ist nicht ultramodern oder kompliziert, aber er erf\u00fcllt seine Aufgabe einwandfrei \u2013 er bietet eine praktische L\u00f6sung zum Aufh\u00e4ngen einer Laterne oder von Blument\u00f6pfen.<\/p>\n<p>Warum diesen Laternenhalter w\u00e4hlen?<br \/>\nEinfach und praktisch: Dies ist ein einfaches Ger\u00e4t, das keine komplizierte Installation oder Wartung erfordert.<\/p>\n<p><strong>Hochwertiges Material<\/strong>: Aus Stahl gefertigt und mit einer matten Pulverbeschichtung versehen, die ihm ein gepflegtes Aussehen verleiht.<\/p>\n<p><strong>Vielseitigkeit<\/strong>: Geeignet zum Aufh\u00e4ngen sowohl einer Laterne als auch kleinerer Blument\u00f6pfe.<\/p>\n<p>Abmessungen: Der Haas ragt 25 cm von der Wand heraus, was sowohl f\u00fcr eine Laterne als auch f\u00fcr kleinere Blument\u00f6pfe ausreichend Platz bietet.<\/p>\n<p>Hauptmerkmale des Laternenhalters:<br \/>\nMaterial: Robuster Stahl mit matter Pulverbeschichtung.<\/p>\n<p>Anwendung: Geeignet zum Aufh\u00e4ngen von Laternen und kleineren Blument\u00f6pfen.<\/p>\n<p>Installation: Einfache Wandmontage mit zwei Schrauben. Schrauben sind nicht im Lieferumfang enthalten.<\/p>\n<p>Wo kann ich es verwenden?<\/p>\n<p>Im Innenbereich: Zum Beispiel in der K\u00fcche, im Wohnzimmer oder im Flur, wo ich eine Laterne oder kleine Blument\u00f6pfe aufh\u00e4ngen m\u00f6chte.<\/p>\n<p>Auf trockenen Terrassen oder Verandas: Wenn der Laternenhalter vor Regen und Wind gesch\u00fctzt ist, kann er auch im Freien verwendet werden.<\/p>\n<p>Achtung!<br \/>\nVerwendung im Freien: Der Laternenhalter ist nicht f\u00fcr den dauerhaften Einsatz im Freien vorgesehen. Mit der Zeit kann die Pulverbeschichtung ihre Schutzeigenschaften gegen Rost verlieren. Daher wird empfohlen, ihn im Innenbereich oder auf trockenen Terrassen zu verwenden.<\/p>\n<p>Pflege: Zum Reinigen ein trockenes oder leicht feuchtes Tuch verwenden.<\/p>\n","protected":false},"excerpt":{"rendered":"<p>Mit mattem Lack \u00fcberzogen. H\u00f6he ~41 cm, Abstand von der Wand ~26 cm<\/p>\n","protected":false},"featured_media":5331,"template":"","meta":[],"product_brand":[],"product_cat":[384],"product_tag":[],"class_list":{"0":"post-5334","1":"product","2":"type-product","3":"status-publish","4":"has-post-thumbnail","6":"product_cat-pflanzenstaender-ampelhaken-blumenstaender","7":"has-post-title","8":"has-post-date","9":"has-post-category","10":"has-post-tag","11":"has-post-comment","12":"has-post-author","13":"","15":"first","16":"instock","17":"taxable","18":"shipping-taxable","19":"purchasable","20":"product-type-simple"},"yoast_head":"<!-- This site is optimized with the Yoast SEO plugin v27.4 - https:\/\/yoast.com\/product\/yoast-seo-wordpress\/ -->\n<title>Laternenhalter |EtnoArt| Pflanzenst\u00e4nder, Blumenst\u00e4nder<\/title>\n<meta name=\"description\" content=\"Laternenhalter aus geschmiedetem Stahl. Auch zum Aufh\u00e4ngen kleinerer Blument\u00f6pfe geeignet. Mit mattem Lack \u00fcberzogen. H\u00f6he ~41 cm\" \/>\n<meta name=\"robots\" content=\"index, follow, max-snippet:-1, max-image-preview:large, max-video-preview:-1\" \/>\n<link rel=\"canonical\" href=\"https:\/\/etnoart.eu\/de\/toode\/laternenhalter\/\" \/>\n<meta property=\"og:locale\" content=\"de_DE\" \/>\n<meta property=\"og:type\" content=\"article\" \/>\n<meta property=\"og:title\" content=\"Laternenhalter |EtnoArt| Pflanzenst\u00e4nder, Blumenst\u00e4nder\" \/>\n<meta property=\"og:description\" content=\"Laternenhalter aus geschmiedetem Stahl. Auch zum Aufh\u00e4ngen kleinerer Blument\u00f6pfe geeignet. Mit mattem Lack \u00fcberzogen. H\u00f6he ~41 cm\" \/>\n<meta property=\"og:url\" content=\"https:\/\/etnoart.eu\/de\/toode\/laternenhalter\/\" \/>\n<meta property=\"og:site_name\" content=\"Etnoart\" \/>\n<meta property=\"article:publisher\" content=\"https:\/\/www.facebook.com\/etnoart.handicraft.shop\" \/>\n<meta property=\"article:modified_time\" content=\"2025-02-11T15:24:59+00:00\" \/>\n<meta property=\"og:image\" content=\"https:\/\/etnoart.eu\/wp-content\/uploads\/2023\/06\/Laternakandur-Bell-holder-Kellon-kannatin-Glockenhalter.png\" \/>\n\t<meta property=\"og:image:width\" content=\"1000\" \/>\n\t<meta property=\"og:image:height\" content=\"1000\" \/>\n\t<meta property=\"og:image:type\" content=\"image\/png\" \/>\n<meta name=\"twitter:card\" content=\"summary_large_image\" \/>\n<meta name=\"twitter:label1\" content=\"Gesch\u00e4tzte Lesezeit\" \/>\n\t<meta name=\"twitter:data1\" content=\"2\u00a0Minuten\" \/>\n<script type=\"application\/ld+json\" class=\"yoast-schema-graph\">{\"@context\":\"https:\\\/\\\/schema.org\",\"@graph\":[{\"@type\":\"WebPage\",\"@id\":\"https:\\\/\\\/etnoart.eu\\\/de\\\/toode\\\/laternenhalter\\\/\",\"url\":\"https:\\\/\\\/etnoart.eu\\\/de\\\/toode\\\/laternenhalter\\\/\",\"name\":\"Laternenhalter |EtnoArt| Pflanzenst\u00e4nder, Blumenst\u00e4nder\",\"isPartOf\":{\"@id\":\"https:\\\/\\\/etnoart.eu\\\/#website\"},\"primaryImageOfPage\":{\"@id\":\"https:\\\/\\\/etnoart.eu\\\/de\\\/toode\\\/laternenhalter\\\/#primaryimage\"},\"image\":{\"@id\":\"https:\\\/\\\/etnoart.eu\\\/de\\\/toode\\\/laternenhalter\\\/#primaryimage\"},\"thumbnailUrl\":\"https:\\\/\\\/etnoart.eu\\\/wp-content\\\/uploads\\\/2023\\\/06\\\/Laternakandur-Bell-holder-Kellon-kannatin-Glockenhalter.png\",\"datePublished\":\"2023-06-08T08:51:44+00:00\",\"dateModified\":\"2025-02-11T15:24:59+00:00\",\"description\":\"Laternenhalter aus geschmiedetem Stahl. Auch zum Aufh\u00e4ngen kleinerer Blument\u00f6pfe geeignet. Mit mattem Lack \u00fcberzogen. H\u00f6he ~41 cm\",\"breadcrumb\":{\"@id\":\"https:\\\/\\\/etnoart.eu\\\/de\\\/toode\\\/laternenhalter\\\/#breadcrumb\"},\"inLanguage\":\"de\",\"potentialAction\":[{\"@type\":\"ReadAction\",\"target\":[\"https:\\\/\\\/etnoart.eu\\\/de\\\/toode\\\/laternenhalter\\\/\"]}]},{\"@type\":\"ImageObject\",\"inLanguage\":\"de\",\"@id\":\"https:\\\/\\\/etnoart.eu\\\/de\\\/toode\\\/laternenhalter\\\/#primaryimage\",\"url\":\"https:\\\/\\\/etnoart.eu\\\/wp-content\\\/uploads\\\/2023\\\/06\\\/Laternakandur-Bell-holder-Kellon-kannatin-Glockenhalter.png\",\"contentUrl\":\"https:\\\/\\\/etnoart.eu\\\/wp-content\\\/uploads\\\/2023\\\/06\\\/Laternakandur-Bell-holder-Kellon-kannatin-Glockenhalter.png\",\"width\":1000,\"height\":1000,\"caption\":\"Laternenhalter\"},{\"@type\":\"BreadcrumbList\",\"@id\":\"https:\\\/\\\/etnoart.eu\\\/de\\\/toode\\\/laternenhalter\\\/#breadcrumb\",\"itemListElement\":[{\"@type\":\"ListItem\",\"position\":1,\"name\":\"Home\",\"item\":\"https:\\\/\\\/etnoart.eu\\\/de\\\/\"},{\"@type\":\"ListItem\",\"position\":2,\"name\":\"Shop\",\"item\":\"https:\\\/\\\/etnoart.eu\\\/pood\\\/\"},{\"@type\":\"ListItem\",\"position\":3,\"name\":\"Laternenhalter\"}]},{\"@type\":\"WebSite\",\"@id\":\"https:\\\/\\\/etnoart.eu\\\/#website\",\"url\":\"https:\\\/\\\/etnoart.eu\\\/\",\"name\":\"Etnoart\",\"description\":\"K&auml;sit&ouml;&ouml;pood\",\"publisher\":{\"@id\":\"https:\\\/\\\/etnoart.eu\\\/#organization\"},\"potentialAction\":[{\"@type\":\"SearchAction\",\"target\":{\"@type\":\"EntryPoint\",\"urlTemplate\":\"https:\\\/\\\/etnoart.eu\\\/?s={search_term_string}\"},\"query-input\":{\"@type\":\"PropertyValueSpecification\",\"valueRequired\":true,\"valueName\":\"search_term_string\"}}],\"inLanguage\":\"de\"},{\"@type\":\"Organization\",\"@id\":\"https:\\\/\\\/etnoart.eu\\\/#organization\",\"name\":\"Etnoart O\u00dc\",\"url\":\"https:\\\/\\\/etnoart.eu\\\/\",\"logo\":{\"@type\":\"ImageObject\",\"inLanguage\":\"de\",\"@id\":\"https:\\\/\\\/etnoart.eu\\\/#\\\/schema\\\/logo\\\/image\\\/\",\"url\":\"https:\\\/\\\/etnoart.eu\\\/wp-content\\\/uploads\\\/2023\\\/06\\\/etnoart-logo.png\",\"contentUrl\":\"https:\\\/\\\/etnoart.eu\\\/wp-content\\\/uploads\\\/2023\\\/06\\\/etnoart-logo.png\",\"width\":491,\"height\":184,\"caption\":\"Etnoart O\u00dc\"},\"image\":{\"@id\":\"https:\\\/\\\/etnoart.eu\\\/#\\\/schema\\\/logo\\\/image\\\/\"},\"sameAs\":[\"https:\\\/\\\/www.facebook.com\\\/etnoart.handicraft.shop\"]}]}<\/script>\n<!-- \/ Yoast SEO plugin. -->","yoast_head_json":{"title":"Laternenhalter |EtnoArt| Pflanzenst\u00e4nder, Blumenst\u00e4nder","description":"Laternenhalter aus geschmiedetem Stahl. Auch zum Aufh\u00e4ngen kleinerer Blument\u00f6pfe geeignet. Mit mattem Lack \u00fcberzogen. H\u00f6he ~41 cm","robots":{"index":"index","follow":"follow","max-snippet":"max-snippet:-1","max-image-preview":"max-image-preview:large","max-video-preview":"max-video-preview:-1"},"canonical":"https:\/\/etnoart.eu\/de\/toode\/laternenhalter\/","og_locale":"de_DE","og_type":"article","og_title":"Laternenhalter |EtnoArt| Pflanzenst\u00e4nder, Blumenst\u00e4nder","og_description":"Laternenhalter aus geschmiedetem Stahl. Auch zum Aufh\u00e4ngen kleinerer Blument\u00f6pfe geeignet. Mit mattem Lack \u00fcberzogen. H\u00f6he ~41 cm","og_url":"https:\/\/etnoart.eu\/de\/toode\/laternenhalter\/","og_site_name":"Etnoart","article_publisher":"https:\/\/www.facebook.com\/etnoart.handicraft.shop","article_modified_time":"2025-02-11T15:24:59+00:00","og_image":[{"width":1000,"height":1000,"url":"https:\/\/etnoart.eu\/wp-content\/uploads\/2023\/06\/Laternakandur-Bell-holder-Kellon-kannatin-Glockenhalter.png","type":"image\/png"}],"twitter_card":"summary_large_image","twitter_misc":{"Gesch\u00e4tzte Lesezeit":"2\u00a0Minuten"},"schema":{"@context":"https:\/\/schema.org","@graph":[{"@type":"WebPage","@id":"https:\/\/etnoart.eu\/de\/toode\/laternenhalter\/","url":"https:\/\/etnoart.eu\/de\/toode\/laternenhalter\/","name":"Laternenhalter |EtnoArt| Pflanzenst\u00e4nder, Blumenst\u00e4nder","isPartOf":{"@id":"https:\/\/etnoart.eu\/#website"},"primaryImageOfPage":{"@id":"https:\/\/etnoart.eu\/de\/toode\/laternenhalter\/#primaryimage"},"image":{"@id":"https:\/\/etnoart.eu\/de\/toode\/laternenhalter\/#primaryimage"},"thumbnailUrl":"https:\/\/etnoart.eu\/wp-content\/uploads\/2023\/06\/Laternakandur-Bell-holder-Kellon-kannatin-Glockenhalter.png","datePublished":"2023-06-08T08:51:44+00:00","dateModified":"2025-02-11T15:24:59+00:00","description":"Laternenhalter aus geschmiedetem Stahl. Auch zum Aufh\u00e4ngen kleinerer Blument\u00f6pfe geeignet. Mit mattem Lack \u00fcberzogen. H\u00f6he ~41 cm","breadcrumb":{"@id":"https:\/\/etnoart.eu\/de\/toode\/laternenhalter\/#breadcrumb"},"inLanguage":"de","potentialAction":[{"@type":"ReadAction","target":["https:\/\/etnoart.eu\/de\/toode\/laternenhalter\/"]}]},{"@type":"ImageObject","inLanguage":"de","@id":"https:\/\/etnoart.eu\/de\/toode\/laternenhalter\/#primaryimage","url":"https:\/\/etnoart.eu\/wp-content\/uploads\/2023\/06\/Laternakandur-Bell-holder-Kellon-kannatin-Glockenhalter.png","contentUrl":"https:\/\/etnoart.eu\/wp-content\/uploads\/2023\/06\/Laternakandur-Bell-holder-Kellon-kannatin-Glockenhalter.png","width":1000,"height":1000,"caption":"Laternenhalter"},{"@type":"BreadcrumbList","@id":"https:\/\/etnoart.eu\/de\/toode\/laternenhalter\/#breadcrumb","itemListElement":[{"@type":"ListItem","position":1,"name":"Home","item":"https:\/\/etnoart.eu\/de\/"},{"@type":"ListItem","position":2,"name":"Shop","item":"https:\/\/etnoart.eu\/pood\/"},{"@type":"ListItem","position":3,"name":"Laternenhalter"}]},{"@type":"WebSite","@id":"https:\/\/etnoart.eu\/#website","url":"https:\/\/etnoart.eu\/","name":"Etnoart","description":"K&auml;sit&ouml;&ouml;pood","publisher":{"@id":"https:\/\/etnoart.eu\/#organization"},"potentialAction":[{"@type":"SearchAction","target":{"@type":"EntryPoint","urlTemplate":"https:\/\/etnoart.eu\/?s={search_term_string}"},"query-input":{"@type":"PropertyValueSpecification","valueRequired":true,"valueName":"search_term_string"}}],"inLanguage":"de"},{"@type":"Organization","@id":"https:\/\/etnoart.eu\/#organization","name":"Etnoart O\u00dc","url":"https:\/\/etnoart.eu\/","logo":{"@type":"ImageObject","inLanguage":"de","@id":"https:\/\/etnoart.eu\/#\/schema\/logo\/image\/","url":"https:\/\/etnoart.eu\/wp-content\/uploads\/2023\/06\/etnoart-logo.png","contentUrl":"https:\/\/etnoart.eu\/wp-content\/uploads\/2023\/06\/etnoart-logo.png","width":491,"height":184,"caption":"Etnoart O\u00dc"},"image":{"@id":"https:\/\/etnoart.eu\/#\/schema\/logo\/image\/"},"sameAs":["https:\/\/www.facebook.com\/etnoart.handicraft.shop"]}]}},"builder_content":"","_links":{"self":[{"href":"https:\/\/etnoart.eu\/de\/wp-json\/wp\/v2\/product\/5334","targetHints":{"allow":["GET"]}}],"collection":[{"href":"https:\/\/etnoart.eu\/de\/wp-json\/wp\/v2\/product"}],"about":[{"href":"https:\/\/etnoart.eu\/de\/wp-json\/wp\/v2\/types\/product"}],"wp:featuredmedia":[{"embeddable":true,"href":"https:\/\/etnoart.eu\/de\/wp-json\/wp\/v2\/media\/5331"}],"wp:attachment":[{"href":"https:\/\/etnoart.eu\/de\/wp-json\/wp\/v2\/media?parent=5334"}],"wp:term":[{"taxonomy":"product_brand","embeddable":true,"href":"https:\/\/etnoart.eu\/de\/wp-json\/wp\/v2\/product_brand?post=5334"},{"taxonomy":"product_cat","embeddable":true,"href":"https:\/\/etnoart.eu\/de\/wp-json\/wp\/v2\/product_cat?post=5334"},{"taxonomy":"product_tag","embeddable":true,"href":"https:\/\/etnoart.eu\/de\/wp-json\/wp\/v2\/product_tag?post=5334"}],"curies":[{"name":"wp","href":"https:\/\/api.w.org\/{rel}","templated":true}]}}