{"id":5323,"date":"2023-06-08T08:54:31","date_gmt":"2023-06-08T08:54:31","guid":{"rendered":"https:\/\/etnoart.eu\/toode\/riiulikandur-20cm\/"},"modified":"2025-02-02T19:51:49","modified_gmt":"2025-02-02T19:51:49","slug":"regalhalter-20-cm","status":"publish","type":"product","link":"https:\/\/etnoart.eu\/de\/toode\/regalhalter-20-cm\/","title":{"rendered":"Regalhalter 20 cm"},"content":{"rendered":"<p>Der Regalhalter 20 cm ist ein Metallprodukt mit einfachem und elegantem Design, das mit dem Ziel entwickelt wurde, eine sichere und stabile Montage von Regalen an W\u00e4nden zu gew\u00e4hrleisten. Die Entwicklung dieses minimalistischen Produkts konzentriert sich auf Funktionalit\u00e4t und Einfachheit und bietet gleichzeitig eine hochwertige L\u00f6sung f\u00fcr die Installation verschiedener Arten von Regalen.<\/p>\n<p>Das Design der Regaltr\u00e4ger ist elegant in seiner Einfachheit. Sie bestehen aus robustem Metall, das Langlebigkeit und eine lange Lebensdauer gew\u00e4hrleistet. Die Tr\u00e4ger sind speziell so gestaltet, dass sie maximale Festigkeit und Stabilit\u00e4t f\u00fcr Regale bieten. Dadurch sind Regale sicher an der Wand befestigt und k\u00f6nnen verschiedene Gegenst\u00e4nde halten, darunter B\u00fccher, Dekorationsobjekte und K\u00fcchenutensilien.<\/p>\n<p>Die Regaltr\u00e4ger sind mit einer haltbaren Pulverbeschichtung versehen, die nicht nur das Metall vor Korrosion sch\u00fctzt, sondern den Tr\u00e4gern auch ein sauberes und stilvolles Aussehen verleiht. Verschiedene Farboptionen erm\u00f6glichen es Ihnen, die Tr\u00e4ger an Ihr bestehendes Interior-Design anzupassen, wodurch ein harmonisches und \u00e4sthetisch ansprechendes Ergebnis entsteht.<\/p>\n<p>Die Installation des Produkts ist schnell und einfach, und die Regaltr\u00e4ger werden mit allen notwendigen Befestigungsmaterialien geliefert, was den Installationsprozess noch bequemer macht. Dies bedeutet, dass Sie schnell und m\u00fchelos eine Regall\u00f6sung in Ihrem Zuhause, B\u00fcro oder Arbeitsbereich schaffen k\u00f6nnen, die auf Ihre Bed\u00fcrfnisse und Vorlieben zugeschnitten ist.<\/p>\n<p>Der Regalhalter 20 cm  ist ein hervorragendes Beispiel daf\u00fcr, wie Einfachheit und Funktionalit\u00e4t zusammenkommen k\u00f6nnen und sowohl praktisches als auch stilvolles Interior-Design bieten. Egal, ob Sie zus\u00e4tzlichen Stauraum ben\u00f6tigen oder ein dekoratives Element in Ihre Umgebung einf\u00fcgen m\u00f6chten, diese Regaltr\u00e4ger sind zuverl\u00e4ssige und hochwertige Wahlm\u00f6glichkeiten, die den Charakter und die Eleganz Ihres Raums unterstreichen.<\/p>\n","protected":false},"excerpt":{"rendered":"<p>Regalhalter ist ein Metallprodukt mit einfachem und elegantem Design, das mit dem Ziel entwickelt wurde, eine sichere und stabile Montage von Regalen an W\u00e4nden zu gew\u00e4hrleisten.<\/p>\n","protected":false},"featured_media":2702,"template":"","meta":[],"product_brand":[],"product_cat":[427],"product_tag":[591,564,567],"class_list":{"0":"post-5323","1":"product","2":"type-product","3":"status-publish","4":"has-post-thumbnail","6":"product_cat-regale-regalhalterungen","7":"product_tag-konsool-de","8":"product_tag-konsool-riiulile-de","9":"product_tag-riiulikandur-de","10":"has-post-title","11":"has-post-date","12":"has-post-category","13":"has-post-tag","14":"has-post-comment","15":"has-post-author","16":"","18":"first","19":"instock","20":"taxable","21":"shipping-taxable","22":"purchasable","23":"product-type-simple"},"yoast_head":"<!-- This site is optimized with the Yoast SEO plugin v27.4 - https:\/\/yoast.com\/product\/yoast-seo-wordpress\/ -->\n<title>Regalhalter 20 cm |EtnoArt| Regale, Regalhalterungen<\/title>\n<meta name=\"description\" content=\"Regalhalter 20 cm ist ein Metallprodukt, das mit dem Ziel entwickelt wurde, eine sichere und stabile Montage von Regalen an W\u00e4nden zu gew\u00e4hrleisten.\" \/>\n<meta name=\"robots\" content=\"index, follow, max-snippet:-1, max-image-preview:large, max-video-preview:-1\" \/>\n<link rel=\"canonical\" href=\"https:\/\/etnoart.eu\/de\/toode\/regalhalter-20-cm\/\" \/>\n<meta property=\"og:locale\" content=\"de_DE\" \/>\n<meta property=\"og:type\" content=\"article\" \/>\n<meta property=\"og:title\" content=\"Regalhalter 20 cm |EtnoArt| Regale, Regalhalterungen\" \/>\n<meta property=\"og:description\" content=\"Regalhalter 20 cm ist ein Metallprodukt, das mit dem Ziel entwickelt wurde, eine sichere und stabile Montage von Regalen an W\u00e4nden zu gew\u00e4hrleisten.\" \/>\n<meta property=\"og:url\" content=\"https:\/\/etnoart.eu\/de\/toode\/regalhalter-20-cm\/\" \/>\n<meta property=\"og:site_name\" content=\"Etnoart\" \/>\n<meta property=\"article:publisher\" content=\"https:\/\/www.facebook.com\/etnoart.handicraft.shop\" \/>\n<meta property=\"article:modified_time\" content=\"2025-02-02T19:51:49+00:00\" \/>\n<meta property=\"og:image\" content=\"https:\/\/etnoart.eu\/wp-content\/uploads\/2023\/06\/943-RIIULIKANDUR-20cm-Riiulid-riiulikandurid.jpg\" \/>\n\t<meta property=\"og:image:width\" content=\"750\" \/>\n\t<meta property=\"og:image:height\" content=\"750\" \/>\n\t<meta property=\"og:image:type\" content=\"image\/jpeg\" \/>\n<meta name=\"twitter:card\" content=\"summary_large_image\" \/>\n<meta name=\"twitter:label1\" content=\"Gesch\u00e4tzte Lesezeit\" \/>\n\t<meta name=\"twitter:data1\" content=\"2\u00a0Minuten\" \/>\n<script type=\"application\/ld+json\" class=\"yoast-schema-graph\">{\"@context\":\"https:\\\/\\\/schema.org\",\"@graph\":[{\"@type\":\"WebPage\",\"@id\":\"https:\\\/\\\/etnoart.eu\\\/de\\\/toode\\\/regalhalter-20-cm\\\/\",\"url\":\"https:\\\/\\\/etnoart.eu\\\/de\\\/toode\\\/regalhalter-20-cm\\\/\",\"name\":\"Regalhalter 20 cm |EtnoArt| Regale, Regalhalterungen\",\"isPartOf\":{\"@id\":\"https:\\\/\\\/etnoart.eu\\\/#website\"},\"primaryImageOfPage\":{\"@id\":\"https:\\\/\\\/etnoart.eu\\\/de\\\/toode\\\/regalhalter-20-cm\\\/#primaryimage\"},\"image\":{\"@id\":\"https:\\\/\\\/etnoart.eu\\\/de\\\/toode\\\/regalhalter-20-cm\\\/#primaryimage\"},\"thumbnailUrl\":\"https:\\\/\\\/etnoart.eu\\\/wp-content\\\/uploads\\\/2023\\\/06\\\/943-RIIULIKANDUR-20cm-Riiulid-riiulikandurid.jpg\",\"datePublished\":\"2023-06-08T08:54:31+00:00\",\"dateModified\":\"2025-02-02T19:51:49+00:00\",\"description\":\"Regalhalter 20 cm ist ein Metallprodukt, das mit dem Ziel entwickelt wurde, eine sichere und stabile Montage von Regalen an W\u00e4nden zu gew\u00e4hrleisten.\",\"breadcrumb\":{\"@id\":\"https:\\\/\\\/etnoart.eu\\\/de\\\/toode\\\/regalhalter-20-cm\\\/#breadcrumb\"},\"inLanguage\":\"de\",\"potentialAction\":[{\"@type\":\"ReadAction\",\"target\":[\"https:\\\/\\\/etnoart.eu\\\/de\\\/toode\\\/regalhalter-20-cm\\\/\"]}]},{\"@type\":\"ImageObject\",\"inLanguage\":\"de\",\"@id\":\"https:\\\/\\\/etnoart.eu\\\/de\\\/toode\\\/regalhalter-20-cm\\\/#primaryimage\",\"url\":\"https:\\\/\\\/etnoart.eu\\\/wp-content\\\/uploads\\\/2023\\\/06\\\/943-RIIULIKANDUR-20cm-Riiulid-riiulikandurid.jpg\",\"contentUrl\":\"https:\\\/\\\/etnoart.eu\\\/wp-content\\\/uploads\\\/2023\\\/06\\\/943-RIIULIKANDUR-20cm-Riiulid-riiulikandurid.jpg\",\"width\":750,\"height\":750,\"caption\":\"Regalhalter 20 cm\"},{\"@type\":\"BreadcrumbList\",\"@id\":\"https:\\\/\\\/etnoart.eu\\\/de\\\/toode\\\/regalhalter-20-cm\\\/#breadcrumb\",\"itemListElement\":[{\"@type\":\"ListItem\",\"position\":1,\"name\":\"Home\",\"item\":\"https:\\\/\\\/etnoart.eu\\\/de\\\/\"},{\"@type\":\"ListItem\",\"position\":2,\"name\":\"Shop\",\"item\":\"https:\\\/\\\/etnoart.eu\\\/pood\\\/\"},{\"@type\":\"ListItem\",\"position\":3,\"name\":\"Regalhalter 20 cm\"}]},{\"@type\":\"WebSite\",\"@id\":\"https:\\\/\\\/etnoart.eu\\\/#website\",\"url\":\"https:\\\/\\\/etnoart.eu\\\/\",\"name\":\"Etnoart\",\"description\":\"K&auml;sit&ouml;&ouml;pood\",\"publisher\":{\"@id\":\"https:\\\/\\\/etnoart.eu\\\/#organization\"},\"potentialAction\":[{\"@type\":\"SearchAction\",\"target\":{\"@type\":\"EntryPoint\",\"urlTemplate\":\"https:\\\/\\\/etnoart.eu\\\/?s={search_term_string}\"},\"query-input\":{\"@type\":\"PropertyValueSpecification\",\"valueRequired\":true,\"valueName\":\"search_term_string\"}}],\"inLanguage\":\"de\"},{\"@type\":\"Organization\",\"@id\":\"https:\\\/\\\/etnoart.eu\\\/#organization\",\"name\":\"Etnoart O\u00dc\",\"url\":\"https:\\\/\\\/etnoart.eu\\\/\",\"logo\":{\"@type\":\"ImageObject\",\"inLanguage\":\"de\",\"@id\":\"https:\\\/\\\/etnoart.eu\\\/#\\\/schema\\\/logo\\\/image\\\/\",\"url\":\"https:\\\/\\\/etnoart.eu\\\/wp-content\\\/uploads\\\/2023\\\/06\\\/etnoart-logo.png\",\"contentUrl\":\"https:\\\/\\\/etnoart.eu\\\/wp-content\\\/uploads\\\/2023\\\/06\\\/etnoart-logo.png\",\"width\":491,\"height\":184,\"caption\":\"Etnoart O\u00dc\"},\"image\":{\"@id\":\"https:\\\/\\\/etnoart.eu\\\/#\\\/schema\\\/logo\\\/image\\\/\"},\"sameAs\":[\"https:\\\/\\\/www.facebook.com\\\/etnoart.handicraft.shop\"]}]}<\/script>\n<!-- \/ Yoast SEO plugin. -->","yoast_head_json":{"title":"Regalhalter 20 cm |EtnoArt| Regale, Regalhalterungen","description":"Regalhalter 20 cm ist ein Metallprodukt, das mit dem Ziel entwickelt wurde, eine sichere und stabile Montage von Regalen an W\u00e4nden zu gew\u00e4hrleisten.","robots":{"index":"index","follow":"follow","max-snippet":"max-snippet:-1","max-image-preview":"max-image-preview:large","max-video-preview":"max-video-preview:-1"},"canonical":"https:\/\/etnoart.eu\/de\/toode\/regalhalter-20-cm\/","og_locale":"de_DE","og_type":"article","og_title":"Regalhalter 20 cm |EtnoArt| Regale, Regalhalterungen","og_description":"Regalhalter 20 cm ist ein Metallprodukt, das mit dem Ziel entwickelt wurde, eine sichere und stabile Montage von Regalen an W\u00e4nden zu gew\u00e4hrleisten.","og_url":"https:\/\/etnoart.eu\/de\/toode\/regalhalter-20-cm\/","og_site_name":"Etnoart","article_publisher":"https:\/\/www.facebook.com\/etnoart.handicraft.shop","article_modified_time":"2025-02-02T19:51:49+00:00","og_image":[{"width":750,"height":750,"url":"https:\/\/etnoart.eu\/wp-content\/uploads\/2023\/06\/943-RIIULIKANDUR-20cm-Riiulid-riiulikandurid.jpg","type":"image\/jpeg"}],"twitter_card":"summary_large_image","twitter_misc":{"Gesch\u00e4tzte Lesezeit":"2\u00a0Minuten"},"schema":{"@context":"https:\/\/schema.org","@graph":[{"@type":"WebPage","@id":"https:\/\/etnoart.eu\/de\/toode\/regalhalter-20-cm\/","url":"https:\/\/etnoart.eu\/de\/toode\/regalhalter-20-cm\/","name":"Regalhalter 20 cm |EtnoArt| Regale, Regalhalterungen","isPartOf":{"@id":"https:\/\/etnoart.eu\/#website"},"primaryImageOfPage":{"@id":"https:\/\/etnoart.eu\/de\/toode\/regalhalter-20-cm\/#primaryimage"},"image":{"@id":"https:\/\/etnoart.eu\/de\/toode\/regalhalter-20-cm\/#primaryimage"},"thumbnailUrl":"https:\/\/etnoart.eu\/wp-content\/uploads\/2023\/06\/943-RIIULIKANDUR-20cm-Riiulid-riiulikandurid.jpg","datePublished":"2023-06-08T08:54:31+00:00","dateModified":"2025-02-02T19:51:49+00:00","description":"Regalhalter 20 cm ist ein Metallprodukt, das mit dem Ziel entwickelt wurde, eine sichere und stabile Montage von Regalen an W\u00e4nden zu gew\u00e4hrleisten.","breadcrumb":{"@id":"https:\/\/etnoart.eu\/de\/toode\/regalhalter-20-cm\/#breadcrumb"},"inLanguage":"de","potentialAction":[{"@type":"ReadAction","target":["https:\/\/etnoart.eu\/de\/toode\/regalhalter-20-cm\/"]}]},{"@type":"ImageObject","inLanguage":"de","@id":"https:\/\/etnoart.eu\/de\/toode\/regalhalter-20-cm\/#primaryimage","url":"https:\/\/etnoart.eu\/wp-content\/uploads\/2023\/06\/943-RIIULIKANDUR-20cm-Riiulid-riiulikandurid.jpg","contentUrl":"https:\/\/etnoart.eu\/wp-content\/uploads\/2023\/06\/943-RIIULIKANDUR-20cm-Riiulid-riiulikandurid.jpg","width":750,"height":750,"caption":"Regalhalter 20 cm"},{"@type":"BreadcrumbList","@id":"https:\/\/etnoart.eu\/de\/toode\/regalhalter-20-cm\/#breadcrumb","itemListElement":[{"@type":"ListItem","position":1,"name":"Home","item":"https:\/\/etnoart.eu\/de\/"},{"@type":"ListItem","position":2,"name":"Shop","item":"https:\/\/etnoart.eu\/pood\/"},{"@type":"ListItem","position":3,"name":"Regalhalter 20 cm"}]},{"@type":"WebSite","@id":"https:\/\/etnoart.eu\/#website","url":"https:\/\/etnoart.eu\/","name":"Etnoart","description":"K&auml;sit&ouml;&ouml;pood","publisher":{"@id":"https:\/\/etnoart.eu\/#organization"},"potentialAction":[{"@type":"SearchAction","target":{"@type":"EntryPoint","urlTemplate":"https:\/\/etnoart.eu\/?s={search_term_string}"},"query-input":{"@type":"PropertyValueSpecification","valueRequired":true,"valueName":"search_term_string"}}],"inLanguage":"de"},{"@type":"Organization","@id":"https:\/\/etnoart.eu\/#organization","name":"Etnoart O\u00dc","url":"https:\/\/etnoart.eu\/","logo":{"@type":"ImageObject","inLanguage":"de","@id":"https:\/\/etnoart.eu\/#\/schema\/logo\/image\/","url":"https:\/\/etnoart.eu\/wp-content\/uploads\/2023\/06\/etnoart-logo.png","contentUrl":"https:\/\/etnoart.eu\/wp-content\/uploads\/2023\/06\/etnoart-logo.png","width":491,"height":184,"caption":"Etnoart O\u00dc"},"image":{"@id":"https:\/\/etnoart.eu\/#\/schema\/logo\/image\/"},"sameAs":["https:\/\/www.facebook.com\/etnoart.handicraft.shop"]}]}},"builder_content":"","_links":{"self":[{"href":"https:\/\/etnoart.eu\/de\/wp-json\/wp\/v2\/product\/5323","targetHints":{"allow":["GET"]}}],"collection":[{"href":"https:\/\/etnoart.eu\/de\/wp-json\/wp\/v2\/product"}],"about":[{"href":"https:\/\/etnoart.eu\/de\/wp-json\/wp\/v2\/types\/product"}],"wp:featuredmedia":[{"embeddable":true,"href":"https:\/\/etnoart.eu\/de\/wp-json\/wp\/v2\/media\/2702"}],"wp:attachment":[{"href":"https:\/\/etnoart.eu\/de\/wp-json\/wp\/v2\/media?parent=5323"}],"wp:term":[{"taxonomy":"product_brand","embeddable":true,"href":"https:\/\/etnoart.eu\/de\/wp-json\/wp\/v2\/product_brand?post=5323"},{"taxonomy":"product_cat","embeddable":true,"href":"https:\/\/etnoart.eu\/de\/wp-json\/wp\/v2\/product_cat?post=5323"},{"taxonomy":"product_tag","embeddable":true,"href":"https:\/\/etnoart.eu\/de\/wp-json\/wp\/v2\/product_tag?post=5323"}],"curies":[{"name":"wp","href":"https:\/\/api.w.org\/{rel}","templated":true}]}}