{"id":5293,"date":"2023-06-08T08:55:19","date_gmt":"2023-06-08T08:55:19","guid":{"rendered":"https:\/\/etnoart.eu\/toode\/riiulikandur-15x15-cm\/"},"modified":"2025-02-02T17:33:58","modified_gmt":"2025-02-02T17:33:58","slug":"regaltraeger-15x15-cm","status":"publish","type":"product","link":"https:\/\/etnoart.eu\/de\/toode\/regaltraeger-15x15-cm\/","title":{"rendered":"Regaltr\u00e4ger 15\u00d715 cm"},"content":{"rendered":"<p>Regaltr\u00e4ger 15\u00d715 cm ist eine robuste und praktische L\u00f6sung f\u00fcr die Installation kleinerer Regale, hergestellt aus langlebigem Stahl. Das Produkt wird von einer estnischen Schmiedewerkstatt hergestellt, was Qualit\u00e4t und Zuverl\u00e4ssigkeit gew\u00e4hrleistet. Die Abmessungen dieses Regalb\u00fcgels betragen 15 cm x 15 cm, was ihn zur idealen Wahl f\u00fcr kleinere Regale macht, sei es in der K\u00fcche, im Badezimmer oder anderswo.<br \/>\nRegaltr\u00e4ger 15\u00d715 cm kann auf verschiedene Arten installiert werden, je nachdem, wie Sie das Regal nutzen m\u00f6chten. Ein Teil des B\u00fcgels st\u00fctzt sich an der Wand ab und sorgt f\u00fcr Stabilit\u00e4t, w\u00e4hrend der andere Teil unter dem Regal verl\u00e4uft und diesem Halt bietet. Beide Teile des B\u00fcgels sind 15 cm lang, was eine gleichm\u00e4\u00dfige Unterst\u00fctzung gew\u00e4hrleistet und die Last gleichm\u00e4\u00dfig verteilt.<\/p>\n<p>Die Installation des Regalb\u00fcgels ist einfach, da er mit zwei Schrauben an der Wand befestigt wird. Zus\u00e4tzlich gibt es zwei Schraubl\u00f6cher, um das Regal sicher am B\u00fcgel zu befestigen. Dieses Design gew\u00e4hrleistet Stabilit\u00e4t und zuverl\u00e4ssige Unterst\u00fctzung, selbst wenn schwerere Gegenst\u00e4nde auf dem Regal platziert werden.<\/p>\n<p>Das Produkt ist mit einer Pulverbeschichtung versehen, die den Regalb\u00fcgel vor Feuchtigkeit und Abnutzung sch\u00fctzt. Diese Eigenschaft macht ihn besonders geeignet f\u00fcr den Einsatz in der K\u00fcche, insbesondere in der N\u00e4he des Herdes, wo mehr Feuchtigkeit und Hitze auftreten k\u00f6nnen. Beispielsweise kann er bequem verwendet werden, um ein Gew\u00fcrzregal neben dem Herd zu installieren. Wodurch wichtige Gew\u00fcrze griffbereit bleiben und der B\u00fcgel gleichzeitig vor sch\u00e4dlichen Einfl\u00fcssen gesch\u00fctzt wird.<\/p>\n<p>Zusammenfassend ist der 15\u00d715 cm Regalb\u00fcgel ein praktisches, langlebiges und durchdachtes Produkt. Das Ihnen hilft, kleinere R\u00e4ume effizient zu nutzen und Ihre Gegenst\u00e4nde organisiert und zug\u00e4nglich zu halten.<br \/>\nWir bieten auch B\u00fcgel mit \u00e4hnlichem Design f\u00fcr 20 cm und 25 cm Regale an.<\/p>\n","protected":false},"excerpt":{"rendered":"<p>Der Regaltr\u00e4ger 15\u00d715 cm ist eine robuste und praktische L\u00f6sung f\u00fcr die Installation kleinerer Regale, hergestellt aus langlebigem Stahl.<\/p>\n","protected":false},"featured_media":5294,"template":"","meta":[],"product_brand":[],"product_cat":[427],"product_tag":[],"class_list":{"0":"post-5293","1":"product","2":"type-product","3":"status-publish","4":"has-post-thumbnail","6":"product_cat-regale-regalhalterungen","7":"has-post-title","8":"has-post-date","9":"has-post-category","10":"has-post-tag","11":"has-post-comment","12":"has-post-author","13":"","15":"first","16":"instock","17":"taxable","18":"shipping-taxable","19":"purchasable","20":"product-type-simple"},"yoast_head":"<!-- This site is optimized with the Yoast SEO plugin v27.4 - https:\/\/yoast.com\/product\/yoast-seo-wordpress\/ -->\n<title>Regaltr\u00e4ger 15\u00d715 cm |EtnoArt| Regale, Regalhalterungen<\/title>\n<meta name=\"description\" content=\"Der Regaltr\u00e4ger 15\u00d715 cm ist eine robuste und praktische L\u00f6sung f\u00fcr die Installation kleinerer Regale, hergestellt aus langlebigem Stahl.\" \/>\n<meta name=\"robots\" content=\"index, follow, max-snippet:-1, max-image-preview:large, max-video-preview:-1\" \/>\n<link rel=\"canonical\" href=\"https:\/\/etnoart.eu\/de\/toode\/regaltraeger-15x15-cm\/\" \/>\n<meta property=\"og:locale\" content=\"de_DE\" \/>\n<meta property=\"og:type\" content=\"article\" \/>\n<meta property=\"og:title\" content=\"Regaltr\u00e4ger 15\u00d715 cm |EtnoArt| Regale, Regalhalterungen\" \/>\n<meta property=\"og:description\" content=\"Der Regaltr\u00e4ger 15\u00d715 cm ist eine robuste und praktische L\u00f6sung f\u00fcr die Installation kleinerer Regale, hergestellt aus langlebigem Stahl.\" \/>\n<meta property=\"og:url\" content=\"https:\/\/etnoart.eu\/de\/toode\/regaltraeger-15x15-cm\/\" \/>\n<meta property=\"og:site_name\" content=\"Etnoart\" \/>\n<meta property=\"article:publisher\" content=\"https:\/\/www.facebook.com\/etnoart.handicraft.shop\" \/>\n<meta property=\"article:modified_time\" content=\"2025-02-02T17:33:58+00:00\" \/>\n<meta property=\"og:image\" content=\"https:\/\/etnoart.eu\/wp-content\/uploads\/2023\/06\/Riiulikandur-15\u00d715-cm.png\" \/>\n\t<meta property=\"og:image:width\" content=\"1759\" \/>\n\t<meta property=\"og:image:height\" content=\"1759\" \/>\n\t<meta property=\"og:image:type\" content=\"image\/png\" \/>\n<meta name=\"twitter:card\" content=\"summary_large_image\" \/>\n<meta name=\"twitter:label1\" content=\"Gesch\u00e4tzte Lesezeit\" \/>\n\t<meta name=\"twitter:data1\" content=\"2\u00a0Minuten\" \/>\n<script type=\"application\/ld+json\" class=\"yoast-schema-graph\">{\"@context\":\"https:\\\/\\\/schema.org\",\"@graph\":[{\"@type\":\"WebPage\",\"@id\":\"https:\\\/\\\/etnoart.eu\\\/de\\\/toode\\\/regaltraeger-15x15-cm\\\/\",\"url\":\"https:\\\/\\\/etnoart.eu\\\/de\\\/toode\\\/regaltraeger-15x15-cm\\\/\",\"name\":\"Regaltr\u00e4ger 15\u00d715 cm |EtnoArt| Regale, Regalhalterungen\",\"isPartOf\":{\"@id\":\"https:\\\/\\\/etnoart.eu\\\/#website\"},\"primaryImageOfPage\":{\"@id\":\"https:\\\/\\\/etnoart.eu\\\/de\\\/toode\\\/regaltraeger-15x15-cm\\\/#primaryimage\"},\"image\":{\"@id\":\"https:\\\/\\\/etnoart.eu\\\/de\\\/toode\\\/regaltraeger-15x15-cm\\\/#primaryimage\"},\"thumbnailUrl\":\"https:\\\/\\\/etnoart.eu\\\/wp-content\\\/uploads\\\/2023\\\/06\\\/Riiulikandur-15\u00d715-cm.png\",\"datePublished\":\"2023-06-08T08:55:19+00:00\",\"dateModified\":\"2025-02-02T17:33:58+00:00\",\"description\":\"Der Regaltr\u00e4ger 15\u00d715 cm ist eine robuste und praktische L\u00f6sung f\u00fcr die Installation kleinerer Regale, hergestellt aus langlebigem Stahl.\",\"breadcrumb\":{\"@id\":\"https:\\\/\\\/etnoart.eu\\\/de\\\/toode\\\/regaltraeger-15x15-cm\\\/#breadcrumb\"},\"inLanguage\":\"de\",\"potentialAction\":[{\"@type\":\"ReadAction\",\"target\":[\"https:\\\/\\\/etnoart.eu\\\/de\\\/toode\\\/regaltraeger-15x15-cm\\\/\"]}]},{\"@type\":\"ImageObject\",\"inLanguage\":\"de\",\"@id\":\"https:\\\/\\\/etnoart.eu\\\/de\\\/toode\\\/regaltraeger-15x15-cm\\\/#primaryimage\",\"url\":\"https:\\\/\\\/etnoart.eu\\\/wp-content\\\/uploads\\\/2023\\\/06\\\/Riiulikandur-15\u00d715-cm.png\",\"contentUrl\":\"https:\\\/\\\/etnoart.eu\\\/wp-content\\\/uploads\\\/2023\\\/06\\\/Riiulikandur-15\u00d715-cm.png\",\"width\":1759,\"height\":1759,\"caption\":\"Riiulikandur 15\u00d715 cm\"},{\"@type\":\"BreadcrumbList\",\"@id\":\"https:\\\/\\\/etnoart.eu\\\/de\\\/toode\\\/regaltraeger-15x15-cm\\\/#breadcrumb\",\"itemListElement\":[{\"@type\":\"ListItem\",\"position\":1,\"name\":\"Home\",\"item\":\"https:\\\/\\\/etnoart.eu\\\/de\\\/\"},{\"@type\":\"ListItem\",\"position\":2,\"name\":\"Shop\",\"item\":\"https:\\\/\\\/etnoart.eu\\\/pood\\\/\"},{\"@type\":\"ListItem\",\"position\":3,\"name\":\"Regaltr\u00e4ger 15\u00d715 cm\"}]},{\"@type\":\"WebSite\",\"@id\":\"https:\\\/\\\/etnoart.eu\\\/#website\",\"url\":\"https:\\\/\\\/etnoart.eu\\\/\",\"name\":\"Etnoart\",\"description\":\"K&auml;sit&ouml;&ouml;pood\",\"publisher\":{\"@id\":\"https:\\\/\\\/etnoart.eu\\\/#organization\"},\"potentialAction\":[{\"@type\":\"SearchAction\",\"target\":{\"@type\":\"EntryPoint\",\"urlTemplate\":\"https:\\\/\\\/etnoart.eu\\\/?s={search_term_string}\"},\"query-input\":{\"@type\":\"PropertyValueSpecification\",\"valueRequired\":true,\"valueName\":\"search_term_string\"}}],\"inLanguage\":\"de\"},{\"@type\":\"Organization\",\"@id\":\"https:\\\/\\\/etnoart.eu\\\/#organization\",\"name\":\"Etnoart O\u00dc\",\"url\":\"https:\\\/\\\/etnoart.eu\\\/\",\"logo\":{\"@type\":\"ImageObject\",\"inLanguage\":\"de\",\"@id\":\"https:\\\/\\\/etnoart.eu\\\/#\\\/schema\\\/logo\\\/image\\\/\",\"url\":\"https:\\\/\\\/etnoart.eu\\\/wp-content\\\/uploads\\\/2023\\\/06\\\/etnoart-logo.png\",\"contentUrl\":\"https:\\\/\\\/etnoart.eu\\\/wp-content\\\/uploads\\\/2023\\\/06\\\/etnoart-logo.png\",\"width\":491,\"height\":184,\"caption\":\"Etnoart O\u00dc\"},\"image\":{\"@id\":\"https:\\\/\\\/etnoart.eu\\\/#\\\/schema\\\/logo\\\/image\\\/\"},\"sameAs\":[\"https:\\\/\\\/www.facebook.com\\\/etnoart.handicraft.shop\"]}]}<\/script>\n<!-- \/ Yoast SEO plugin. -->","yoast_head_json":{"title":"Regaltr\u00e4ger 15\u00d715 cm |EtnoArt| Regale, Regalhalterungen","description":"Der Regaltr\u00e4ger 15\u00d715 cm ist eine robuste und praktische L\u00f6sung f\u00fcr die Installation kleinerer Regale, hergestellt aus langlebigem Stahl.","robots":{"index":"index","follow":"follow","max-snippet":"max-snippet:-1","max-image-preview":"max-image-preview:large","max-video-preview":"max-video-preview:-1"},"canonical":"https:\/\/etnoart.eu\/de\/toode\/regaltraeger-15x15-cm\/","og_locale":"de_DE","og_type":"article","og_title":"Regaltr\u00e4ger 15\u00d715 cm |EtnoArt| Regale, Regalhalterungen","og_description":"Der Regaltr\u00e4ger 15\u00d715 cm ist eine robuste und praktische L\u00f6sung f\u00fcr die Installation kleinerer Regale, hergestellt aus langlebigem Stahl.","og_url":"https:\/\/etnoart.eu\/de\/toode\/regaltraeger-15x15-cm\/","og_site_name":"Etnoart","article_publisher":"https:\/\/www.facebook.com\/etnoart.handicraft.shop","article_modified_time":"2025-02-02T17:33:58+00:00","og_image":[{"width":1759,"height":1759,"url":"https:\/\/etnoart.eu\/wp-content\/uploads\/2023\/06\/Riiulikandur-15\u00d715-cm.png","type":"image\/png"}],"twitter_card":"summary_large_image","twitter_misc":{"Gesch\u00e4tzte Lesezeit":"2\u00a0Minuten"},"schema":{"@context":"https:\/\/schema.org","@graph":[{"@type":"WebPage","@id":"https:\/\/etnoart.eu\/de\/toode\/regaltraeger-15x15-cm\/","url":"https:\/\/etnoart.eu\/de\/toode\/regaltraeger-15x15-cm\/","name":"Regaltr\u00e4ger 15\u00d715 cm |EtnoArt| Regale, Regalhalterungen","isPartOf":{"@id":"https:\/\/etnoart.eu\/#website"},"primaryImageOfPage":{"@id":"https:\/\/etnoart.eu\/de\/toode\/regaltraeger-15x15-cm\/#primaryimage"},"image":{"@id":"https:\/\/etnoart.eu\/de\/toode\/regaltraeger-15x15-cm\/#primaryimage"},"thumbnailUrl":"https:\/\/etnoart.eu\/wp-content\/uploads\/2023\/06\/Riiulikandur-15\u00d715-cm.png","datePublished":"2023-06-08T08:55:19+00:00","dateModified":"2025-02-02T17:33:58+00:00","description":"Der Regaltr\u00e4ger 15\u00d715 cm ist eine robuste und praktische L\u00f6sung f\u00fcr die Installation kleinerer Regale, hergestellt aus langlebigem Stahl.","breadcrumb":{"@id":"https:\/\/etnoart.eu\/de\/toode\/regaltraeger-15x15-cm\/#breadcrumb"},"inLanguage":"de","potentialAction":[{"@type":"ReadAction","target":["https:\/\/etnoart.eu\/de\/toode\/regaltraeger-15x15-cm\/"]}]},{"@type":"ImageObject","inLanguage":"de","@id":"https:\/\/etnoart.eu\/de\/toode\/regaltraeger-15x15-cm\/#primaryimage","url":"https:\/\/etnoart.eu\/wp-content\/uploads\/2023\/06\/Riiulikandur-15\u00d715-cm.png","contentUrl":"https:\/\/etnoart.eu\/wp-content\/uploads\/2023\/06\/Riiulikandur-15\u00d715-cm.png","width":1759,"height":1759,"caption":"Riiulikandur 15\u00d715 cm"},{"@type":"BreadcrumbList","@id":"https:\/\/etnoart.eu\/de\/toode\/regaltraeger-15x15-cm\/#breadcrumb","itemListElement":[{"@type":"ListItem","position":1,"name":"Home","item":"https:\/\/etnoart.eu\/de\/"},{"@type":"ListItem","position":2,"name":"Shop","item":"https:\/\/etnoart.eu\/pood\/"},{"@type":"ListItem","position":3,"name":"Regaltr\u00e4ger 15\u00d715 cm"}]},{"@type":"WebSite","@id":"https:\/\/etnoart.eu\/#website","url":"https:\/\/etnoart.eu\/","name":"Etnoart","description":"K&auml;sit&ouml;&ouml;pood","publisher":{"@id":"https:\/\/etnoart.eu\/#organization"},"potentialAction":[{"@type":"SearchAction","target":{"@type":"EntryPoint","urlTemplate":"https:\/\/etnoart.eu\/?s={search_term_string}"},"query-input":{"@type":"PropertyValueSpecification","valueRequired":true,"valueName":"search_term_string"}}],"inLanguage":"de"},{"@type":"Organization","@id":"https:\/\/etnoart.eu\/#organization","name":"Etnoart O\u00dc","url":"https:\/\/etnoart.eu\/","logo":{"@type":"ImageObject","inLanguage":"de","@id":"https:\/\/etnoart.eu\/#\/schema\/logo\/image\/","url":"https:\/\/etnoart.eu\/wp-content\/uploads\/2023\/06\/etnoart-logo.png","contentUrl":"https:\/\/etnoart.eu\/wp-content\/uploads\/2023\/06\/etnoart-logo.png","width":491,"height":184,"caption":"Etnoart O\u00dc"},"image":{"@id":"https:\/\/etnoart.eu\/#\/schema\/logo\/image\/"},"sameAs":["https:\/\/www.facebook.com\/etnoart.handicraft.shop"]}]}},"builder_content":"","_links":{"self":[{"href":"https:\/\/etnoart.eu\/de\/wp-json\/wp\/v2\/product\/5293","targetHints":{"allow":["GET"]}}],"collection":[{"href":"https:\/\/etnoart.eu\/de\/wp-json\/wp\/v2\/product"}],"about":[{"href":"https:\/\/etnoart.eu\/de\/wp-json\/wp\/v2\/types\/product"}],"wp:featuredmedia":[{"embeddable":true,"href":"https:\/\/etnoart.eu\/de\/wp-json\/wp\/v2\/media\/5294"}],"wp:attachment":[{"href":"https:\/\/etnoart.eu\/de\/wp-json\/wp\/v2\/media?parent=5293"}],"wp:term":[{"taxonomy":"product_brand","embeddable":true,"href":"https:\/\/etnoart.eu\/de\/wp-json\/wp\/v2\/product_brand?post=5293"},{"taxonomy":"product_cat","embeddable":true,"href":"https:\/\/etnoart.eu\/de\/wp-json\/wp\/v2\/product_cat?post=5293"},{"taxonomy":"product_tag","embeddable":true,"href":"https:\/\/etnoart.eu\/de\/wp-json\/wp\/v2\/product_tag?post=5293"}],"curies":[{"name":"wp","href":"https:\/\/api.w.org\/{rel}","templated":true}]}}