{"id":5259,"date":"2023-06-08T08:51:44","date_gmt":"2023-06-08T08:51:44","guid":{"rendered":"https:\/\/etnoart.eu\/toode\/riiulikandur-20cm-2\/"},"modified":"2025-02-02T15:03:35","modified_gmt":"2025-02-02T15:03:35","slug":"regaltraeger-20cm","status":"publish","type":"product","link":"https:\/\/etnoart.eu\/de\/toode\/regaltraeger-20cm\/","title":{"rendered":"Regaltr\u00e4ger 20cm"},"content":{"rendered":"<p>Regaltr\u00e4ger 20cm \u2013 St\u00e4rke und Stil vereint.<\/p>\n<p>Der Regaltr\u00e4ger 20cm ist aus hochwertigem Baustahl gefertigt, was eine langfristige Nutzung und hohe Tragf\u00e4higkeit gew\u00e4hrleistet. Die Auflagefl\u00e4chen bestehen aus 20\u00d74 mm Flachstahl und sind mit einem 10\u00d710 mm Vierkantrohr verst\u00e4rkt, das dekorative Schmiedeelemente an den Enden aufweist und dem Produkt einen stilvollen Look verleiht.<\/p>\n<p>Der Regaltr\u00e4ger wird mit drei Schrauben an der Wand befestigt. Eine unten und zwei oben, die durch eine dekorative \u201eLippe\u201c gesichert sind. Dies gew\u00e4hrleistet Stabilit\u00e4t auch bei schwereren Lasten. Zur Befestigung der Regalplatte sind zwei zus\u00e4tzliche Schraubl\u00f6cher vorgesehen. Alle L\u00f6cher haben einen Durchmesser von 6 mm, was eine einfache und sichere Montage erm\u00f6glicht.<\/p>\n<p>Das Produkt wird mit einer Stahlb\u00fcrste gereinigt und mit hochwertiger Pulverfarbe beschichtet, was sowohl ein \u00e4sthetisches Finish als auch Korrosionsbest\u00e4ndigkeit bietet.<\/p>\n<p>Technische Daten:<\/p>\n<p>Material: Baustahl<br \/>\nAuflagefl\u00e4chen: 20\u00d74 mm Flachstahl<br \/>\nVerst\u00e4rkung: 10\u00d710 mm Vierkantrohr mit dekorativen Enden<br \/>\nMontage: 3 Schrauben (1 unten, 2 oben mit dekorativer \u201eLippe\u201c)<br \/>\nRegalbefestigung: 2 Schraubl\u00f6cher<br \/>\nL\u00f6cher: 6 mm<br \/>\nOberfl\u00e4chenbehandlung: Stahlgeb\u00fcrstet und pulverbeschichtet.<\/p>\n<p>Die perfekte Wahl, wenn Sie einen starken, stilvollen und zuverl\u00e4ssigen Regaltr\u00e4ger ben\u00f6tigen!<\/p>\n<p>Zus\u00e4tzlich bieten wir Regaltr\u00e4ger im gleichen Design in den Gr\u00f6\u00dfen <a href=\"https:\/\/etnoart.eu\/de\/toode\/regaltraeger-15cm\/\" target=\"_blank\">15cm<\/a> und 25cm an.<\/p>\n","protected":false},"excerpt":{"rendered":"<p>Abstand von der Wand betr\u00e4gt 20 cm, H\u00f6he 26 cm, Wandbefestigung ist 13 cm breit. Das Produkt wurde mit einem Gewicht von 40 kg getestet. Mit Pulverfarbe beschichtet.<\/p>\n","protected":false},"featured_media":5255,"template":"","meta":[],"product_brand":[],"product_cat":[427],"product_tag":[],"class_list":{"0":"post-5259","1":"product","2":"type-product","3":"status-publish","4":"has-post-thumbnail","6":"product_cat-regale-regalhalterungen","7":"has-post-title","8":"has-post-date","9":"has-post-category","10":"has-post-tag","11":"has-post-comment","12":"has-post-author","13":"","15":"first","16":"instock","17":"taxable","18":"shipping-taxable","19":"purchasable","20":"product-type-simple"},"yoast_head":"<!-- This site is optimized with the Yoast SEO plugin v27.4 - https:\/\/yoast.com\/product\/yoast-seo-wordpress\/ -->\n<title>Regaltr\u00e4ger 20cm |EtnoArt| Regale, Regalhalterungen<\/title>\n<meta name=\"description\" content=\"Regaltr\u00e4ger 20cm. Abstand von der Wand betr\u00e4gt 20 cm, H\u00f6he 26 cm, Wandbefestigung ist 13 cm breit. Mit Pulverfarbe beschichtet.\" \/>\n<meta name=\"robots\" content=\"index, follow, max-snippet:-1, max-image-preview:large, max-video-preview:-1\" \/>\n<link rel=\"canonical\" href=\"https:\/\/etnoart.eu\/de\/toode\/regaltraeger-20cm\/\" \/>\n<meta property=\"og:locale\" content=\"de_DE\" \/>\n<meta property=\"og:type\" content=\"article\" \/>\n<meta property=\"og:title\" content=\"Regaltr\u00e4ger 20cm |EtnoArt| Regale, Regalhalterungen\" \/>\n<meta property=\"og:description\" content=\"Regaltr\u00e4ger 20cm. Abstand von der Wand betr\u00e4gt 20 cm, H\u00f6he 26 cm, Wandbefestigung ist 13 cm breit. Mit Pulverfarbe beschichtet.\" \/>\n<meta property=\"og:url\" content=\"https:\/\/etnoart.eu\/de\/toode\/regaltraeger-20cm\/\" \/>\n<meta property=\"og:site_name\" content=\"Etnoart\" \/>\n<meta property=\"article:publisher\" content=\"https:\/\/www.facebook.com\/etnoart.handicraft.shop\" \/>\n<meta property=\"article:modified_time\" content=\"2025-02-02T15:03:35+00:00\" \/>\n<meta property=\"og:image\" content=\"https:\/\/etnoart.eu\/wp-content\/uploads\/2023\/06\/Riiulikandur-20cm-Shelf-carrier-20cm-Hyllynkannatin-20cm.png\" \/>\n\t<meta property=\"og:image:width\" content=\"1000\" \/>\n\t<meta property=\"og:image:height\" content=\"1002\" \/>\n\t<meta property=\"og:image:type\" content=\"image\/png\" \/>\n<meta name=\"twitter:card\" content=\"summary_large_image\" \/>\n<meta name=\"twitter:label1\" content=\"Gesch\u00e4tzte Lesezeit\" \/>\n\t<meta name=\"twitter:data1\" content=\"2\u00a0Minuten\" \/>\n<script type=\"application\/ld+json\" class=\"yoast-schema-graph\">{\"@context\":\"https:\\\/\\\/schema.org\",\"@graph\":[{\"@type\":\"WebPage\",\"@id\":\"https:\\\/\\\/etnoart.eu\\\/de\\\/toode\\\/regaltraeger-20cm\\\/\",\"url\":\"https:\\\/\\\/etnoart.eu\\\/de\\\/toode\\\/regaltraeger-20cm\\\/\",\"name\":\"Regaltr\u00e4ger 20cm |EtnoArt| Regale, Regalhalterungen\",\"isPartOf\":{\"@id\":\"https:\\\/\\\/etnoart.eu\\\/#website\"},\"primaryImageOfPage\":{\"@id\":\"https:\\\/\\\/etnoart.eu\\\/de\\\/toode\\\/regaltraeger-20cm\\\/#primaryimage\"},\"image\":{\"@id\":\"https:\\\/\\\/etnoart.eu\\\/de\\\/toode\\\/regaltraeger-20cm\\\/#primaryimage\"},\"thumbnailUrl\":\"https:\\\/\\\/etnoart.eu\\\/wp-content\\\/uploads\\\/2023\\\/06\\\/Riiulikandur-20cm-Shelf-carrier-20cm-Hyllynkannatin-20cm.png\",\"datePublished\":\"2023-06-08T08:51:44+00:00\",\"dateModified\":\"2025-02-02T15:03:35+00:00\",\"description\":\"Regaltr\u00e4ger 20cm. Abstand von der Wand betr\u00e4gt 20 cm, H\u00f6he 26 cm, Wandbefestigung ist 13 cm breit. Mit Pulverfarbe beschichtet.\",\"breadcrumb\":{\"@id\":\"https:\\\/\\\/etnoart.eu\\\/de\\\/toode\\\/regaltraeger-20cm\\\/#breadcrumb\"},\"inLanguage\":\"de\",\"potentialAction\":[{\"@type\":\"ReadAction\",\"target\":[\"https:\\\/\\\/etnoart.eu\\\/de\\\/toode\\\/regaltraeger-20cm\\\/\"]}]},{\"@type\":\"ImageObject\",\"inLanguage\":\"de\",\"@id\":\"https:\\\/\\\/etnoart.eu\\\/de\\\/toode\\\/regaltraeger-20cm\\\/#primaryimage\",\"url\":\"https:\\\/\\\/etnoart.eu\\\/wp-content\\\/uploads\\\/2023\\\/06\\\/Riiulikandur-20cm-Shelf-carrier-20cm-Hyllynkannatin-20cm.png\",\"contentUrl\":\"https:\\\/\\\/etnoart.eu\\\/wp-content\\\/uploads\\\/2023\\\/06\\\/Riiulikandur-20cm-Shelf-carrier-20cm-Hyllynkannatin-20cm.png\",\"width\":1000,\"height\":1002,\"caption\":\"Riiulikandur 20cm, Shelf carrier 20cm, Hyllynkannatin 20cm\"},{\"@type\":\"BreadcrumbList\",\"@id\":\"https:\\\/\\\/etnoart.eu\\\/de\\\/toode\\\/regaltraeger-20cm\\\/#breadcrumb\",\"itemListElement\":[{\"@type\":\"ListItem\",\"position\":1,\"name\":\"Home\",\"item\":\"https:\\\/\\\/etnoart.eu\\\/de\\\/\"},{\"@type\":\"ListItem\",\"position\":2,\"name\":\"Shop\",\"item\":\"https:\\\/\\\/etnoart.eu\\\/pood\\\/\"},{\"@type\":\"ListItem\",\"position\":3,\"name\":\"Regaltr\u00e4ger 20cm\"}]},{\"@type\":\"WebSite\",\"@id\":\"https:\\\/\\\/etnoart.eu\\\/#website\",\"url\":\"https:\\\/\\\/etnoart.eu\\\/\",\"name\":\"Etnoart\",\"description\":\"K&auml;sit&ouml;&ouml;pood\",\"publisher\":{\"@id\":\"https:\\\/\\\/etnoart.eu\\\/#organization\"},\"potentialAction\":[{\"@type\":\"SearchAction\",\"target\":{\"@type\":\"EntryPoint\",\"urlTemplate\":\"https:\\\/\\\/etnoart.eu\\\/?s={search_term_string}\"},\"query-input\":{\"@type\":\"PropertyValueSpecification\",\"valueRequired\":true,\"valueName\":\"search_term_string\"}}],\"inLanguage\":\"de\"},{\"@type\":\"Organization\",\"@id\":\"https:\\\/\\\/etnoart.eu\\\/#organization\",\"name\":\"Etnoart O\u00dc\",\"url\":\"https:\\\/\\\/etnoart.eu\\\/\",\"logo\":{\"@type\":\"ImageObject\",\"inLanguage\":\"de\",\"@id\":\"https:\\\/\\\/etnoart.eu\\\/#\\\/schema\\\/logo\\\/image\\\/\",\"url\":\"https:\\\/\\\/etnoart.eu\\\/wp-content\\\/uploads\\\/2023\\\/06\\\/etnoart-logo.png\",\"contentUrl\":\"https:\\\/\\\/etnoart.eu\\\/wp-content\\\/uploads\\\/2023\\\/06\\\/etnoart-logo.png\",\"width\":491,\"height\":184,\"caption\":\"Etnoart O\u00dc\"},\"image\":{\"@id\":\"https:\\\/\\\/etnoart.eu\\\/#\\\/schema\\\/logo\\\/image\\\/\"},\"sameAs\":[\"https:\\\/\\\/www.facebook.com\\\/etnoart.handicraft.shop\"]}]}<\/script>\n<!-- \/ Yoast SEO plugin. -->","yoast_head_json":{"title":"Regaltr\u00e4ger 20cm |EtnoArt| Regale, Regalhalterungen","description":"Regaltr\u00e4ger 20cm. Abstand von der Wand betr\u00e4gt 20 cm, H\u00f6he 26 cm, Wandbefestigung ist 13 cm breit. Mit Pulverfarbe beschichtet.","robots":{"index":"index","follow":"follow","max-snippet":"max-snippet:-1","max-image-preview":"max-image-preview:large","max-video-preview":"max-video-preview:-1"},"canonical":"https:\/\/etnoart.eu\/de\/toode\/regaltraeger-20cm\/","og_locale":"de_DE","og_type":"article","og_title":"Regaltr\u00e4ger 20cm |EtnoArt| Regale, Regalhalterungen","og_description":"Regaltr\u00e4ger 20cm. Abstand von der Wand betr\u00e4gt 20 cm, H\u00f6he 26 cm, Wandbefestigung ist 13 cm breit. Mit Pulverfarbe beschichtet.","og_url":"https:\/\/etnoart.eu\/de\/toode\/regaltraeger-20cm\/","og_site_name":"Etnoart","article_publisher":"https:\/\/www.facebook.com\/etnoart.handicraft.shop","article_modified_time":"2025-02-02T15:03:35+00:00","og_image":[{"width":1000,"height":1002,"url":"https:\/\/etnoart.eu\/wp-content\/uploads\/2023\/06\/Riiulikandur-20cm-Shelf-carrier-20cm-Hyllynkannatin-20cm.png","type":"image\/png"}],"twitter_card":"summary_large_image","twitter_misc":{"Gesch\u00e4tzte Lesezeit":"2\u00a0Minuten"},"schema":{"@context":"https:\/\/schema.org","@graph":[{"@type":"WebPage","@id":"https:\/\/etnoart.eu\/de\/toode\/regaltraeger-20cm\/","url":"https:\/\/etnoart.eu\/de\/toode\/regaltraeger-20cm\/","name":"Regaltr\u00e4ger 20cm |EtnoArt| Regale, Regalhalterungen","isPartOf":{"@id":"https:\/\/etnoart.eu\/#website"},"primaryImageOfPage":{"@id":"https:\/\/etnoart.eu\/de\/toode\/regaltraeger-20cm\/#primaryimage"},"image":{"@id":"https:\/\/etnoart.eu\/de\/toode\/regaltraeger-20cm\/#primaryimage"},"thumbnailUrl":"https:\/\/etnoart.eu\/wp-content\/uploads\/2023\/06\/Riiulikandur-20cm-Shelf-carrier-20cm-Hyllynkannatin-20cm.png","datePublished":"2023-06-08T08:51:44+00:00","dateModified":"2025-02-02T15:03:35+00:00","description":"Regaltr\u00e4ger 20cm. Abstand von der Wand betr\u00e4gt 20 cm, H\u00f6he 26 cm, Wandbefestigung ist 13 cm breit. Mit Pulverfarbe beschichtet.","breadcrumb":{"@id":"https:\/\/etnoart.eu\/de\/toode\/regaltraeger-20cm\/#breadcrumb"},"inLanguage":"de","potentialAction":[{"@type":"ReadAction","target":["https:\/\/etnoart.eu\/de\/toode\/regaltraeger-20cm\/"]}]},{"@type":"ImageObject","inLanguage":"de","@id":"https:\/\/etnoart.eu\/de\/toode\/regaltraeger-20cm\/#primaryimage","url":"https:\/\/etnoart.eu\/wp-content\/uploads\/2023\/06\/Riiulikandur-20cm-Shelf-carrier-20cm-Hyllynkannatin-20cm.png","contentUrl":"https:\/\/etnoart.eu\/wp-content\/uploads\/2023\/06\/Riiulikandur-20cm-Shelf-carrier-20cm-Hyllynkannatin-20cm.png","width":1000,"height":1002,"caption":"Riiulikandur 20cm, Shelf carrier 20cm, Hyllynkannatin 20cm"},{"@type":"BreadcrumbList","@id":"https:\/\/etnoart.eu\/de\/toode\/regaltraeger-20cm\/#breadcrumb","itemListElement":[{"@type":"ListItem","position":1,"name":"Home","item":"https:\/\/etnoart.eu\/de\/"},{"@type":"ListItem","position":2,"name":"Shop","item":"https:\/\/etnoart.eu\/pood\/"},{"@type":"ListItem","position":3,"name":"Regaltr\u00e4ger 20cm"}]},{"@type":"WebSite","@id":"https:\/\/etnoart.eu\/#website","url":"https:\/\/etnoart.eu\/","name":"Etnoart","description":"K&auml;sit&ouml;&ouml;pood","publisher":{"@id":"https:\/\/etnoart.eu\/#organization"},"potentialAction":[{"@type":"SearchAction","target":{"@type":"EntryPoint","urlTemplate":"https:\/\/etnoart.eu\/?s={search_term_string}"},"query-input":{"@type":"PropertyValueSpecification","valueRequired":true,"valueName":"search_term_string"}}],"inLanguage":"de"},{"@type":"Organization","@id":"https:\/\/etnoart.eu\/#organization","name":"Etnoart O\u00dc","url":"https:\/\/etnoart.eu\/","logo":{"@type":"ImageObject","inLanguage":"de","@id":"https:\/\/etnoart.eu\/#\/schema\/logo\/image\/","url":"https:\/\/etnoart.eu\/wp-content\/uploads\/2023\/06\/etnoart-logo.png","contentUrl":"https:\/\/etnoart.eu\/wp-content\/uploads\/2023\/06\/etnoart-logo.png","width":491,"height":184,"caption":"Etnoart O\u00dc"},"image":{"@id":"https:\/\/etnoart.eu\/#\/schema\/logo\/image\/"},"sameAs":["https:\/\/www.facebook.com\/etnoart.handicraft.shop"]}]}},"builder_content":"","_links":{"self":[{"href":"https:\/\/etnoart.eu\/de\/wp-json\/wp\/v2\/product\/5259","targetHints":{"allow":["GET"]}}],"collection":[{"href":"https:\/\/etnoart.eu\/de\/wp-json\/wp\/v2\/product"}],"about":[{"href":"https:\/\/etnoart.eu\/de\/wp-json\/wp\/v2\/types\/product"}],"wp:featuredmedia":[{"embeddable":true,"href":"https:\/\/etnoart.eu\/de\/wp-json\/wp\/v2\/media\/5255"}],"wp:attachment":[{"href":"https:\/\/etnoart.eu\/de\/wp-json\/wp\/v2\/media?parent=5259"}],"wp:term":[{"taxonomy":"product_brand","embeddable":true,"href":"https:\/\/etnoart.eu\/de\/wp-json\/wp\/v2\/product_brand?post=5259"},{"taxonomy":"product_cat","embeddable":true,"href":"https:\/\/etnoart.eu\/de\/wp-json\/wp\/v2\/product_cat?post=5259"},{"taxonomy":"product_tag","embeddable":true,"href":"https:\/\/etnoart.eu\/de\/wp-json\/wp\/v2\/product_tag?post=5259"}],"curies":[{"name":"wp","href":"https:\/\/api.w.org\/{rel}","templated":true}]}}