{"id":5232,"date":"2023-06-08T08:50:59","date_gmt":"2023-06-08T08:50:59","guid":{"rendered":"https:\/\/etnoart.eu\/toode\/riiulikandur-25x25cm\/"},"modified":"2025-02-02T16:07:41","modified_gmt":"2025-02-02T16:07:41","slug":"regalhalter-25x25cm","status":"publish","type":"product","link":"https:\/\/etnoart.eu\/de\/toode\/regalhalter-25x25cm\/","title":{"rendered":"Regalhalter 25x25cm"},"content":{"rendered":"<p>Regalhalter 25x25cm wird in Estland hergestellt. Das verwendete Material ist ein 20 x 4 mm gro\u00dfer Stahlstreifen. Beide Auflagefl\u00e4chen der Regalhalterung sind 25+ cm gro\u00df und bieten die Freiheit, zu w\u00e4hlen, wie man das Produkt an der Wand befestigen m\u00f6chte. Die Schraubenl\u00f6cher haben einen Durchmesser von 6 mm, mit 2 L\u00f6chern auf jeder Oberfl\u00e4che. Die Oberfl\u00e4che des Streifens ist mit einem konturierten Muster geschmiedet.<\/p>\n<p>Regalhalter 25x25cm wird mit einer Stahlb\u00fcrste gereinigt und mit Lack veredelt. Die Stahlb\u00fcrste hebt das Metall in seiner reinen, rohen Form hervor, w\u00e4hrend der Lack als Finish diese Rohheit eher unterst\u00fctzt. Der Lack bietet ausreichend Schutz f\u00fcr Innenbedingungen, ist aber f\u00fcr den Einsatz im Freien nicht geeignet.<\/p>\n<p>Wir bieten das gleiche Produkt auch in den Gr\u00f6\u00dfen 20x20cm und <a href=\"https:\/\/etnoart.eu\/de\/toode\/regalhalter-15x15cm\/\" target=\"_blank\">15x15cm<\/a> an.<\/p>\n","protected":false},"excerpt":{"rendered":"<p>Regalhalter 25x25cm ist mit Lack veredelt.<\/p>\n","protected":false},"featured_media":5277,"template":"","meta":[],"product_brand":[],"product_cat":[427],"product_tag":[],"class_list":{"0":"post-5232","1":"product","2":"type-product","3":"status-publish","4":"has-post-thumbnail","6":"product_cat-regale-regalhalterungen","7":"has-post-title","8":"has-post-date","9":"has-post-category","10":"has-post-tag","11":"has-post-comment","12":"has-post-author","13":"","15":"first","16":"instock","17":"taxable","18":"shipping-taxable","19":"purchasable","20":"product-type-simple"},"yoast_head":"<!-- This site is optimized with the Yoast SEO plugin v27.4 - https:\/\/yoast.com\/product\/yoast-seo-wordpress\/ -->\n<title>Regalhalter 25x25cm |EtnoArt| Regale, Regalhalterungen<\/title>\n<meta name=\"description\" content=\"Regalhalter 25x25cm f\u00fcr breite Regale. Die Abst\u00fctzung zwischen den Auflagefl\u00e4chen sorgt f\u00fcr die Stabilit\u00e4t des Tr\u00e4gers. Das Erzeugnis ist lackiert.\" \/>\n<meta name=\"robots\" content=\"index, follow, max-snippet:-1, max-image-preview:large, max-video-preview:-1\" \/>\n<link rel=\"canonical\" href=\"https:\/\/etnoart.eu\/de\/toode\/regalhalter-25x25cm\/\" \/>\n<meta property=\"og:locale\" content=\"de_DE\" \/>\n<meta property=\"og:type\" content=\"article\" \/>\n<meta property=\"og:title\" content=\"Regalhalter 25x25cm |EtnoArt| Regale, Regalhalterungen\" \/>\n<meta property=\"og:description\" content=\"Regalhalter 25x25cm f\u00fcr breite Regale. Die Abst\u00fctzung zwischen den Auflagefl\u00e4chen sorgt f\u00fcr die Stabilit\u00e4t des Tr\u00e4gers. Das Erzeugnis ist lackiert.\" \/>\n<meta property=\"og:url\" content=\"https:\/\/etnoart.eu\/de\/toode\/regalhalter-25x25cm\/\" \/>\n<meta property=\"og:site_name\" content=\"Etnoart\" \/>\n<meta property=\"article:publisher\" content=\"https:\/\/www.facebook.com\/etnoart.handicraft.shop\" \/>\n<meta property=\"article:modified_time\" content=\"2025-02-02T16:07:41+00:00\" \/>\n<meta property=\"og:image\" content=\"https:\/\/etnoart.eu\/wp-content\/uploads\/2023\/06\/Riiulikandur-25x25-Shelf-Bracket-hyllynkannattimet-Regalhalter.png\" \/>\n\t<meta property=\"og:image:width\" content=\"804\" \/>\n\t<meta property=\"og:image:height\" content=\"804\" \/>\n\t<meta property=\"og:image:type\" content=\"image\/png\" \/>\n<meta name=\"twitter:card\" content=\"summary_large_image\" \/>\n<meta name=\"twitter:label1\" content=\"Gesch\u00e4tzte Lesezeit\" \/>\n\t<meta name=\"twitter:data1\" content=\"1\u00a0Minute\" \/>\n<script type=\"application\/ld+json\" class=\"yoast-schema-graph\">{\"@context\":\"https:\\\/\\\/schema.org\",\"@graph\":[{\"@type\":\"WebPage\",\"@id\":\"https:\\\/\\\/etnoart.eu\\\/de\\\/toode\\\/regalhalter-25x25cm\\\/\",\"url\":\"https:\\\/\\\/etnoart.eu\\\/de\\\/toode\\\/regalhalter-25x25cm\\\/\",\"name\":\"Regalhalter 25x25cm |EtnoArt| Regale, Regalhalterungen\",\"isPartOf\":{\"@id\":\"https:\\\/\\\/etnoart.eu\\\/#website\"},\"primaryImageOfPage\":{\"@id\":\"https:\\\/\\\/etnoart.eu\\\/de\\\/toode\\\/regalhalter-25x25cm\\\/#primaryimage\"},\"image\":{\"@id\":\"https:\\\/\\\/etnoart.eu\\\/de\\\/toode\\\/regalhalter-25x25cm\\\/#primaryimage\"},\"thumbnailUrl\":\"https:\\\/\\\/etnoart.eu\\\/wp-content\\\/uploads\\\/2023\\\/06\\\/Riiulikandur-25x25-Shelf-Bracket-hyllynkannattimet-Regalhalter.png\",\"datePublished\":\"2023-06-08T08:50:59+00:00\",\"dateModified\":\"2025-02-02T16:07:41+00:00\",\"description\":\"Regalhalter 25x25cm f\u00fcr breite Regale. Die Abst\u00fctzung zwischen den Auflagefl\u00e4chen sorgt f\u00fcr die Stabilit\u00e4t des Tr\u00e4gers. Das Erzeugnis ist lackiert.\",\"breadcrumb\":{\"@id\":\"https:\\\/\\\/etnoart.eu\\\/de\\\/toode\\\/regalhalter-25x25cm\\\/#breadcrumb\"},\"inLanguage\":\"de\",\"potentialAction\":[{\"@type\":\"ReadAction\",\"target\":[\"https:\\\/\\\/etnoart.eu\\\/de\\\/toode\\\/regalhalter-25x25cm\\\/\"]}]},{\"@type\":\"ImageObject\",\"inLanguage\":\"de\",\"@id\":\"https:\\\/\\\/etnoart.eu\\\/de\\\/toode\\\/regalhalter-25x25cm\\\/#primaryimage\",\"url\":\"https:\\\/\\\/etnoart.eu\\\/wp-content\\\/uploads\\\/2023\\\/06\\\/Riiulikandur-25x25-Shelf-Bracket-hyllynkannattimet-Regalhalter.png\",\"contentUrl\":\"https:\\\/\\\/etnoart.eu\\\/wp-content\\\/uploads\\\/2023\\\/06\\\/Riiulikandur-25x25-Shelf-Bracket-hyllynkannattimet-Regalhalter.png\",\"width\":804,\"height\":804,\"caption\":\"Riiulikandur 25x25, Shelf Bracket, hyllynkannattimet, Regalhalter\"},{\"@type\":\"BreadcrumbList\",\"@id\":\"https:\\\/\\\/etnoart.eu\\\/de\\\/toode\\\/regalhalter-25x25cm\\\/#breadcrumb\",\"itemListElement\":[{\"@type\":\"ListItem\",\"position\":1,\"name\":\"Home\",\"item\":\"https:\\\/\\\/etnoart.eu\\\/de\\\/\"},{\"@type\":\"ListItem\",\"position\":2,\"name\":\"Shop\",\"item\":\"https:\\\/\\\/etnoart.eu\\\/pood\\\/\"},{\"@type\":\"ListItem\",\"position\":3,\"name\":\"Regalhalter 25x25cm\"}]},{\"@type\":\"WebSite\",\"@id\":\"https:\\\/\\\/etnoart.eu\\\/#website\",\"url\":\"https:\\\/\\\/etnoart.eu\\\/\",\"name\":\"Etnoart\",\"description\":\"K&auml;sit&ouml;&ouml;pood\",\"publisher\":{\"@id\":\"https:\\\/\\\/etnoart.eu\\\/#organization\"},\"potentialAction\":[{\"@type\":\"SearchAction\",\"target\":{\"@type\":\"EntryPoint\",\"urlTemplate\":\"https:\\\/\\\/etnoart.eu\\\/?s={search_term_string}\"},\"query-input\":{\"@type\":\"PropertyValueSpecification\",\"valueRequired\":true,\"valueName\":\"search_term_string\"}}],\"inLanguage\":\"de\"},{\"@type\":\"Organization\",\"@id\":\"https:\\\/\\\/etnoart.eu\\\/#organization\",\"name\":\"Etnoart O\u00dc\",\"url\":\"https:\\\/\\\/etnoart.eu\\\/\",\"logo\":{\"@type\":\"ImageObject\",\"inLanguage\":\"de\",\"@id\":\"https:\\\/\\\/etnoart.eu\\\/#\\\/schema\\\/logo\\\/image\\\/\",\"url\":\"https:\\\/\\\/etnoart.eu\\\/wp-content\\\/uploads\\\/2023\\\/06\\\/etnoart-logo.png\",\"contentUrl\":\"https:\\\/\\\/etnoart.eu\\\/wp-content\\\/uploads\\\/2023\\\/06\\\/etnoart-logo.png\",\"width\":491,\"height\":184,\"caption\":\"Etnoart O\u00dc\"},\"image\":{\"@id\":\"https:\\\/\\\/etnoart.eu\\\/#\\\/schema\\\/logo\\\/image\\\/\"},\"sameAs\":[\"https:\\\/\\\/www.facebook.com\\\/etnoart.handicraft.shop\"]}]}<\/script>\n<!-- \/ Yoast SEO plugin. -->","yoast_head_json":{"title":"Regalhalter 25x25cm |EtnoArt| Regale, Regalhalterungen","description":"Regalhalter 25x25cm f\u00fcr breite Regale. Die Abst\u00fctzung zwischen den Auflagefl\u00e4chen sorgt f\u00fcr die Stabilit\u00e4t des Tr\u00e4gers. Das Erzeugnis ist lackiert.","robots":{"index":"index","follow":"follow","max-snippet":"max-snippet:-1","max-image-preview":"max-image-preview:large","max-video-preview":"max-video-preview:-1"},"canonical":"https:\/\/etnoart.eu\/de\/toode\/regalhalter-25x25cm\/","og_locale":"de_DE","og_type":"article","og_title":"Regalhalter 25x25cm |EtnoArt| Regale, Regalhalterungen","og_description":"Regalhalter 25x25cm f\u00fcr breite Regale. Die Abst\u00fctzung zwischen den Auflagefl\u00e4chen sorgt f\u00fcr die Stabilit\u00e4t des Tr\u00e4gers. Das Erzeugnis ist lackiert.","og_url":"https:\/\/etnoart.eu\/de\/toode\/regalhalter-25x25cm\/","og_site_name":"Etnoart","article_publisher":"https:\/\/www.facebook.com\/etnoart.handicraft.shop","article_modified_time":"2025-02-02T16:07:41+00:00","og_image":[{"width":804,"height":804,"url":"https:\/\/etnoart.eu\/wp-content\/uploads\/2023\/06\/Riiulikandur-25x25-Shelf-Bracket-hyllynkannattimet-Regalhalter.png","type":"image\/png"}],"twitter_card":"summary_large_image","twitter_misc":{"Gesch\u00e4tzte Lesezeit":"1\u00a0Minute"},"schema":{"@context":"https:\/\/schema.org","@graph":[{"@type":"WebPage","@id":"https:\/\/etnoart.eu\/de\/toode\/regalhalter-25x25cm\/","url":"https:\/\/etnoart.eu\/de\/toode\/regalhalter-25x25cm\/","name":"Regalhalter 25x25cm |EtnoArt| Regale, Regalhalterungen","isPartOf":{"@id":"https:\/\/etnoart.eu\/#website"},"primaryImageOfPage":{"@id":"https:\/\/etnoart.eu\/de\/toode\/regalhalter-25x25cm\/#primaryimage"},"image":{"@id":"https:\/\/etnoart.eu\/de\/toode\/regalhalter-25x25cm\/#primaryimage"},"thumbnailUrl":"https:\/\/etnoart.eu\/wp-content\/uploads\/2023\/06\/Riiulikandur-25x25-Shelf-Bracket-hyllynkannattimet-Regalhalter.png","datePublished":"2023-06-08T08:50:59+00:00","dateModified":"2025-02-02T16:07:41+00:00","description":"Regalhalter 25x25cm f\u00fcr breite Regale. Die Abst\u00fctzung zwischen den Auflagefl\u00e4chen sorgt f\u00fcr die Stabilit\u00e4t des Tr\u00e4gers. Das Erzeugnis ist lackiert.","breadcrumb":{"@id":"https:\/\/etnoart.eu\/de\/toode\/regalhalter-25x25cm\/#breadcrumb"},"inLanguage":"de","potentialAction":[{"@type":"ReadAction","target":["https:\/\/etnoart.eu\/de\/toode\/regalhalter-25x25cm\/"]}]},{"@type":"ImageObject","inLanguage":"de","@id":"https:\/\/etnoart.eu\/de\/toode\/regalhalter-25x25cm\/#primaryimage","url":"https:\/\/etnoart.eu\/wp-content\/uploads\/2023\/06\/Riiulikandur-25x25-Shelf-Bracket-hyllynkannattimet-Regalhalter.png","contentUrl":"https:\/\/etnoart.eu\/wp-content\/uploads\/2023\/06\/Riiulikandur-25x25-Shelf-Bracket-hyllynkannattimet-Regalhalter.png","width":804,"height":804,"caption":"Riiulikandur 25x25, Shelf Bracket, hyllynkannattimet, Regalhalter"},{"@type":"BreadcrumbList","@id":"https:\/\/etnoart.eu\/de\/toode\/regalhalter-25x25cm\/#breadcrumb","itemListElement":[{"@type":"ListItem","position":1,"name":"Home","item":"https:\/\/etnoart.eu\/de\/"},{"@type":"ListItem","position":2,"name":"Shop","item":"https:\/\/etnoart.eu\/pood\/"},{"@type":"ListItem","position":3,"name":"Regalhalter 25x25cm"}]},{"@type":"WebSite","@id":"https:\/\/etnoart.eu\/#website","url":"https:\/\/etnoart.eu\/","name":"Etnoart","description":"K&auml;sit&ouml;&ouml;pood","publisher":{"@id":"https:\/\/etnoart.eu\/#organization"},"potentialAction":[{"@type":"SearchAction","target":{"@type":"EntryPoint","urlTemplate":"https:\/\/etnoart.eu\/?s={search_term_string}"},"query-input":{"@type":"PropertyValueSpecification","valueRequired":true,"valueName":"search_term_string"}}],"inLanguage":"de"},{"@type":"Organization","@id":"https:\/\/etnoart.eu\/#organization","name":"Etnoart O\u00dc","url":"https:\/\/etnoart.eu\/","logo":{"@type":"ImageObject","inLanguage":"de","@id":"https:\/\/etnoart.eu\/#\/schema\/logo\/image\/","url":"https:\/\/etnoart.eu\/wp-content\/uploads\/2023\/06\/etnoart-logo.png","contentUrl":"https:\/\/etnoart.eu\/wp-content\/uploads\/2023\/06\/etnoart-logo.png","width":491,"height":184,"caption":"Etnoart O\u00dc"},"image":{"@id":"https:\/\/etnoart.eu\/#\/schema\/logo\/image\/"},"sameAs":["https:\/\/www.facebook.com\/etnoart.handicraft.shop"]}]}},"builder_content":"","_links":{"self":[{"href":"https:\/\/etnoart.eu\/de\/wp-json\/wp\/v2\/product\/5232","targetHints":{"allow":["GET"]}}],"collection":[{"href":"https:\/\/etnoart.eu\/de\/wp-json\/wp\/v2\/product"}],"about":[{"href":"https:\/\/etnoart.eu\/de\/wp-json\/wp\/v2\/types\/product"}],"wp:featuredmedia":[{"embeddable":true,"href":"https:\/\/etnoart.eu\/de\/wp-json\/wp\/v2\/media\/5277"}],"wp:attachment":[{"href":"https:\/\/etnoart.eu\/de\/wp-json\/wp\/v2\/media?parent=5232"}],"wp:term":[{"taxonomy":"product_brand","embeddable":true,"href":"https:\/\/etnoart.eu\/de\/wp-json\/wp\/v2\/product_brand?post=5232"},{"taxonomy":"product_cat","embeddable":true,"href":"https:\/\/etnoart.eu\/de\/wp-json\/wp\/v2\/product_cat?post=5232"},{"taxonomy":"product_tag","embeddable":true,"href":"https:\/\/etnoart.eu\/de\/wp-json\/wp\/v2\/product_tag?post=5232"}],"curies":[{"name":"wp","href":"https:\/\/api.w.org\/{rel}","templated":true}]}}