{"id":4970,"date":"2023-06-08T08:56:28","date_gmt":"2023-06-08T08:56:28","guid":{"rendered":"https:\/\/etnoart.eu\/toode\/jalatsiriiul\/"},"modified":"2024-05-24T03:39:35","modified_gmt":"2024-05-24T03:39:35","slug":"das-schuhregal","status":"publish","type":"product","link":"https:\/\/etnoart.eu\/de\/toode\/das-schuhregal\/","title":{"rendered":"Das Schuhregal"},"content":{"rendered":"<p>Das Schuhregal ist aus hochwertigem Stahl gefertigt. Dieses Schuhregal ist die perfekte L\u00f6sung, um Ihr Schuhwerk zu organisieren, wenn Sie von drau\u00dfen kommen. Neben der M\u00f6glichkeit, Ihre Schuhe auf dem unteren Regalboden abzustellen, bietet dieses Regal auch die M\u00f6glichkeit, Handtaschen zu lagern oder bequemer Schuhe anzuziehen.<\/p>\n<p>Der obere Teil des Regals ist daf\u00fcr konzipiert, Handtaschen oder Schuhe zu lagern und bietet gleichzeitig eine praktische Sitzgelegenheit, wenn Sie Schuhe anziehen m\u00f6chten.<\/p>\n<p>Das Schuhregal ist mit einer eleganten schwarzen Pulverbeschichtung versehen, die seine Haltbarkeit gew\u00e4hrleistet und ihm ein stilvolles Aussehen verleiht. Die schwarze Farbe ist vielseitig und erg\u00e4nzt perfekt verschiedene Einrichtungsstile, w\u00e4hrend sie elegant und modern wirkt. Die Pulverbeschichtung sch\u00fctzt das Regal vor Abnutzung und Kratzern und sichert seine langfristige Nutzung.<\/p>\n<p>Dieses Produkt funktioniert perfekt mit unserem <a href=\"https:\/\/etnoart.eu\/de\/toode\/riidevarn\/\" rel=\"noopener\" target=\"_blank\">Kleiderst\u00e4nder<\/a>, wodurch eine harmonische und praktische L\u00f6sung entsteht. Die Breiten beider Produkte sind gut aufeinander abgestimmt und schaffen ein einheitliches und ausgewogenes Erscheinungsbild. Der Kleiderst\u00e4nder kann an der Wand montiert werden, wodurch vertikaler Stauraum geboten wird, w\u00e4hrend das Schuhregal darunter auf dem Boden platziert wird, um die Raumnutzung zu maximieren und eine zusammenh\u00e4ngende Organisation zu schaffen.<\/p>\n<p>Zusammenfassend bietet unser Schuhregal eine starke und haltbare L\u00f6sung zur Aufbewahrung von Schuhen, wenn Sie von drau\u00dfen kommen. Es ist mit schwarzer Pulverfarbe<\/p>\n<p>Breite: 79 cm<\/p>\n<p>H\u00f6he: 31 cm<\/p>\n<p>Tiefe: 28,5 cm<\/p>\n<p>mit schwarzer Pulverfarbe beschichtet.<\/p>\n","protected":false},"excerpt":{"rendered":"<p>Breite: 79 cm<\/p>\n<p>H\u00f6he: 31 cm<\/p>\n<p>Tiefe: 28,5 cm<\/p>\n<p>mit schwarzer Pulverfarbe beschichtet.<\/p>\n","protected":false},"featured_media":4971,"template":"","meta":[],"product_brand":[],"product_cat":[427],"product_tag":[],"class_list":{"0":"post-4970","1":"product","2":"type-product","3":"status-publish","4":"has-post-thumbnail","6":"product_cat-regale-regalhalterungen","7":"has-post-title","8":"has-post-date","9":"has-post-category","10":"has-post-tag","11":"has-post-comment","12":"has-post-author","13":"","15":"first","16":"instock","17":"taxable","18":"shipping-taxable","19":"purchasable","20":"product-type-simple"},"yoast_head":"<!-- This site is optimized with the Yoast SEO plugin v27.4 - https:\/\/yoast.com\/product\/yoast-seo-wordpress\/ -->\n<title>Das Schuhregal |EtnoArt| Regale, Regalhalterungen<\/title>\n<meta name=\"description\" content=\"Das Schuhregal. Hergestellt aus Metall von estnischen Schmieden. Das Produkt ist hochwertig und langlebig. Im Set mit Kleiderb\u00fcgel m\u00f6glich.\" \/>\n<meta name=\"robots\" content=\"index, follow, max-snippet:-1, max-image-preview:large, max-video-preview:-1\" \/>\n<link rel=\"canonical\" href=\"https:\/\/etnoart.eu\/de\/toode\/das-schuhregal\/\" \/>\n<meta property=\"og:locale\" content=\"de_DE\" \/>\n<meta property=\"og:type\" content=\"article\" \/>\n<meta property=\"og:title\" content=\"Das Schuhregal |EtnoArt| Regale, Regalhalterungen\" \/>\n<meta property=\"og:description\" content=\"Das Schuhregal. Hergestellt aus Metall von estnischen Schmieden. Das Produkt ist hochwertig und langlebig. Im Set mit Kleiderb\u00fcgel m\u00f6glich.\" \/>\n<meta property=\"og:url\" content=\"https:\/\/etnoart.eu\/de\/toode\/das-schuhregal\/\" \/>\n<meta property=\"og:site_name\" content=\"Etnoart\" \/>\n<meta property=\"article:publisher\" content=\"https:\/\/www.facebook.com\/etnoart.handicraft.shop\" \/>\n<meta property=\"article:modified_time\" content=\"2024-05-24T03:39:35+00:00\" \/>\n<meta property=\"og:image\" content=\"https:\/\/etnoart.eu\/wp-content\/uploads\/2023\/06\/Jalatsiriiul-Riiulid-riiulikandurid-900.png\" \/>\n\t<meta property=\"og:image:width\" content=\"700\" \/>\n\t<meta property=\"og:image:height\" content=\"700\" \/>\n\t<meta property=\"og:image:type\" content=\"image\/png\" \/>\n<meta name=\"twitter:card\" content=\"summary_large_image\" \/>\n<meta name=\"twitter:label1\" content=\"Gesch\u00e4tzte Lesezeit\" \/>\n\t<meta name=\"twitter:data1\" content=\"2\u00a0Minuten\" \/>\n<script type=\"application\/ld+json\" class=\"yoast-schema-graph\">{\"@context\":\"https:\\\/\\\/schema.org\",\"@graph\":[{\"@type\":\"WebPage\",\"@id\":\"https:\\\/\\\/etnoart.eu\\\/de\\\/toode\\\/das-schuhregal\\\/\",\"url\":\"https:\\\/\\\/etnoart.eu\\\/de\\\/toode\\\/das-schuhregal\\\/\",\"name\":\"Das Schuhregal |EtnoArt| Regale, Regalhalterungen\",\"isPartOf\":{\"@id\":\"https:\\\/\\\/etnoart.eu\\\/#website\"},\"primaryImageOfPage\":{\"@id\":\"https:\\\/\\\/etnoart.eu\\\/de\\\/toode\\\/das-schuhregal\\\/#primaryimage\"},\"image\":{\"@id\":\"https:\\\/\\\/etnoart.eu\\\/de\\\/toode\\\/das-schuhregal\\\/#primaryimage\"},\"thumbnailUrl\":\"https:\\\/\\\/etnoart.eu\\\/wp-content\\\/uploads\\\/2023\\\/06\\\/Jalatsiriiul-Riiulid-riiulikandurid-900.png\",\"datePublished\":\"2023-06-08T08:56:28+00:00\",\"dateModified\":\"2024-05-24T03:39:35+00:00\",\"description\":\"Das Schuhregal. Hergestellt aus Metall von estnischen Schmieden. Das Produkt ist hochwertig und langlebig. Im Set mit Kleiderb\u00fcgel m\u00f6glich.\",\"breadcrumb\":{\"@id\":\"https:\\\/\\\/etnoart.eu\\\/de\\\/toode\\\/das-schuhregal\\\/#breadcrumb\"},\"inLanguage\":\"de\",\"potentialAction\":[{\"@type\":\"ReadAction\",\"target\":[\"https:\\\/\\\/etnoart.eu\\\/de\\\/toode\\\/das-schuhregal\\\/\"]}]},{\"@type\":\"ImageObject\",\"inLanguage\":\"de\",\"@id\":\"https:\\\/\\\/etnoart.eu\\\/de\\\/toode\\\/das-schuhregal\\\/#primaryimage\",\"url\":\"https:\\\/\\\/etnoart.eu\\\/wp-content\\\/uploads\\\/2023\\\/06\\\/Jalatsiriiul-Riiulid-riiulikandurid-900.png\",\"contentUrl\":\"https:\\\/\\\/etnoart.eu\\\/wp-content\\\/uploads\\\/2023\\\/06\\\/Jalatsiriiul-Riiulid-riiulikandurid-900.png\",\"width\":700,\"height\":700,\"caption\":\"Jalatsiriiul-Riiulid-riiulikandurid 900\"},{\"@type\":\"BreadcrumbList\",\"@id\":\"https:\\\/\\\/etnoart.eu\\\/de\\\/toode\\\/das-schuhregal\\\/#breadcrumb\",\"itemListElement\":[{\"@type\":\"ListItem\",\"position\":1,\"name\":\"Home\",\"item\":\"https:\\\/\\\/etnoart.eu\\\/de\\\/\"},{\"@type\":\"ListItem\",\"position\":2,\"name\":\"Shop\",\"item\":\"https:\\\/\\\/etnoart.eu\\\/pood\\\/\"},{\"@type\":\"ListItem\",\"position\":3,\"name\":\"Das Schuhregal\"}]},{\"@type\":\"WebSite\",\"@id\":\"https:\\\/\\\/etnoart.eu\\\/#website\",\"url\":\"https:\\\/\\\/etnoart.eu\\\/\",\"name\":\"Etnoart\",\"description\":\"K&auml;sit&ouml;&ouml;pood\",\"publisher\":{\"@id\":\"https:\\\/\\\/etnoart.eu\\\/#organization\"},\"potentialAction\":[{\"@type\":\"SearchAction\",\"target\":{\"@type\":\"EntryPoint\",\"urlTemplate\":\"https:\\\/\\\/etnoart.eu\\\/?s={search_term_string}\"},\"query-input\":{\"@type\":\"PropertyValueSpecification\",\"valueRequired\":true,\"valueName\":\"search_term_string\"}}],\"inLanguage\":\"de\"},{\"@type\":\"Organization\",\"@id\":\"https:\\\/\\\/etnoart.eu\\\/#organization\",\"name\":\"Etnoart O\u00dc\",\"url\":\"https:\\\/\\\/etnoart.eu\\\/\",\"logo\":{\"@type\":\"ImageObject\",\"inLanguage\":\"de\",\"@id\":\"https:\\\/\\\/etnoart.eu\\\/#\\\/schema\\\/logo\\\/image\\\/\",\"url\":\"https:\\\/\\\/etnoart.eu\\\/wp-content\\\/uploads\\\/2023\\\/06\\\/etnoart-logo.png\",\"contentUrl\":\"https:\\\/\\\/etnoart.eu\\\/wp-content\\\/uploads\\\/2023\\\/06\\\/etnoart-logo.png\",\"width\":491,\"height\":184,\"caption\":\"Etnoart O\u00dc\"},\"image\":{\"@id\":\"https:\\\/\\\/etnoart.eu\\\/#\\\/schema\\\/logo\\\/image\\\/\"},\"sameAs\":[\"https:\\\/\\\/www.facebook.com\\\/etnoart.handicraft.shop\"]}]}<\/script>\n<!-- \/ Yoast SEO plugin. -->","yoast_head_json":{"title":"Das Schuhregal |EtnoArt| Regale, Regalhalterungen","description":"Das Schuhregal. Hergestellt aus Metall von estnischen Schmieden. Das Produkt ist hochwertig und langlebig. Im Set mit Kleiderb\u00fcgel m\u00f6glich.","robots":{"index":"index","follow":"follow","max-snippet":"max-snippet:-1","max-image-preview":"max-image-preview:large","max-video-preview":"max-video-preview:-1"},"canonical":"https:\/\/etnoart.eu\/de\/toode\/das-schuhregal\/","og_locale":"de_DE","og_type":"article","og_title":"Das Schuhregal |EtnoArt| Regale, Regalhalterungen","og_description":"Das Schuhregal. Hergestellt aus Metall von estnischen Schmieden. Das Produkt ist hochwertig und langlebig. Im Set mit Kleiderb\u00fcgel m\u00f6glich.","og_url":"https:\/\/etnoart.eu\/de\/toode\/das-schuhregal\/","og_site_name":"Etnoart","article_publisher":"https:\/\/www.facebook.com\/etnoart.handicraft.shop","article_modified_time":"2024-05-24T03:39:35+00:00","og_image":[{"width":700,"height":700,"url":"https:\/\/etnoart.eu\/wp-content\/uploads\/2023\/06\/Jalatsiriiul-Riiulid-riiulikandurid-900.png","type":"image\/png"}],"twitter_card":"summary_large_image","twitter_misc":{"Gesch\u00e4tzte Lesezeit":"2\u00a0Minuten"},"schema":{"@context":"https:\/\/schema.org","@graph":[{"@type":"WebPage","@id":"https:\/\/etnoart.eu\/de\/toode\/das-schuhregal\/","url":"https:\/\/etnoart.eu\/de\/toode\/das-schuhregal\/","name":"Das Schuhregal |EtnoArt| Regale, Regalhalterungen","isPartOf":{"@id":"https:\/\/etnoart.eu\/#website"},"primaryImageOfPage":{"@id":"https:\/\/etnoart.eu\/de\/toode\/das-schuhregal\/#primaryimage"},"image":{"@id":"https:\/\/etnoart.eu\/de\/toode\/das-schuhregal\/#primaryimage"},"thumbnailUrl":"https:\/\/etnoart.eu\/wp-content\/uploads\/2023\/06\/Jalatsiriiul-Riiulid-riiulikandurid-900.png","datePublished":"2023-06-08T08:56:28+00:00","dateModified":"2024-05-24T03:39:35+00:00","description":"Das Schuhregal. Hergestellt aus Metall von estnischen Schmieden. Das Produkt ist hochwertig und langlebig. Im Set mit Kleiderb\u00fcgel m\u00f6glich.","breadcrumb":{"@id":"https:\/\/etnoart.eu\/de\/toode\/das-schuhregal\/#breadcrumb"},"inLanguage":"de","potentialAction":[{"@type":"ReadAction","target":["https:\/\/etnoart.eu\/de\/toode\/das-schuhregal\/"]}]},{"@type":"ImageObject","inLanguage":"de","@id":"https:\/\/etnoart.eu\/de\/toode\/das-schuhregal\/#primaryimage","url":"https:\/\/etnoart.eu\/wp-content\/uploads\/2023\/06\/Jalatsiriiul-Riiulid-riiulikandurid-900.png","contentUrl":"https:\/\/etnoart.eu\/wp-content\/uploads\/2023\/06\/Jalatsiriiul-Riiulid-riiulikandurid-900.png","width":700,"height":700,"caption":"Jalatsiriiul-Riiulid-riiulikandurid 900"},{"@type":"BreadcrumbList","@id":"https:\/\/etnoart.eu\/de\/toode\/das-schuhregal\/#breadcrumb","itemListElement":[{"@type":"ListItem","position":1,"name":"Home","item":"https:\/\/etnoart.eu\/de\/"},{"@type":"ListItem","position":2,"name":"Shop","item":"https:\/\/etnoart.eu\/pood\/"},{"@type":"ListItem","position":3,"name":"Das Schuhregal"}]},{"@type":"WebSite","@id":"https:\/\/etnoart.eu\/#website","url":"https:\/\/etnoart.eu\/","name":"Etnoart","description":"K&auml;sit&ouml;&ouml;pood","publisher":{"@id":"https:\/\/etnoart.eu\/#organization"},"potentialAction":[{"@type":"SearchAction","target":{"@type":"EntryPoint","urlTemplate":"https:\/\/etnoart.eu\/?s={search_term_string}"},"query-input":{"@type":"PropertyValueSpecification","valueRequired":true,"valueName":"search_term_string"}}],"inLanguage":"de"},{"@type":"Organization","@id":"https:\/\/etnoart.eu\/#organization","name":"Etnoart O\u00dc","url":"https:\/\/etnoart.eu\/","logo":{"@type":"ImageObject","inLanguage":"de","@id":"https:\/\/etnoart.eu\/#\/schema\/logo\/image\/","url":"https:\/\/etnoart.eu\/wp-content\/uploads\/2023\/06\/etnoart-logo.png","contentUrl":"https:\/\/etnoart.eu\/wp-content\/uploads\/2023\/06\/etnoart-logo.png","width":491,"height":184,"caption":"Etnoart O\u00dc"},"image":{"@id":"https:\/\/etnoart.eu\/#\/schema\/logo\/image\/"},"sameAs":["https:\/\/www.facebook.com\/etnoart.handicraft.shop"]}]}},"builder_content":"","_links":{"self":[{"href":"https:\/\/etnoart.eu\/de\/wp-json\/wp\/v2\/product\/4970","targetHints":{"allow":["GET"]}}],"collection":[{"href":"https:\/\/etnoart.eu\/de\/wp-json\/wp\/v2\/product"}],"about":[{"href":"https:\/\/etnoart.eu\/de\/wp-json\/wp\/v2\/types\/product"}],"wp:featuredmedia":[{"embeddable":true,"href":"https:\/\/etnoart.eu\/de\/wp-json\/wp\/v2\/media\/4971"}],"wp:attachment":[{"href":"https:\/\/etnoart.eu\/de\/wp-json\/wp\/v2\/media?parent=4970"}],"wp:term":[{"taxonomy":"product_brand","embeddable":true,"href":"https:\/\/etnoart.eu\/de\/wp-json\/wp\/v2\/product_brand?post=4970"},{"taxonomy":"product_cat","embeddable":true,"href":"https:\/\/etnoart.eu\/de\/wp-json\/wp\/v2\/product_cat?post=4970"},{"taxonomy":"product_tag","embeddable":true,"href":"https:\/\/etnoart.eu\/de\/wp-json\/wp\/v2\/product_tag?post=4970"}],"curies":[{"name":"wp","href":"https:\/\/api.w.org\/{rel}","templated":true}]}}