{"id":3181,"date":"2023-06-08T08:56:27","date_gmt":"2023-06-08T08:56:27","guid":{"rendered":"https:\/\/etnoart.amsel.ee\/?post_type=product&#038;p=3181"},"modified":"2024-01-01T12:21:32","modified_gmt":"2024-01-01T12:21:32","slug":"latthinged-50cm-zn","status":"publish","type":"product","link":"https:\/\/etnoart.eu\/de\/toode\/latthinged-50cm-zn\/","title":{"rendered":"Latthinged 50cm (Zn)"},"content":{"rendered":"<p>Latthinged 50cm komplekti kuulub latthingede paar sagarate ja kahe sagarapoldiga 10x110mm, tsingitud ja pulberv\u00e4rviga v\u00e4rvitud.<\/p>\n<p>Esimesest lati august soovitame kinnitada sepapoldiga, teistest aukudest 90mm pikkuste sepanaeltega<\/p>\n<p><strong>Sepishingede paigaldamine.<\/strong><\/p>\n<p>Latthingede paigaldamiseks peate varuma peale hingede ja kinnitusvahendite ka trelli, puupuurid, haamri, mutriv\u00f5tme, kiviposti (-lengi) korral ka kivipuurid koos vastava trelliga ja segu sagarapoltide kinnitamiseks.<\/p>\n<p>Hingede sagarad on m\u00f5eldud juhuks, kui uks ja leng on \u00fches tasapinnas, erinevate k\u00f5rguste puhul valmistame m\u00f5\u00f5dule vastavad sagarad. Hinged kinnitatakse uksele nii, et poldid-kruvid-naelad l\u00e4bistavad ukse p\u00f5\u00f5na v\u00f5i karkassi. Sellega on meil hingelattide k\u00f5rgus paigas, n\u00fc\u00fcd saame lengile m\u00e4rkida sagarpoltide kohad, arvestades, et hingelatt hakkab kandma poldi lapiku otsa peal. Puidu sisse tuleb puurida ~3mm poldist peenem auk, kuhu tuleb polt sisse kruvida. Kiviposti puhul tuleb puurida selline auk kuhu polt vabalt sisse l\u00e4heb ja kinnitada polt tugeva m\u00fc\u00fcrisegu v\u00f5i keemilise ankrumassiga, sel juhul ei saa ust enne segu kivistamist ette panna.<\/p>\n<p>Hingelattide kinnitamiseks aukude m\u00e4rkimisel tuleb arvestada, et hingelati ava ja sagara vahele on j\u00e4etud v\u00e4ike l\u00f5tk, et uks vabalt k\u00e4iks. Seega tuleb hingelati poldiauke uksele m\u00e4rkides ukse \u00fclemine ots l\u00f5tku jagu lengile (kus on sagarad) l\u00e4hemale panna ja alumine v\u00e4ljapoole nihutada.<\/p>\n<p>Hingelati sagarapoolse otsa soovitame kindlasti kinnitada poldiga, \u00fclej\u00e4\u00e4nud v\u00f5ivad olla kas sepanaelad v\u00f5i kruvid, m\u00f5lemal juhul puurida ette pisut peenem auk.<\/p>\n<p>Sepanael tuleb v\u00f5imalusel valida sellise pikkusega, et naela ots ulatuks m\u00f5ne cm l\u00e4bi puidu. N\u00fc\u00fcd vajame kahte haamrit. Suurema toetame vastu naelapead ja v\u00e4iksemaga tuleb naela ots t\u00e4isnurga all k\u00f5veraks l\u00fc\u00fca. Viimaseks l\u00fc\u00fca kogu naela v\u00e4ljaulatuv osa vastu ust-p\u00f5\u00f5na nii, et esmalt k\u00f5veraks l\u00f6\u00f6dud ots tungib puitu ja kinnitub nagu koba. Seda naela enam v\u00e4ljapoole t\u00f5mmata ei saa ja hing on v\u00e4ga kindlalt kinni.<\/p>\n<p>Latthinged 50cm on lihtsa klassikalise disainiga. Tsingitud ja pulberv\u00e4rviga v\u00e4rvitud, mis annab neile korrosiooni-kaitse igas olukorras.<\/p>\n","protected":false},"excerpt":{"rendered":"<p>Komplekti kuulub latthingede paar sagarate ja kahe sagarapoldiga 10x110mm, tsingitud ja pulberv\u00e4rviga v\u00e4rvitud.<\/p>\n<p>Esimesest lati august soovitame kinnitada sepapoldiga, teistest aukudest 90mm pikkuste sepanaeltega<\/p>\n","protected":false},"featured_media":4061,"template":"","meta":[],"product_brand":[],"product_cat":[48],"product_tag":[],"class_list":{"0":"post-3181","1":"product","2":"type-product","3":"status-publish","4":"has-post-thumbnail","6":"product_cat-ukse-ja-aknahinged","7":"has-post-title","8":"has-post-date","9":"has-post-category","10":"has-post-tag","11":"has-post-comment","12":"has-post-author","13":"","15":"first","16":"instock","17":"taxable","18":"shipping-taxable","19":"purchasable","20":"product-type-simple"},"yoast_head":"<!-- This site is optimized with the Yoast SEO plugin v27.4 - https:\/\/yoast.com\/product\/yoast-seo-wordpress\/ -->\n<title>Latthinged 50cm (Zn) |EtnoArt| Ukse ja aknahinged<\/title>\n<meta name=\"description\" content=\"Latthinged 50cm komplekti kuulub latthingede paar sagarate ja kahe sagarapoldiga 10x110mm, tsingitud ja pulberv\u00e4rviga v\u00e4rvitud.\" \/>\n<meta name=\"robots\" content=\"index, follow, max-snippet:-1, max-image-preview:large, max-video-preview:-1\" \/>\n<link rel=\"canonical\" href=\"https:\/\/etnoart.eu\/fi\/toode\/latthinged-50cm-zn\/\" \/>\n<meta property=\"og:locale\" content=\"de_DE\" \/>\n<meta property=\"og:type\" content=\"article\" \/>\n<meta property=\"og:title\" content=\"Latthinged 50cm (Zn) |EtnoArt| Ukse ja aknahinged\" \/>\n<meta property=\"og:description\" content=\"Latthinged 50cm komplekti kuulub latthingede paar sagarate ja kahe sagarapoldiga 10x110mm, tsingitud ja pulberv\u00e4rviga v\u00e4rvitud.\" \/>\n<meta property=\"og:url\" content=\"https:\/\/etnoart.eu\/fi\/toode\/latthinged-50cm-zn\/\" \/>\n<meta property=\"og:site_name\" content=\"Etnoart\" \/>\n<meta property=\"article:publisher\" content=\"https:\/\/www.facebook.com\/etnoart.handicraft.shop\" \/>\n<meta property=\"article:modified_time\" content=\"2024-01-01T12:21:32+00:00\" \/>\n<meta property=\"og:image\" content=\"https:\/\/etnoart.eu\/wp-content\/uploads\/2023\/06\/Latthinged-50cm-tsingitud-varvitud.png\" \/>\n\t<meta property=\"og:image:width\" content=\"1028\" \/>\n\t<meta property=\"og:image:height\" content=\"900\" \/>\n\t<meta property=\"og:image:type\" content=\"image\/png\" \/>\n<meta name=\"twitter:card\" content=\"summary_large_image\" \/>\n<meta name=\"twitter:label1\" content=\"Gesch\u00e4tzte Lesezeit\" \/>\n\t<meta name=\"twitter:data1\" content=\"2\u00a0Minuten\" \/>\n<script type=\"application\/ld+json\" class=\"yoast-schema-graph\">{\"@context\":\"https:\\\/\\\/schema.org\",\"@graph\":[{\"@type\":\"WebPage\",\"@id\":\"https:\\\/\\\/etnoart.eu\\\/fi\\\/toode\\\/latthinged-50cm-zn\\\/\",\"url\":\"https:\\\/\\\/etnoart.eu\\\/fi\\\/toode\\\/latthinged-50cm-zn\\\/\",\"name\":\"Latthinged 50cm (Zn) |EtnoArt| Ukse ja aknahinged\",\"isPartOf\":{\"@id\":\"https:\\\/\\\/etnoart.eu\\\/#website\"},\"primaryImageOfPage\":{\"@id\":\"https:\\\/\\\/etnoart.eu\\\/fi\\\/toode\\\/latthinged-50cm-zn\\\/#primaryimage\"},\"image\":{\"@id\":\"https:\\\/\\\/etnoart.eu\\\/fi\\\/toode\\\/latthinged-50cm-zn\\\/#primaryimage\"},\"thumbnailUrl\":\"https:\\\/\\\/etnoart.eu\\\/wp-content\\\/uploads\\\/2023\\\/06\\\/Latthinged-50cm-tsingitud-varvitud.png\",\"datePublished\":\"2023-06-08T08:56:27+00:00\",\"dateModified\":\"2024-01-01T12:21:32+00:00\",\"description\":\"Latthinged 50cm komplekti kuulub latthingede paar sagarate ja kahe sagarapoldiga 10x110mm, tsingitud ja pulberv\u00e4rviga v\u00e4rvitud.\",\"breadcrumb\":{\"@id\":\"https:\\\/\\\/etnoart.eu\\\/fi\\\/toode\\\/latthinged-50cm-zn\\\/#breadcrumb\"},\"inLanguage\":\"de\",\"potentialAction\":[{\"@type\":\"ReadAction\",\"target\":[\"https:\\\/\\\/etnoart.eu\\\/fi\\\/toode\\\/latthinged-50cm-zn\\\/\"]}]},{\"@type\":\"ImageObject\",\"inLanguage\":\"de\",\"@id\":\"https:\\\/\\\/etnoart.eu\\\/fi\\\/toode\\\/latthinged-50cm-zn\\\/#primaryimage\",\"url\":\"https:\\\/\\\/etnoart.eu\\\/wp-content\\\/uploads\\\/2023\\\/06\\\/Latthinged-50cm-tsingitud-varvitud.png\",\"contentUrl\":\"https:\\\/\\\/etnoart.eu\\\/wp-content\\\/uploads\\\/2023\\\/06\\\/Latthinged-50cm-tsingitud-varvitud.png\",\"width\":1028,\"height\":900,\"caption\":\"Latthinged 50cm tsingitud v\u00e4rvitud\"},{\"@type\":\"BreadcrumbList\",\"@id\":\"https:\\\/\\\/etnoart.eu\\\/fi\\\/toode\\\/latthinged-50cm-zn\\\/#breadcrumb\",\"itemListElement\":[{\"@type\":\"ListItem\",\"position\":1,\"name\":\"Home\",\"item\":\"https:\\\/\\\/etnoart.eu\\\/de\\\/\"},{\"@type\":\"ListItem\",\"position\":2,\"name\":\"Shop\",\"item\":\"https:\\\/\\\/etnoart.eu\\\/pood\\\/\"},{\"@type\":\"ListItem\",\"position\":3,\"name\":\"Latthinged 50cm (Zn)\"}]},{\"@type\":\"WebSite\",\"@id\":\"https:\\\/\\\/etnoart.eu\\\/#website\",\"url\":\"https:\\\/\\\/etnoart.eu\\\/\",\"name\":\"Etnoart\",\"description\":\"K&auml;sit&ouml;&ouml;pood\",\"publisher\":{\"@id\":\"https:\\\/\\\/etnoart.eu\\\/#organization\"},\"potentialAction\":[{\"@type\":\"SearchAction\",\"target\":{\"@type\":\"EntryPoint\",\"urlTemplate\":\"https:\\\/\\\/etnoart.eu\\\/?s={search_term_string}\"},\"query-input\":{\"@type\":\"PropertyValueSpecification\",\"valueRequired\":true,\"valueName\":\"search_term_string\"}}],\"inLanguage\":\"de\"},{\"@type\":\"Organization\",\"@id\":\"https:\\\/\\\/etnoart.eu\\\/#organization\",\"name\":\"Etnoart O\u00dc\",\"url\":\"https:\\\/\\\/etnoart.eu\\\/\",\"logo\":{\"@type\":\"ImageObject\",\"inLanguage\":\"de\",\"@id\":\"https:\\\/\\\/etnoart.eu\\\/#\\\/schema\\\/logo\\\/image\\\/\",\"url\":\"https:\\\/\\\/etnoart.eu\\\/wp-content\\\/uploads\\\/2023\\\/06\\\/etnoart-logo.png\",\"contentUrl\":\"https:\\\/\\\/etnoart.eu\\\/wp-content\\\/uploads\\\/2023\\\/06\\\/etnoart-logo.png\",\"width\":491,\"height\":184,\"caption\":\"Etnoart O\u00dc\"},\"image\":{\"@id\":\"https:\\\/\\\/etnoart.eu\\\/#\\\/schema\\\/logo\\\/image\\\/\"},\"sameAs\":[\"https:\\\/\\\/www.facebook.com\\\/etnoart.handicraft.shop\"]}]}<\/script>\n<!-- \/ Yoast SEO plugin. -->","yoast_head_json":{"title":"Latthinged 50cm (Zn) |EtnoArt| Ukse ja aknahinged","description":"Latthinged 50cm komplekti kuulub latthingede paar sagarate ja kahe sagarapoldiga 10x110mm, tsingitud ja pulberv\u00e4rviga v\u00e4rvitud.","robots":{"index":"index","follow":"follow","max-snippet":"max-snippet:-1","max-image-preview":"max-image-preview:large","max-video-preview":"max-video-preview:-1"},"canonical":"https:\/\/etnoart.eu\/fi\/toode\/latthinged-50cm-zn\/","og_locale":"de_DE","og_type":"article","og_title":"Latthinged 50cm (Zn) |EtnoArt| Ukse ja aknahinged","og_description":"Latthinged 50cm komplekti kuulub latthingede paar sagarate ja kahe sagarapoldiga 10x110mm, tsingitud ja pulberv\u00e4rviga v\u00e4rvitud.","og_url":"https:\/\/etnoart.eu\/fi\/toode\/latthinged-50cm-zn\/","og_site_name":"Etnoart","article_publisher":"https:\/\/www.facebook.com\/etnoart.handicraft.shop","article_modified_time":"2024-01-01T12:21:32+00:00","og_image":[{"width":1028,"height":900,"url":"https:\/\/etnoart.eu\/wp-content\/uploads\/2023\/06\/Latthinged-50cm-tsingitud-varvitud.png","type":"image\/png"}],"twitter_card":"summary_large_image","twitter_misc":{"Gesch\u00e4tzte Lesezeit":"2\u00a0Minuten"},"schema":{"@context":"https:\/\/schema.org","@graph":[{"@type":"WebPage","@id":"https:\/\/etnoart.eu\/fi\/toode\/latthinged-50cm-zn\/","url":"https:\/\/etnoart.eu\/fi\/toode\/latthinged-50cm-zn\/","name":"Latthinged 50cm (Zn) |EtnoArt| Ukse ja aknahinged","isPartOf":{"@id":"https:\/\/etnoart.eu\/#website"},"primaryImageOfPage":{"@id":"https:\/\/etnoart.eu\/fi\/toode\/latthinged-50cm-zn\/#primaryimage"},"image":{"@id":"https:\/\/etnoart.eu\/fi\/toode\/latthinged-50cm-zn\/#primaryimage"},"thumbnailUrl":"https:\/\/etnoart.eu\/wp-content\/uploads\/2023\/06\/Latthinged-50cm-tsingitud-varvitud.png","datePublished":"2023-06-08T08:56:27+00:00","dateModified":"2024-01-01T12:21:32+00:00","description":"Latthinged 50cm komplekti kuulub latthingede paar sagarate ja kahe sagarapoldiga 10x110mm, tsingitud ja pulberv\u00e4rviga v\u00e4rvitud.","breadcrumb":{"@id":"https:\/\/etnoart.eu\/fi\/toode\/latthinged-50cm-zn\/#breadcrumb"},"inLanguage":"de","potentialAction":[{"@type":"ReadAction","target":["https:\/\/etnoart.eu\/fi\/toode\/latthinged-50cm-zn\/"]}]},{"@type":"ImageObject","inLanguage":"de","@id":"https:\/\/etnoart.eu\/fi\/toode\/latthinged-50cm-zn\/#primaryimage","url":"https:\/\/etnoart.eu\/wp-content\/uploads\/2023\/06\/Latthinged-50cm-tsingitud-varvitud.png","contentUrl":"https:\/\/etnoart.eu\/wp-content\/uploads\/2023\/06\/Latthinged-50cm-tsingitud-varvitud.png","width":1028,"height":900,"caption":"Latthinged 50cm tsingitud v\u00e4rvitud"},{"@type":"BreadcrumbList","@id":"https:\/\/etnoart.eu\/fi\/toode\/latthinged-50cm-zn\/#breadcrumb","itemListElement":[{"@type":"ListItem","position":1,"name":"Home","item":"https:\/\/etnoart.eu\/de\/"},{"@type":"ListItem","position":2,"name":"Shop","item":"https:\/\/etnoart.eu\/pood\/"},{"@type":"ListItem","position":3,"name":"Latthinged 50cm (Zn)"}]},{"@type":"WebSite","@id":"https:\/\/etnoart.eu\/#website","url":"https:\/\/etnoart.eu\/","name":"Etnoart","description":"K&auml;sit&ouml;&ouml;pood","publisher":{"@id":"https:\/\/etnoart.eu\/#organization"},"potentialAction":[{"@type":"SearchAction","target":{"@type":"EntryPoint","urlTemplate":"https:\/\/etnoart.eu\/?s={search_term_string}"},"query-input":{"@type":"PropertyValueSpecification","valueRequired":true,"valueName":"search_term_string"}}],"inLanguage":"de"},{"@type":"Organization","@id":"https:\/\/etnoart.eu\/#organization","name":"Etnoart O\u00dc","url":"https:\/\/etnoart.eu\/","logo":{"@type":"ImageObject","inLanguage":"de","@id":"https:\/\/etnoart.eu\/#\/schema\/logo\/image\/","url":"https:\/\/etnoart.eu\/wp-content\/uploads\/2023\/06\/etnoart-logo.png","contentUrl":"https:\/\/etnoart.eu\/wp-content\/uploads\/2023\/06\/etnoart-logo.png","width":491,"height":184,"caption":"Etnoart O\u00dc"},"image":{"@id":"https:\/\/etnoart.eu\/#\/schema\/logo\/image\/"},"sameAs":["https:\/\/www.facebook.com\/etnoart.handicraft.shop"]}]}},"builder_content":"","_links":{"self":[{"href":"https:\/\/etnoart.eu\/de\/wp-json\/wp\/v2\/product\/3181","targetHints":{"allow":["GET"]}}],"collection":[{"href":"https:\/\/etnoart.eu\/de\/wp-json\/wp\/v2\/product"}],"about":[{"href":"https:\/\/etnoart.eu\/de\/wp-json\/wp\/v2\/types\/product"}],"wp:featuredmedia":[{"embeddable":true,"href":"https:\/\/etnoart.eu\/de\/wp-json\/wp\/v2\/media\/4061"}],"wp:attachment":[{"href":"https:\/\/etnoart.eu\/de\/wp-json\/wp\/v2\/media?parent=3181"}],"wp:term":[{"taxonomy":"product_brand","embeddable":true,"href":"https:\/\/etnoart.eu\/de\/wp-json\/wp\/v2\/product_brand?post=3181"},{"taxonomy":"product_cat","embeddable":true,"href":"https:\/\/etnoart.eu\/de\/wp-json\/wp\/v2\/product_cat?post=3181"},{"taxonomy":"product_tag","embeddable":true,"href":"https:\/\/etnoart.eu\/de\/wp-json\/wp\/v2\/product_tag?post=3181"}],"curies":[{"name":"wp","href":"https:\/\/api.w.org\/{rel}","templated":true}]}}