{"id":2925,"date":"2023-06-08T08:55:42","date_gmt":"2023-06-08T08:55:42","guid":{"rendered":"https:\/\/etnoart.amsel.ee\/?post_type=product&#038;p=2925"},"modified":"2023-08-27T17:51:42","modified_gmt":"2023-08-27T17:51:42","slug":"tuletangid-keermeta-54cm","status":"publish","type":"product","link":"https:\/\/etnoart.eu\/de\/toode\/tuletangid-keermeta-54cm\/","title":{"rendered":"Tuletangid (keermeta) 54cm"},"content":{"rendered":"<p>Tuletangid 54cm on valmistatud vastupidavast terasest, mis tagab nende vastupidavuse ja pika kasutusea. Need on kerged ja praktilised t\u00f6\u00f6riistad, mis v\u00f5ivad tulekolde juures olla v\u00e4hem kasutatavad v\u00f5rreldes roobi v\u00f5i k\u00fchvliga, kuid aeg-ajalt on nad siiski h\u00e4davajalikud. Tuletangide roll seisneb suuremate p\u00f5lemata puut\u00fckkide ohutus ja t\u00f5husas eemaldamises tulekoldest.<\/p>\n<p>Tuletangide p\u00f5hiliseks kasutusotstarbeks on suurte puut\u00fckkide eemaldamine tulekoldest, mida on vaja viia teise koldesse. See on eriti oluline, kui soovid s\u00e4ilitada tulekolde optimaalset k\u00fcttekvaliteeti. Peale tule kustumist on v\u00e4ltimatu sulgeda siibrid, et v\u00e4ltida\u00a0 sooja kadu. Kui tules on veel osaliselt p\u00f5lemata materjali, tuleb olla ettevaatlik, et v\u00e4ltida suitsu sattumist tuppa, mis v\u00f5ib olla tervisele ohtlik.<\/p>\n<p>\u00dcksikud osaliselt p\u00f5lemata puut\u00fckid p\u00f5levad aeglaselt ning selle aja jooksul eraldub korstna kaudu hulk soojust. Tuletangide abil saab need ohutult viia teise koldesse, kus nad saavad l\u00f5puni p\u00f5leda. Sulgedes siibri, hoitakse soojust toas veel pikka aega, pakkudes nii mugavust kui ka energia kokkuhoidu.<\/p>\n<p>Kokkuv\u00f5ttes on tuletangid 54cm olulised t\u00f6\u00f6riistad, mis m\u00e4ngivad olulist rolli tulekolde t\u00f5husas hoolduses. Nende abil saab tagada nii k\u00fcttes\u00fcsteemi efektiivsuse kui ka ohutu k\u00fctmine. Kui ehkki tuletangid ei pruugi olla igap\u00e4evaselt kasutatud, on neid aeg-ajalt vaja, et tagada optimaalne tulekolde toimimine ja tervislik keskkond.<\/p>\n<p>Valmistatud Eestis k\u00e4sit\u00f6\u00f6na seppade poolt.<\/p>\n<p>Pikkus 54 cm, kaetud mati pulberlakiga.<\/p>\n","protected":false},"excerpt":{"rendered":"<p>Pikkus 54 cm, kaetud mati pulberlakiga.<\/p>\n","protected":false},"featured_media":4171,"template":"","meta":[],"product_brand":[],"product_cat":[116],"product_tag":[],"class_list":{"0":"post-2925","1":"product","2":"type-product","3":"status-publish","4":"has-post-thumbnail","6":"product_cat-kaminatarbed-ja-puukorvid","7":"has-post-title","8":"has-post-date","9":"has-post-category","10":"has-post-tag","11":"has-post-comment","12":"has-post-author","13":"","15":"first","16":"instock","17":"taxable","18":"shipping-taxable","19":"purchasable","20":"product-type-simple"},"yoast_head":"<!-- This site is optimized with the Yoast SEO plugin v27.3 - https:\/\/yoast.com\/product\/yoast-seo-wordpress\/ -->\n<title>Tuletangid (keermeta) 54cm |EtnoArt| Kaminatarbed ja puukorvid<\/title>\n<meta name=\"description\" content=\"Tuletangid 54cm on valmistatud vastupidavast terasest, mis tagab nende vastupidavuse ja pika kasutusea. Need on kerged ja praktilised t\u00f6\u00f6riistad.\" \/>\n<meta name=\"robots\" content=\"index, follow, max-snippet:-1, max-image-preview:large, max-video-preview:-1\" \/>\n<link rel=\"canonical\" href=\"https:\/\/etnoart.eu\/en\/toode\/tuletangid-keermeta-54cm\/\" \/>\n<meta property=\"og:locale\" content=\"de_DE\" \/>\n<meta property=\"og:type\" content=\"article\" \/>\n<meta property=\"og:title\" content=\"Tuletangid (keermeta) 54cm |EtnoArt| Kaminatarbed ja puukorvid\" \/>\n<meta property=\"og:description\" content=\"Tuletangid 54cm on valmistatud vastupidavast terasest, mis tagab nende vastupidavuse ja pika kasutusea. Need on kerged ja praktilised t\u00f6\u00f6riistad.\" \/>\n<meta property=\"og:url\" content=\"https:\/\/etnoart.eu\/en\/toode\/tuletangid-keermeta-54cm\/\" \/>\n<meta property=\"og:site_name\" content=\"Etnoart\" \/>\n<meta property=\"article:publisher\" content=\"https:\/\/www.facebook.com\/etnoart.handicraft.shop\" \/>\n<meta property=\"article:modified_time\" content=\"2023-08-27T17:51:42+00:00\" \/>\n<meta property=\"og:image\" content=\"https:\/\/etnoart.eu\/wp-content\/uploads\/2023\/06\/Tuletangid-54cm.jpg\" \/>\n\t<meta property=\"og:image:width\" content=\"524\" \/>\n\t<meta property=\"og:image:height\" content=\"524\" \/>\n\t<meta property=\"og:image:type\" content=\"image\/jpeg\" \/>\n<meta name=\"twitter:card\" content=\"summary_large_image\" \/>\n<meta name=\"twitter:label1\" content=\"Gesch\u00e4tzte Lesezeit\" \/>\n\t<meta name=\"twitter:data1\" content=\"2\u00a0Minuten\" \/>\n<script type=\"application\/ld+json\" class=\"yoast-schema-graph\">{\"@context\":\"https:\\\/\\\/schema.org\",\"@graph\":[{\"@type\":\"WebPage\",\"@id\":\"https:\\\/\\\/etnoart.eu\\\/en\\\/toode\\\/tuletangid-keermeta-54cm\\\/\",\"url\":\"https:\\\/\\\/etnoart.eu\\\/en\\\/toode\\\/tuletangid-keermeta-54cm\\\/\",\"name\":\"Tuletangid (keermeta) 54cm |EtnoArt| Kaminatarbed ja puukorvid\",\"isPartOf\":{\"@id\":\"https:\\\/\\\/etnoart.eu\\\/#website\"},\"primaryImageOfPage\":{\"@id\":\"https:\\\/\\\/etnoart.eu\\\/en\\\/toode\\\/tuletangid-keermeta-54cm\\\/#primaryimage\"},\"image\":{\"@id\":\"https:\\\/\\\/etnoart.eu\\\/en\\\/toode\\\/tuletangid-keermeta-54cm\\\/#primaryimage\"},\"thumbnailUrl\":\"https:\\\/\\\/etnoart.eu\\\/wp-content\\\/uploads\\\/2023\\\/06\\\/Tuletangid-54cm.jpg\",\"datePublished\":\"2023-06-08T08:55:42+00:00\",\"dateModified\":\"2023-08-27T17:51:42+00:00\",\"description\":\"Tuletangid 54cm on valmistatud vastupidavast terasest, mis tagab nende vastupidavuse ja pika kasutusea. Need on kerged ja praktilised t\u00f6\u00f6riistad.\",\"breadcrumb\":{\"@id\":\"https:\\\/\\\/etnoart.eu\\\/en\\\/toode\\\/tuletangid-keermeta-54cm\\\/#breadcrumb\"},\"inLanguage\":\"de\",\"potentialAction\":[{\"@type\":\"ReadAction\",\"target\":[\"https:\\\/\\\/etnoart.eu\\\/en\\\/toode\\\/tuletangid-keermeta-54cm\\\/\"]}]},{\"@type\":\"ImageObject\",\"inLanguage\":\"de\",\"@id\":\"https:\\\/\\\/etnoart.eu\\\/en\\\/toode\\\/tuletangid-keermeta-54cm\\\/#primaryimage\",\"url\":\"https:\\\/\\\/etnoart.eu\\\/wp-content\\\/uploads\\\/2023\\\/06\\\/Tuletangid-54cm.jpg\",\"contentUrl\":\"https:\\\/\\\/etnoart.eu\\\/wp-content\\\/uploads\\\/2023\\\/06\\\/Tuletangid-54cm.jpg\",\"width\":524,\"height\":524,\"caption\":\"Tuletangid 54cm\"},{\"@type\":\"BreadcrumbList\",\"@id\":\"https:\\\/\\\/etnoart.eu\\\/en\\\/toode\\\/tuletangid-keermeta-54cm\\\/#breadcrumb\",\"itemListElement\":[{\"@type\":\"ListItem\",\"position\":1,\"name\":\"Home\",\"item\":\"https:\\\/\\\/etnoart.eu\\\/de\\\/\"},{\"@type\":\"ListItem\",\"position\":2,\"name\":\"Shop\",\"item\":\"https:\\\/\\\/etnoart.eu\\\/pood\\\/\"},{\"@type\":\"ListItem\",\"position\":3,\"name\":\"Tuletangid (keermeta) 54cm\"}]},{\"@type\":\"WebSite\",\"@id\":\"https:\\\/\\\/etnoart.eu\\\/#website\",\"url\":\"https:\\\/\\\/etnoart.eu\\\/\",\"name\":\"Etnoart\",\"description\":\"K&auml;sit&ouml;&ouml;pood\",\"publisher\":{\"@id\":\"https:\\\/\\\/etnoart.eu\\\/#organization\"},\"potentialAction\":[{\"@type\":\"SearchAction\",\"target\":{\"@type\":\"EntryPoint\",\"urlTemplate\":\"https:\\\/\\\/etnoart.eu\\\/?s={search_term_string}\"},\"query-input\":{\"@type\":\"PropertyValueSpecification\",\"valueRequired\":true,\"valueName\":\"search_term_string\"}}],\"inLanguage\":\"de\"},{\"@type\":\"Organization\",\"@id\":\"https:\\\/\\\/etnoart.eu\\\/#organization\",\"name\":\"Etnoart O\u00dc\",\"url\":\"https:\\\/\\\/etnoart.eu\\\/\",\"logo\":{\"@type\":\"ImageObject\",\"inLanguage\":\"de\",\"@id\":\"https:\\\/\\\/etnoart.eu\\\/#\\\/schema\\\/logo\\\/image\\\/\",\"url\":\"https:\\\/\\\/etnoart.eu\\\/wp-content\\\/uploads\\\/2023\\\/06\\\/etnoart-logo.png\",\"contentUrl\":\"https:\\\/\\\/etnoart.eu\\\/wp-content\\\/uploads\\\/2023\\\/06\\\/etnoart-logo.png\",\"width\":491,\"height\":184,\"caption\":\"Etnoart O\u00dc\"},\"image\":{\"@id\":\"https:\\\/\\\/etnoart.eu\\\/#\\\/schema\\\/logo\\\/image\\\/\"},\"sameAs\":[\"https:\\\/\\\/www.facebook.com\\\/etnoart.handicraft.shop\"]}]}<\/script>\n<!-- \/ Yoast SEO plugin. -->","yoast_head_json":{"title":"Tuletangid (keermeta) 54cm |EtnoArt| Kaminatarbed ja puukorvid","description":"Tuletangid 54cm on valmistatud vastupidavast terasest, mis tagab nende vastupidavuse ja pika kasutusea. Need on kerged ja praktilised t\u00f6\u00f6riistad.","robots":{"index":"index","follow":"follow","max-snippet":"max-snippet:-1","max-image-preview":"max-image-preview:large","max-video-preview":"max-video-preview:-1"},"canonical":"https:\/\/etnoart.eu\/en\/toode\/tuletangid-keermeta-54cm\/","og_locale":"de_DE","og_type":"article","og_title":"Tuletangid (keermeta) 54cm |EtnoArt| Kaminatarbed ja puukorvid","og_description":"Tuletangid 54cm on valmistatud vastupidavast terasest, mis tagab nende vastupidavuse ja pika kasutusea. Need on kerged ja praktilised t\u00f6\u00f6riistad.","og_url":"https:\/\/etnoart.eu\/en\/toode\/tuletangid-keermeta-54cm\/","og_site_name":"Etnoart","article_publisher":"https:\/\/www.facebook.com\/etnoart.handicraft.shop","article_modified_time":"2023-08-27T17:51:42+00:00","og_image":[{"width":524,"height":524,"url":"https:\/\/etnoart.eu\/wp-content\/uploads\/2023\/06\/Tuletangid-54cm.jpg","type":"image\/jpeg"}],"twitter_card":"summary_large_image","twitter_misc":{"Gesch\u00e4tzte Lesezeit":"2\u00a0Minuten"},"schema":{"@context":"https:\/\/schema.org","@graph":[{"@type":"WebPage","@id":"https:\/\/etnoart.eu\/en\/toode\/tuletangid-keermeta-54cm\/","url":"https:\/\/etnoart.eu\/en\/toode\/tuletangid-keermeta-54cm\/","name":"Tuletangid (keermeta) 54cm |EtnoArt| Kaminatarbed ja puukorvid","isPartOf":{"@id":"https:\/\/etnoart.eu\/#website"},"primaryImageOfPage":{"@id":"https:\/\/etnoart.eu\/en\/toode\/tuletangid-keermeta-54cm\/#primaryimage"},"image":{"@id":"https:\/\/etnoart.eu\/en\/toode\/tuletangid-keermeta-54cm\/#primaryimage"},"thumbnailUrl":"https:\/\/etnoart.eu\/wp-content\/uploads\/2023\/06\/Tuletangid-54cm.jpg","datePublished":"2023-06-08T08:55:42+00:00","dateModified":"2023-08-27T17:51:42+00:00","description":"Tuletangid 54cm on valmistatud vastupidavast terasest, mis tagab nende vastupidavuse ja pika kasutusea. Need on kerged ja praktilised t\u00f6\u00f6riistad.","breadcrumb":{"@id":"https:\/\/etnoart.eu\/en\/toode\/tuletangid-keermeta-54cm\/#breadcrumb"},"inLanguage":"de","potentialAction":[{"@type":"ReadAction","target":["https:\/\/etnoart.eu\/en\/toode\/tuletangid-keermeta-54cm\/"]}]},{"@type":"ImageObject","inLanguage":"de","@id":"https:\/\/etnoart.eu\/en\/toode\/tuletangid-keermeta-54cm\/#primaryimage","url":"https:\/\/etnoart.eu\/wp-content\/uploads\/2023\/06\/Tuletangid-54cm.jpg","contentUrl":"https:\/\/etnoart.eu\/wp-content\/uploads\/2023\/06\/Tuletangid-54cm.jpg","width":524,"height":524,"caption":"Tuletangid 54cm"},{"@type":"BreadcrumbList","@id":"https:\/\/etnoart.eu\/en\/toode\/tuletangid-keermeta-54cm\/#breadcrumb","itemListElement":[{"@type":"ListItem","position":1,"name":"Home","item":"https:\/\/etnoart.eu\/de\/"},{"@type":"ListItem","position":2,"name":"Shop","item":"https:\/\/etnoart.eu\/pood\/"},{"@type":"ListItem","position":3,"name":"Tuletangid (keermeta) 54cm"}]},{"@type":"WebSite","@id":"https:\/\/etnoart.eu\/#website","url":"https:\/\/etnoart.eu\/","name":"Etnoart","description":"K&auml;sit&ouml;&ouml;pood","publisher":{"@id":"https:\/\/etnoart.eu\/#organization"},"potentialAction":[{"@type":"SearchAction","target":{"@type":"EntryPoint","urlTemplate":"https:\/\/etnoart.eu\/?s={search_term_string}"},"query-input":{"@type":"PropertyValueSpecification","valueRequired":true,"valueName":"search_term_string"}}],"inLanguage":"de"},{"@type":"Organization","@id":"https:\/\/etnoart.eu\/#organization","name":"Etnoart O\u00dc","url":"https:\/\/etnoart.eu\/","logo":{"@type":"ImageObject","inLanguage":"de","@id":"https:\/\/etnoart.eu\/#\/schema\/logo\/image\/","url":"https:\/\/etnoart.eu\/wp-content\/uploads\/2023\/06\/etnoart-logo.png","contentUrl":"https:\/\/etnoart.eu\/wp-content\/uploads\/2023\/06\/etnoart-logo.png","width":491,"height":184,"caption":"Etnoart O\u00dc"},"image":{"@id":"https:\/\/etnoart.eu\/#\/schema\/logo\/image\/"},"sameAs":["https:\/\/www.facebook.com\/etnoart.handicraft.shop"]}]}},"builder_content":"","_links":{"self":[{"href":"https:\/\/etnoart.eu\/de\/wp-json\/wp\/v2\/product\/2925","targetHints":{"allow":["GET"]}}],"collection":[{"href":"https:\/\/etnoart.eu\/de\/wp-json\/wp\/v2\/product"}],"about":[{"href":"https:\/\/etnoart.eu\/de\/wp-json\/wp\/v2\/types\/product"}],"wp:featuredmedia":[{"embeddable":true,"href":"https:\/\/etnoart.eu\/de\/wp-json\/wp\/v2\/media\/4171"}],"wp:attachment":[{"href":"https:\/\/etnoart.eu\/de\/wp-json\/wp\/v2\/media?parent=2925"}],"wp:term":[{"taxonomy":"product_brand","embeddable":true,"href":"https:\/\/etnoart.eu\/de\/wp-json\/wp\/v2\/product_brand?post=2925"},{"taxonomy":"product_cat","embeddable":true,"href":"https:\/\/etnoart.eu\/de\/wp-json\/wp\/v2\/product_cat?post=2925"},{"taxonomy":"product_tag","embeddable":true,"href":"https:\/\/etnoart.eu\/de\/wp-json\/wp\/v2\/product_tag?post=2925"}],"curies":[{"name":"wp","href":"https:\/\/api.w.org\/{rel}","templated":true}]}}