{"id":2924,"date":"2023-06-08T08:55:42","date_gmt":"2023-06-08T08:55:42","guid":{"rendered":"https:\/\/etnoart.amsel.ee\/?post_type=product&#038;p=2924"},"modified":"2023-12-29T04:29:35","modified_gmt":"2023-12-29T04:29:35","slug":"ahjuroop-130cm","status":"publish","type":"product","link":"https:\/\/etnoart.eu\/de\/toode\/ahjuroop-130cm\/","title":{"rendered":"Ahjuroop 130cm"},"content":{"rendered":"<p>Ahjuroop 130cm pikkune on spetsiaalselt loodud s\u00fcgavamate tulekollete, nagu ahjud ja suuremad kaminad, hooldamiseks. Kui soovid hoolitseda oma k\u00fcttekolde eest s\u00fcgavalt ja t\u00f5husalt, on see ahjuroop ideaalne t\u00f6\u00f6riist. Suuremates k\u00fcttekolletes, kus puid tuleb paigutada koldes s\u00fcgavamale, on selle pikema roobi kasutamine \u00e4\u00e4rmiselt praktiline.<\/p>\n<p>Pikk ahjuroop v\u00f5imaldab sul puid kohendada tulekolde tagaosas h\u00f5lpsalt ja mugavalt. Roobi saab kindlalt hoida m\u00f5lema k\u00e4ega ning seada halud koldesse nii, nagu sulle parajasti sobib. Selle pikema varre abil ei pea sa end tulekolde kohendamisel ohustama, vaid saad teha vajalikke t\u00f6id ohutus kauguses koldest.<\/p>\n<p>Lihtne ja klassikaline disain tagab selle ahjuroobi universaalse sobivuse erinevatesse interj\u00f6\u00f6ridesse. Selle funktsionaalsus on esmat\u00e4htis, kuid samas lisab selle minimalistlik v\u00e4limus ka visuaalset atraktiivsust.<\/p>\n<p>Ahjuroop 130cm on lahendus, mis muudab s\u00fcgavamate k\u00fcttekollete hooldamise lihtsaks ja turvaliseks. Olenemata sellest, kas tegemist on ahju, pliidi v\u00f5i suurema kaminaga, saad selle pikema roobi abil tulekoldeid t\u00f5husalt hoolitseda.<\/p>\n<p>Pikkus 130 cm, lakitud mati pulberlakiga.<\/p>\n","protected":false},"excerpt":{"rendered":"<p>Pikkus 130 cm, lakitud mati pulberlakiga.<\/p>\n","protected":false},"featured_media":4167,"template":"","meta":[],"product_brand":[],"product_cat":[116],"product_tag":[],"class_list":{"0":"post-2924","1":"product","2":"type-product","3":"status-publish","4":"has-post-thumbnail","6":"product_cat-kaminatarbed-ja-puukorvid","7":"has-post-title","8":"has-post-date","9":"has-post-category","10":"has-post-tag","11":"has-post-comment","12":"has-post-author","13":"","15":"first","16":"instock","17":"taxable","18":"shipping-taxable","19":"purchasable","20":"product-type-simple"},"yoast_head":"<!-- This site is optimized with the Yoast SEO plugin v27.4 - https:\/\/yoast.com\/product\/yoast-seo-wordpress\/ -->\n<title>Ahjuroop 130cm |EtnoArt| Kaminatarbed ja puukorvid<\/title>\n<meta name=\"description\" content=\"Ahjuroop 130cm on spetsiaalselt loodud s\u00fcgavamate tulekollete, nagu ahjud ja suuremad kaminad, hooldamiseks. Viimistletud pulberlakiga\" \/>\n<meta name=\"robots\" content=\"index, follow, max-snippet:-1, max-image-preview:large, max-video-preview:-1\" \/>\n<link rel=\"canonical\" href=\"https:\/\/etnoart.eu\/fi\/toode\/ahjuroop-130cm\/\" \/>\n<meta property=\"og:locale\" content=\"de_DE\" \/>\n<meta property=\"og:type\" content=\"article\" \/>\n<meta property=\"og:title\" content=\"Ahjuroop 130cm |EtnoArt| Kaminatarbed ja puukorvid\" \/>\n<meta property=\"og:description\" content=\"Ahjuroop 130cm on spetsiaalselt loodud s\u00fcgavamate tulekollete, nagu ahjud ja suuremad kaminad, hooldamiseks. Viimistletud pulberlakiga\" \/>\n<meta property=\"og:url\" content=\"https:\/\/etnoart.eu\/fi\/toode\/ahjuroop-130cm\/\" \/>\n<meta property=\"og:site_name\" content=\"Etnoart\" \/>\n<meta property=\"article:publisher\" content=\"https:\/\/www.facebook.com\/etnoart.handicraft.shop\" \/>\n<meta property=\"article:modified_time\" content=\"2023-12-29T04:29:35+00:00\" \/>\n<meta property=\"og:image\" content=\"https:\/\/etnoart.eu\/wp-content\/uploads\/2023\/06\/ahjuroop_1300.jpg\" \/>\n\t<meta property=\"og:image:width\" content=\"1000\" \/>\n\t<meta property=\"og:image:height\" content=\"1000\" \/>\n\t<meta property=\"og:image:type\" content=\"image\/jpeg\" \/>\n<meta name=\"twitter:card\" content=\"summary_large_image\" \/>\n<meta name=\"twitter:label1\" content=\"Gesch\u00e4tzte Lesezeit\" \/>\n\t<meta name=\"twitter:data1\" content=\"1\u00a0Minute\" \/>\n<script type=\"application\/ld+json\" class=\"yoast-schema-graph\">{\"@context\":\"https:\\\/\\\/schema.org\",\"@graph\":[{\"@type\":\"WebPage\",\"@id\":\"https:\\\/\\\/etnoart.eu\\\/fi\\\/toode\\\/ahjuroop-130cm\\\/\",\"url\":\"https:\\\/\\\/etnoart.eu\\\/fi\\\/toode\\\/ahjuroop-130cm\\\/\",\"name\":\"Ahjuroop 130cm |EtnoArt| Kaminatarbed ja puukorvid\",\"isPartOf\":{\"@id\":\"https:\\\/\\\/etnoart.eu\\\/#website\"},\"primaryImageOfPage\":{\"@id\":\"https:\\\/\\\/etnoart.eu\\\/fi\\\/toode\\\/ahjuroop-130cm\\\/#primaryimage\"},\"image\":{\"@id\":\"https:\\\/\\\/etnoart.eu\\\/fi\\\/toode\\\/ahjuroop-130cm\\\/#primaryimage\"},\"thumbnailUrl\":\"https:\\\/\\\/etnoart.eu\\\/wp-content\\\/uploads\\\/2023\\\/06\\\/ahjuroop_1300.jpg\",\"datePublished\":\"2023-06-08T08:55:42+00:00\",\"dateModified\":\"2023-12-29T04:29:35+00:00\",\"description\":\"Ahjuroop 130cm on spetsiaalselt loodud s\u00fcgavamate tulekollete, nagu ahjud ja suuremad kaminad, hooldamiseks. Viimistletud pulberlakiga\",\"breadcrumb\":{\"@id\":\"https:\\\/\\\/etnoart.eu\\\/fi\\\/toode\\\/ahjuroop-130cm\\\/#breadcrumb\"},\"inLanguage\":\"de\",\"potentialAction\":[{\"@type\":\"ReadAction\",\"target\":[\"https:\\\/\\\/etnoart.eu\\\/fi\\\/toode\\\/ahjuroop-130cm\\\/\"]}]},{\"@type\":\"ImageObject\",\"inLanguage\":\"de\",\"@id\":\"https:\\\/\\\/etnoart.eu\\\/fi\\\/toode\\\/ahjuroop-130cm\\\/#primaryimage\",\"url\":\"https:\\\/\\\/etnoart.eu\\\/wp-content\\\/uploads\\\/2023\\\/06\\\/ahjuroop_1300.jpg\",\"contentUrl\":\"https:\\\/\\\/etnoart.eu\\\/wp-content\\\/uploads\\\/2023\\\/06\\\/ahjuroop_1300.jpg\",\"width\":1000,\"height\":1000,\"caption\":\"ahjuroop_1300\"},{\"@type\":\"BreadcrumbList\",\"@id\":\"https:\\\/\\\/etnoart.eu\\\/fi\\\/toode\\\/ahjuroop-130cm\\\/#breadcrumb\",\"itemListElement\":[{\"@type\":\"ListItem\",\"position\":1,\"name\":\"Home\",\"item\":\"https:\\\/\\\/etnoart.eu\\\/de\\\/\"},{\"@type\":\"ListItem\",\"position\":2,\"name\":\"Shop\",\"item\":\"https:\\\/\\\/etnoart.eu\\\/pood\\\/\"},{\"@type\":\"ListItem\",\"position\":3,\"name\":\"Ahjuroop 130cm\"}]},{\"@type\":\"WebSite\",\"@id\":\"https:\\\/\\\/etnoart.eu\\\/#website\",\"url\":\"https:\\\/\\\/etnoart.eu\\\/\",\"name\":\"Etnoart\",\"description\":\"K&auml;sit&ouml;&ouml;pood\",\"publisher\":{\"@id\":\"https:\\\/\\\/etnoart.eu\\\/#organization\"},\"potentialAction\":[{\"@type\":\"SearchAction\",\"target\":{\"@type\":\"EntryPoint\",\"urlTemplate\":\"https:\\\/\\\/etnoart.eu\\\/?s={search_term_string}\"},\"query-input\":{\"@type\":\"PropertyValueSpecification\",\"valueRequired\":true,\"valueName\":\"search_term_string\"}}],\"inLanguage\":\"de\"},{\"@type\":\"Organization\",\"@id\":\"https:\\\/\\\/etnoart.eu\\\/#organization\",\"name\":\"Etnoart O\u00dc\",\"url\":\"https:\\\/\\\/etnoart.eu\\\/\",\"logo\":{\"@type\":\"ImageObject\",\"inLanguage\":\"de\",\"@id\":\"https:\\\/\\\/etnoart.eu\\\/#\\\/schema\\\/logo\\\/image\\\/\",\"url\":\"https:\\\/\\\/etnoart.eu\\\/wp-content\\\/uploads\\\/2023\\\/06\\\/etnoart-logo.png\",\"contentUrl\":\"https:\\\/\\\/etnoart.eu\\\/wp-content\\\/uploads\\\/2023\\\/06\\\/etnoart-logo.png\",\"width\":491,\"height\":184,\"caption\":\"Etnoart O\u00dc\"},\"image\":{\"@id\":\"https:\\\/\\\/etnoart.eu\\\/#\\\/schema\\\/logo\\\/image\\\/\"},\"sameAs\":[\"https:\\\/\\\/www.facebook.com\\\/etnoart.handicraft.shop\"]}]}<\/script>\n<!-- \/ Yoast SEO plugin. -->","yoast_head_json":{"title":"Ahjuroop 130cm |EtnoArt| Kaminatarbed ja puukorvid","description":"Ahjuroop 130cm on spetsiaalselt loodud s\u00fcgavamate tulekollete, nagu ahjud ja suuremad kaminad, hooldamiseks. Viimistletud pulberlakiga","robots":{"index":"index","follow":"follow","max-snippet":"max-snippet:-1","max-image-preview":"max-image-preview:large","max-video-preview":"max-video-preview:-1"},"canonical":"https:\/\/etnoart.eu\/fi\/toode\/ahjuroop-130cm\/","og_locale":"de_DE","og_type":"article","og_title":"Ahjuroop 130cm |EtnoArt| Kaminatarbed ja puukorvid","og_description":"Ahjuroop 130cm on spetsiaalselt loodud s\u00fcgavamate tulekollete, nagu ahjud ja suuremad kaminad, hooldamiseks. Viimistletud pulberlakiga","og_url":"https:\/\/etnoart.eu\/fi\/toode\/ahjuroop-130cm\/","og_site_name":"Etnoart","article_publisher":"https:\/\/www.facebook.com\/etnoart.handicraft.shop","article_modified_time":"2023-12-29T04:29:35+00:00","og_image":[{"width":1000,"height":1000,"url":"https:\/\/etnoart.eu\/wp-content\/uploads\/2023\/06\/ahjuroop_1300.jpg","type":"image\/jpeg"}],"twitter_card":"summary_large_image","twitter_misc":{"Gesch\u00e4tzte Lesezeit":"1\u00a0Minute"},"schema":{"@context":"https:\/\/schema.org","@graph":[{"@type":"WebPage","@id":"https:\/\/etnoart.eu\/fi\/toode\/ahjuroop-130cm\/","url":"https:\/\/etnoart.eu\/fi\/toode\/ahjuroop-130cm\/","name":"Ahjuroop 130cm |EtnoArt| Kaminatarbed ja puukorvid","isPartOf":{"@id":"https:\/\/etnoart.eu\/#website"},"primaryImageOfPage":{"@id":"https:\/\/etnoart.eu\/fi\/toode\/ahjuroop-130cm\/#primaryimage"},"image":{"@id":"https:\/\/etnoart.eu\/fi\/toode\/ahjuroop-130cm\/#primaryimage"},"thumbnailUrl":"https:\/\/etnoart.eu\/wp-content\/uploads\/2023\/06\/ahjuroop_1300.jpg","datePublished":"2023-06-08T08:55:42+00:00","dateModified":"2023-12-29T04:29:35+00:00","description":"Ahjuroop 130cm on spetsiaalselt loodud s\u00fcgavamate tulekollete, nagu ahjud ja suuremad kaminad, hooldamiseks. Viimistletud pulberlakiga","breadcrumb":{"@id":"https:\/\/etnoart.eu\/fi\/toode\/ahjuroop-130cm\/#breadcrumb"},"inLanguage":"de","potentialAction":[{"@type":"ReadAction","target":["https:\/\/etnoart.eu\/fi\/toode\/ahjuroop-130cm\/"]}]},{"@type":"ImageObject","inLanguage":"de","@id":"https:\/\/etnoart.eu\/fi\/toode\/ahjuroop-130cm\/#primaryimage","url":"https:\/\/etnoart.eu\/wp-content\/uploads\/2023\/06\/ahjuroop_1300.jpg","contentUrl":"https:\/\/etnoart.eu\/wp-content\/uploads\/2023\/06\/ahjuroop_1300.jpg","width":1000,"height":1000,"caption":"ahjuroop_1300"},{"@type":"BreadcrumbList","@id":"https:\/\/etnoart.eu\/fi\/toode\/ahjuroop-130cm\/#breadcrumb","itemListElement":[{"@type":"ListItem","position":1,"name":"Home","item":"https:\/\/etnoart.eu\/de\/"},{"@type":"ListItem","position":2,"name":"Shop","item":"https:\/\/etnoart.eu\/pood\/"},{"@type":"ListItem","position":3,"name":"Ahjuroop 130cm"}]},{"@type":"WebSite","@id":"https:\/\/etnoart.eu\/#website","url":"https:\/\/etnoart.eu\/","name":"Etnoart","description":"K&auml;sit&ouml;&ouml;pood","publisher":{"@id":"https:\/\/etnoart.eu\/#organization"},"potentialAction":[{"@type":"SearchAction","target":{"@type":"EntryPoint","urlTemplate":"https:\/\/etnoart.eu\/?s={search_term_string}"},"query-input":{"@type":"PropertyValueSpecification","valueRequired":true,"valueName":"search_term_string"}}],"inLanguage":"de"},{"@type":"Organization","@id":"https:\/\/etnoart.eu\/#organization","name":"Etnoart O\u00dc","url":"https:\/\/etnoart.eu\/","logo":{"@type":"ImageObject","inLanguage":"de","@id":"https:\/\/etnoart.eu\/#\/schema\/logo\/image\/","url":"https:\/\/etnoart.eu\/wp-content\/uploads\/2023\/06\/etnoart-logo.png","contentUrl":"https:\/\/etnoart.eu\/wp-content\/uploads\/2023\/06\/etnoart-logo.png","width":491,"height":184,"caption":"Etnoart O\u00dc"},"image":{"@id":"https:\/\/etnoart.eu\/#\/schema\/logo\/image\/"},"sameAs":["https:\/\/www.facebook.com\/etnoart.handicraft.shop"]}]}},"builder_content":"","_links":{"self":[{"href":"https:\/\/etnoart.eu\/de\/wp-json\/wp\/v2\/product\/2924","targetHints":{"allow":["GET"]}}],"collection":[{"href":"https:\/\/etnoart.eu\/de\/wp-json\/wp\/v2\/product"}],"about":[{"href":"https:\/\/etnoart.eu\/de\/wp-json\/wp\/v2\/types\/product"}],"wp:featuredmedia":[{"embeddable":true,"href":"https:\/\/etnoart.eu\/de\/wp-json\/wp\/v2\/media\/4167"}],"wp:attachment":[{"href":"https:\/\/etnoart.eu\/de\/wp-json\/wp\/v2\/media?parent=2924"}],"wp:term":[{"taxonomy":"product_brand","embeddable":true,"href":"https:\/\/etnoart.eu\/de\/wp-json\/wp\/v2\/product_brand?post=2924"},{"taxonomy":"product_cat","embeddable":true,"href":"https:\/\/etnoart.eu\/de\/wp-json\/wp\/v2\/product_cat?post=2924"},{"taxonomy":"product_tag","embeddable":true,"href":"https:\/\/etnoart.eu\/de\/wp-json\/wp\/v2\/product_tag?post=2924"}],"curies":[{"name":"wp","href":"https:\/\/api.w.org\/{rel}","templated":true}]}}