{"id":2921,"date":"2023-06-08T08:55:42","date_gmt":"2023-06-08T08:55:42","guid":{"rendered":"https:\/\/etnoart.amsel.ee\/?post_type=product&#038;p=2921"},"modified":"2023-08-27T18:45:12","modified_gmt":"2023-08-27T18:45:12","slug":"ahjuroop-60cm","status":"publish","type":"product","link":"https:\/\/etnoart.eu\/de\/toode\/ahjuroop-60cm\/","title":{"rendered":"Ahjuroop 60cm"},"content":{"rendered":"<div class=\"flex-1 overflow-hidden\">\n<div class=\"react-scroll-to-bottom--css-ruqcu-79elbk h-full dark:bg-gray-800\">\n<div class=\"react-scroll-to-bottom--css-ruqcu-1n7m0yu\">\n<div class=\"flex flex-col text-sm dark:bg-gray-800\">\n<div class=\"group w-full text-token-text-primary border-b border-black\/10 dark:border-gray-900\/50 bg-gray-50 dark:bg-[#444654]\" data-testid=\"conversation-turn-23\">\n<div class=\"flex p-4 gap-4 text-base md:gap-6 md:max-w-2xl lg:max-w-[38rem] xl:max-w-3xl md:py-6 lg:px-0 m-auto\">\n<div class=\"relative flex w-[calc(100%-50px)] flex-col gap-1 md:gap-3 lg:w-[calc(100%-115px)]\">\n<div class=\"flex flex-grow flex-col gap-3 max-w-full\">\n<div class=\"min-h-[20px] flex flex-col items-start gap-3 overflow-x-auto whitespace-pre-wrap break-words\">\n<div class=\"markdown prose w-full break-words dark:prose-invert light\">\n<p>Ahjuroop 60cm on spetsiaalselt loodud keskmiste tulekollete, n\u00e4iteks v\u00e4iksemate ahjude v\u00f5i kaminatega, hooldamiseks. See ahjuroop on ideaalne valik nendele, kes soovivad tulekoldeid t\u00f5husalt ja ohutult hooldada.<\/p>\n<p>Keskmine pikkus v\u00f5imaldab seda ahjuroopi kasutada mitmesuguste keskmiste tulekollete hooldamiseks. Selle abil saab h\u00f5lpsasti kohendada tuld ja paigutada halud koldesse. Ahjuroop 60cm on piisavalt pikk, et saaks tegeleda keskmiste k\u00fcttekollete s\u00fcgavamategi soppidega ilma, et peaksid minema k\u00e4ttpidi tulekoldesse. See tagab k\u00fcttekolde hooldamise ohutult ja mugavalt, s\u00e4ilitades samal ajal soovitud k\u00fcttekvaliteedi.<\/p>\n<p>Lihtne ja klassikaline disain r\u00f5hutab selle ahjuroobi funktsionaalsust ja universaalsust erinevates interj\u00f6\u00f6rides. K\u00e4epide on keeratud metallist, mis tagab kindla haarde ja vastupidavuse. K\u00e4epideme disain v\u00f5imaldab mugavat k\u00e4sitsemist ning lisab k\u00e4sit\u00f6\u00f6list puudutust.<\/p>\n<p>60 cm pikkune ahjuroop on h\u00e4davajalik t\u00f6\u00f6riist, mis muudab keskmise suurusega tulekollete hooldamise lihtsaks ja efektiivseks. Selle disain ja pikkus on optimeeritud selleks, et rahuldada erinevate keskmiste tulekollete hooldamise vajadusi. Kui soovid tagada oma k\u00fcttes\u00fcsteemi t\u00f5husust ja ohutust ning samal ajal s\u00e4ilitada hubast atmosf\u00e4\u00e4ri, siis on see ahjuroop kindlasti v\u00e4\u00e4rtuslik lisand igap\u00e4evaste k\u00fcttevajaduste hulka.<\/p>\n<p>Pikkus 60 cm, lakitud mati pulberlakiga.<\/p>\n<\/div>\n<\/div>\n<\/div>\n<\/div>\n<\/div>\n<\/div>\n<\/div>\n<\/div>\n<\/div>\n<\/div>\n<div class=\"absolute bottom-0 left-0 w-full border-t md:border-t-0 dark:border-white\/20 md:border-transparent md:dark:border-transparent md:bg-vert-light-gradient bg-white dark:bg-gray-800 md:!bg-transparent dark:md:bg-vert-dark-gradient pt-2 md:pl-2 md:w-[calc(100%-.5rem)]\"><\/div>\n","protected":false},"excerpt":{"rendered":"<p>Pikkus 80 cm, lakitud mati pulberlakiga.<\/p>\n","protected":false},"featured_media":4180,"template":"","meta":[],"product_brand":[],"product_cat":[116],"product_tag":[],"class_list":{"0":"post-2921","1":"product","2":"type-product","3":"status-publish","4":"has-post-thumbnail","6":"product_cat-kaminatarbed-ja-puukorvid","7":"has-post-title","8":"has-post-date","9":"has-post-category","10":"has-post-tag","11":"has-post-comment","12":"has-post-author","13":"","15":"first","16":"instock","17":"taxable","18":"shipping-taxable","19":"purchasable","20":"product-type-simple"},"yoast_head":"<!-- This site is optimized with the Yoast SEO plugin v27.4 - https:\/\/yoast.com\/product\/yoast-seo-wordpress\/ -->\n<title>Ahjuroop 60cm |EtnoArt| Kaminatarbed ja puukorvid<\/title>\n<meta name=\"description\" content=\"Ahjuroop 60cm on spetsiaalselt loodud keskmiste tulekollete, n\u00e4iteks v\u00e4iksemate ahjude v\u00f5i kaminatega, hooldamiseks. Tagab k\u00fcttekoldes ohutu t\u00f6\u00f6\" \/>\n<meta name=\"robots\" content=\"index, follow, max-snippet:-1, max-image-preview:large, max-video-preview:-1\" \/>\n<link rel=\"canonical\" href=\"https:\/\/etnoart.eu\/en\/toode\/ahjuroop-60cm\/\" \/>\n<meta property=\"og:locale\" content=\"de_DE\" \/>\n<meta property=\"og:type\" content=\"article\" \/>\n<meta property=\"og:title\" content=\"Ahjuroop 60cm |EtnoArt| Kaminatarbed ja puukorvid\" \/>\n<meta property=\"og:description\" content=\"Ahjuroop 60cm on spetsiaalselt loodud keskmiste tulekollete, n\u00e4iteks v\u00e4iksemate ahjude v\u00f5i kaminatega, hooldamiseks. Tagab k\u00fcttekoldes ohutu t\u00f6\u00f6\" \/>\n<meta property=\"og:url\" content=\"https:\/\/etnoart.eu\/en\/toode\/ahjuroop-60cm\/\" \/>\n<meta property=\"og:site_name\" content=\"Etnoart\" \/>\n<meta property=\"article:publisher\" content=\"https:\/\/www.facebook.com\/etnoart.handicraft.shop\" \/>\n<meta property=\"article:modified_time\" content=\"2023-08-27T18:45:12+00:00\" \/>\n<meta property=\"og:image\" content=\"https:\/\/etnoart.eu\/wp-content\/uploads\/2023\/06\/ahjuroop-60cm.jpg\" \/>\n\t<meta property=\"og:image:width\" content=\"1196\" \/>\n\t<meta property=\"og:image:height\" content=\"1196\" \/>\n\t<meta property=\"og:image:type\" content=\"image\/jpeg\" \/>\n<meta name=\"twitter:card\" content=\"summary_large_image\" \/>\n<meta name=\"twitter:label1\" content=\"Gesch\u00e4tzte Lesezeit\" \/>\n\t<meta name=\"twitter:data1\" content=\"1\u00a0Minute\" \/>\n<script type=\"application\/ld+json\" class=\"yoast-schema-graph\">{\"@context\":\"https:\\\/\\\/schema.org\",\"@graph\":[{\"@type\":\"WebPage\",\"@id\":\"https:\\\/\\\/etnoart.eu\\\/en\\\/toode\\\/ahjuroop-60cm\\\/\",\"url\":\"https:\\\/\\\/etnoart.eu\\\/en\\\/toode\\\/ahjuroop-60cm\\\/\",\"name\":\"Ahjuroop 60cm |EtnoArt| Kaminatarbed ja puukorvid\",\"isPartOf\":{\"@id\":\"https:\\\/\\\/etnoart.eu\\\/#website\"},\"primaryImageOfPage\":{\"@id\":\"https:\\\/\\\/etnoart.eu\\\/en\\\/toode\\\/ahjuroop-60cm\\\/#primaryimage\"},\"image\":{\"@id\":\"https:\\\/\\\/etnoart.eu\\\/en\\\/toode\\\/ahjuroop-60cm\\\/#primaryimage\"},\"thumbnailUrl\":\"https:\\\/\\\/etnoart.eu\\\/wp-content\\\/uploads\\\/2023\\\/06\\\/ahjuroop-60cm.jpg\",\"datePublished\":\"2023-06-08T08:55:42+00:00\",\"dateModified\":\"2023-08-27T18:45:12+00:00\",\"description\":\"Ahjuroop 60cm on spetsiaalselt loodud keskmiste tulekollete, n\u00e4iteks v\u00e4iksemate ahjude v\u00f5i kaminatega, hooldamiseks. Tagab k\u00fcttekoldes ohutu t\u00f6\u00f6\",\"breadcrumb\":{\"@id\":\"https:\\\/\\\/etnoart.eu\\\/en\\\/toode\\\/ahjuroop-60cm\\\/#breadcrumb\"},\"inLanguage\":\"de\",\"potentialAction\":[{\"@type\":\"ReadAction\",\"target\":[\"https:\\\/\\\/etnoart.eu\\\/en\\\/toode\\\/ahjuroop-60cm\\\/\"]}]},{\"@type\":\"ImageObject\",\"inLanguage\":\"de\",\"@id\":\"https:\\\/\\\/etnoart.eu\\\/en\\\/toode\\\/ahjuroop-60cm\\\/#primaryimage\",\"url\":\"https:\\\/\\\/etnoart.eu\\\/wp-content\\\/uploads\\\/2023\\\/06\\\/ahjuroop-60cm.jpg\",\"contentUrl\":\"https:\\\/\\\/etnoart.eu\\\/wp-content\\\/uploads\\\/2023\\\/06\\\/ahjuroop-60cm.jpg\",\"width\":1196,\"height\":1196,\"caption\":\"ahjuroop 60cm\"},{\"@type\":\"BreadcrumbList\",\"@id\":\"https:\\\/\\\/etnoart.eu\\\/en\\\/toode\\\/ahjuroop-60cm\\\/#breadcrumb\",\"itemListElement\":[{\"@type\":\"ListItem\",\"position\":1,\"name\":\"Home\",\"item\":\"https:\\\/\\\/etnoart.eu\\\/de\\\/\"},{\"@type\":\"ListItem\",\"position\":2,\"name\":\"Shop\",\"item\":\"https:\\\/\\\/etnoart.eu\\\/pood\\\/\"},{\"@type\":\"ListItem\",\"position\":3,\"name\":\"Ahjuroop 60cm\"}]},{\"@type\":\"WebSite\",\"@id\":\"https:\\\/\\\/etnoart.eu\\\/#website\",\"url\":\"https:\\\/\\\/etnoart.eu\\\/\",\"name\":\"Etnoart\",\"description\":\"K&auml;sit&ouml;&ouml;pood\",\"publisher\":{\"@id\":\"https:\\\/\\\/etnoart.eu\\\/#organization\"},\"potentialAction\":[{\"@type\":\"SearchAction\",\"target\":{\"@type\":\"EntryPoint\",\"urlTemplate\":\"https:\\\/\\\/etnoart.eu\\\/?s={search_term_string}\"},\"query-input\":{\"@type\":\"PropertyValueSpecification\",\"valueRequired\":true,\"valueName\":\"search_term_string\"}}],\"inLanguage\":\"de\"},{\"@type\":\"Organization\",\"@id\":\"https:\\\/\\\/etnoart.eu\\\/#organization\",\"name\":\"Etnoart O\u00dc\",\"url\":\"https:\\\/\\\/etnoart.eu\\\/\",\"logo\":{\"@type\":\"ImageObject\",\"inLanguage\":\"de\",\"@id\":\"https:\\\/\\\/etnoart.eu\\\/#\\\/schema\\\/logo\\\/image\\\/\",\"url\":\"https:\\\/\\\/etnoart.eu\\\/wp-content\\\/uploads\\\/2023\\\/06\\\/etnoart-logo.png\",\"contentUrl\":\"https:\\\/\\\/etnoart.eu\\\/wp-content\\\/uploads\\\/2023\\\/06\\\/etnoart-logo.png\",\"width\":491,\"height\":184,\"caption\":\"Etnoart O\u00dc\"},\"image\":{\"@id\":\"https:\\\/\\\/etnoart.eu\\\/#\\\/schema\\\/logo\\\/image\\\/\"},\"sameAs\":[\"https:\\\/\\\/www.facebook.com\\\/etnoart.handicraft.shop\"]}]}<\/script>\n<!-- \/ Yoast SEO plugin. -->","yoast_head_json":{"title":"Ahjuroop 60cm |EtnoArt| Kaminatarbed ja puukorvid","description":"Ahjuroop 60cm on spetsiaalselt loodud keskmiste tulekollete, n\u00e4iteks v\u00e4iksemate ahjude v\u00f5i kaminatega, hooldamiseks. Tagab k\u00fcttekoldes ohutu t\u00f6\u00f6","robots":{"index":"index","follow":"follow","max-snippet":"max-snippet:-1","max-image-preview":"max-image-preview:large","max-video-preview":"max-video-preview:-1"},"canonical":"https:\/\/etnoart.eu\/en\/toode\/ahjuroop-60cm\/","og_locale":"de_DE","og_type":"article","og_title":"Ahjuroop 60cm |EtnoArt| Kaminatarbed ja puukorvid","og_description":"Ahjuroop 60cm on spetsiaalselt loodud keskmiste tulekollete, n\u00e4iteks v\u00e4iksemate ahjude v\u00f5i kaminatega, hooldamiseks. Tagab k\u00fcttekoldes ohutu t\u00f6\u00f6","og_url":"https:\/\/etnoart.eu\/en\/toode\/ahjuroop-60cm\/","og_site_name":"Etnoart","article_publisher":"https:\/\/www.facebook.com\/etnoart.handicraft.shop","article_modified_time":"2023-08-27T18:45:12+00:00","og_image":[{"width":1196,"height":1196,"url":"https:\/\/etnoart.eu\/wp-content\/uploads\/2023\/06\/ahjuroop-60cm.jpg","type":"image\/jpeg"}],"twitter_card":"summary_large_image","twitter_misc":{"Gesch\u00e4tzte Lesezeit":"1\u00a0Minute"},"schema":{"@context":"https:\/\/schema.org","@graph":[{"@type":"WebPage","@id":"https:\/\/etnoart.eu\/en\/toode\/ahjuroop-60cm\/","url":"https:\/\/etnoart.eu\/en\/toode\/ahjuroop-60cm\/","name":"Ahjuroop 60cm |EtnoArt| Kaminatarbed ja puukorvid","isPartOf":{"@id":"https:\/\/etnoart.eu\/#website"},"primaryImageOfPage":{"@id":"https:\/\/etnoart.eu\/en\/toode\/ahjuroop-60cm\/#primaryimage"},"image":{"@id":"https:\/\/etnoart.eu\/en\/toode\/ahjuroop-60cm\/#primaryimage"},"thumbnailUrl":"https:\/\/etnoart.eu\/wp-content\/uploads\/2023\/06\/ahjuroop-60cm.jpg","datePublished":"2023-06-08T08:55:42+00:00","dateModified":"2023-08-27T18:45:12+00:00","description":"Ahjuroop 60cm on spetsiaalselt loodud keskmiste tulekollete, n\u00e4iteks v\u00e4iksemate ahjude v\u00f5i kaminatega, hooldamiseks. Tagab k\u00fcttekoldes ohutu t\u00f6\u00f6","breadcrumb":{"@id":"https:\/\/etnoart.eu\/en\/toode\/ahjuroop-60cm\/#breadcrumb"},"inLanguage":"de","potentialAction":[{"@type":"ReadAction","target":["https:\/\/etnoart.eu\/en\/toode\/ahjuroop-60cm\/"]}]},{"@type":"ImageObject","inLanguage":"de","@id":"https:\/\/etnoart.eu\/en\/toode\/ahjuroop-60cm\/#primaryimage","url":"https:\/\/etnoart.eu\/wp-content\/uploads\/2023\/06\/ahjuroop-60cm.jpg","contentUrl":"https:\/\/etnoart.eu\/wp-content\/uploads\/2023\/06\/ahjuroop-60cm.jpg","width":1196,"height":1196,"caption":"ahjuroop 60cm"},{"@type":"BreadcrumbList","@id":"https:\/\/etnoart.eu\/en\/toode\/ahjuroop-60cm\/#breadcrumb","itemListElement":[{"@type":"ListItem","position":1,"name":"Home","item":"https:\/\/etnoart.eu\/de\/"},{"@type":"ListItem","position":2,"name":"Shop","item":"https:\/\/etnoart.eu\/pood\/"},{"@type":"ListItem","position":3,"name":"Ahjuroop 60cm"}]},{"@type":"WebSite","@id":"https:\/\/etnoart.eu\/#website","url":"https:\/\/etnoart.eu\/","name":"Etnoart","description":"K&auml;sit&ouml;&ouml;pood","publisher":{"@id":"https:\/\/etnoart.eu\/#organization"},"potentialAction":[{"@type":"SearchAction","target":{"@type":"EntryPoint","urlTemplate":"https:\/\/etnoart.eu\/?s={search_term_string}"},"query-input":{"@type":"PropertyValueSpecification","valueRequired":true,"valueName":"search_term_string"}}],"inLanguage":"de"},{"@type":"Organization","@id":"https:\/\/etnoart.eu\/#organization","name":"Etnoart O\u00dc","url":"https:\/\/etnoart.eu\/","logo":{"@type":"ImageObject","inLanguage":"de","@id":"https:\/\/etnoart.eu\/#\/schema\/logo\/image\/","url":"https:\/\/etnoart.eu\/wp-content\/uploads\/2023\/06\/etnoart-logo.png","contentUrl":"https:\/\/etnoart.eu\/wp-content\/uploads\/2023\/06\/etnoart-logo.png","width":491,"height":184,"caption":"Etnoart O\u00dc"},"image":{"@id":"https:\/\/etnoart.eu\/#\/schema\/logo\/image\/"},"sameAs":["https:\/\/www.facebook.com\/etnoart.handicraft.shop"]}]}},"builder_content":"","_links":{"self":[{"href":"https:\/\/etnoart.eu\/de\/wp-json\/wp\/v2\/product\/2921","targetHints":{"allow":["GET"]}}],"collection":[{"href":"https:\/\/etnoart.eu\/de\/wp-json\/wp\/v2\/product"}],"about":[{"href":"https:\/\/etnoart.eu\/de\/wp-json\/wp\/v2\/types\/product"}],"wp:featuredmedia":[{"embeddable":true,"href":"https:\/\/etnoart.eu\/de\/wp-json\/wp\/v2\/media\/4180"}],"wp:attachment":[{"href":"https:\/\/etnoart.eu\/de\/wp-json\/wp\/v2\/media?parent=2921"}],"wp:term":[{"taxonomy":"product_brand","embeddable":true,"href":"https:\/\/etnoart.eu\/de\/wp-json\/wp\/v2\/product_brand?post=2921"},{"taxonomy":"product_cat","embeddable":true,"href":"https:\/\/etnoart.eu\/de\/wp-json\/wp\/v2\/product_cat?post=2921"},{"taxonomy":"product_tag","embeddable":true,"href":"https:\/\/etnoart.eu\/de\/wp-json\/wp\/v2\/product_tag?post=2921"}],"curies":[{"name":"wp","href":"https:\/\/api.w.org\/{rel}","templated":true}]}}