{"id":2790,"date":"2023-06-08T08:54:56","date_gmt":"2023-06-08T08:54:56","guid":{"rendered":"https:\/\/etnoart.amsel.ee\/?post_type=product&#038;p=2790"},"modified":"2024-04-06T13:22:21","modified_gmt":"2024-04-06T13:22:21","slug":"veinipudelite-hoidja-hobuserauad","status":"publish","type":"product","link":"https:\/\/etnoart.eu\/de\/toode\/veinipudelite-hoidja-hobuserauad\/","title":{"rendered":"Veinipudelite hoidja &#8222;Hobuserauad&#8220;"},"content":{"rendered":"<p>Veinipudelite hoidja &#8222;Hobuserauad&#8220; pakub ainulaadset ja stiilset viisi veinipudelite esitlemiseks ning hoidmiseks. See eriline riiul on valmistatud taaskasutatud hobuseraudadest, lisades sellele tugeva ajaloolise ja kunstilise v\u00e4\u00e4rtuse. Hoidja on kujundatud kaheksast hobuserauast, mis on omavahel kokku monteeritud, et luua harmooniline ja funktsionaalne veiniriiul.<\/p>\n<p>Iga hobuseraud on p\u00e4rit hobuse varustusest, mis on andnud neile unikaalse patiina ja iseloomu. Selle tulemusel on iga veinipudelite hoidja\u00a0 t\u00fckike eriline ja eristuv oma olemuselt. Valmistatud hobuseraudadest saadud tekstuur ja v\u00e4rvid annavad hoidjale rustikaalse ja maal\u00e4hedase ilme, sobides suurep\u00e4raselt erinevatesse interj\u00f6\u00f6ridesse.<\/p>\n<p>Selle hoidja disain on praktiline ja elegantne, mahutades kuni kolm t\u00e4ism\u00f5\u00f5dus veinipudelit. Kujundus v\u00f5imaldab pudelite horisontaalset hoidmist, mis aitab s\u00e4ilitada veini kvaliteeti ja maitset. Samuti on see suurep\u00e4rane v\u00f5imalus n\u00e4idata oma lemmikveine k\u00fclalistele v\u00f5i lihtsalt nautida nende ilu oma kodus.<\/p>\n<p>&#8222;Hobuserauad&#8220; veinipudelite hoidja on rohkemat kui lihtsalt praktiline eseme hoidik \u2013 see on kunstiteos, mis \u00fchendab endas ajaloolise p\u00e4randi, loomingulisuse ja funktsionaalsuse. See toob kodusesse interj\u00f6\u00f6ri unikaalse ja m\u00e4rkimisv\u00e4\u00e4rse aktsendi ning sobib suurep\u00e4raselt neile, kes hindavad k\u00e4sit\u00f6\u00f6d ja originaalsust. Veinipudelite hoidja &#8222;Hobuserauad&#8220; lisab teie kodule isikup\u00e4ra ja elegantsi, tuues samal ajal esile hobusemaailma ajatu ilu ja j\u00f5u.<\/p>\n<p>Juhul, kui on huvi v\u00f5i praktiline vajadus, v\u00f5ime valmistada analoogse toote ka neljale veinipudelile.<\/p>\n<p>K\u00f5rgus ~39 cm, s\u00f5ltub hobuseraudade suurusest, mahutab kolm standardset pudelit, kaetud mati lakiga.<\/p>\n","protected":false},"excerpt":{"rendered":"<p>K\u00f5rgus ~39 cm, s\u00f5ltub hobuseraudade suurusest, mahutab kolm standardset pudelit, kaetud mati lakiga.<\/p>\n","protected":false},"featured_media":4220,"template":"","meta":[],"product_brand":[],"product_cat":[75],"product_tag":[],"class_list":{"0":"post-2790","1":"product","2":"type-product","3":"status-publish","4":"has-post-thumbnail","6":"product_cat-koogitarvikud","7":"has-post-title","8":"has-post-date","9":"has-post-category","10":"has-post-tag","11":"has-post-comment","12":"has-post-author","13":"","15":"first","16":"instock","17":"taxable","18":"shipping-taxable","19":"purchasable","20":"product-type-simple"},"yoast_head":"<!-- This site is optimized with the Yoast SEO plugin v27.4 - https:\/\/yoast.com\/product\/yoast-seo-wordpress\/ -->\n<title>Veinipudelite hoidja &quot;Hobuserauad&quot; |EtnoArt| Veiniriiulid.<\/title>\n<meta name=\"description\" content=\"Veinipudelite hoidja &quot;Hobuserauad&quot; K\u00f5rgus ~39 cm, s\u00f5ltub hobuseraudade suurusest, mahutab kolm standardset pudelit, kaetud mati lakiga.\" \/>\n<meta name=\"robots\" content=\"index, follow, max-snippet:-1, max-image-preview:large, max-video-preview:-1\" \/>\n<link rel=\"canonical\" href=\"https:\/\/etnoart.eu\/en\/toode\/veinipudelite-hoidja-hobuserauad\/\" \/>\n<meta property=\"og:locale\" content=\"de_DE\" \/>\n<meta property=\"og:type\" content=\"article\" \/>\n<meta property=\"og:title\" content=\"Veinipudelite hoidja &quot;Hobuserauad&quot; |EtnoArt| Veiniriiulid.\" \/>\n<meta property=\"og:description\" content=\"Veinipudelite hoidja &quot;Hobuserauad&quot; K\u00f5rgus ~39 cm, s\u00f5ltub hobuseraudade suurusest, mahutab kolm standardset pudelit, kaetud mati lakiga.\" \/>\n<meta property=\"og:url\" content=\"https:\/\/etnoart.eu\/en\/toode\/veinipudelite-hoidja-hobuserauad\/\" \/>\n<meta property=\"og:site_name\" content=\"Etnoart\" \/>\n<meta property=\"article:publisher\" content=\"https:\/\/www.facebook.com\/etnoart.handicraft.shop\" \/>\n<meta property=\"article:modified_time\" content=\"2024-04-06T13:22:21+00:00\" \/>\n<meta property=\"og:image\" content=\"https:\/\/etnoart.eu\/wp-content\/uploads\/2023\/06\/Veinipudelite-hoidja-Hobuserauad.png\" \/>\n\t<meta property=\"og:image:width\" content=\"1288\" \/>\n\t<meta property=\"og:image:height\" content=\"1288\" \/>\n\t<meta property=\"og:image:type\" content=\"image\/png\" \/>\n<meta name=\"twitter:card\" content=\"summary_large_image\" \/>\n<meta name=\"twitter:label1\" content=\"Gesch\u00e4tzte Lesezeit\" \/>\n\t<meta name=\"twitter:data1\" content=\"2\u00a0Minuten\" \/>\n<script type=\"application\/ld+json\" class=\"yoast-schema-graph\">{\"@context\":\"https:\\\/\\\/schema.org\",\"@graph\":[{\"@type\":\"WebPage\",\"@id\":\"https:\\\/\\\/etnoart.eu\\\/en\\\/toode\\\/veinipudelite-hoidja-hobuserauad\\\/\",\"url\":\"https:\\\/\\\/etnoart.eu\\\/en\\\/toode\\\/veinipudelite-hoidja-hobuserauad\\\/\",\"name\":\"Veinipudelite hoidja \\\"Hobuserauad\\\" |EtnoArt| Veiniriiulid.\",\"isPartOf\":{\"@id\":\"https:\\\/\\\/etnoart.eu\\\/#website\"},\"primaryImageOfPage\":{\"@id\":\"https:\\\/\\\/etnoart.eu\\\/en\\\/toode\\\/veinipudelite-hoidja-hobuserauad\\\/#primaryimage\"},\"image\":{\"@id\":\"https:\\\/\\\/etnoart.eu\\\/en\\\/toode\\\/veinipudelite-hoidja-hobuserauad\\\/#primaryimage\"},\"thumbnailUrl\":\"https:\\\/\\\/etnoart.eu\\\/wp-content\\\/uploads\\\/2023\\\/06\\\/Veinipudelite-hoidja-Hobuserauad.png\",\"datePublished\":\"2023-06-08T08:54:56+00:00\",\"dateModified\":\"2024-04-06T13:22:21+00:00\",\"description\":\"Veinipudelite hoidja \\\"Hobuserauad\\\" K\u00f5rgus ~39 cm, s\u00f5ltub hobuseraudade suurusest, mahutab kolm standardset pudelit, kaetud mati lakiga.\",\"breadcrumb\":{\"@id\":\"https:\\\/\\\/etnoart.eu\\\/en\\\/toode\\\/veinipudelite-hoidja-hobuserauad\\\/#breadcrumb\"},\"inLanguage\":\"de\",\"potentialAction\":[{\"@type\":\"ReadAction\",\"target\":[\"https:\\\/\\\/etnoart.eu\\\/en\\\/toode\\\/veinipudelite-hoidja-hobuserauad\\\/\"]}]},{\"@type\":\"ImageObject\",\"inLanguage\":\"de\",\"@id\":\"https:\\\/\\\/etnoart.eu\\\/en\\\/toode\\\/veinipudelite-hoidja-hobuserauad\\\/#primaryimage\",\"url\":\"https:\\\/\\\/etnoart.eu\\\/wp-content\\\/uploads\\\/2023\\\/06\\\/Veinipudelite-hoidja-Hobuserauad.png\",\"contentUrl\":\"https:\\\/\\\/etnoart.eu\\\/wp-content\\\/uploads\\\/2023\\\/06\\\/Veinipudelite-hoidja-Hobuserauad.png\",\"width\":1288,\"height\":1288,\"caption\":\"Veinipudelite hoidja \\\"Hobuserauad\\\"\"},{\"@type\":\"BreadcrumbList\",\"@id\":\"https:\\\/\\\/etnoart.eu\\\/en\\\/toode\\\/veinipudelite-hoidja-hobuserauad\\\/#breadcrumb\",\"itemListElement\":[{\"@type\":\"ListItem\",\"position\":1,\"name\":\"Home\",\"item\":\"https:\\\/\\\/etnoart.eu\\\/de\\\/\"},{\"@type\":\"ListItem\",\"position\":2,\"name\":\"Shop\",\"item\":\"https:\\\/\\\/etnoart.eu\\\/pood\\\/\"},{\"@type\":\"ListItem\",\"position\":3,\"name\":\"Veinipudelite hoidja &#8220;Hobuserauad&#8221;\"}]},{\"@type\":\"WebSite\",\"@id\":\"https:\\\/\\\/etnoart.eu\\\/#website\",\"url\":\"https:\\\/\\\/etnoart.eu\\\/\",\"name\":\"Etnoart\",\"description\":\"K&auml;sit&ouml;&ouml;pood\",\"publisher\":{\"@id\":\"https:\\\/\\\/etnoart.eu\\\/#organization\"},\"potentialAction\":[{\"@type\":\"SearchAction\",\"target\":{\"@type\":\"EntryPoint\",\"urlTemplate\":\"https:\\\/\\\/etnoart.eu\\\/?s={search_term_string}\"},\"query-input\":{\"@type\":\"PropertyValueSpecification\",\"valueRequired\":true,\"valueName\":\"search_term_string\"}}],\"inLanguage\":\"de\"},{\"@type\":\"Organization\",\"@id\":\"https:\\\/\\\/etnoart.eu\\\/#organization\",\"name\":\"Etnoart O\u00dc\",\"url\":\"https:\\\/\\\/etnoart.eu\\\/\",\"logo\":{\"@type\":\"ImageObject\",\"inLanguage\":\"de\",\"@id\":\"https:\\\/\\\/etnoart.eu\\\/#\\\/schema\\\/logo\\\/image\\\/\",\"url\":\"https:\\\/\\\/etnoart.eu\\\/wp-content\\\/uploads\\\/2023\\\/06\\\/etnoart-logo.png\",\"contentUrl\":\"https:\\\/\\\/etnoart.eu\\\/wp-content\\\/uploads\\\/2023\\\/06\\\/etnoart-logo.png\",\"width\":491,\"height\":184,\"caption\":\"Etnoart O\u00dc\"},\"image\":{\"@id\":\"https:\\\/\\\/etnoart.eu\\\/#\\\/schema\\\/logo\\\/image\\\/\"},\"sameAs\":[\"https:\\\/\\\/www.facebook.com\\\/etnoart.handicraft.shop\"]}]}<\/script>\n<!-- \/ Yoast SEO plugin. -->","yoast_head_json":{"title":"Veinipudelite hoidja \"Hobuserauad\" |EtnoArt| Veiniriiulid.","description":"Veinipudelite hoidja \"Hobuserauad\" K\u00f5rgus ~39 cm, s\u00f5ltub hobuseraudade suurusest, mahutab kolm standardset pudelit, kaetud mati lakiga.","robots":{"index":"index","follow":"follow","max-snippet":"max-snippet:-1","max-image-preview":"max-image-preview:large","max-video-preview":"max-video-preview:-1"},"canonical":"https:\/\/etnoart.eu\/en\/toode\/veinipudelite-hoidja-hobuserauad\/","og_locale":"de_DE","og_type":"article","og_title":"Veinipudelite hoidja \"Hobuserauad\" |EtnoArt| Veiniriiulid.","og_description":"Veinipudelite hoidja \"Hobuserauad\" K\u00f5rgus ~39 cm, s\u00f5ltub hobuseraudade suurusest, mahutab kolm standardset pudelit, kaetud mati lakiga.","og_url":"https:\/\/etnoart.eu\/en\/toode\/veinipudelite-hoidja-hobuserauad\/","og_site_name":"Etnoart","article_publisher":"https:\/\/www.facebook.com\/etnoart.handicraft.shop","article_modified_time":"2024-04-06T13:22:21+00:00","og_image":[{"width":1288,"height":1288,"url":"https:\/\/etnoart.eu\/wp-content\/uploads\/2023\/06\/Veinipudelite-hoidja-Hobuserauad.png","type":"image\/png"}],"twitter_card":"summary_large_image","twitter_misc":{"Gesch\u00e4tzte Lesezeit":"2\u00a0Minuten"},"schema":{"@context":"https:\/\/schema.org","@graph":[{"@type":"WebPage","@id":"https:\/\/etnoart.eu\/en\/toode\/veinipudelite-hoidja-hobuserauad\/","url":"https:\/\/etnoart.eu\/en\/toode\/veinipudelite-hoidja-hobuserauad\/","name":"Veinipudelite hoidja \"Hobuserauad\" |EtnoArt| Veiniriiulid.","isPartOf":{"@id":"https:\/\/etnoart.eu\/#website"},"primaryImageOfPage":{"@id":"https:\/\/etnoart.eu\/en\/toode\/veinipudelite-hoidja-hobuserauad\/#primaryimage"},"image":{"@id":"https:\/\/etnoart.eu\/en\/toode\/veinipudelite-hoidja-hobuserauad\/#primaryimage"},"thumbnailUrl":"https:\/\/etnoart.eu\/wp-content\/uploads\/2023\/06\/Veinipudelite-hoidja-Hobuserauad.png","datePublished":"2023-06-08T08:54:56+00:00","dateModified":"2024-04-06T13:22:21+00:00","description":"Veinipudelite hoidja \"Hobuserauad\" K\u00f5rgus ~39 cm, s\u00f5ltub hobuseraudade suurusest, mahutab kolm standardset pudelit, kaetud mati lakiga.","breadcrumb":{"@id":"https:\/\/etnoart.eu\/en\/toode\/veinipudelite-hoidja-hobuserauad\/#breadcrumb"},"inLanguage":"de","potentialAction":[{"@type":"ReadAction","target":["https:\/\/etnoart.eu\/en\/toode\/veinipudelite-hoidja-hobuserauad\/"]}]},{"@type":"ImageObject","inLanguage":"de","@id":"https:\/\/etnoart.eu\/en\/toode\/veinipudelite-hoidja-hobuserauad\/#primaryimage","url":"https:\/\/etnoart.eu\/wp-content\/uploads\/2023\/06\/Veinipudelite-hoidja-Hobuserauad.png","contentUrl":"https:\/\/etnoart.eu\/wp-content\/uploads\/2023\/06\/Veinipudelite-hoidja-Hobuserauad.png","width":1288,"height":1288,"caption":"Veinipudelite hoidja \"Hobuserauad\""},{"@type":"BreadcrumbList","@id":"https:\/\/etnoart.eu\/en\/toode\/veinipudelite-hoidja-hobuserauad\/#breadcrumb","itemListElement":[{"@type":"ListItem","position":1,"name":"Home","item":"https:\/\/etnoart.eu\/de\/"},{"@type":"ListItem","position":2,"name":"Shop","item":"https:\/\/etnoart.eu\/pood\/"},{"@type":"ListItem","position":3,"name":"Veinipudelite hoidja &#8220;Hobuserauad&#8221;"}]},{"@type":"WebSite","@id":"https:\/\/etnoart.eu\/#website","url":"https:\/\/etnoart.eu\/","name":"Etnoart","description":"K&auml;sit&ouml;&ouml;pood","publisher":{"@id":"https:\/\/etnoart.eu\/#organization"},"potentialAction":[{"@type":"SearchAction","target":{"@type":"EntryPoint","urlTemplate":"https:\/\/etnoart.eu\/?s={search_term_string}"},"query-input":{"@type":"PropertyValueSpecification","valueRequired":true,"valueName":"search_term_string"}}],"inLanguage":"de"},{"@type":"Organization","@id":"https:\/\/etnoart.eu\/#organization","name":"Etnoart O\u00dc","url":"https:\/\/etnoart.eu\/","logo":{"@type":"ImageObject","inLanguage":"de","@id":"https:\/\/etnoart.eu\/#\/schema\/logo\/image\/","url":"https:\/\/etnoart.eu\/wp-content\/uploads\/2023\/06\/etnoart-logo.png","contentUrl":"https:\/\/etnoart.eu\/wp-content\/uploads\/2023\/06\/etnoart-logo.png","width":491,"height":184,"caption":"Etnoart O\u00dc"},"image":{"@id":"https:\/\/etnoart.eu\/#\/schema\/logo\/image\/"},"sameAs":["https:\/\/www.facebook.com\/etnoart.handicraft.shop"]}]}},"builder_content":"","_links":{"self":[{"href":"https:\/\/etnoart.eu\/de\/wp-json\/wp\/v2\/product\/2790","targetHints":{"allow":["GET"]}}],"collection":[{"href":"https:\/\/etnoart.eu\/de\/wp-json\/wp\/v2\/product"}],"about":[{"href":"https:\/\/etnoart.eu\/de\/wp-json\/wp\/v2\/types\/product"}],"wp:featuredmedia":[{"embeddable":true,"href":"https:\/\/etnoart.eu\/de\/wp-json\/wp\/v2\/media\/4220"}],"wp:attachment":[{"href":"https:\/\/etnoart.eu\/de\/wp-json\/wp\/v2\/media?parent=2790"}],"wp:term":[{"taxonomy":"product_brand","embeddable":true,"href":"https:\/\/etnoart.eu\/de\/wp-json\/wp\/v2\/product_brand?post=2790"},{"taxonomy":"product_cat","embeddable":true,"href":"https:\/\/etnoart.eu\/de\/wp-json\/wp\/v2\/product_cat?post=2790"},{"taxonomy":"product_tag","embeddable":true,"href":"https:\/\/etnoart.eu\/de\/wp-json\/wp\/v2\/product_tag?post=2790"}],"curies":[{"name":"wp","href":"https:\/\/api.w.org\/{rel}","templated":true}]}}