{"id":2783,"date":"2023-06-08T08:54:55","date_gmt":"2023-06-08T08:54:55","guid":{"rendered":"https:\/\/etnoart.amsel.ee\/?post_type=product&#038;p=2783"},"modified":"2023-06-08T08:55:49","modified_gmt":"2023-06-08T08:55:49","slug":"lokke-komplekt","status":"publish","type":"product","link":"https:\/\/etnoart.eu\/de\/toode\/lokke-komplekt\/","title":{"rendered":"L\u00f5kke komplekt"},"content":{"rendered":"<p>Kerge ja mugav komplekt l\u00f5kkel toidu valmistamiseks.<\/p>\n<p><strong>Komplekt koosneb kolmest osast:<\/strong> tugipostist, kateloki konksust ja grillrestist.<\/p>\n<p>Tugiposti terav ots ja mugav k\u00e4epide v\u00f5imaldab posti kergesti maa sisse l\u00fc\u00fca. Kateloki konksu otsas saab v\u00e4ikese n\u00f5uga keeta erinevaks tarbeks vett. Grillresti l\u00e4bim\u00f5\u00f5t on 35cm. Kateloki konksu ja grillresti k\u00f5rgust on v\u00f5imalik reguleerida sepistatud hoovaga. K\u00f5ik kolm detaili on v\u00f5imalik \u00fcksteisest lahutada ning v\u00e4ikeseks pakiks kokku kokku panna.<\/p>\n<p>Komplekti koguraskus on 6kg.<\/p>\n","protected":false},"excerpt":{"rendered":"<p>Kerge ja mugav komplekt l\u00f5kkel toidu valmistamiseks.<\/p>\n<p><strong>Komplekt koosneb kolmest osast:<\/strong> tugipostist, kateloki konksust ja grillrestist.<\/p>\n<p>Tugiposti terav ots ja mugav k\u00e4epide v\u00f5imaldab posti kergesti maa sisse l\u00fc\u00fca. Kateloki konksu otsas saab v\u00e4ikese n\u00f5uga keeta erinevaks tarbeks vett. Grillresti l\u00e4bim\u00f5\u00f5t on 35cm. Kateloki konksu ja grillresti k\u00f5rgust on v\u00f5imalik reguleerida sepistatud hoovaga. K\u00f5ik kolm detaili on v\u00f5imalik \u00fcksteisest lahutada ning v\u00e4ikeseks pakiks kokku kokku panna.<\/p>\n<p>Komplekti koguraskus on 6kg.<\/p>\n","protected":false},"featured_media":2931,"template":"","meta":[],"product_brand":[],"product_cat":[115],"product_tag":[],"class_list":{"0":"post-2783","1":"product","2":"type-product","3":"status-publish","4":"has-post-thumbnail","6":"product_cat-grillimine","7":"has-post-title","8":"has-post-date","9":"has-post-category","10":"has-post-tag","11":"has-post-comment","12":"has-post-author","13":"","15":"first","16":"outofstock","17":"taxable","18":"shipping-taxable","19":"purchasable","20":"product-type-simple"},"yoast_head":"<!-- This site is optimized with the Yoast SEO plugin v27.4 - https:\/\/yoast.com\/product\/yoast-seo-wordpress\/ -->\n<title>L\u00f5kke komplekt |EtnoArt| Grill<\/title>\n<meta name=\"description\" content=\"Kerge ja mugav komplekt l\u00f5kkel toidu valmistamiseks. Komplekt koosneb kolmest osast: tugipostist, kateloki konksust ja grillrestist. Tugiposti terav ots ja m...\" \/>\n<meta name=\"robots\" content=\"index, follow, max-snippet:-1, max-image-preview:large, max-video-preview:-1\" \/>\n<link rel=\"canonical\" href=\"https:\/\/etnoart.eu\/toode\/lokke-komplekt\/\" \/>\n<meta property=\"og:locale\" content=\"de_DE\" \/>\n<meta property=\"og:type\" content=\"article\" \/>\n<meta property=\"og:title\" content=\"L\u00f5kke komplekt |EtnoArt| Grill\" \/>\n<meta property=\"og:description\" content=\"Kerge ja mugav komplekt l\u00f5kkel toidu valmistamiseks. Komplekt koosneb kolmest osast: tugipostist, kateloki konksust ja grillrestist. Tugiposti terav ots ja m...\" \/>\n<meta property=\"og:url\" content=\"https:\/\/etnoart.eu\/toode\/lokke-komplekt\/\" \/>\n<meta property=\"og:site_name\" content=\"Etnoart\" \/>\n<meta property=\"article:publisher\" content=\"https:\/\/www.facebook.com\/etnoart.handicraft.shop\" \/>\n<meta property=\"article:modified_time\" content=\"2023-06-08T08:55:49+00:00\" \/>\n<meta property=\"og:image\" content=\"https:\/\/etnoart.eu\/wp-content\/uploads\/2023\/06\/1115-Lokke-komplekt-Grill.jpg\" \/>\n\t<meta property=\"og:image:width\" content=\"853\" \/>\n\t<meta property=\"og:image:height\" content=\"1280\" \/>\n\t<meta property=\"og:image:type\" content=\"image\/jpeg\" \/>\n<meta name=\"twitter:card\" content=\"summary_large_image\" \/>\n<script type=\"application\/ld+json\" class=\"yoast-schema-graph\">{\"@context\":\"https:\\\/\\\/schema.org\",\"@graph\":[{\"@type\":\"WebPage\",\"@id\":\"https:\\\/\\\/etnoart.eu\\\/toode\\\/lokke-komplekt\\\/\",\"url\":\"https:\\\/\\\/etnoart.eu\\\/toode\\\/lokke-komplekt\\\/\",\"name\":\"L\u00f5kke komplekt |EtnoArt| Grill\",\"isPartOf\":{\"@id\":\"https:\\\/\\\/etnoart.eu\\\/#website\"},\"primaryImageOfPage\":{\"@id\":\"https:\\\/\\\/etnoart.eu\\\/toode\\\/lokke-komplekt\\\/#primaryimage\"},\"image\":{\"@id\":\"https:\\\/\\\/etnoart.eu\\\/toode\\\/lokke-komplekt\\\/#primaryimage\"},\"thumbnailUrl\":\"https:\\\/\\\/etnoart.eu\\\/wp-content\\\/uploads\\\/2023\\\/06\\\/1115-Lokke-komplekt-Grill.jpg\",\"datePublished\":\"2023-06-08T08:54:55+00:00\",\"dateModified\":\"2023-06-08T08:55:49+00:00\",\"description\":\"Kerge ja mugav komplekt l\u00f5kkel toidu valmistamiseks. Komplekt koosneb kolmest osast: tugipostist, kateloki konksust ja grillrestist. Tugiposti terav ots ja m...\",\"breadcrumb\":{\"@id\":\"https:\\\/\\\/etnoart.eu\\\/toode\\\/lokke-komplekt\\\/#breadcrumb\"},\"inLanguage\":\"de\",\"potentialAction\":[{\"@type\":\"ReadAction\",\"target\":[\"https:\\\/\\\/etnoart.eu\\\/toode\\\/lokke-komplekt\\\/\"]}]},{\"@type\":\"ImageObject\",\"inLanguage\":\"de\",\"@id\":\"https:\\\/\\\/etnoart.eu\\\/toode\\\/lokke-komplekt\\\/#primaryimage\",\"url\":\"https:\\\/\\\/etnoart.eu\\\/wp-content\\\/uploads\\\/2023\\\/06\\\/1115-Lokke-komplekt-Grill.jpg\",\"contentUrl\":\"https:\\\/\\\/etnoart.eu\\\/wp-content\\\/uploads\\\/2023\\\/06\\\/1115-Lokke-komplekt-Grill.jpg\",\"width\":853,\"height\":1280},{\"@type\":\"BreadcrumbList\",\"@id\":\"https:\\\/\\\/etnoart.eu\\\/toode\\\/lokke-komplekt\\\/#breadcrumb\",\"itemListElement\":[{\"@type\":\"ListItem\",\"position\":1,\"name\":\"Home\",\"item\":\"https:\\\/\\\/etnoart.eu\\\/de\\\/\"},{\"@type\":\"ListItem\",\"position\":2,\"name\":\"Shop\",\"item\":\"https:\\\/\\\/etnoart.eu\\\/pood\\\/\"},{\"@type\":\"ListItem\",\"position\":3,\"name\":\"L\u00f5kke komplekt\"}]},{\"@type\":\"WebSite\",\"@id\":\"https:\\\/\\\/etnoart.eu\\\/#website\",\"url\":\"https:\\\/\\\/etnoart.eu\\\/\",\"name\":\"Etnoart\",\"description\":\"K&auml;sit&ouml;&ouml;pood\",\"publisher\":{\"@id\":\"https:\\\/\\\/etnoart.eu\\\/#organization\"},\"potentialAction\":[{\"@type\":\"SearchAction\",\"target\":{\"@type\":\"EntryPoint\",\"urlTemplate\":\"https:\\\/\\\/etnoart.eu\\\/?s={search_term_string}\"},\"query-input\":{\"@type\":\"PropertyValueSpecification\",\"valueRequired\":true,\"valueName\":\"search_term_string\"}}],\"inLanguage\":\"de\"},{\"@type\":\"Organization\",\"@id\":\"https:\\\/\\\/etnoart.eu\\\/#organization\",\"name\":\"Etnoart O\u00dc\",\"url\":\"https:\\\/\\\/etnoart.eu\\\/\",\"logo\":{\"@type\":\"ImageObject\",\"inLanguage\":\"de\",\"@id\":\"https:\\\/\\\/etnoart.eu\\\/#\\\/schema\\\/logo\\\/image\\\/\",\"url\":\"https:\\\/\\\/etnoart.eu\\\/wp-content\\\/uploads\\\/2023\\\/06\\\/etnoart-logo.png\",\"contentUrl\":\"https:\\\/\\\/etnoart.eu\\\/wp-content\\\/uploads\\\/2023\\\/06\\\/etnoart-logo.png\",\"width\":491,\"height\":184,\"caption\":\"Etnoart O\u00dc\"},\"image\":{\"@id\":\"https:\\\/\\\/etnoart.eu\\\/#\\\/schema\\\/logo\\\/image\\\/\"},\"sameAs\":[\"https:\\\/\\\/www.facebook.com\\\/etnoart.handicraft.shop\"]}]}<\/script>\n<!-- \/ Yoast SEO plugin. -->","yoast_head_json":{"title":"L\u00f5kke komplekt |EtnoArt| Grill","description":"Kerge ja mugav komplekt l\u00f5kkel toidu valmistamiseks. Komplekt koosneb kolmest osast: tugipostist, kateloki konksust ja grillrestist. Tugiposti terav ots ja m...","robots":{"index":"index","follow":"follow","max-snippet":"max-snippet:-1","max-image-preview":"max-image-preview:large","max-video-preview":"max-video-preview:-1"},"canonical":"https:\/\/etnoart.eu\/toode\/lokke-komplekt\/","og_locale":"de_DE","og_type":"article","og_title":"L\u00f5kke komplekt |EtnoArt| Grill","og_description":"Kerge ja mugav komplekt l\u00f5kkel toidu valmistamiseks. Komplekt koosneb kolmest osast: tugipostist, kateloki konksust ja grillrestist. Tugiposti terav ots ja m...","og_url":"https:\/\/etnoart.eu\/toode\/lokke-komplekt\/","og_site_name":"Etnoart","article_publisher":"https:\/\/www.facebook.com\/etnoart.handicraft.shop","article_modified_time":"2023-06-08T08:55:49+00:00","og_image":[{"width":853,"height":1280,"url":"https:\/\/etnoart.eu\/wp-content\/uploads\/2023\/06\/1115-Lokke-komplekt-Grill.jpg","type":"image\/jpeg"}],"twitter_card":"summary_large_image","schema":{"@context":"https:\/\/schema.org","@graph":[{"@type":"WebPage","@id":"https:\/\/etnoart.eu\/toode\/lokke-komplekt\/","url":"https:\/\/etnoart.eu\/toode\/lokke-komplekt\/","name":"L\u00f5kke komplekt |EtnoArt| Grill","isPartOf":{"@id":"https:\/\/etnoart.eu\/#website"},"primaryImageOfPage":{"@id":"https:\/\/etnoart.eu\/toode\/lokke-komplekt\/#primaryimage"},"image":{"@id":"https:\/\/etnoart.eu\/toode\/lokke-komplekt\/#primaryimage"},"thumbnailUrl":"https:\/\/etnoart.eu\/wp-content\/uploads\/2023\/06\/1115-Lokke-komplekt-Grill.jpg","datePublished":"2023-06-08T08:54:55+00:00","dateModified":"2023-06-08T08:55:49+00:00","description":"Kerge ja mugav komplekt l\u00f5kkel toidu valmistamiseks. Komplekt koosneb kolmest osast: tugipostist, kateloki konksust ja grillrestist. Tugiposti terav ots ja m...","breadcrumb":{"@id":"https:\/\/etnoart.eu\/toode\/lokke-komplekt\/#breadcrumb"},"inLanguage":"de","potentialAction":[{"@type":"ReadAction","target":["https:\/\/etnoart.eu\/toode\/lokke-komplekt\/"]}]},{"@type":"ImageObject","inLanguage":"de","@id":"https:\/\/etnoart.eu\/toode\/lokke-komplekt\/#primaryimage","url":"https:\/\/etnoart.eu\/wp-content\/uploads\/2023\/06\/1115-Lokke-komplekt-Grill.jpg","contentUrl":"https:\/\/etnoart.eu\/wp-content\/uploads\/2023\/06\/1115-Lokke-komplekt-Grill.jpg","width":853,"height":1280},{"@type":"BreadcrumbList","@id":"https:\/\/etnoart.eu\/toode\/lokke-komplekt\/#breadcrumb","itemListElement":[{"@type":"ListItem","position":1,"name":"Home","item":"https:\/\/etnoart.eu\/de\/"},{"@type":"ListItem","position":2,"name":"Shop","item":"https:\/\/etnoart.eu\/pood\/"},{"@type":"ListItem","position":3,"name":"L\u00f5kke komplekt"}]},{"@type":"WebSite","@id":"https:\/\/etnoart.eu\/#website","url":"https:\/\/etnoart.eu\/","name":"Etnoart","description":"K&auml;sit&ouml;&ouml;pood","publisher":{"@id":"https:\/\/etnoart.eu\/#organization"},"potentialAction":[{"@type":"SearchAction","target":{"@type":"EntryPoint","urlTemplate":"https:\/\/etnoart.eu\/?s={search_term_string}"},"query-input":{"@type":"PropertyValueSpecification","valueRequired":true,"valueName":"search_term_string"}}],"inLanguage":"de"},{"@type":"Organization","@id":"https:\/\/etnoart.eu\/#organization","name":"Etnoart O\u00dc","url":"https:\/\/etnoart.eu\/","logo":{"@type":"ImageObject","inLanguage":"de","@id":"https:\/\/etnoart.eu\/#\/schema\/logo\/image\/","url":"https:\/\/etnoart.eu\/wp-content\/uploads\/2023\/06\/etnoart-logo.png","contentUrl":"https:\/\/etnoart.eu\/wp-content\/uploads\/2023\/06\/etnoart-logo.png","width":491,"height":184,"caption":"Etnoart O\u00dc"},"image":{"@id":"https:\/\/etnoart.eu\/#\/schema\/logo\/image\/"},"sameAs":["https:\/\/www.facebook.com\/etnoart.handicraft.shop"]}]}},"builder_content":"","_links":{"self":[{"href":"https:\/\/etnoart.eu\/de\/wp-json\/wp\/v2\/product\/2783","targetHints":{"allow":["GET"]}}],"collection":[{"href":"https:\/\/etnoart.eu\/de\/wp-json\/wp\/v2\/product"}],"about":[{"href":"https:\/\/etnoart.eu\/de\/wp-json\/wp\/v2\/types\/product"}],"wp:featuredmedia":[{"embeddable":true,"href":"https:\/\/etnoart.eu\/de\/wp-json\/wp\/v2\/media\/2931"}],"wp:attachment":[{"href":"https:\/\/etnoart.eu\/de\/wp-json\/wp\/v2\/media?parent=2783"}],"wp:term":[{"taxonomy":"product_brand","embeddable":true,"href":"https:\/\/etnoart.eu\/de\/wp-json\/wp\/v2\/product_brand?post=2783"},{"taxonomy":"product_cat","embeddable":true,"href":"https:\/\/etnoart.eu\/de\/wp-json\/wp\/v2\/product_cat?post=2783"},{"taxonomy":"product_tag","embeddable":true,"href":"https:\/\/etnoart.eu\/de\/wp-json\/wp\/v2\/product_tag?post=2783"}],"curies":[{"name":"wp","href":"https:\/\/api.w.org\/{rel}","templated":true}]}}