{"id":1359,"date":"2023-06-08T08:51:46","date_gmt":"2023-06-08T08:51:46","guid":{"rendered":"https:\/\/etnoart.amsel.ee\/?post_type=product&#038;p=1359"},"modified":"2024-04-07T06:32:23","modified_gmt":"2024-04-07T06:32:23","slug":"rullpaberi-hoidik-haagiga","status":"publish","type":"product","link":"https:\/\/etnoart.eu\/de\/toode\/rullpaberi-hoidik-haagiga\/","title":{"rendered":"Rullpaberi hoidik Haagiga"},"content":{"rendered":"<p>Rullpaberi hoidik on valminud k\u00e4sit\u00f6\u00f6na Eesti seppade loominguna.<\/p>\n<p>Rullpaberi hoidik on asendamatu abimees Sinu kodus paberirulli hoidmisel.<\/p>\n<p>See Rullpaberi hoidik on seinakinnitusega.<\/p>\n<p>Samast sarjast on Sul v\u00f5imalus juurde tellida <a href=\"https:\/\/etnoart.eu\/et\/rullpaberi-hoidjad\/223-tualettpaberihoidja-haagiga.html\">Tualettpaberihoidja<\/a>.<\/p>\n<p>V\u00f5id olla kindel, et Eestis valminud sepised on vastupidavad ja kestavad kaua.<\/p>\n<p>Pakume oma poes ainult parima kvaliteediga tooteid.<\/p>\n<\/p>\n<p><strong>Hooldamine:<\/strong> Puhasta aegajalt niiske tolmulapiga.<\/p>\n","protected":false},"excerpt":{"rendered":"<p>Rullpaberi hoidik on valminud k\u00e4sit\u00f6\u00f6na Eesti seppade loominguna.<\/p>\n<p>Rullpaberi hoidik on asendamatu abimees Sinu kodus paberirulli hoidmisel.<\/p>\n<p>See Rullpaberi hoidik on seinakinnitusega.<\/p>\n<p>Samast sarjast on Sul v\u00f5imalus juurde tellida <a href=\"https:\/\/etnoart.eu\/et\/rullpaberi-hoidjad\/223-tualettpaberihoidja-haagiga.html\">Tualettpaberihoidja<\/a>.<\/p>\n<p>V\u00f5id olla kindel, et Eestis valminud sepised on vastupidavad ja kestavad kaua.<\/p>\n<p>Pakume oma poes ainult parima kvaliteediga tooteid.<\/p>\n<\/p>\n<p><strong>Hooldamine:<\/strong> Puhasta aegajalt niiske tolmulapiga.<\/p>\n","protected":false},"featured_media":1521,"template":"","meta":[],"product_brand":[],"product_cat":[75,98],"product_tag":[],"class_list":{"0":"post-1359","1":"product","2":"type-product","3":"status-publish","4":"has-post-thumbnail","6":"product_cat-koogitarvikud","7":"product_cat-sisustus","8":"has-post-title","9":"has-post-date","10":"has-post-category","11":"has-post-tag","12":"has-post-comment","13":"has-post-author","14":"","16":"first","17":"instock","18":"taxable","19":"shipping-taxable","20":"purchasable","21":"product-type-simple"},"yoast_head":"<!-- This site is optimized with the Yoast SEO plugin v27.4 - https:\/\/yoast.com\/product\/yoast-seo-wordpress\/ -->\n<title>Rullpaberi hoidik Haagiga |EtnoArt| Rullpaberi hoidjad<\/title>\n<meta name=\"description\" content=\"Rullpaberi hoidik on valminud k\u00e4sit\u00f6\u00f6na Eesti seppade loominguna. Rullpaberi hoidik on asendamatu abimees Sinu kodus paberirulli hoidmisel. See Rullpaberi ho...\" \/>\n<meta name=\"robots\" content=\"index, follow, max-snippet:-1, max-image-preview:large, max-video-preview:-1\" \/>\n<link rel=\"canonical\" href=\"https:\/\/etnoart.eu\/toode\/rullpaberi-hoidik-haagiga\/\" \/>\n<meta property=\"og:locale\" content=\"de_DE\" \/>\n<meta property=\"og:type\" content=\"article\" \/>\n<meta property=\"og:title\" content=\"Rullpaberi hoidik Haagiga |EtnoArt| Rullpaberi hoidjad\" \/>\n<meta property=\"og:description\" content=\"Rullpaberi hoidik on valminud k\u00e4sit\u00f6\u00f6na Eesti seppade loominguna. Rullpaberi hoidik on asendamatu abimees Sinu kodus paberirulli hoidmisel. See Rullpaberi ho...\" \/>\n<meta property=\"og:url\" content=\"https:\/\/etnoart.eu\/toode\/rullpaberi-hoidik-haagiga\/\" \/>\n<meta property=\"og:site_name\" content=\"Etnoart\" \/>\n<meta property=\"article:publisher\" content=\"https:\/\/www.facebook.com\/etnoart.handicraft.shop\" \/>\n<meta property=\"article:modified_time\" content=\"2024-04-07T06:32:23+00:00\" \/>\n<meta property=\"og:image\" content=\"https:\/\/etnoart.eu\/wp-content\/uploads\/2023\/06\/209-Rullpaberi-hoidik-Haagiga-Rullpaberi-hoidjad-scaled-1.jpg\" \/>\n\t<meta property=\"og:image:width\" content=\"2560\" \/>\n\t<meta property=\"og:image:height\" content=\"499\" \/>\n\t<meta property=\"og:image:type\" content=\"image\/jpeg\" \/>\n<meta name=\"twitter:card\" content=\"summary_large_image\" \/>\n<meta name=\"twitter:label1\" content=\"Gesch\u00e4tzte Lesezeit\" \/>\n\t<meta name=\"twitter:data1\" content=\"1\u00a0Minute\" \/>\n<script type=\"application\/ld+json\" class=\"yoast-schema-graph\">{\"@context\":\"https:\\\/\\\/schema.org\",\"@graph\":[{\"@type\":\"WebPage\",\"@id\":\"https:\\\/\\\/etnoart.eu\\\/toode\\\/rullpaberi-hoidik-haagiga\\\/\",\"url\":\"https:\\\/\\\/etnoart.eu\\\/toode\\\/rullpaberi-hoidik-haagiga\\\/\",\"name\":\"Rullpaberi hoidik Haagiga |EtnoArt| Rullpaberi hoidjad\",\"isPartOf\":{\"@id\":\"https:\\\/\\\/etnoart.eu\\\/#website\"},\"primaryImageOfPage\":{\"@id\":\"https:\\\/\\\/etnoart.eu\\\/toode\\\/rullpaberi-hoidik-haagiga\\\/#primaryimage\"},\"image\":{\"@id\":\"https:\\\/\\\/etnoart.eu\\\/toode\\\/rullpaberi-hoidik-haagiga\\\/#primaryimage\"},\"thumbnailUrl\":\"https:\\\/\\\/etnoart.eu\\\/wp-content\\\/uploads\\\/2023\\\/06\\\/209-Rullpaberi-hoidik-Haagiga-Rullpaberi-hoidjad-scaled-1.jpg\",\"datePublished\":\"2023-06-08T08:51:46+00:00\",\"dateModified\":\"2024-04-07T06:32:23+00:00\",\"description\":\"Rullpaberi hoidik on valminud k\u00e4sit\u00f6\u00f6na Eesti seppade loominguna. Rullpaberi hoidik on asendamatu abimees Sinu kodus paberirulli hoidmisel. See Rullpaberi ho...\",\"breadcrumb\":{\"@id\":\"https:\\\/\\\/etnoart.eu\\\/toode\\\/rullpaberi-hoidik-haagiga\\\/#breadcrumb\"},\"inLanguage\":\"de\",\"potentialAction\":[{\"@type\":\"ReadAction\",\"target\":[\"https:\\\/\\\/etnoart.eu\\\/toode\\\/rullpaberi-hoidik-haagiga\\\/\"]}]},{\"@type\":\"ImageObject\",\"inLanguage\":\"de\",\"@id\":\"https:\\\/\\\/etnoart.eu\\\/toode\\\/rullpaberi-hoidik-haagiga\\\/#primaryimage\",\"url\":\"https:\\\/\\\/etnoart.eu\\\/wp-content\\\/uploads\\\/2023\\\/06\\\/209-Rullpaberi-hoidik-Haagiga-Rullpaberi-hoidjad-scaled-1.jpg\",\"contentUrl\":\"https:\\\/\\\/etnoart.eu\\\/wp-content\\\/uploads\\\/2023\\\/06\\\/209-Rullpaberi-hoidik-Haagiga-Rullpaberi-hoidjad-scaled-1.jpg\",\"width\":2560,\"height\":499},{\"@type\":\"BreadcrumbList\",\"@id\":\"https:\\\/\\\/etnoart.eu\\\/toode\\\/rullpaberi-hoidik-haagiga\\\/#breadcrumb\",\"itemListElement\":[{\"@type\":\"ListItem\",\"position\":1,\"name\":\"Home\",\"item\":\"https:\\\/\\\/etnoart.eu\\\/de\\\/\"},{\"@type\":\"ListItem\",\"position\":2,\"name\":\"Shop\",\"item\":\"https:\\\/\\\/etnoart.eu\\\/pood\\\/\"},{\"@type\":\"ListItem\",\"position\":3,\"name\":\"Rullpaberi hoidik Haagiga\"}]},{\"@type\":\"WebSite\",\"@id\":\"https:\\\/\\\/etnoart.eu\\\/#website\",\"url\":\"https:\\\/\\\/etnoart.eu\\\/\",\"name\":\"Etnoart\",\"description\":\"K&auml;sit&ouml;&ouml;pood\",\"publisher\":{\"@id\":\"https:\\\/\\\/etnoart.eu\\\/#organization\"},\"potentialAction\":[{\"@type\":\"SearchAction\",\"target\":{\"@type\":\"EntryPoint\",\"urlTemplate\":\"https:\\\/\\\/etnoart.eu\\\/?s={search_term_string}\"},\"query-input\":{\"@type\":\"PropertyValueSpecification\",\"valueRequired\":true,\"valueName\":\"search_term_string\"}}],\"inLanguage\":\"de\"},{\"@type\":\"Organization\",\"@id\":\"https:\\\/\\\/etnoart.eu\\\/#organization\",\"name\":\"Etnoart O\u00dc\",\"url\":\"https:\\\/\\\/etnoart.eu\\\/\",\"logo\":{\"@type\":\"ImageObject\",\"inLanguage\":\"de\",\"@id\":\"https:\\\/\\\/etnoart.eu\\\/#\\\/schema\\\/logo\\\/image\\\/\",\"url\":\"https:\\\/\\\/etnoart.eu\\\/wp-content\\\/uploads\\\/2023\\\/06\\\/etnoart-logo.png\",\"contentUrl\":\"https:\\\/\\\/etnoart.eu\\\/wp-content\\\/uploads\\\/2023\\\/06\\\/etnoart-logo.png\",\"width\":491,\"height\":184,\"caption\":\"Etnoart O\u00dc\"},\"image\":{\"@id\":\"https:\\\/\\\/etnoart.eu\\\/#\\\/schema\\\/logo\\\/image\\\/\"},\"sameAs\":[\"https:\\\/\\\/www.facebook.com\\\/etnoart.handicraft.shop\"]}]}<\/script>\n<!-- \/ Yoast SEO plugin. -->","yoast_head_json":{"title":"Rullpaberi hoidik Haagiga |EtnoArt| Rullpaberi hoidjad","description":"Rullpaberi hoidik on valminud k\u00e4sit\u00f6\u00f6na Eesti seppade loominguna. Rullpaberi hoidik on asendamatu abimees Sinu kodus paberirulli hoidmisel. See Rullpaberi ho...","robots":{"index":"index","follow":"follow","max-snippet":"max-snippet:-1","max-image-preview":"max-image-preview:large","max-video-preview":"max-video-preview:-1"},"canonical":"https:\/\/etnoart.eu\/toode\/rullpaberi-hoidik-haagiga\/","og_locale":"de_DE","og_type":"article","og_title":"Rullpaberi hoidik Haagiga |EtnoArt| Rullpaberi hoidjad","og_description":"Rullpaberi hoidik on valminud k\u00e4sit\u00f6\u00f6na Eesti seppade loominguna. Rullpaberi hoidik on asendamatu abimees Sinu kodus paberirulli hoidmisel. See Rullpaberi ho...","og_url":"https:\/\/etnoart.eu\/toode\/rullpaberi-hoidik-haagiga\/","og_site_name":"Etnoart","article_publisher":"https:\/\/www.facebook.com\/etnoart.handicraft.shop","article_modified_time":"2024-04-07T06:32:23+00:00","og_image":[{"width":2560,"height":499,"url":"https:\/\/etnoart.eu\/wp-content\/uploads\/2023\/06\/209-Rullpaberi-hoidik-Haagiga-Rullpaberi-hoidjad-scaled-1.jpg","type":"image\/jpeg"}],"twitter_card":"summary_large_image","twitter_misc":{"Gesch\u00e4tzte Lesezeit":"1\u00a0Minute"},"schema":{"@context":"https:\/\/schema.org","@graph":[{"@type":"WebPage","@id":"https:\/\/etnoart.eu\/toode\/rullpaberi-hoidik-haagiga\/","url":"https:\/\/etnoart.eu\/toode\/rullpaberi-hoidik-haagiga\/","name":"Rullpaberi hoidik Haagiga |EtnoArt| Rullpaberi hoidjad","isPartOf":{"@id":"https:\/\/etnoart.eu\/#website"},"primaryImageOfPage":{"@id":"https:\/\/etnoart.eu\/toode\/rullpaberi-hoidik-haagiga\/#primaryimage"},"image":{"@id":"https:\/\/etnoart.eu\/toode\/rullpaberi-hoidik-haagiga\/#primaryimage"},"thumbnailUrl":"https:\/\/etnoart.eu\/wp-content\/uploads\/2023\/06\/209-Rullpaberi-hoidik-Haagiga-Rullpaberi-hoidjad-scaled-1.jpg","datePublished":"2023-06-08T08:51:46+00:00","dateModified":"2024-04-07T06:32:23+00:00","description":"Rullpaberi hoidik on valminud k\u00e4sit\u00f6\u00f6na Eesti seppade loominguna. Rullpaberi hoidik on asendamatu abimees Sinu kodus paberirulli hoidmisel. See Rullpaberi ho...","breadcrumb":{"@id":"https:\/\/etnoart.eu\/toode\/rullpaberi-hoidik-haagiga\/#breadcrumb"},"inLanguage":"de","potentialAction":[{"@type":"ReadAction","target":["https:\/\/etnoart.eu\/toode\/rullpaberi-hoidik-haagiga\/"]}]},{"@type":"ImageObject","inLanguage":"de","@id":"https:\/\/etnoart.eu\/toode\/rullpaberi-hoidik-haagiga\/#primaryimage","url":"https:\/\/etnoart.eu\/wp-content\/uploads\/2023\/06\/209-Rullpaberi-hoidik-Haagiga-Rullpaberi-hoidjad-scaled-1.jpg","contentUrl":"https:\/\/etnoart.eu\/wp-content\/uploads\/2023\/06\/209-Rullpaberi-hoidik-Haagiga-Rullpaberi-hoidjad-scaled-1.jpg","width":2560,"height":499},{"@type":"BreadcrumbList","@id":"https:\/\/etnoart.eu\/toode\/rullpaberi-hoidik-haagiga\/#breadcrumb","itemListElement":[{"@type":"ListItem","position":1,"name":"Home","item":"https:\/\/etnoart.eu\/de\/"},{"@type":"ListItem","position":2,"name":"Shop","item":"https:\/\/etnoart.eu\/pood\/"},{"@type":"ListItem","position":3,"name":"Rullpaberi hoidik Haagiga"}]},{"@type":"WebSite","@id":"https:\/\/etnoart.eu\/#website","url":"https:\/\/etnoart.eu\/","name":"Etnoart","description":"K&auml;sit&ouml;&ouml;pood","publisher":{"@id":"https:\/\/etnoart.eu\/#organization"},"potentialAction":[{"@type":"SearchAction","target":{"@type":"EntryPoint","urlTemplate":"https:\/\/etnoart.eu\/?s={search_term_string}"},"query-input":{"@type":"PropertyValueSpecification","valueRequired":true,"valueName":"search_term_string"}}],"inLanguage":"de"},{"@type":"Organization","@id":"https:\/\/etnoart.eu\/#organization","name":"Etnoart O\u00dc","url":"https:\/\/etnoart.eu\/","logo":{"@type":"ImageObject","inLanguage":"de","@id":"https:\/\/etnoart.eu\/#\/schema\/logo\/image\/","url":"https:\/\/etnoart.eu\/wp-content\/uploads\/2023\/06\/etnoart-logo.png","contentUrl":"https:\/\/etnoart.eu\/wp-content\/uploads\/2023\/06\/etnoart-logo.png","width":491,"height":184,"caption":"Etnoart O\u00dc"},"image":{"@id":"https:\/\/etnoart.eu\/#\/schema\/logo\/image\/"},"sameAs":["https:\/\/www.facebook.com\/etnoart.handicraft.shop"]}]}},"builder_content":"","_links":{"self":[{"href":"https:\/\/etnoart.eu\/de\/wp-json\/wp\/v2\/product\/1359","targetHints":{"allow":["GET"]}}],"collection":[{"href":"https:\/\/etnoart.eu\/de\/wp-json\/wp\/v2\/product"}],"about":[{"href":"https:\/\/etnoart.eu\/de\/wp-json\/wp\/v2\/types\/product"}],"wp:featuredmedia":[{"embeddable":true,"href":"https:\/\/etnoart.eu\/de\/wp-json\/wp\/v2\/media\/1521"}],"wp:attachment":[{"href":"https:\/\/etnoart.eu\/de\/wp-json\/wp\/v2\/media?parent=1359"}],"wp:term":[{"taxonomy":"product_brand","embeddable":true,"href":"https:\/\/etnoart.eu\/de\/wp-json\/wp\/v2\/product_brand?post=1359"},{"taxonomy":"product_cat","embeddable":true,"href":"https:\/\/etnoart.eu\/de\/wp-json\/wp\/v2\/product_cat?post=1359"},{"taxonomy":"product_tag","embeddable":true,"href":"https:\/\/etnoart.eu\/de\/wp-json\/wp\/v2\/product_tag?post=1359"}],"curies":[{"name":"wp","href":"https:\/\/api.w.org\/{rel}","templated":true}]}}