{"id":200,"date":"2023-06-07T10:52:28","date_gmt":"2023-06-07T10:52:28","guid":{"rendered":"https:\/\/etnoart.amsel.ee\/sepistatud-toodete-viimistlused\/"},"modified":"2023-06-07T10:59:54","modified_gmt":"2023-06-07T10:59:54","slug":"sepistatud-toodete-viimistlused","status":"publish","type":"page","link":"https:\/\/etnoart.eu\/de\/sepistatud-toodete-viimistlused\/","title":{"rendered":"Oberfl\u00e4chenversiegelung der Schmiedeeisenwaren"},"content":{"rendered":"<!--themify_builder_content-->\n<div id=\"themify_builder_content-200\" data-postid=\"200\" class=\"themify_builder_content themify_builder_content-200 themify_builder tf_clear\">\n                    <div  data-lazy=\"1\" class=\"module_row themify_builder_row tb_xv70991 tb_first tf_w\">\n                        <div class=\"row_inner col_align_top tb_col_count_1 tf_box tf_rel\">\n                        <div  data-lazy=\"1\" class=\"module_column tb-column col-full tb_zyae992 first\">\n                            <div  data-lazy=\"1\" class=\"module_subrow themify_builder_sub_row tf_w col_align_top tb_col_count_1 tb_0rl3942\">\n                <div  data-lazy=\"1\" class=\"module_column sub_column col-full tb_9ajv942 first\">\n                    <!-- module text -->\n<div  class=\"module module-text tb_w45o215   \" data-lazy=\"1\">\n        <div  class=\"tb_text_wrap\">\n        <h1>Oberfl\u00e4chenversiegelung der Schmiedeeisenwaren<\/h1>\n<p><strong>1. Wachsversiegelung<\/strong><\/p>\n<p>Das fertige Produkt wird mit einem Stahldrahtbesen gereinigt und danach bis zu einer bestimmten Temperatur erhitzt, um eine dunkle F\u00e4rbung zu erzielen. Danach wird die noch hei\u00dfe Schmiedeeisenware in fl\u00fcssiges Wachs oder \u00d6l getaucht. Die Schmiede verwenden bei dieser Art der Versiegelung unterschiedliche Zutaten. Geeignet sind etwa verschiedene \u00d6le, Kiefernteer oder Paraffin. In der Schmiede von Thorman wird Bienenwachs verwendet. Die Methode, Schmiedewaren hei\u00df in \u00d6l oder Wachs einzutauchen, war schon vor sehr langer Zeit gebr\u00e4uchlich. Unter sehr warmen Bedingungen k\u00f6nnen so versiegelte Schmiedeeisenwaren Schmierflecken verursachen.<\/p>\n<p>Wachsversiegelte Schmiedeeisenprodukte sind nicht besonders wetterfest. Sind sie h\u00e4ufig dem Wasser ausgesetzt, k\u00f6nnen sie ziemlich schnell rosten. Die Pflege ist einfach: Befeuchten Sie einen Fetzen mit etwas \u00d6l und reiben Sie die rostige Stelle damit ein. Sie k\u00f6nnen daf\u00fcr Speise\u00f6l oder ein beliebiges anderes \u00d6l verwenden. Bei st\u00e4rkerem Rost muss die Stelle zuerst mit einer Stahldrahtb\u00fcrste gereinigt und danach einge\u00f6lt werden.<\/p>\n<p>In den Innenr\u00e4umen sch\u00fctzt die \u00d6l- oder Wachsversiegelung jahrelang wirksam vor Rost und gibt dem Schmiedeeisen ein authentisches historisches Aussehen.<\/p>\n<p><strong>2. Klarlack<\/strong><\/p>\n<p>Die im Webshop erh\u00e4ltlichen Produkte sind gro\u00dfteils mit einem universalen Nitro-Klarlack versiegelt. Die Klarlackversiegelung bietet einen etwas besseren Witterungsschutz als Wachs, die Pflege ist jedoch umst\u00e4ndlicher. Von Rost angegriffener Lack muss mit einer Stahldrahtb\u00fcrste entfernt und die Stelle neu lackiert werden. Die Produkte sind metallgrau und f\u00e4rben nicht ab.<\/p>\n<p><strong>3. Farbbeschichtung<\/strong><\/p>\n<p>Diese Versiegelung gew\u00e4hrleistet wirksamen Witterungsschutz. Daf\u00fcr \u00fcberdeckt die Farbe die charakteristischen flie\u00dfenden Linien der h\u00e4ndisch geschmiedeten Waren. Die Farbbeschichtung ist empfehlenswert f\u00fcr Gegenst\u00e4nde, die im Freien stehen werden und nicht rosten d\u00fcrfen.<\/p>\n<p>Efter vi har \u00f6verl\u00e5tit produkterna till kuriren, skickar vi dig en sp\u00e5rningskod<\/p>    <\/div>\n<\/div>\n<!-- \/module text -->        <\/div>\n                    <\/div>\n                <\/div>\n                        <\/div>\n        <\/div>\n        <\/div>\n<!--\/themify_builder_content-->","protected":false},"excerpt":{"rendered":"<p>Oberfl\u00e4chenversiegelung der Schmiedeeisenwaren 1. Wachsversiegelung Das fertige Produkt wird mit einem Stahldrahtbesen gereinigt und danach bis zu einer bestimmten Temperatur erhitzt, um eine dunkle F\u00e4rbung zu erzielen. Danach wird die noch hei\u00dfe Schmiedeeisenware in fl\u00fcssiges Wachs oder \u00d6l getaucht. Die Schmiede verwenden bei dieser Art der Versiegelung unterschiedliche Zutaten. Geeignet sind etwa verschiedene \u00d6le, Kiefernteer [&hellip;]<\/p>\n","protected":false},"author":1,"featured_media":0,"parent":0,"menu_order":0,"comment_status":"closed","ping_status":"closed","template":"","meta":{"footnotes":""},"class_list":["post-200","page","type-page","status-publish","hentry","has-post-title","has-post-date","has-post-category","has-post-tag","has-post-comment","has-post-author",""],"yoast_head":"<!-- This site is optimized with the Yoast SEO plugin v27.4 - https:\/\/yoast.com\/product\/yoast-seo-wordpress\/ -->\n<title>Oberfl\u00e4chenversiegelung der Schmiedeeisenwaren - Etnoart<\/title>\n<meta name=\"robots\" content=\"index, follow, max-snippet:-1, max-image-preview:large, max-video-preview:-1\" \/>\n<link rel=\"canonical\" href=\"https:\/\/etnoart.eu\/sepistatud-toodete-viimistlused\/\" \/>\n<meta property=\"og:locale\" content=\"de_DE\" \/>\n<meta property=\"og:type\" content=\"article\" \/>\n<meta property=\"og:title\" content=\"Oberfl\u00e4chenversiegelung der Schmiedeeisenwaren - Etnoart\" \/>\n<meta property=\"og:description\" content=\"Oberfl\u00e4chenversiegelung der Schmiedeeisenwaren 1. Wachsversiegelung Das fertige Produkt wird mit einem Stahldrahtbesen gereinigt und danach bis zu einer bestimmten Temperatur erhitzt, um eine dunkle F\u00e4rbung zu erzielen. Danach wird die noch hei\u00dfe Schmiedeeisenware in fl\u00fcssiges Wachs oder \u00d6l getaucht. Die Schmiede verwenden bei dieser Art der Versiegelung unterschiedliche Zutaten. Geeignet sind etwa verschiedene \u00d6le, Kiefernteer [&hellip;]\" \/>\n<meta property=\"og:url\" content=\"https:\/\/etnoart.eu\/sepistatud-toodete-viimistlused\/\" \/>\n<meta property=\"og:site_name\" content=\"Etnoart\" \/>\n<meta property=\"article:publisher\" content=\"https:\/\/www.facebook.com\/etnoart.handicraft.shop\" \/>\n<meta property=\"article:modified_time\" content=\"2023-06-07T10:59:54+00:00\" \/>\n<meta name=\"twitter:card\" content=\"summary_large_image\" \/>\n<script type=\"application\/ld+json\" class=\"yoast-schema-graph\">{\"@context\":\"https:\\\/\\\/schema.org\",\"@graph\":[{\"@type\":\"WebPage\",\"@id\":\"https:\\\/\\\/etnoart.eu\\\/sepistatud-toodete-viimistlused\\\/\",\"url\":\"https:\\\/\\\/etnoart.eu\\\/sepistatud-toodete-viimistlused\\\/\",\"name\":\"Oberfl\u00e4chenversiegelung der Schmiedeeisenwaren - Etnoart\",\"isPartOf\":{\"@id\":\"https:\\\/\\\/etnoart.eu\\\/#website\"},\"datePublished\":\"2023-06-07T10:52:28+00:00\",\"dateModified\":\"2023-06-07T10:59:54+00:00\",\"breadcrumb\":{\"@id\":\"https:\\\/\\\/etnoart.eu\\\/sepistatud-toodete-viimistlused\\\/#breadcrumb\"},\"inLanguage\":\"de\",\"potentialAction\":[{\"@type\":\"ReadAction\",\"target\":[\"https:\\\/\\\/etnoart.eu\\\/sepistatud-toodete-viimistlused\\\/\"]}]},{\"@type\":\"BreadcrumbList\",\"@id\":\"https:\\\/\\\/etnoart.eu\\\/sepistatud-toodete-viimistlused\\\/#breadcrumb\",\"itemListElement\":[{\"@type\":\"ListItem\",\"position\":1,\"name\":\"Home\",\"item\":\"https:\\\/\\\/etnoart.eu\\\/de\\\/\"},{\"@type\":\"ListItem\",\"position\":2,\"name\":\"Oberfl\u00e4chenversiegelung der Schmiedeeisenwaren\"}]},{\"@type\":\"WebSite\",\"@id\":\"https:\\\/\\\/etnoart.eu\\\/#website\",\"url\":\"https:\\\/\\\/etnoart.eu\\\/\",\"name\":\"Etnoart\",\"description\":\"K&auml;sit&ouml;&ouml;pood\",\"publisher\":{\"@id\":\"https:\\\/\\\/etnoart.eu\\\/#organization\"},\"potentialAction\":[{\"@type\":\"SearchAction\",\"target\":{\"@type\":\"EntryPoint\",\"urlTemplate\":\"https:\\\/\\\/etnoart.eu\\\/?s={search_term_string}\"},\"query-input\":{\"@type\":\"PropertyValueSpecification\",\"valueRequired\":true,\"valueName\":\"search_term_string\"}}],\"inLanguage\":\"de\"},{\"@type\":\"Organization\",\"@id\":\"https:\\\/\\\/etnoart.eu\\\/#organization\",\"name\":\"Etnoart O\u00dc\",\"url\":\"https:\\\/\\\/etnoart.eu\\\/\",\"logo\":{\"@type\":\"ImageObject\",\"inLanguage\":\"de\",\"@id\":\"https:\\\/\\\/etnoart.eu\\\/#\\\/schema\\\/logo\\\/image\\\/\",\"url\":\"https:\\\/\\\/etnoart.eu\\\/wp-content\\\/uploads\\\/2023\\\/06\\\/etnoart-logo.png\",\"contentUrl\":\"https:\\\/\\\/etnoart.eu\\\/wp-content\\\/uploads\\\/2023\\\/06\\\/etnoart-logo.png\",\"width\":491,\"height\":184,\"caption\":\"Etnoart O\u00dc\"},\"image\":{\"@id\":\"https:\\\/\\\/etnoart.eu\\\/#\\\/schema\\\/logo\\\/image\\\/\"},\"sameAs\":[\"https:\\\/\\\/www.facebook.com\\\/etnoart.handicraft.shop\"]}]}<\/script>\n<!-- \/ Yoast SEO plugin. -->","yoast_head_json":{"title":"Oberfl\u00e4chenversiegelung der Schmiedeeisenwaren - Etnoart","robots":{"index":"index","follow":"follow","max-snippet":"max-snippet:-1","max-image-preview":"max-image-preview:large","max-video-preview":"max-video-preview:-1"},"canonical":"https:\/\/etnoart.eu\/sepistatud-toodete-viimistlused\/","og_locale":"de_DE","og_type":"article","og_title":"Oberfl\u00e4chenversiegelung der Schmiedeeisenwaren - Etnoart","og_description":"Oberfl\u00e4chenversiegelung der Schmiedeeisenwaren 1. Wachsversiegelung Das fertige Produkt wird mit einem Stahldrahtbesen gereinigt und danach bis zu einer bestimmten Temperatur erhitzt, um eine dunkle F\u00e4rbung zu erzielen. Danach wird die noch hei\u00dfe Schmiedeeisenware in fl\u00fcssiges Wachs oder \u00d6l getaucht. Die Schmiede verwenden bei dieser Art der Versiegelung unterschiedliche Zutaten. Geeignet sind etwa verschiedene \u00d6le, Kiefernteer [&hellip;]","og_url":"https:\/\/etnoart.eu\/sepistatud-toodete-viimistlused\/","og_site_name":"Etnoart","article_publisher":"https:\/\/www.facebook.com\/etnoart.handicraft.shop","article_modified_time":"2023-06-07T10:59:54+00:00","twitter_card":"summary_large_image","schema":{"@context":"https:\/\/schema.org","@graph":[{"@type":"WebPage","@id":"https:\/\/etnoart.eu\/sepistatud-toodete-viimistlused\/","url":"https:\/\/etnoart.eu\/sepistatud-toodete-viimistlused\/","name":"Oberfl\u00e4chenversiegelung der Schmiedeeisenwaren - Etnoart","isPartOf":{"@id":"https:\/\/etnoart.eu\/#website"},"datePublished":"2023-06-07T10:52:28+00:00","dateModified":"2023-06-07T10:59:54+00:00","breadcrumb":{"@id":"https:\/\/etnoart.eu\/sepistatud-toodete-viimistlused\/#breadcrumb"},"inLanguage":"de","potentialAction":[{"@type":"ReadAction","target":["https:\/\/etnoart.eu\/sepistatud-toodete-viimistlused\/"]}]},{"@type":"BreadcrumbList","@id":"https:\/\/etnoart.eu\/sepistatud-toodete-viimistlused\/#breadcrumb","itemListElement":[{"@type":"ListItem","position":1,"name":"Home","item":"https:\/\/etnoart.eu\/de\/"},{"@type":"ListItem","position":2,"name":"Oberfl\u00e4chenversiegelung der Schmiedeeisenwaren"}]},{"@type":"WebSite","@id":"https:\/\/etnoart.eu\/#website","url":"https:\/\/etnoart.eu\/","name":"Etnoart","description":"K&auml;sit&ouml;&ouml;pood","publisher":{"@id":"https:\/\/etnoart.eu\/#organization"},"potentialAction":[{"@type":"SearchAction","target":{"@type":"EntryPoint","urlTemplate":"https:\/\/etnoart.eu\/?s={search_term_string}"},"query-input":{"@type":"PropertyValueSpecification","valueRequired":true,"valueName":"search_term_string"}}],"inLanguage":"de"},{"@type":"Organization","@id":"https:\/\/etnoart.eu\/#organization","name":"Etnoart O\u00dc","url":"https:\/\/etnoart.eu\/","logo":{"@type":"ImageObject","inLanguage":"de","@id":"https:\/\/etnoart.eu\/#\/schema\/logo\/image\/","url":"https:\/\/etnoart.eu\/wp-content\/uploads\/2023\/06\/etnoart-logo.png","contentUrl":"https:\/\/etnoart.eu\/wp-content\/uploads\/2023\/06\/etnoart-logo.png","width":491,"height":184,"caption":"Etnoart O\u00dc"},"image":{"@id":"https:\/\/etnoart.eu\/#\/schema\/logo\/image\/"},"sameAs":["https:\/\/www.facebook.com\/etnoart.handicraft.shop"]}]}},"builder_content":"<h1>Oberfl\u00e4chenversiegelung der Schmiedeeisenwaren<\/h1> <p><strong>1. Wachsversiegelung<\/strong><\/p> <p>Das fertige Produkt wird mit einem Stahldrahtbesen gereinigt und danach bis zu einer bestimmten Temperatur erhitzt, um eine dunkle F\u00e4rbung zu erzielen. Danach wird die noch hei\u00dfe Schmiedeeisenware in fl\u00fcssiges Wachs oder \u00d6l getaucht. Die Schmiede verwenden bei dieser Art der Versiegelung unterschiedliche Zutaten. Geeignet sind etwa verschiedene \u00d6le, Kiefernteer oder Paraffin. In der Schmiede von Thorman wird Bienenwachs verwendet. Die Methode, Schmiedewaren hei\u00df in \u00d6l oder Wachs einzutauchen, war schon vor sehr langer Zeit gebr\u00e4uchlich. Unter sehr warmen Bedingungen k\u00f6nnen so versiegelte Schmiedeeisenwaren Schmierflecken verursachen.<\/p> <p>Wachsversiegelte Schmiedeeisenprodukte sind nicht besonders wetterfest. Sind sie h\u00e4ufig dem Wasser ausgesetzt, k\u00f6nnen sie ziemlich schnell rosten. Die Pflege ist einfach: Befeuchten Sie einen Fetzen mit etwas \u00d6l und reiben Sie die rostige Stelle damit ein. Sie k\u00f6nnen daf\u00fcr Speise\u00f6l oder ein beliebiges anderes \u00d6l verwenden. Bei st\u00e4rkerem Rost muss die Stelle zuerst mit einer Stahldrahtb\u00fcrste gereinigt und danach einge\u00f6lt werden.<\/p> <p>In den Innenr\u00e4umen sch\u00fctzt die \u00d6l- oder Wachsversiegelung jahrelang wirksam vor Rost und gibt dem Schmiedeeisen ein authentisches historisches Aussehen.<\/p> <p><strong>2. Klarlack<\/strong><\/p> <p>Die im Webshop erh\u00e4ltlichen Produkte sind gro\u00dfteils mit einem universalen Nitro-Klarlack versiegelt. Die Klarlackversiegelung bietet einen etwas besseren Witterungsschutz als Wachs, die Pflege ist jedoch umst\u00e4ndlicher. Von Rost angegriffener Lack muss mit einer Stahldrahtb\u00fcrste entfernt und die Stelle neu lackiert werden. Die Produkte sind metallgrau und f\u00e4rben nicht ab.<\/p> <p><strong>3. Farbbeschichtung<\/strong><\/p> <p>Diese Versiegelung gew\u00e4hrleistet wirksamen Witterungsschutz. Daf\u00fcr \u00fcberdeckt die Farbe die charakteristischen flie\u00dfenden Linien der h\u00e4ndisch geschmiedeten Waren. Die Farbbeschichtung ist empfehlenswert f\u00fcr Gegenst\u00e4nde, die im Freien stehen werden und nicht rosten d\u00fcrfen.<\/p> <p>Efter vi har \u00f6verl\u00e5tit produkterna till kuriren, skickar vi dig en sp\u00e5rningskod<\/p>","_links":{"self":[{"href":"https:\/\/etnoart.eu\/de\/wp-json\/wp\/v2\/pages\/200","targetHints":{"allow":["GET"]}}],"collection":[{"href":"https:\/\/etnoart.eu\/de\/wp-json\/wp\/v2\/pages"}],"about":[{"href":"https:\/\/etnoart.eu\/de\/wp-json\/wp\/v2\/types\/page"}],"author":[{"embeddable":true,"href":"https:\/\/etnoart.eu\/de\/wp-json\/wp\/v2\/users\/1"}],"replies":[{"embeddable":true,"href":"https:\/\/etnoart.eu\/de\/wp-json\/wp\/v2\/comments?post=200"}],"version-history":[{"count":5,"href":"https:\/\/etnoart.eu\/de\/wp-json\/wp\/v2\/pages\/200\/revisions"}],"predecessor-version":[{"id":214,"href":"https:\/\/etnoart.eu\/de\/wp-json\/wp\/v2\/pages\/200\/revisions\/214"}],"wp:attachment":[{"href":"https:\/\/etnoart.eu\/de\/wp-json\/wp\/v2\/media?parent=200"}],"curies":[{"name":"wp","href":"https:\/\/api.w.org\/{rel}","templated":true}]}}