{"id":101,"date":"2023-06-07T06:41:33","date_gmt":"2023-06-07T06:41:33","guid":{"rendered":"https:\/\/etnoart.amsel.ee\/kasutustingimused\/"},"modified":"2023-06-07T07:33:18","modified_gmt":"2023-06-07T07:33:18","slug":"kasutustingimused","status":"publish","type":"page","link":"https:\/\/etnoart.eu\/de\/kasutustingimused\/","title":{"rendered":"Anleitung"},"content":{"rendered":"<!--themify_builder_content-->\n<div id=\"themify_builder_content-101\" data-postid=\"101\" class=\"themify_builder_content themify_builder_content-101 themify_builder tf_clear\">\n                    <div  data-lazy=\"1\" class=\"module_row themify_builder_row tb_xv70991 tb_first tf_w\">\n                        <div class=\"row_inner col_align_top tb_col_count_1 tf_box tf_rel\">\n                        <div  data-lazy=\"1\" class=\"module_column tb-column col-full tb_zyae992 first\">\n                            <div  data-lazy=\"1\" class=\"module_subrow themify_builder_sub_row tf_w col_align_top tb_col_count_1 tb_0rl3942\">\n                <div  data-lazy=\"1\" class=\"module_column sub_column col-full tb_9ajv942 first\">\n                    <!-- module text -->\n<div  class=\"module module-text tb_w45o215   \" data-lazy=\"1\">\n        <div  class=\"tb_text_wrap\">\n        <h1>Anleitung<\/h1>\n<h2>Kauf<\/h2>\n<p>UM EIN PRODUKT ZU KAUFEN, TUN SIE FOLGENDES:<\/p>\n<p>1. W\u00e4hlen Sie das Produkt, die gew\u00fcnschte Menge und geben Sie es in den Warenkorb.<\/p>\n<p>2. Falls Sie noch weitere Produkte ausw\u00e4hlen m\u00f6chten, klicken Sie EINKAUF FORTSETZEN. Wenn Sie alles Gew\u00fcnschte ausgew\u00e4hlt haben, klicken Sie das Ikon des Warenkorbs oben rechts an und w\u00e4hlen Sie ZUR KASSE GEHEN.<\/p>\n<p>3. In der \u00dcbersicht des Warenkorbs k\u00f6nnen Sie noch die Menge der Produkte \u00e4ndern und Produkte aus dem Warenkorb entfernen. Danach klicken Sie ZUR KASSE GEHEN.<\/p>\n<p>4. Sie k\u00f6nnen auch ein BENUTZERKONTO ERSTELLEN. Ein Benutzerkonto ist nicht verpflichtend, erleichtert in der Zukunft jedoch weitere Bestellungen.<\/p>\n<p>5. Falls Sie sich nicht als Nutzer registrieren m\u00f6chten, f\u00fcllen Sie die Pflichtfelder im Feld GASTBESTELLUNGaus und geben Sie ebenfalls die LIEFERADRESSE an.<\/p>\n<p>6. Danach werden Sie auf eine Seite weitergeleitet, wo Sie Ihre Angaben nochmals \u00fcberpr\u00fcfen und je nach Wunsch weitere Informationen hinzuf\u00fcgen k\u00f6nnen. Um die Angaben zu korrigieren, klicken Sie EINKAUF FORTSETZEN, um die Bestellung zu best\u00e4tigen, klicken Sie ZUR KASSE GEHEN.<\/p>\n<p>7. W\u00e4hlen Sie eine Lieferoption aus. Um weiter zu verfahren, m\u00fcssen Sie MIT DEN NUTZUNGS- UND LIEFERBEDINGUNGEN EINVERSTANDEN sein.<\/p>\n<p>8. W\u00e4hlen Sie eine Zahlungsart aus.Wenn Ihre Wahl war ZAHLUNG PER \u00dcBERWEISUNG, bitte vergessen Sie nicht KAUFEN !!<\/p>\n<p>Bei der ZAHLUNG PER \u00dcBERWEISUNG wird Ihnen eine Rechnung mit allen f\u00fcr die \u00dcberweisung notwendigen Daten an die angegebene E-Mail-Adresse geschickt. Die Bestellung wird nach dem Eingang des Rechnungsbetrags bearbeitet. Bei der \u00dcberweisung bitte unbedingt im Feld \u2019Verwendungszweck\u2019 die Rechnungsnummer angeben. Ist nach 5 Tagen ab dem Abschicken der Bestellung kein Rechnungsbetrag auf unser Konto eingegangen, betrachten wir dies als R\u00fccktritt vom Kaufwunsch und stornieren die Bestellung.<\/p>\n<p>Nach dem Eingang des Rechnungsbetrags gilt der Kauf als best\u00e4tigt und Ihnen wird eine Best\u00e4tigung mit Lieferinformationen an die angegebene E-Mail-Adresse geschickt.<\/p>\n<p>S\u00e4mtliche pers\u00f6nliche Daten, die in Verbindung mit dem Besuch unseres Webshops und des Einkaufs uns bekannt wurden, werden als vertrauliche Informationen gehandhabt. Der Kunde hat das Recht, zu verlangen, dass seine Daten aus der Datenbank unseres Webshops gel\u00f6scht werden.<\/p>\n<h2>R\u00fccktrittsrecht<\/h2>\n<p>Gem\u00e4\u00df \u00a756 des Schuldrechtgesetzes kann der Verbraucher von einem im Fernabsatz geschlossenen Vertrag innerhalb von 14 Tagen zur\u00fccktreten. Die R\u00fccktrittsfrist beginnt am Tag des Eingangs der Ware beim Verbraucher. Das R\u00fccktrittsrecht besteht nicht bei Waren, die auf die pers\u00f6nlichen Bed\u00fcrfnisse des Kunden (Vertragspartners) zugeschnitten sind oder eine Sonderanfertigung nach Kundenspezifikationen darstellen.<\/p>\n<p>Um das R\u00fccktrittsrecht im Webshop in Anspruch zu nehmen, m\u00fcssen Sie:<\/p>\n<p>1. Innerhalb von 14 Tagen ab Erhalt der Ware an die E-Mail-Adresse info@etnoart.eu eine R\u00fccktrittserkl\u00e4rung senden. In der R\u00fccktrittserkl\u00e4rung bitte unbedingt folgende Daten angeben: die r\u00fcckzusendende Ware, die Rechnungsnummer, Ihr Name und die Kontonummer, auf die die R\u00fcck\u00fcberweisung erfolgen soll.<\/p>\n<p>2. Die Ware muss unbenutzt, mit Etiketten, korrekt und falls m\u00f6glich in der Originalverpackung r\u00fcckversandt werden.<\/p>\n<p>3. Die R\u00fccksendung der Ware erfolgt auf Kosten des Kunden und die urspr\u00fcnglichen Transportkosten werden nicht r\u00fcckerstattet (ausgenommen im Fall, wenn die r\u00fcckversandte Ware nicht der Bestellung entsprach: es wurde ein falsches Produkt versendet oder das Produkt funktionierte nicht).<\/p>\n<p>4. Die R\u00fcck\u00fcberweisung erfolgt nach der \u00dcberpr\u00fcfung der r\u00fcckversandten Ware auf das von Ihnen in der R\u00fccktrittserkl\u00e4rung angegebene Konto sp\u00e4testens innerhalb von 30 Tagen ab Eingang der r\u00fcckversandten Ware bei uns.<\/p>\n<h2>Garantie und gew\u00e4hrleistung<\/h2>\n<p>Die Garantiefrist betr\u00e4gt f\u00fcr s\u00e4mtliche Waren 1 Jahr, falls in der Beschreibung der Ware keine l\u00e4ngere Garantieperiode angegeben ist. Als Garantieschein der Ware gilt die Rechnung, die Sie per E-Mail erhielten.<\/p>\n<p>Die Garantie gilt ausschlie\u00dflich im Fall, wenn das Produkt sachgem\u00e4\u00df benutzt wurde. Die Garantie umfasst nicht die nat\u00fcrliche Abnutzung und das Rosten des Produkts.<\/p>\n<p>Der Garantieanspruch besteht nicht, wenn:<\/p>\n<p>1. das Produkt w\u00e4hrend der Garantieperiode vom K\u00e4ufer oder von einer dritten Person repariert wurde;<\/p>\n<p>2. dem Produkt vom Hersteller nicht vorgesehene Teile hinzugef\u00fcgt wurden;<\/p>\n<p>3. die Sch\u00e4den durch einen nicht sachgem\u00e4\u00dfen bzw. fahrl\u00e4ssigen Gebrauch des Produktes, falsche Pflege oder Transport (falls dieser durch den K\u00e4ufer oder eine dritte Person durchgef\u00fchrt wurde) entstanden sind.<\/p>\n<p>Um den Garantieanspruch geltend zu machen, m\u00fcssen Sie:<\/p>\n<p>1. Einen entsprechenden Antrag an die E-Mail-Adresse info@etnoart.eu senden. Wir bitten um eine m\u00f6glichst genaue Beschreibung des Problems, falls m\u00f6glich, f\u00fcgen Sie Fotos bei.<\/p>\n<p>2. Nach Erhalt des Antrags kontaktieren wir Sie innerhalb von 14 Tagen, um das weitere Vorgehen zum Abschlie\u00dfen des Garantiefalls zu besprechen.<\/p>\n<h2>Reklamationen<\/h2>\n<p>Gem\u00e4\u00df \u00a7218 des Schuldrechtgesetzes obliegt dem Verk\u00e4ufer die Verantwortung f\u00fcr die M\u00e4ngel der den Vertragsbedingungen nicht entsprechenden Ware, die innerhalb von 2 Jahren ab der Ausfolgung der Ware an den K\u00e4ufer auftreten. Dabei wird angenommen, dass ein derartiger, innerhalb von 6 Monaten ab der Ausfolgung der Ware an den K\u00e4ufer aufgetretener Mangel schon am Zeitpunkt der Ausfolgung der Ware vorhanden war, falls eine solche Annahme nicht im Widerspruch zum Wesen der Ware bzw. des Mangels steht.<\/p>\n<p>Bei technologischen M\u00e4ngeln k\u00f6nnen Sie eine Reparatur des Produktes verlangen, sollte eine Reparatur sich jedoch als unm\u00f6glich bzw. ineffektiv erweisen, haben Sie Anspruch auf einen Ersatz. Falls eine Reparatur m\u00f6glich ist, kann das Ersetzen des Produkts nicht verlangt werden, weil dieses dem Verk\u00e4ufer unzumutbare Kosten verursachen w\u00fcrde. Die Erstattung des Kaufbetrags kann nur verlangt werden, wenn das Ersetzen des Produkts innerhalb einer zumutbaren Frist nicht m\u00f6glich ist, weil kein passendes Produkt vorr\u00e4tig ist.<\/p>\n<p>Wir \u00fcbernehmen keine Gew\u00e4hrleistung, wenn das Produkt durch die Schuld bzw. die Fahrl\u00e4ssigkeit des K\u00e4ufers besch\u00e4digt wurde. Ebenfalls \u00fcbernehmen wir keine Gew\u00e4hrleistung f\u00fcr die Sch\u00e4den, die durch einen nichtsachgem\u00e4\u00dfen Gebrauch des Produktes entstanden sind sowie f\u00fcr eine normale Abnutzung oder das Rosten des Produkts beim regul\u00e4ren Gebrauch.<\/p>\n<p>Beim Auftreten der M\u00e4ngel m\u00fcssen Sie:<\/p>\n<p>1. Einen entsprechenden Antrag an die E-Mail-Adresse info@etnoart.eu senden. Wir bitten um eine m\u00f6glichst genaue Beschreibung des Problems, falls m\u00f6glich, f\u00fcgen Sie Fotos bei.<\/p>\n<p>2. Nach Erhalt des Antrags kontaktieren wir Sie innerhalb von 14 Tagen, um das weitere Vorgehen zum Abschlie\u00dfen des Garantiefalls zu besprechen.<\/p>    <\/div>\n<\/div>\n<!-- \/module text -->        <\/div>\n                    <\/div>\n                <\/div>\n                        <\/div>\n        <\/div>\n        <\/div>\n<!--\/themify_builder_content-->","protected":false},"excerpt":{"rendered":"<p>Anleitung Kauf UM EIN PRODUKT ZU KAUFEN, TUN SIE FOLGENDES: 1. W\u00e4hlen Sie das Produkt, die gew\u00fcnschte Menge und geben Sie es in den Warenkorb. 2. Falls Sie noch weitere Produkte ausw\u00e4hlen m\u00f6chten, klicken Sie EINKAUF FORTSETZEN. Wenn Sie alles Gew\u00fcnschte ausgew\u00e4hlt haben, klicken Sie das Ikon des Warenkorbs oben rechts an und w\u00e4hlen Sie [&hellip;]<\/p>\n","protected":false},"author":1,"featured_media":0,"parent":0,"menu_order":0,"comment_status":"closed","ping_status":"closed","template":"","meta":{"footnotes":""},"class_list":["post-101","page","type-page","status-publish","hentry","has-post-title","has-post-date","has-post-category","has-post-tag","has-post-comment","has-post-author",""],"yoast_head":"<!-- This site is optimized with the Yoast SEO plugin v27.3 - https:\/\/yoast.com\/product\/yoast-seo-wordpress\/ -->\n<title>Anleitung - Etnoart<\/title>\n<meta name=\"robots\" content=\"index, follow, max-snippet:-1, max-image-preview:large, max-video-preview:-1\" \/>\n<link rel=\"canonical\" href=\"https:\/\/etnoart.eu\/kasutustingimused\/\" \/>\n<meta property=\"og:locale\" content=\"de_DE\" \/>\n<meta property=\"og:type\" content=\"article\" \/>\n<meta property=\"og:title\" content=\"Anleitung - Etnoart\" \/>\n<meta property=\"og:description\" content=\"Anleitung Kauf UM EIN PRODUKT ZU KAUFEN, TUN SIE FOLGENDES: 1. W\u00e4hlen Sie das Produkt, die gew\u00fcnschte Menge und geben Sie es in den Warenkorb. 2. Falls Sie noch weitere Produkte ausw\u00e4hlen m\u00f6chten, klicken Sie EINKAUF FORTSETZEN. Wenn Sie alles Gew\u00fcnschte ausgew\u00e4hlt haben, klicken Sie das Ikon des Warenkorbs oben rechts an und w\u00e4hlen Sie [&hellip;]\" \/>\n<meta property=\"og:url\" content=\"https:\/\/etnoart.eu\/kasutustingimused\/\" \/>\n<meta property=\"og:site_name\" content=\"Etnoart\" \/>\n<meta property=\"article:publisher\" content=\"https:\/\/www.facebook.com\/etnoart.handicraft.shop\" \/>\n<meta property=\"article:modified_time\" content=\"2023-06-07T07:33:18+00:00\" \/>\n<meta name=\"twitter:card\" content=\"summary_large_image\" \/>\n<script type=\"application\/ld+json\" class=\"yoast-schema-graph\">{\"@context\":\"https:\\\/\\\/schema.org\",\"@graph\":[{\"@type\":\"WebPage\",\"@id\":\"https:\\\/\\\/etnoart.eu\\\/kasutustingimused\\\/\",\"url\":\"https:\\\/\\\/etnoart.eu\\\/kasutustingimused\\\/\",\"name\":\"Anleitung - Etnoart\",\"isPartOf\":{\"@id\":\"https:\\\/\\\/etnoart.eu\\\/#website\"},\"datePublished\":\"2023-06-07T06:41:33+00:00\",\"dateModified\":\"2023-06-07T07:33:18+00:00\",\"breadcrumb\":{\"@id\":\"https:\\\/\\\/etnoart.eu\\\/kasutustingimused\\\/#breadcrumb\"},\"inLanguage\":\"de\",\"potentialAction\":[{\"@type\":\"ReadAction\",\"target\":[\"https:\\\/\\\/etnoart.eu\\\/kasutustingimused\\\/\"]}]},{\"@type\":\"BreadcrumbList\",\"@id\":\"https:\\\/\\\/etnoart.eu\\\/kasutustingimused\\\/#breadcrumb\",\"itemListElement\":[{\"@type\":\"ListItem\",\"position\":1,\"name\":\"Home\",\"item\":\"https:\\\/\\\/etnoart.eu\\\/de\\\/\"},{\"@type\":\"ListItem\",\"position\":2,\"name\":\"Anleitung\"}]},{\"@type\":\"WebSite\",\"@id\":\"https:\\\/\\\/etnoart.eu\\\/#website\",\"url\":\"https:\\\/\\\/etnoart.eu\\\/\",\"name\":\"Etnoart\",\"description\":\"K&auml;sit&ouml;&ouml;pood\",\"publisher\":{\"@id\":\"https:\\\/\\\/etnoart.eu\\\/#organization\"},\"potentialAction\":[{\"@type\":\"SearchAction\",\"target\":{\"@type\":\"EntryPoint\",\"urlTemplate\":\"https:\\\/\\\/etnoart.eu\\\/?s={search_term_string}\"},\"query-input\":{\"@type\":\"PropertyValueSpecification\",\"valueRequired\":true,\"valueName\":\"search_term_string\"}}],\"inLanguage\":\"de\"},{\"@type\":\"Organization\",\"@id\":\"https:\\\/\\\/etnoart.eu\\\/#organization\",\"name\":\"Etnoart O\u00dc\",\"url\":\"https:\\\/\\\/etnoart.eu\\\/\",\"logo\":{\"@type\":\"ImageObject\",\"inLanguage\":\"de\",\"@id\":\"https:\\\/\\\/etnoart.eu\\\/#\\\/schema\\\/logo\\\/image\\\/\",\"url\":\"https:\\\/\\\/etnoart.eu\\\/wp-content\\\/uploads\\\/2023\\\/06\\\/etnoart-logo.png\",\"contentUrl\":\"https:\\\/\\\/etnoart.eu\\\/wp-content\\\/uploads\\\/2023\\\/06\\\/etnoart-logo.png\",\"width\":491,\"height\":184,\"caption\":\"Etnoart O\u00dc\"},\"image\":{\"@id\":\"https:\\\/\\\/etnoart.eu\\\/#\\\/schema\\\/logo\\\/image\\\/\"},\"sameAs\":[\"https:\\\/\\\/www.facebook.com\\\/etnoart.handicraft.shop\"]}]}<\/script>\n<!-- \/ Yoast SEO plugin. -->","yoast_head_json":{"title":"Anleitung - Etnoart","robots":{"index":"index","follow":"follow","max-snippet":"max-snippet:-1","max-image-preview":"max-image-preview:large","max-video-preview":"max-video-preview:-1"},"canonical":"https:\/\/etnoart.eu\/kasutustingimused\/","og_locale":"de_DE","og_type":"article","og_title":"Anleitung - Etnoart","og_description":"Anleitung Kauf UM EIN PRODUKT ZU KAUFEN, TUN SIE FOLGENDES: 1. W\u00e4hlen Sie das Produkt, die gew\u00fcnschte Menge und geben Sie es in den Warenkorb. 2. Falls Sie noch weitere Produkte ausw\u00e4hlen m\u00f6chten, klicken Sie EINKAUF FORTSETZEN. Wenn Sie alles Gew\u00fcnschte ausgew\u00e4hlt haben, klicken Sie das Ikon des Warenkorbs oben rechts an und w\u00e4hlen Sie [&hellip;]","og_url":"https:\/\/etnoart.eu\/kasutustingimused\/","og_site_name":"Etnoart","article_publisher":"https:\/\/www.facebook.com\/etnoart.handicraft.shop","article_modified_time":"2023-06-07T07:33:18+00:00","twitter_card":"summary_large_image","schema":{"@context":"https:\/\/schema.org","@graph":[{"@type":"WebPage","@id":"https:\/\/etnoart.eu\/kasutustingimused\/","url":"https:\/\/etnoart.eu\/kasutustingimused\/","name":"Anleitung - Etnoart","isPartOf":{"@id":"https:\/\/etnoart.eu\/#website"},"datePublished":"2023-06-07T06:41:33+00:00","dateModified":"2023-06-07T07:33:18+00:00","breadcrumb":{"@id":"https:\/\/etnoart.eu\/kasutustingimused\/#breadcrumb"},"inLanguage":"de","potentialAction":[{"@type":"ReadAction","target":["https:\/\/etnoart.eu\/kasutustingimused\/"]}]},{"@type":"BreadcrumbList","@id":"https:\/\/etnoart.eu\/kasutustingimused\/#breadcrumb","itemListElement":[{"@type":"ListItem","position":1,"name":"Home","item":"https:\/\/etnoart.eu\/de\/"},{"@type":"ListItem","position":2,"name":"Anleitung"}]},{"@type":"WebSite","@id":"https:\/\/etnoart.eu\/#website","url":"https:\/\/etnoart.eu\/","name":"Etnoart","description":"K&auml;sit&ouml;&ouml;pood","publisher":{"@id":"https:\/\/etnoart.eu\/#organization"},"potentialAction":[{"@type":"SearchAction","target":{"@type":"EntryPoint","urlTemplate":"https:\/\/etnoart.eu\/?s={search_term_string}"},"query-input":{"@type":"PropertyValueSpecification","valueRequired":true,"valueName":"search_term_string"}}],"inLanguage":"de"},{"@type":"Organization","@id":"https:\/\/etnoart.eu\/#organization","name":"Etnoart O\u00dc","url":"https:\/\/etnoart.eu\/","logo":{"@type":"ImageObject","inLanguage":"de","@id":"https:\/\/etnoart.eu\/#\/schema\/logo\/image\/","url":"https:\/\/etnoart.eu\/wp-content\/uploads\/2023\/06\/etnoart-logo.png","contentUrl":"https:\/\/etnoart.eu\/wp-content\/uploads\/2023\/06\/etnoart-logo.png","width":491,"height":184,"caption":"Etnoart O\u00dc"},"image":{"@id":"https:\/\/etnoart.eu\/#\/schema\/logo\/image\/"},"sameAs":["https:\/\/www.facebook.com\/etnoart.handicraft.shop"]}]}},"builder_content":"<h1>Anleitung<\/h1> <h2>Kauf<\/h2> <p>UM EIN PRODUKT ZU KAUFEN, TUN SIE FOLGENDES:<\/p> <p>1. W\u00e4hlen Sie das Produkt, die gew\u00fcnschte Menge und geben Sie es in den Warenkorb.<\/p> <p>2. Falls Sie noch weitere Produkte ausw\u00e4hlen m\u00f6chten, klicken Sie EINKAUF FORTSETZEN. Wenn Sie alles Gew\u00fcnschte ausgew\u00e4hlt haben, klicken Sie das Ikon des Warenkorbs oben rechts an und w\u00e4hlen Sie ZUR KASSE GEHEN.<\/p> <p>3. In der \u00dcbersicht des Warenkorbs k\u00f6nnen Sie noch die Menge der Produkte \u00e4ndern und Produkte aus dem Warenkorb entfernen. Danach klicken Sie ZUR KASSE GEHEN.<\/p> <p>4. Sie k\u00f6nnen auch ein BENUTZERKONTO ERSTELLEN. Ein Benutzerkonto ist nicht verpflichtend, erleichtert in der Zukunft jedoch weitere Bestellungen.<\/p> <p>5. Falls Sie sich nicht als Nutzer registrieren m\u00f6chten, f\u00fcllen Sie die Pflichtfelder im Feld GASTBESTELLUNGaus und geben Sie ebenfalls die LIEFERADRESSE an.<\/p> <p>6. Danach werden Sie auf eine Seite weitergeleitet, wo Sie Ihre Angaben nochmals \u00fcberpr\u00fcfen und je nach Wunsch weitere Informationen hinzuf\u00fcgen k\u00f6nnen. Um die Angaben zu korrigieren, klicken Sie EINKAUF FORTSETZEN, um die Bestellung zu best\u00e4tigen, klicken Sie ZUR KASSE GEHEN.<\/p> <p>7. W\u00e4hlen Sie eine Lieferoption aus. Um weiter zu verfahren, m\u00fcssen Sie MIT DEN NUTZUNGS- UND LIEFERBEDINGUNGEN EINVERSTANDEN sein.<\/p> <p>8. W\u00e4hlen Sie eine Zahlungsart aus.Wenn Ihre Wahl war ZAHLUNG PER \u00dcBERWEISUNG, bitte vergessen Sie nicht KAUFEN !!<\/p> <p>Bei der ZAHLUNG PER \u00dcBERWEISUNG wird Ihnen eine Rechnung mit allen f\u00fcr die \u00dcberweisung notwendigen Daten an die angegebene E-Mail-Adresse geschickt. Die Bestellung wird nach dem Eingang des Rechnungsbetrags bearbeitet. Bei der \u00dcberweisung bitte unbedingt im Feld \u2019Verwendungszweck\u2019 die Rechnungsnummer angeben. Ist nach 5 Tagen ab dem Abschicken der Bestellung kein Rechnungsbetrag auf unser Konto eingegangen, betrachten wir dies als R\u00fccktritt vom Kaufwunsch und stornieren die Bestellung.<\/p> <p>Nach dem Eingang des Rechnungsbetrags gilt der Kauf als best\u00e4tigt und Ihnen wird eine Best\u00e4tigung mit Lieferinformationen an die angegebene E-Mail-Adresse geschickt.<\/p> <p>S\u00e4mtliche pers\u00f6nliche Daten, die in Verbindung mit dem Besuch unseres Webshops und des Einkaufs uns bekannt wurden, werden als vertrauliche Informationen gehandhabt. Der Kunde hat das Recht, zu verlangen, dass seine Daten aus der Datenbank unseres Webshops gel\u00f6scht werden.<\/p> <h2>R\u00fccktrittsrecht<\/h2> <p>Gem\u00e4\u00df \u00a756 des Schuldrechtgesetzes kann der Verbraucher von einem im Fernabsatz geschlossenen Vertrag innerhalb von 14 Tagen zur\u00fccktreten. Die R\u00fccktrittsfrist beginnt am Tag des Eingangs der Ware beim Verbraucher. Das R\u00fccktrittsrecht besteht nicht bei Waren, die auf die pers\u00f6nlichen Bed\u00fcrfnisse des Kunden (Vertragspartners) zugeschnitten sind oder eine Sonderanfertigung nach Kundenspezifikationen darstellen.<\/p> <p>Um das R\u00fccktrittsrecht im Webshop in Anspruch zu nehmen, m\u00fcssen Sie:<\/p> <p>1. Innerhalb von 14 Tagen ab Erhalt der Ware an die E-Mail-Adresse info@etnoart.eu eine R\u00fccktrittserkl\u00e4rung senden. In der R\u00fccktrittserkl\u00e4rung bitte unbedingt folgende Daten angeben: die r\u00fcckzusendende Ware, die Rechnungsnummer, Ihr Name und die Kontonummer, auf die die R\u00fcck\u00fcberweisung erfolgen soll.<\/p> <p>2. Die Ware muss unbenutzt, mit Etiketten, korrekt und falls m\u00f6glich in der Originalverpackung r\u00fcckversandt werden.<\/p> <p>3. Die R\u00fccksendung der Ware erfolgt auf Kosten des Kunden und die urspr\u00fcnglichen Transportkosten werden nicht r\u00fcckerstattet (ausgenommen im Fall, wenn die r\u00fcckversandte Ware nicht der Bestellung entsprach: es wurde ein falsches Produkt versendet oder das Produkt funktionierte nicht).<\/p> <p>4. Die R\u00fcck\u00fcberweisung erfolgt nach der \u00dcberpr\u00fcfung der r\u00fcckversandten Ware auf das von Ihnen in der R\u00fccktrittserkl\u00e4rung angegebene Konto sp\u00e4testens innerhalb von 30 Tagen ab Eingang der r\u00fcckversandten Ware bei uns.<\/p> <h2>Garantie und gew\u00e4hrleistung<\/h2> <p>Die Garantiefrist betr\u00e4gt f\u00fcr s\u00e4mtliche Waren 1 Jahr, falls in der Beschreibung der Ware keine l\u00e4ngere Garantieperiode angegeben ist. Als Garantieschein der Ware gilt die Rechnung, die Sie per E-Mail erhielten.<\/p> <p>Die Garantie gilt ausschlie\u00dflich im Fall, wenn das Produkt sachgem\u00e4\u00df benutzt wurde. Die Garantie umfasst nicht die nat\u00fcrliche Abnutzung und das Rosten des Produkts.<\/p> <p>Der Garantieanspruch besteht nicht, wenn:<\/p> <p>1. das Produkt w\u00e4hrend der Garantieperiode vom K\u00e4ufer oder von einer dritten Person repariert wurde;<\/p> <p>2. dem Produkt vom Hersteller nicht vorgesehene Teile hinzugef\u00fcgt wurden;<\/p> <p>3. die Sch\u00e4den durch einen nicht sachgem\u00e4\u00dfen bzw. fahrl\u00e4ssigen Gebrauch des Produktes, falsche Pflege oder Transport (falls dieser durch den K\u00e4ufer oder eine dritte Person durchgef\u00fchrt wurde) entstanden sind.<\/p> <p>Um den Garantieanspruch geltend zu machen, m\u00fcssen Sie:<\/p> <p>1. Einen entsprechenden Antrag an die E-Mail-Adresse info@etnoart.eu senden. Wir bitten um eine m\u00f6glichst genaue Beschreibung des Problems, falls m\u00f6glich, f\u00fcgen Sie Fotos bei.<\/p> <p>2. Nach Erhalt des Antrags kontaktieren wir Sie innerhalb von 14 Tagen, um das weitere Vorgehen zum Abschlie\u00dfen des Garantiefalls zu besprechen.<\/p> <h2>Reklamationen<\/h2> <p>Gem\u00e4\u00df \u00a7218 des Schuldrechtgesetzes obliegt dem Verk\u00e4ufer die Verantwortung f\u00fcr die M\u00e4ngel der den Vertragsbedingungen nicht entsprechenden Ware, die innerhalb von 2 Jahren ab der Ausfolgung der Ware an den K\u00e4ufer auftreten. Dabei wird angenommen, dass ein derartiger, innerhalb von 6 Monaten ab der Ausfolgung der Ware an den K\u00e4ufer aufgetretener Mangel schon am Zeitpunkt der Ausfolgung der Ware vorhanden war, falls eine solche Annahme nicht im Widerspruch zum Wesen der Ware bzw. des Mangels steht.<\/p> <p>Bei technologischen M\u00e4ngeln k\u00f6nnen Sie eine Reparatur des Produktes verlangen, sollte eine Reparatur sich jedoch als unm\u00f6glich bzw. ineffektiv erweisen, haben Sie Anspruch auf einen Ersatz. Falls eine Reparatur m\u00f6glich ist, kann das Ersetzen des Produkts nicht verlangt werden, weil dieses dem Verk\u00e4ufer unzumutbare Kosten verursachen w\u00fcrde. Die Erstattung des Kaufbetrags kann nur verlangt werden, wenn das Ersetzen des Produkts innerhalb einer zumutbaren Frist nicht m\u00f6glich ist, weil kein passendes Produkt vorr\u00e4tig ist.<\/p> <p>Wir \u00fcbernehmen keine Gew\u00e4hrleistung, wenn das Produkt durch die Schuld bzw. die Fahrl\u00e4ssigkeit des K\u00e4ufers besch\u00e4digt wurde. Ebenfalls \u00fcbernehmen wir keine Gew\u00e4hrleistung f\u00fcr die Sch\u00e4den, die durch einen nichtsachgem\u00e4\u00dfen Gebrauch des Produktes entstanden sind sowie f\u00fcr eine normale Abnutzung oder das Rosten des Produkts beim regul\u00e4ren Gebrauch.<\/p> <p>Beim Auftreten der M\u00e4ngel m\u00fcssen Sie:<\/p> <p>1. Einen entsprechenden Antrag an die E-Mail-Adresse info@etnoart.eu senden. Wir bitten um eine m\u00f6glichst genaue Beschreibung des Problems, falls m\u00f6glich, f\u00fcgen Sie Fotos bei.<\/p> <p>2. Nach Erhalt des Antrags kontaktieren wir Sie innerhalb von 14 Tagen, um das weitere Vorgehen zum Abschlie\u00dfen des Garantiefalls zu besprechen.<\/p>","_links":{"self":[{"href":"https:\/\/etnoart.eu\/de\/wp-json\/wp\/v2\/pages\/101","targetHints":{"allow":["GET"]}}],"collection":[{"href":"https:\/\/etnoart.eu\/de\/wp-json\/wp\/v2\/pages"}],"about":[{"href":"https:\/\/etnoart.eu\/de\/wp-json\/wp\/v2\/types\/page"}],"author":[{"embeddable":true,"href":"https:\/\/etnoart.eu\/de\/wp-json\/wp\/v2\/users\/1"}],"replies":[{"embeddable":true,"href":"https:\/\/etnoart.eu\/de\/wp-json\/wp\/v2\/comments?post=101"}],"version-history":[{"count":3,"href":"https:\/\/etnoart.eu\/de\/wp-json\/wp\/v2\/pages\/101\/revisions"}],"predecessor-version":[{"id":111,"href":"https:\/\/etnoart.eu\/de\/wp-json\/wp\/v2\/pages\/101\/revisions\/111"}],"wp:attachment":[{"href":"https:\/\/etnoart.eu\/de\/wp-json\/wp\/v2\/media?parent=101"}],"curies":[{"name":"wp","href":"https:\/\/api.w.org\/{rel}","templated":true}]}}